{"id":7768,"date":"2025-06-24T09:59:17","date_gmt":"2025-06-24T09:59:17","guid":{"rendered":"https:\/\/www.vadaszboltcsorna.hu\/?post_type=product&#038;p=7768"},"modified":"2025-06-25T06:55:38","modified_gmt":"2025-06-25T06:55:38","slug":"farmsystem-hunter-n6700-67-j-villanypasztor-keszulek","status":"publish","type":"product","link":"https:\/\/www.vadaszboltcsorna.hu\/index.php\/termek\/farmsystem-hunter-n6700-67-j-villanypasztor-keszulek\/","title":{"rendered":"FARMSYSTEM HUNTER N6700, 6,7 J, villanyp\u00e1sztor k\u00e9sz\u00fcl\u00e9k"},"content":{"rendered":"<h3 class=\"page-head-title product-page-head-title\" style=\"text-align: center;\"><span class=\"product-page-product-name\">FARMSYSTEM HUNTER N6700, 6,7 J, villanyp\u00e1sztor k\u00e9sz\u00fcl\u00e9k<\/span><\/h3>\n<p>&nbsp;<\/p>\n<div id=\"productdescriptionnoparameters-wrapper\" class=\"module-productdescriptionnoparameters-wrapper\">\n<div id=\"productdescriptionnoparameters\" class=\"module home-position product-position productdescriptionnoparameters\">\n<div class=\"module-body\">\n<p>6,7 J, villanyp\u00e1sztor k\u00e9sz\u00fcl\u00e9k Nagy teljes\u00edtm\u00e9ny\u0171 villanyp\u00e1sztor vadk\u00e1rmegel\u0151z\u00e9shez Kifejezetten vadk\u00e1r elleni v\u00e9dekez\u00e9sre fejlesztett h\u00e1l\u00f3zati k\u00e9sz\u00fcl\u00e9k. Alkalmas mez\u0151gazdas\u00e1gi, kert\u00e9szeti \u00e9s erd\u00e9szeti ter\u00fcletek v\u00e9delm\u00e9re, valamint nagy kiterjed\u00e9s\u0171 legel\u0151ter\u00fcleteken folytatott \u00e1llattart\u00e1s eset\u00e9n is megb\u00edzhat\u00f3 megold\u00e1st ny\u00fajt. Javasolt tov\u00e1bb\u00e1 elhagyatott k\u00fclter\u00fcletek, gy\u00fcm\u00f6lcs\u00f6s\u00f6k, sz\u0151l\u0151\u00fcltetv\u00e9nyek \u00e9s m\u00e9h\u00e9szetek k\u00f6rbeker\u00edt\u00e9s\u00e9re. Hat\u00e9kony v\u00e9delem g\u00edmszarvas, vaddiszn\u00f3, farkas ellen. Kiv\u00e1l\u00f3 v\u00e1laszt\u00e1s nagy ter\u00fcleten legeltetett \u00e1llatok r\u00e9sz\u00e9re is, p\u00e9ld\u00e1ul juh, kecske \u00e9s szarvasmarha. A k\u00e9sz\u00fcl\u00e9k 230 V-os h\u00e1l\u00f3zatr\u00f3l m\u0171k\u00f6dik, szabv\u00e1nyos dugvill\u00e1val szerelve.<\/p>\n<\/div>\n<\/div>\n<\/div>\n<div id=\"productparams-wrapper\" class=\"module-productparams-wrapper\">\n<div id=\"productparams\" class=\"module home-position product-position productparams\">\n<div class=\"module-head\">\n<h3 class=\"module-head-title\">Param\u00e9terek<\/h3>\n<\/div>\n<div class=\"module-body\">\n<table class=\"parameter-table table m-0\">\n<tbody>\n<tr>\n<td>Max 6,7 Joule<\/td>\n<td><\/td>\n<\/tr>\n<tr>\n<td>A k\u00e9sz\u00fcl\u00e9k 230 V-os h\u00e1l\u00f3zatr\u00f3l m\u0171k\u00f6dik, szabv\u00e1nyos dugvill\u00e1val szerelve.<\/td>\n<\/tr>\n<\/tbody>\n<\/table>\n<\/div>\n<p><strong>Az \u00e1rv\u00e1ltoz\u00e1s jog\u00e1t fenntartjuk!<\/strong><\/p>\n<\/div>\n<\/div>\n","protected":false},"excerpt":{"rendered":"<p>FARMSYSTEM HUNTER N6700, 6,7 J, villanyp\u00e1sztor k\u00e9sz\u00fcl\u00e9k &nbsp; 6,7 J, villanyp\u00e1sztor k\u00e9sz\u00fcl\u00e9k Nagy teljes\u00edtm\u00e9ny\u0171 villanyp\u00e1sztor vadk\u00e1rmegel\u0151z\u00e9shez Kifejezetten vadk\u00e1r elleni v\u00e9dekez\u00e9sre fejlesztett h\u00e1l\u00f3zati k\u00e9sz\u00fcl\u00e9k. Alkalmas mez\u0151gazdas\u00e1gi, kert\u00e9szeti \u00e9s erd\u00e9szeti ter\u00fcletek v\u00e9delm\u00e9re, valamint nagy kiterjed\u00e9s\u0171 legel\u0151ter\u00fcleteken folytatott \u00e1llattart\u00e1s eset\u00e9n is megb\u00edzhat\u00f3 megold\u00e1st ny\u00fajt. Javasolt tov\u00e1bb\u00e1 elhagyatott k\u00fclter\u00fcletek, gy\u00fcm\u00f6lcs\u00f6s\u00f6k, sz\u0151l\u0151\u00fcltetv\u00e9nyek \u00e9s m\u00e9h\u00e9szetek k\u00f6rbeker\u00edt\u00e9s\u00e9re. Hat\u00e9kony v\u00e9delem g\u00edmszarvas, vaddiszn\u00f3, farkas [&hellip;]<\/p>\n","protected":false},"featured_media":7770,"comment_status":"open","ping_status":"closed","template":"","meta":{"_et_pb_use_builder":"","_et_pb_old_content":"","_et_gb_content_width":"","om_disable_all_campaigns":false},"product_brand":[],"product_cat":[21,122,121],"product_tag":[1115,1844,1843,123],"class_list":{"0":"post-7768","1":"product","2":"type-product","3":"status-publish","4":"has-post-thumbnail","6":"product_cat-uj","7":"product_cat-keszulek","8":"product_cat-villanypasztor","9":"product_tag-1115","10":"product_tag-7-j","11":"product_tag-farmsystem-hunter-n6700","12":"product_tag-villanypasztor-keszulek","14":"first","15":"instock","16":"taxable","17":"shipping-taxable","18":"purchasable","19":"product-type-simple"},"_links":{"self":[{"href":"https:\/\/www.vadaszboltcsorna.hu\/index.php\/wp-json\/wp\/v2\/product\/7768","targetHints":{"allow":["GET"]}}],"collection":[{"href":"https:\/\/www.vadaszboltcsorna.hu\/index.php\/wp-json\/wp\/v2\/product"}],"about":[{"href":"https:\/\/www.vadaszboltcsorna.hu\/index.php\/wp-json\/wp\/v2\/types\/product"}],"replies":[{"embeddable":true,"href":"https:\/\/www.vadaszboltcsorna.hu\/index.php\/wp-json\/wp\/v2\/comments?post=7768"}],"wp:featuredmedia":[{"embeddable":true,"href":"https:\/\/www.vadaszboltcsorna.hu\/index.php\/wp-json\/wp\/v2\/media\/7770"}],"wp:attachment":[{"href":"https:\/\/www.vadaszboltcsorna.hu\/index.php\/wp-json\/wp\/v2\/media?parent=7768"}],"wp:term":[{"taxonomy":"product_brand","embeddable":true,"href":"https:\/\/www.vadaszboltcsorna.hu\/index.php\/wp-json\/wp\/v2\/product_brand?post=7768"},{"taxonomy":"product_cat","embeddable":true,"href":"https:\/\/www.vadaszboltcsorna.hu\/index.php\/wp-json\/wp\/v2\/product_cat?post=7768"},{"taxonomy":"product_tag","embeddable":true,"href":"https:\/\/www.vadaszboltcsorna.hu\/index.php\/wp-json\/wp\/v2\/product_tag?post=7768"}],"curies":[{"name":"wp","href":"https:\/\/api.w.org\/{rel}","templated":true}]}}