{"id":7740,"date":"2025-06-19T11:30:46","date_gmt":"2025-06-19T11:30:46","guid":{"rendered":"https:\/\/www.vadaszboltcsorna.hu\/?post_type=product&#038;p=7740"},"modified":"2025-06-19T11:30:46","modified_gmt":"2025-06-19T11:30:46","slug":"sytong-lm02-25-hokameras-celtavcso-weaver-szerelekkel","status":"publish","type":"product","link":"https:\/\/www.vadaszboltcsorna.hu\/index.php\/termek\/sytong-lm02-25-hokameras-celtavcso-weaver-szerelekkel\/","title":{"rendered":"Sytong LM02-25 h\u0151kamer\u00e1s c\u00e9lt\u00e1vcs\u0151 weaver szerel\u00e9kkel"},"content":{"rendered":"<h3 style=\"text-align: center;\"><strong>Sytong LM02-25 h\u0151kamer\u00e1s c\u00e9lt\u00e1vcs\u0151 weaver szerel\u00e9kkel<\/strong><\/h3>\n<h3><em><strong>Maxim\u00e1lis teljes\u00edtm\u00e9ny \u00e9s fejlett technol\u00f3gia<\/strong><\/em><\/h3>\n<ul>\n<li><strong>Szenz\u00e1ci\u00f3s \u00e9rz\u00e9kenys\u00e9g<\/strong>: A leg\u00fajabb, &lt;30mK NETD (termikus \u00e9rz\u00e9kenys\u00e9g) \u00e9rt\u00e9k\u0171, 256\u00d7192 felbont\u00e1s\u00fa, 12 \u00b5m-es \u00e9rz\u00e9kel\u0151 kiv\u00e9teles r\u00e9szletgazdags\u00e1got ny\u00fajt.<\/li>\n<li><strong>Magas k\u00e9pfriss\u00edt\u00e9s<\/strong>: 50 Hz-es k\u00e9pfriss\u00edt\u00e9ssel tiszta \u00e9s folyamatos k\u00e9pet kapsz, \u00edgy egyetlen fontos mozdulatot sem fogsz elmulasztani.<\/li>\n<li><strong>Magn\u00e9zium\u00f6tv\u00f6zet h\u00e1z<\/strong>: A massz\u00edv, m\u00e9gis k\u00f6nny\u0171 v\u00e1znak k\u00f6sz\u00f6nhet\u0151en a Sytong LM02-25 kiv\u00e1l\u00f3an ellen\u00e1ll a s\u00e9r\u00fcl\u00e9seknek, \u00e9s hossz\u00fa \u00e9vekig megb\u00edzhat\u00f3 t\u00e1rsad lesz a terepen.<\/li>\n<\/ul>\n<p><a href=\"https:\/\/z-shops.eu\/wp-content\/uploads\/2025\/01\/s2.jpg\" target=\"_blank\" rel=\"noopener\"><img loading=\"lazy\" decoding=\"async\" class=\"wp-image-109967 alignnone\" src=\"https:\/\/z-shops.eu\/wp-content\/uploads\/2025\/01\/s2.jpg\" sizes=\"(max-width: 1696px) 100vw, 1696px\" srcset=\"https:\/\/z-shops.eu\/wp-content\/uploads\/2025\/01\/s2.jpg 1920w, https:\/\/z-shops.eu\/wp-content\/uploads\/2025\/01\/s2-300x173.jpg 300w, https:\/\/z-shops.eu\/wp-content\/uploads\/2025\/01\/s2-1024x589.jpg 1024w, https:\/\/z-shops.eu\/wp-content\/uploads\/2025\/01\/s2-768x442.jpg 768w, https:\/\/z-shops.eu\/wp-content\/uploads\/2025\/01\/s2-1536x883.jpg 1536w, https:\/\/z-shops.eu\/wp-content\/uploads\/2025\/01\/s2-700x403.jpg 700w\" alt=\"\" width=\"704\" height=\"405\" \/><\/a><\/p>\n<h3><\/h3>\n<h3><strong><em>Kiv\u00e9teles optikai tulajdons\u00e1gok<\/em><\/strong><\/h3>\n<p>&nbsp;<\/p>\n<ul>\n<li><strong>25 mm-es objekt\u00edv<\/strong>: A 3,56x-os alapnagy\u00edt\u00e1s \u00e9s a 7,5\u00b0\u00d75,3\u00b0 l\u00e1t\u00f3mez\u0151 gondoskodik arr\u00f3l, hogy mindig a l\u00e9nyegre tudj f\u00f3kusz\u00e1lni.<\/li>\n<li><strong>Digit\u00e1lis zoom<\/strong>: Az 1x \/ 2x \/ 4x \/ 8x nagy\u00edt\u00e1si m\u00f3dokkal pillanatok alatt k\u00f6zelebb hozhatod a c\u00e9lpontot.<\/li>\n<li><strong>K\u00e9nyelmes kialak\u00edt\u00e1s<\/strong>: Az 50 mm-es szemt\u00e1vols\u00e1gnak k\u00f6sz\u00f6nhet\u0151en haszn\u00e1lata k\u00e9nyelmes, r\u00e1ad\u00e1sul -5D \u00e9s +5D k\u00f6z\u00f6tti dioptria\u00e1ll\u00edt\u00e1si lehet\u0151s\u00e9g is rendelkez\u00e9sre \u00e1ll.<\/li>\n<\/ul>\n<p>&nbsp;<\/p>\n<h3><em><strong>Eg\u00e9sz \u00e9jjel kitart\u00f3 partner<\/strong><\/em><\/h3>\n<p>&nbsp;<\/p>\n<ul>\n<li><strong>Hossz\u00fa \u00fczemid\u0151<\/strong>: Az ak\u00e1r 9-11 \u00f3r\u00e1s m\u0171k\u00f6d\u00e9si id\u0151 garant\u00e1lja, hogy ak\u00e1r egy teljes \u00e9jszakai vad\u00e1szatot is v\u00e9gigk\u00eds\u00e9rjen.<\/li>\n<li><strong>Er\u0151s akkumul\u00e1tor<\/strong>: Az 18650\/3500mAh-es akku rendk\u00edv\u00fcl megb\u00edzhat\u00f3, \u00e9s USB-csatlakoz\u00f3n kereszt\u00fcl k\u00f6nnyed\u00e9n \u00fajrat\u00f6lthet\u0151.<\/li>\n<\/ul>\n<p>&nbsp;<\/p>\n<p><strong><a href=\"https:\/\/z-shops.eu\/wp-content\/uploads\/2025\/01\/s3.jpg\" target=\"_blank\" rel=\"noopener\"><img loading=\"lazy\" decoding=\"async\" class=\"alignright wp-image-109966\" src=\"https:\/\/z-shops.eu\/wp-content\/uploads\/2025\/01\/s3.jpg\" sizes=\"(max-width: 1749px) 100vw, 1749px\" srcset=\"https:\/\/z-shops.eu\/wp-content\/uploads\/2025\/01\/s3.jpg 1920w, https:\/\/z-shops.eu\/wp-content\/uploads\/2025\/01\/s3-289x300.jpg 289w, https:\/\/z-shops.eu\/wp-content\/uploads\/2025\/01\/s3-986x1024.jpg 986w, https:\/\/z-shops.eu\/wp-content\/uploads\/2025\/01\/s3-768x798.jpg 768w, https:\/\/z-shops.eu\/wp-content\/uploads\/2025\/01\/s3-1478x1536.jpg 1478w, https:\/\/z-shops.eu\/wp-content\/uploads\/2025\/01\/s3-700x727.jpg 700w, https:\/\/z-shops.eu\/wp-content\/uploads\/2025\/01\/s3-32x32.jpg 32w\" alt=\"\" width=\"426\" height=\"442\" \/><\/a>Kiemelked\u0151 sokoldal\u00fas\u00e1g \u00e9s k\u00e9nyelem<\/strong><\/p>\n<ul>\n<li><strong>T\u00f6bb \u00fczemm\u00f3d<\/strong>: V\u00e1lassz a White Hot, Sky Mode, Black Hot, Red Hot \u00e9s Fusion sz\u00ednpalett\u00e1k k\u00f6z\u00fcl, hogy minden k\u00f6rnyezetben a legjobb kontrasztot kapd.<\/li>\n<li><strong>Be\u00e9p\u00edtett Wi-Fi<\/strong>: Oszd meg k\u00f6nnyed\u00e9n a felv\u00e9teleidet a telefonoddal vagy tableteddel \u2013 a 15 m\u00e9teres hat\u00f3t\u00e1vval egyszer\u0171en \u00e9s gyorsan \u00e1tk\u00fcldheted a vide\u00f3kat \u00e9s fot\u00f3kat.<\/li>\n<li><strong>32 GB bels\u0151 mem\u00f3ria<\/strong>: R\u00f6gz\u00edts \u00e9s t\u00e1rolj vide\u00f3kat (.mp4) \u00e9s fot\u00f3kat (.jpg) a be\u00e9p\u00edtett mem\u00f3riak\u00e1rty\u00e1n, majd sz\u00fcks\u00e9g szerint export\u00e1ld \u0151ket.<\/li>\n<li><strong>\u00dct\u00e9s\u00e1ll\u00f3s\u00e1g<\/strong>: Ak\u00e1r 1000 g visszar\u00fag\u00e1sig is b\u00edrja, \u00edgy b\u00e1tran felszerelheted nagyobb kaliber\u0171 fegyverekre is.<\/li>\n<\/ul>\n<p><a href=\"https:\/\/z-shops.eu\/wp-content\/uploads\/2025\/01\/s7.jpg\" target=\"_blank\" rel=\"noopener\"><img loading=\"lazy\" decoding=\"async\" class=\"alignright wp-image-109962\" src=\"https:\/\/z-shops.eu\/wp-content\/uploads\/2025\/01\/s7.jpg\" sizes=\"(max-width: 1582px) 100vw, 1582px\" srcset=\"https:\/\/z-shops.eu\/wp-content\/uploads\/2025\/01\/s7.jpg 1920w, https:\/\/z-shops.eu\/wp-content\/uploads\/2025\/01\/s7-270x300.jpg 270w, https:\/\/z-shops.eu\/wp-content\/uploads\/2025\/01\/s7-921x1024.jpg 921w, https:\/\/z-shops.eu\/wp-content\/uploads\/2025\/01\/s7-768x854.jpg 768w, https:\/\/z-shops.eu\/wp-content\/uploads\/2025\/01\/s7-1382x1536.jpg 1382w, https:\/\/z-shops.eu\/wp-content\/uploads\/2025\/01\/s7-1843x2048.jpg 1843w, https:\/\/z-shops.eu\/wp-content\/uploads\/2025\/01\/s7-700x778.jpg 700w\" alt=\"\" width=\"427\" height=\"475\" \/><\/a><a href=\"https:\/\/z-shops.eu\/wp-content\/uploads\/2025\/01\/s8.jpg\" target=\"_blank\" rel=\"noopener\"><img loading=\"lazy\" decoding=\"async\" class=\"alignright wp-image-109961\" src=\"https:\/\/z-shops.eu\/wp-content\/uploads\/2025\/01\/s8.jpg\" sizes=\"(max-width: 1585px) 100vw, 1585px\" srcset=\"https:\/\/z-shops.eu\/wp-content\/uploads\/2025\/01\/s8.jpg 1920w, https:\/\/z-shops.eu\/wp-content\/uploads\/2025\/01\/s8-300x169.jpg 300w, https:\/\/z-shops.eu\/wp-content\/uploads\/2025\/01\/s8-1024x575.jpg 1024w, https:\/\/z-shops.eu\/wp-content\/uploads\/2025\/01\/s8-768x432.jpg 768w, https:\/\/z-shops.eu\/wp-content\/uploads\/2025\/01\/s8-1536x863.jpg 1536w, https:\/\/z-shops.eu\/wp-content\/uploads\/2025\/01\/s8-700x393.jpg 700w\" alt=\"\" width=\"425\" height=\"239\" \/><\/a><\/p>\n<h3><\/h3>\n<h3><\/h3>\n<h3><em><strong>Mi\u00e9rt v\u00e1laszd a Sytong LM02-25-\u00f6t?<\/strong><\/em><\/h3>\n<ul>\n<li><strong>Megfizethet\u0151 \u00e1r<\/strong>: V\u00e9gre el\u00e9rhet\u0151 \u00e1r\u00fa h\u0151kamer\u00e1s c\u00e9lt\u00e1vcs\u0151, ami m\u00e9gis pr\u00e9mium min\u0151s\u00e9get ny\u00fajt.<\/li>\n<li><strong>Strapab\u00edr\u00f3 \u00e9s k\u00f6nnyen szerelhet\u0151<\/strong>: A mell\u00e9kelt weaver szerel\u00e9kkel gyerekj\u00e1t\u00e9k a r\u00f6gz\u00edt\u00e9se.<\/li>\n<li><strong>Garant\u00e1lt teljes\u00edtm\u00e9ny<\/strong>: A h\u0151kamer\u00e1s technol\u00f3gia el\u0151nyeit kihaszn\u00e1lva m\u00e9g s\u0171r\u0171 n\u00f6v\u00e9nyzet vagy neh\u00e9z f\u00e9nyviszonyok eset\u00e9n is pontosan k\u00f6vetheted a c\u00e9lpontodat.<\/li>\n<\/ul>\n<p><strong>L\u00e9pj szintet a vad\u00e1szatban vagy a megfigyel\u00e9sben<\/strong>, \u00e9s tapasztald meg a h\u0151kamer\u00e1k \u00faj gener\u00e1ci\u00f3j\u00e1nak el\u0151nyeit a\u00a0<strong>Sytong LM02-25 h\u0151kamer\u00e1s c\u00e9lt\u00e1vcs\u0151<\/strong>\u00a0seg\u00edts\u00e9g\u00e9vel! A kiv\u00e1l\u00f3 \u00e1r-\u00e9rt\u00e9k ar\u00e1ny, az egyszer\u0171 kezelhet\u0151s\u00e9g \u00e9s a kimagasl\u00f3 teljes\u00edtm\u00e9ny mind amellett sz\u00f3l, hogy ez a c\u00e9lt\u00e1vcs\u0151 kit\u0171n\u0151 befektet\u00e9s legyen sz\u00e1modra \u2013 ak\u00e1r most kezded a h\u0151kamer\u00e1s vil\u00e1g felfedez\u00e9s\u00e9t, ak\u00e1r m\u00e1r tapasztalt felhaszn\u00e1l\u00f3 vagy.<\/p>\n<p><strong>Ne hagyd ki ezt a lehet\u0151s\u00e9get, szerezd be a Sytong LM02-25 h\u0151kamer\u00e1s c\u00e9lt\u00e1vcs\u00f6vet weaver szerel\u00e9kkel most, \u00e9s tapasztald meg a val\u00f3di \u00e9jszakai el\u0151nyt!<\/strong><\/p>\n<p>&nbsp;<\/p>\n<h3><em><strong>F\u0151bb tulajdons\u00e1gok<\/strong><\/em><\/h3>\n<ul>\n<li><strong>Szenzor<\/strong>\n<ul>\n<li><strong>T\u00edpus<\/strong>: H\u0171t\u00e9s n\u00e9lk\u00fcli (Uncooled)<\/li>\n<li><strong>K\u00e9pfriss\u00edt\u00e9si frekvencia<\/strong>: 50 Hz<\/li>\n<li><strong>NETD<\/strong>: &lt;30 mK<\/li>\n<li><strong>Felbont\u00e1s<\/strong>: 256\u00d7192<\/li>\n<li><strong>Pixelm\u00e9ret<\/strong>: 12 \u00b5m<\/li>\n<\/ul>\n<\/li>\n<li><strong>Optikai jellemz\u0151k<\/strong>\n<ul>\n<li><strong>Objekt\u00edv \u00e1tm\u00e9r\u0151<\/strong>: 25 mm \/ F1.0<\/li>\n<li><strong>Digit\u00e1lis zoom<\/strong>: 1x \/ 2x \/ 4x \/ 8x<\/li>\n<li><strong>Dioptria\u00e1ll\u00edt\u00e1s<\/strong>: +5D \/ -5D<\/li>\n<li><strong>L\u00e1t\u00f3mez\u0151 (F.O.V.)<\/strong>: 7,5\u00b0 \u00d7 5,3\u00b0<\/li>\n<li><strong>Nagy\u00edt\u00e1s<\/strong>: 3,56x<\/li>\n<li><strong>Szemt\u00e1vols\u00e1g (Eye Relief)<\/strong>: 50 mm<\/li>\n<li><strong>\u00c9less\u00e9gtartom\u00e1ny<\/strong>: 2 m \u2013 \u221e<\/li>\n<li><strong>\u00c9szlel\u00e9si t\u00e1vols\u00e1g (ember m\u00e9ret)<\/strong>: 1300 m<\/li>\n<\/ul>\n<\/li>\n<li><strong>Kijelz\u0151<\/strong>\n<ul>\n<li><strong>T\u00edpus \/ Felbont\u00e1s<\/strong>: 0,39\u2033 \/ OLED \/ 1024\u00d7768<\/li>\n<li><strong>\u00dczemm\u00f3dok<\/strong>: White Hot, Sky Mode, Black Hot, Red Hot, Fusion<\/li>\n<\/ul>\n<\/li>\n<li><strong>M\u0171k\u00f6d\u00e9s<\/strong>\n<ul>\n<li><strong>3D giroszk\u00f3p<\/strong>: Igen<\/li>\n<li><strong>Akkumul\u00e1tor<\/strong>: 18650 \/ 3500 mAh<\/li>\n<li><strong>V\u00edz\u00e1ll\u00f3s\u00e1gi besorol\u00e1s<\/strong>: IP66<\/li>\n<li><strong>\u00dczemi h\u0151m\u00e9rs\u00e9klet<\/strong>: -20 \u00b0C \u2013 +50 \u00b0C<\/li>\n<li><strong>\u00dczemid\u0151<\/strong>: 9\u201311 \u00f3ra<\/li>\n<li><strong>T\u00e1pfesz\u00fclts\u00e9g<\/strong>: 3\u20134,2 V<\/li>\n<li><strong>K\u00fcls\u0151 \u00e1ramforr\u00e1s<\/strong>: 5 V (USB)<\/li>\n<li><strong>M\u00e9retek<\/strong>: 186 mm \u00d7 84 mm \u00d7 55 mm<\/li>\n<li><strong>T\u00f6meg (akkumul\u00e1tor \u00e9s szerel\u00e9k n\u00e9lk\u00fcl)<\/strong>: 465 g<\/li>\n<li><strong>Maxim\u00e1lisan elviselt visszar\u00fag\u00e1s<\/strong>: 1000 g<\/li>\n<\/ul>\n<\/li>\n<li><strong>Vide\u00f3 \u00e9s fot\u00f3<\/strong>\n<ul>\n<li><strong>Vide\u00f3\/Fot\u00f3 felbont\u00e1s<\/strong>: 1024\u00d7768<\/li>\n<li><strong>T\u00e1mogatott mem\u00f3riat\u00edpus<\/strong>: Be\u00e9p\u00edtett 32 GB-os mem\u00f3riak\u00e1rtya<\/li>\n<li><strong>Vide\u00f3\/Fot\u00f3 form\u00e1tum<\/strong>: .mp4 \/ .jpg<\/li>\n<\/ul>\n<\/li>\n<li><strong>Wi-Fi<\/strong>\n<ul>\n<li><strong>Frekvencia<\/strong>: 2,4 GHz<\/li>\n<li><strong>V\u00e9teli t\u00e1vols\u00e1g (k\u00f6zvetlen r\u00e1l\u00e1t\u00e1s)<\/strong>: 15 m<\/li>\n<\/ul>\n<\/li>\n<\/ul>\n","protected":false},"excerpt":{"rendered":"<p>Sytong LM02-25 h\u0151kamer\u00e1s c\u00e9lt\u00e1vcs\u0151 weaver szerel\u00e9kkel Maxim\u00e1lis teljes\u00edtm\u00e9ny \u00e9s fejlett technol\u00f3gia Szenz\u00e1ci\u00f3s \u00e9rz\u00e9kenys\u00e9g: A leg\u00fajabb, &lt;30mK NETD (termikus \u00e9rz\u00e9kenys\u00e9g) \u00e9rt\u00e9k\u0171, 256\u00d7192 felbont\u00e1s\u00fa, 12 \u00b5m-es \u00e9rz\u00e9kel\u0151 kiv\u00e9teles r\u00e9szletgazdags\u00e1got ny\u00fajt. Magas k\u00e9pfriss\u00edt\u00e9s: 50 Hz-es k\u00e9pfriss\u00edt\u00e9ssel tiszta \u00e9s folyamatos k\u00e9pet kapsz, \u00edgy egyetlen fontos mozdulatot sem fogsz elmulasztani. Magn\u00e9zium\u00f6tv\u00f6zet h\u00e1z: A massz\u00edv, m\u00e9gis k\u00f6nny\u0171 v\u00e1znak k\u00f6sz\u00f6nhet\u0151en a Sytong [&hellip;]<\/p>\n","protected":false},"featured_media":7742,"comment_status":"open","ping_status":"closed","template":"","meta":{"_et_pb_use_builder":"","_et_pb_old_content":"","_et_gb_content_width":"","om_disable_all_campaigns":false},"product_brand":[],"product_cat":[21,447,1583],"product_tag":[632,1838,70],"class_list":{"0":"post-7740","1":"product","2":"type-product","3":"status-publish","4":"has-post-thumbnail","6":"product_cat-uj","7":"product_cat-hokamera","8":"product_cat-hokamera-celtavcso","9":"product_tag-optika","10":"product_tag-sytong-lm02-25-hokameras-celtavcso-weaver-szerelekkel","11":"product_tag-vadaszat","13":"first","14":"instock","15":"sale","16":"taxable","17":"shipping-taxable","18":"purchasable","19":"product-type-simple"},"_links":{"self":[{"href":"https:\/\/www.vadaszboltcsorna.hu\/index.php\/wp-json\/wp\/v2\/product\/7740","targetHints":{"allow":["GET"]}}],"collection":[{"href":"https:\/\/www.vadaszboltcsorna.hu\/index.php\/wp-json\/wp\/v2\/product"}],"about":[{"href":"https:\/\/www.vadaszboltcsorna.hu\/index.php\/wp-json\/wp\/v2\/types\/product"}],"replies":[{"embeddable":true,"href":"https:\/\/www.vadaszboltcsorna.hu\/index.php\/wp-json\/wp\/v2\/comments?post=7740"}],"wp:featuredmedia":[{"embeddable":true,"href":"https:\/\/www.vadaszboltcsorna.hu\/index.php\/wp-json\/wp\/v2\/media\/7742"}],"wp:attachment":[{"href":"https:\/\/www.vadaszboltcsorna.hu\/index.php\/wp-json\/wp\/v2\/media?parent=7740"}],"wp:term":[{"taxonomy":"product_brand","embeddable":true,"href":"https:\/\/www.vadaszboltcsorna.hu\/index.php\/wp-json\/wp\/v2\/product_brand?post=7740"},{"taxonomy":"product_cat","embeddable":true,"href":"https:\/\/www.vadaszboltcsorna.hu\/index.php\/wp-json\/wp\/v2\/product_cat?post=7740"},{"taxonomy":"product_tag","embeddable":true,"href":"https:\/\/www.vadaszboltcsorna.hu\/index.php\/wp-json\/wp\/v2\/product_tag?post=7740"}],"curies":[{"name":"wp","href":"https:\/\/api.w.org\/{rel}","templated":true}]}}