{"id":7724,"date":"2025-06-16T08:47:19","date_gmt":"2025-06-16T08:47:19","guid":{"rendered":"https:\/\/www.vadaszboltcsorna.hu\/?post_type=product&#038;p=7724"},"modified":"2025-06-16T08:49:56","modified_gmt":"2025-06-16T08:49:56","slug":"nitehog-viper-35-hunter-hokamera-elotet","status":"publish","type":"product","link":"https:\/\/www.vadaszboltcsorna.hu\/index.php\/termek\/nitehog-viper-35-hunter-hokamera-elotet\/","title":{"rendered":"Nitehog Viper 35 HUNTER h\u0151kamera el\u0151t\u00e9t"},"content":{"rendered":"<h2 style=\"text-align: center;\"><strong>Nitehog Viper 35 HUNTER h\u0151kamera el\u0151t\u00e9t<\/strong><\/h2>\n<p><img loading=\"lazy\" decoding=\"async\" class=\"aligncenter wp-image-7725 size-medium\" src=\"https:\/\/www.vadaszboltcsorna.hu\/wp-content\/uploads\/2025\/06\/A85_4463-2-300x225.jpg\" alt=\"\" width=\"300\" height=\"225\" \/><\/p>\n<p data-start=\"0\" data-end=\"62\"><strong data-start=\"0\" data-end=\"62\">Nitehog Viper 35 HUNTER \u2013 \u00c9jszakai vad\u00e1szat \u00faj dimenzi\u00f3ban<\/strong><\/p>\n<p data-start=\"64\" data-end=\"454\">L\u00e9pjen be a profi vad\u00e1szat vil\u00e1g\u00e1ba a\u00a0<strong data-start=\"102\" data-end=\"129\">Nitehog Viper 35 HUNTER<\/strong>\u00a0el\u0151t\u00e9ttel, amely a legmodernebb h\u0151kamer\u00e1s technol\u00f3gi\u00e1t \u00f6tv\u00f6zi a k\u00e9nyelmes,\u00a0<strong data-start=\"205\" data-end=\"229\">Clip-On\/Flip-to-Side<\/strong> kialak\u00edt\u00e1ssal. Kompromisszummentes k\u00e9pmin\u0151s\u00e9g, hihetetlen \u00e9rz\u00e9kenys\u00e9g, massz\u00edv kialak\u00edt\u00e1s \u00e9s olyan intelligens funkci\u00f3k, melyek megk\u00f6nny\u00edtik minden egyes \u00e9jszakai vad\u00e1szat\u00e1t \u2013 mindezt egy kompakt, m\u00e9gis strapab\u00edr\u00f3 eszk\u00f6zben.<\/p>\n<div style=\"width: 1080px;\" class=\"wp-video\"><video class=\"wp-video-shortcode\" id=\"video-7724-1\" width=\"1080\" height=\"608\" preload=\"metadata\" controls=\"controls\"><source type=\"video\/mp4\" src=\"https:\/\/www.vadaszboltcsorna.hu\/wp-content\/uploads\/2025\/06\/VIPER-Gen-2-Hunter-_-Test.mp4?_=1\" \/><a href=\"https:\/\/www.vadaszboltcsorna.hu\/wp-content\/uploads\/2025\/06\/VIPER-Gen-2-Hunter-_-Test.mp4\">https:\/\/www.vadaszboltcsorna.hu\/wp-content\/uploads\/2025\/06\/VIPER-Gen-2-Hunter-_-Test.mp4<\/a><\/video><\/div>\n<div class=\"wp-video\">\n<div id=\"mep_0\" class=\"mejs-container wp-video-shortcode mejs-video mejs-container-keyboard-inactive\" tabindex=\"0\" role=\"application\" aria-label=\"Vide\u00f3lej\u00e1tsz\u00f3\">\n<div class=\"mejs-inner\">\n<div class=\"mejs-controls mejs-offscreen\">\n<div class=\"mejs-button mejs-volume-button mejs-mute\"><\/div>\n<div class=\"mejs-button mejs-fullscreen-button\"><strong style=\"color: #333333; font-size: 26px;\" data-start=\"464\" data-end=\"514\">1. Mi\u00e9rt v\u00e1lassza a Nitehog Viper 35 HUNTER-t?<\/strong><\/div>\n<\/div>\n<\/div>\n<\/div>\n<\/div>\n<ul data-start=\"516\" data-end=\"899\">\n<li data-start=\"516\" data-end=\"641\">\n<p data-start=\"518\" data-end=\"641\"><strong data-start=\"518\" data-end=\"557\">Professzion\u00e1lis \u00e9s hobbivad\u00e1szoknak<\/strong>: A magyarorsz\u00e1gi \u00e9s nemzetk\u00f6zi vad\u00e1szpiac egyik leginnovat\u00edvabb h\u0151kamera el\u0151t\u00e9te.<\/p>\n<\/li>\n<li data-start=\"642\" data-end=\"776\">\n<p data-start=\"644\" data-end=\"776\"><strong data-start=\"644\" data-end=\"682\">N\u00e9met tervez\u00e9s \u00e9s cs\u00facstechnol\u00f3gia<\/strong>: A legig\u00e9nyesebb eur\u00f3pai szabv\u00e1nyoknak megfelel\u0151en gy\u00e1rtva, nem egy t\u00e1vol-keleti t\u00f6megcikk.<\/p>\n<\/li>\n<li data-start=\"777\" data-end=\"899\">\n<p data-start=\"779\" data-end=\"899\"><strong data-start=\"779\" data-end=\"805\">T\u00f6k\u00e9letes \u00e9jszakai k\u00e9p<\/strong>: A gyenge f\u00e9nyviszonyok, a sz\u00e9l, a k\u00f6d, vagy az es\u0151 sem \u00e1llhat a c\u00e9ltudatos l\u00f6v\u00e9sek \u00fatj\u00e1ba.<\/p>\n<\/li>\n<\/ul>\n<hr data-start=\"901\" data-end=\"904\" \/>\n<h2 data-start=\"906\" data-end=\"934\"><strong data-start=\"909\" data-end=\"934\">2. Kompakt kialak\u00edt\u00e1s<\/strong><\/h2>\n<ul data-start=\"936\" data-end=\"1221\">\n<li data-start=\"936\" data-end=\"1055\">\n<p data-start=\"938\" data-end=\"964\"><strong data-start=\"938\" data-end=\"961\">K\u00f6nny\u0171 \u00e9s kism\u00e9ret\u0171<\/strong>:<\/p>\n<ul data-start=\"967\" data-end=\"1055\">\n<li data-start=\"967\" data-end=\"1001\">\n<p data-start=\"969\" data-end=\"1001\">M\u00e9rete mind\u00f6ssze 140\u00d770\u00d746 mm,<\/p>\n<\/li>\n<li data-start=\"1004\" data-end=\"1055\">\n<p data-start=\"1006\" data-end=\"1055\">S\u00falya pedig kevesebb, mint 330 g (elem n\u00e9lk\u00fcl).<\/p>\n<\/li>\n<\/ul>\n<\/li>\n<li data-start=\"1056\" data-end=\"1221\">\n<p data-start=\"1058\" data-end=\"1221\"><strong data-start=\"1058\" data-end=\"1086\">Egyszer\u0171en felszerelhet\u0151<\/strong>: A mell\u00e9kelt ellen-gy\u0171r\u0171vel gyorsan \u00e9s prec\u00edzen r\u00f6gz\u00edtheti b\u00e1rmely fegyverre vagy t\u00e1vcs\u0151re \u2013 a stabilit\u00e1s \u00e9s a precizit\u00e1s garant\u00e1lt.<\/p>\n<\/li>\n<\/ul>\n<p data-start=\"1223\" data-end=\"1328\"><strong data-start=\"1223\" data-end=\"1238\">Az eredm\u00e9ny<\/strong>: Kis helyen elf\u00e9r, \u00e9szrev\u00e9tlen\u00fcl hordozhat\u00f3, \u00e9s nem terheli feleslegesen a felszerel\u00e9s\u00e9t.<\/p>\n<hr data-start=\"1330\" data-end=\"1333\" \/>\n<h2 data-start=\"1335\" data-end=\"1382\"><strong data-start=\"1338\" data-end=\"1382\">3. Kiemelked\u0151 k\u00e9pmin\u0151s\u00e9g \u00e9s teljes\u00edtm\u00e9ny<\/strong><\/h2>\n<ul data-start=\"1384\" data-end=\"1859\">\n<li data-start=\"1384\" data-end=\"1508\">\n<p data-start=\"1386\" data-end=\"1508\"><strong data-start=\"1386\" data-end=\"1423\">640\u00d7512 felbont\u00e1s\u00fa, 12\u03bcm \u00e9rz\u00e9kel\u0151<\/strong>: Ez biztos\u00edtja, hogy m\u00e9g nagy t\u00e1vols\u00e1gokr\u00f3l is apr\u00f3l\u00e9kos r\u00e9szletek t\u00e1ruljanak fel.<\/p>\n<\/li>\n<li data-start=\"1509\" data-end=\"1629\">\n<p data-start=\"1511\" data-end=\"1629\"><strong data-start=\"1511\" data-end=\"1532\">&lt;15 mk NETD \u00e9rt\u00e9k<\/strong>: Kiv\u00e9telesen magas h\u0151\u00e9rz\u00e9kenys\u00e9g, amivel a legkisebb h\u0151m\u00e9rs\u00e9klet-k\u00fcl\u00f6nbs\u00e9geket is \u00e9rz\u00e9kelheti.<\/p>\n<\/li>\n<li data-start=\"1630\" data-end=\"1747\">\n<p data-start=\"1632\" data-end=\"1747\"><strong data-start=\"1632\" data-end=\"1659\">35 mm-es objekt\u00edv, F1.1<\/strong>: Stabilan kiv\u00e1l\u00f3 k\u00e9p nappal \u00e9s \u00e9jszaka, illetve zord id\u0151j\u00e1r\u00e1si k\u00f6r\u00fclm\u00e9nyek k\u00f6z\u00f6tt is.<\/p>\n<\/li>\n<li data-start=\"1748\" data-end=\"1859\">\n<p data-start=\"1750\" data-end=\"1859\"><strong data-start=\"1750\" data-end=\"1772\">60 Hz k\u00e9pfriss\u00edt\u00e9s<\/strong>: Akadoz\u00e1smentes, val\u00f3s idej\u0171 megjelen\u00edt\u00e9s, \u00edgy k\u00f6nnyebb k\u00f6vetni a mozg\u00f3 c\u00e9lpontokat.<\/p>\n<\/li>\n<\/ul>\n<p data-start=\"1861\" data-end=\"2021\"><strong data-start=\"1861\" data-end=\"1881\">Legnagyobb el\u0151ny<\/strong>: A nagy t\u00e1vols\u00e1gban (ak\u00e1r t\u00f6bb sz\u00e1z m\u00e9teren t\u00fal) felbukkan\u00f3 vadakat is \u00e9lesen, pixelesed\u00e9s n\u00e9lk\u00fcl l\u00e1thatja, m\u00e9g digit\u00e1lis nagy\u00edt\u00e1s ut\u00e1n is.<\/p>\n<hr data-start=\"2023\" data-end=\"2026\" \/>\n<h2 data-start=\"2028\" data-end=\"2058\"><strong data-start=\"2031\" data-end=\"2058\">4. Tart\u00f3s \u00e9s megb\u00edzhat\u00f3<\/strong><\/h2>\n<ul data-start=\"2060\" data-end=\"2449\">\n<li data-start=\"2060\" data-end=\"2199\">\n<p data-start=\"2062\" data-end=\"2199\"><strong data-start=\"2062\" data-end=\"2103\">7000 J-ig terjed\u0151 visszar\u00fag\u00e1s-\u00e1ll\u00f3s\u00e1g<\/strong>: Ak\u00e1r nagy kaliber\u0171 fegyverekre is nyugodtan r\u00f6gz\u00edthet\u0151, nem fogja \u201eelcs\u00fasztatni\u201d a bel\u00f6v\u00e9st.<\/p>\n<\/li>\n<li data-start=\"2200\" data-end=\"2320\">\n<p data-start=\"2202\" data-end=\"2320\"><strong data-start=\"2202\" data-end=\"2235\">Massz\u00edv, magn\u00e9zium\u00f6tv\u00f6zet v\u00e1z<\/strong>: Ellen\u00e1ll a mechanikai behat\u00e1soknak \u00e9s az id\u0151j\u00e1r\u00e1snak, hossz\u00fa t\u00e1von is strapab\u00edr\u00f3.<\/p>\n<\/li>\n<li data-start=\"2321\" data-end=\"2449\">\n<p data-start=\"2323\" data-end=\"2449\"><strong data-start=\"2323\" data-end=\"2361\">Gyors, &lt;6 m\u00e1sodperces ind\u00edt\u00e1si id\u0151<\/strong>: A hajnali lesvad\u00e1szaton minden m\u00e1sodperc sz\u00e1m\u00edt; a Viper 35 HUNTER-rel ez nem akad\u00e1ly.<\/p>\n<\/li>\n<\/ul>\n<hr data-start=\"2451\" data-end=\"2454\" \/>\n<h2 data-start=\"2456\" data-end=\"2480\"><strong data-start=\"2459\" data-end=\"2480\">5. Hossz\u00fa \u00fczemid\u0151<\/strong><\/h2>\n<ul data-start=\"2482\" data-end=\"2667\">\n<li data-start=\"2482\" data-end=\"2567\">\n<p data-start=\"2484\" data-end=\"2567\"><strong data-start=\"2484\" data-end=\"2516\">1 db 18650-es akkumul\u00e1torral<\/strong>\u00a0\u2013 ak\u00e1r 5 \u00f3r\u00e1t is meghalad\u00f3 folyamatos haszn\u00e1lat.<\/p>\n<\/li>\n<li data-start=\"2568\" data-end=\"2667\">\n<p data-start=\"2570\" data-end=\"2667\">Az akkumul\u00e1tor rendk\u00edv\u00fcl k\u00f6nnyen cser\u00e9lhet\u0151, \u00edgy a p\u00f3takkuval ak\u00e1r az eg\u00e9sz \u00e9jszak\u00e1t lefedheti.<\/p>\n<\/li>\n<\/ul>\n<p data-start=\"2669\" data-end=\"2761\"><strong data-start=\"2669\" data-end=\"2717\">Hajnali, vagy hosszabb \u00e9jszakai vad\u00e1szatokon<\/strong>\u00a0sem kell agg\u00f3dnia, hogy idejekor\u00e1n lemer\u00fcl.<\/p>\n<hr data-start=\"2763\" data-end=\"2766\" \/>\n<h2 data-start=\"2768\" data-end=\"2825\"><strong data-start=\"2771\" data-end=\"2825\">6. Intelligens funkci\u00f3k \u2013 Modern, praktikus extr\u00e1k<\/strong><\/h2>\n<ol data-start=\"2827\" data-end=\"4188\">\n<li data-start=\"2827\" data-end=\"3040\">\n<p data-start=\"2830\" data-end=\"2851\"><strong data-start=\"2830\" data-end=\"2849\">Be\u00e9p\u00edtett Wi-Fi<\/strong><\/p>\n<ul data-start=\"2855\" data-end=\"3040\">\n<li data-start=\"2855\" data-end=\"2938\">\n<p data-start=\"2857\" data-end=\"2938\">Val\u00f3s idej\u0171 k\u00e9pstreamel\u00e9s \u00e9s megoszt\u00e1s okostelefonon vagy t\u00e1blag\u00e9pen kereszt\u00fcl.<\/p>\n<\/li>\n<li data-start=\"2942\" data-end=\"3040\">\n<p data-start=\"2944\" data-end=\"3040\">Online friss\u00edt\u00e9sek: A gy\u00e1rt\u00f3i alkalmaz\u00e1ssal a k\u00e9sz\u00fcl\u00e9k szoftvere k\u00f6nnyed\u00e9n naprak\u00e9szen tarthat\u00f3.<\/p>\n<\/li>\n<\/ul>\n<\/li>\n<li data-start=\"3042\" data-end=\"3200\">\n<p data-start=\"3045\" data-end=\"3070\"><strong data-start=\"3045\" data-end=\"3068\">64 GB bels\u0151 t\u00e1rhely<\/strong><\/p>\n<ul data-start=\"3074\" data-end=\"3200\">\n<li data-start=\"3074\" data-end=\"3118\">\n<p data-start=\"3076\" data-end=\"3118\">Fot\u00f3k \u00e9s vide\u00f3k t\u00e1rol\u00e1s\u00e1ra b\u0151s\u00e9ges hely.<\/p>\n<\/li>\n<li data-start=\"3122\" data-end=\"3200\">\n<p data-start=\"3124\" data-end=\"3200\">Nincs sz\u00fcks\u00e9g mem\u00f3riak\u00e1rty\u00e1ra, minden felv\u00e9telt egyetlen eszk\u00f6zben t\u00e1rolhat.<\/p>\n<\/li>\n<\/ul>\n<\/li>\n<li data-start=\"3202\" data-end=\"3426\">\n<p data-start=\"3205\" data-end=\"3229\"><strong data-start=\"3205\" data-end=\"3227\">Visszateker\u0151 vide\u00f3<\/strong><\/p>\n<ul data-start=\"3233\" data-end=\"3426\">\n<li data-start=\"3233\" data-end=\"3338\">\n<p data-start=\"3235\" data-end=\"3338\">R\u00f6gz\u00edti a l\u00f6v\u00e9s\u00a0<strong data-start=\"3251\" data-end=\"3285\">el\u0151tti \u00e9s ut\u00e1ni 10 m\u00e1sodpercet<\/strong>, \u00edgy nem marad le egyetlen fontos momentumr\u00f3l sem.<\/p>\n<\/li>\n<li data-start=\"3342\" data-end=\"3426\">\n<p data-start=\"3344\" data-end=\"3426\">Ide\u00e1lis, ha szeretn\u00e9 visszan\u00e9zni a l\u00f6v\u00e9s pillanat\u00e1t, vagy megosztani a bar\u00e1tokkal.<\/p>\n<\/li>\n<\/ul>\n<\/li>\n<li data-start=\"3428\" data-end=\"3669\">\n<p data-start=\"3431\" data-end=\"3465\"><strong data-start=\"3431\" data-end=\"3463\">Hotspot Tracking (H\u0151k\u00f6vet\u00e9s)<\/strong><\/p>\n<ul data-start=\"3469\" data-end=\"3669\">\n<li data-start=\"3469\" data-end=\"3626\">\n<p data-start=\"3471\" data-end=\"3626\">A kijelz\u0151n megjelen\u0151 jel mutatja, merre mozog a vad a l\u00e1t\u00f3t\u00e9rben, \u00e9s ha elfekszik, akkor is k\u00f6nnyen megtal\u00e1lja, mivel mindig a legmelegebb pontot k\u00f6veti.<\/p>\n<\/li>\n<li data-start=\"3630\" data-end=\"3669\">\n<p data-start=\"3632\" data-end=\"3669\">\u00c9jszakai ut\u00f3keres\u00e9skor nagy seg\u00edts\u00e9g.<\/p>\n<\/li>\n<\/ul>\n<\/li>\n<li data-start=\"3671\" data-end=\"3915\">\n<p data-start=\"3674\" data-end=\"3708\"><strong data-start=\"3674\" data-end=\"3706\">AI SRF t\u00e1vols\u00e1g-meghat\u00e1roz\u00e1s<\/strong><\/p>\n<ul data-start=\"3712\" data-end=\"3915\">\n<li data-start=\"3712\" data-end=\"3835\">\n<p data-start=\"3714\" data-end=\"3835\">A be\u00e9p\u00edtett mesters\u00e9ges intelligencia algoritmus automatikusan kisz\u00e1m\u00edtja, k\u00f6r\u00fclbel\u00fcl milyen t\u00e1vols\u00e1gban van a c\u00e9lpont.<\/p>\n<\/li>\n<li data-start=\"3839\" data-end=\"3915\">\n<p data-start=\"3841\" data-end=\"3915\">Gyors, pontos t\u00e1vols\u00e1g-becsl\u00e9s, nincs sz\u00fcks\u00e9g k\u00fcl\u00f6n t\u00e1vols\u00e1gm\u00e9r\u0151 m\u0171szerre.<\/p>\n<\/li>\n<\/ul>\n<\/li>\n<li data-start=\"3917\" data-end=\"4188\">\n<p data-start=\"3920\" data-end=\"3954\"><strong data-start=\"3920\" data-end=\"3952\">Automatikus jelenetbe\u00e1ll\u00edt\u00e1s<\/strong><\/p>\n<ul data-start=\"3958\" data-end=\"4188\">\n<li data-start=\"3958\" data-end=\"4097\">\n<p data-start=\"3960\" data-end=\"4097\">A szoftver k\u00e9pes felm\u00e9rni a k\u00f6rnyezeti viszonyokat (h\u0151m\u00e9rs\u00e9klet, kontraszt, f\u00e9nyviszonyok), \u00e9s ennek megfelel\u0151en optimaliz\u00e1lja a k\u00e9pet.<\/p>\n<\/li>\n<li data-start=\"4101\" data-end=\"4188\">\n<p data-start=\"4103\" data-end=\"4188\">Mindig a lehet\u0151 legjobb min\u0151s\u00e9g\u0171 \u00e9lm\u00e9nyt kapja, an\u00e9lk\u00fcl, hogy sokat k\u00e9ne \u00e1ll\u00edtgatnia.<\/p>\n<\/li>\n<\/ul>\n<\/li>\n<\/ol>\n<hr data-start=\"4190\" data-end=\"4193\" \/>\n<h2 data-start=\"4195\" data-end=\"4225\"><strong data-start=\"4198\" data-end=\"4225\">7. Maxim\u00e1lis precizit\u00e1s<\/strong><\/h2>\n<ul data-start=\"4227\" data-end=\"4576\">\n<li data-start=\"4227\" data-end=\"4354\">\n<p data-start=\"4229\" data-end=\"4253\"><strong data-start=\"4229\" data-end=\"4251\">0,96 MOA pontoss\u00e1g<\/strong><\/p>\n<ul data-start=\"4256\" data-end=\"4354\">\n<li data-start=\"4256\" data-end=\"4354\">\n<p data-start=\"4258\" data-end=\"4354\">Az egyik legpontosabb h\u0151kamera el\u0151t\u00e9t a piacon. Seg\u00edts\u00e9g\u00e9vel minim\u00e1lis hibahat\u00e1rral l\u0151het c\u00e9lba.<\/p>\n<\/li>\n<\/ul>\n<\/li>\n<li data-start=\"4355\" data-end=\"4576\">\n<p data-start=\"4357\" data-end=\"4402\"><strong data-start=\"4357\" data-end=\"4400\">H\u00e1rom elt\u00e9r\u0151 bel\u00f6v\u00e9si profil r\u00f6gz\u00edthet\u0151<\/strong><\/p>\n<ul data-start=\"4405\" data-end=\"4576\">\n<li data-start=\"4405\" data-end=\"4485\">\n<p data-start=\"4407\" data-end=\"4485\">Egyszer\u0171 v\u00e1lt\u00e1s t\u00f6bb fegyver, illetve k\u00fcl\u00f6nb\u00f6z\u0151 t\u00e1vcs\u0151-konfigur\u00e1ci\u00f3k k\u00f6z\u00f6tt.<\/p>\n<\/li>\n<li data-start=\"4488\" data-end=\"4576\">\n<p data-start=\"4490\" data-end=\"4576\">Nincs sz\u00fcks\u00e9g \u00fajb\u00f3li bel\u00f6v\u00e9sre, csak kiv\u00e1lasztja a megfelel\u0151 profilt, \u00e9s m\u00e1r l\u0151het is.<\/p>\n<\/li>\n<\/ul>\n<\/li>\n<\/ul>\n<hr data-start=\"4578\" data-end=\"4581\" \/>\n<h2 data-start=\"4583\" data-end=\"4628\"><strong data-start=\"4586\" data-end=\"4628\">8. Specifik\u00e1ci\u00f3k \u2013 F\u0151bb adatok r\u00f6viden<\/strong><\/h2>\n<ul data-start=\"4630\" data-end=\"4969\">\n<li data-start=\"4630\" data-end=\"4663\">\n<p data-start=\"4632\" data-end=\"4663\"><strong data-start=\"4632\" data-end=\"4645\">Felbont\u00e1s<\/strong>: 640\u00d7512, 12 \u03bcm<\/p>\n<\/li>\n<li data-start=\"4664\" data-end=\"4684\">\n<p data-start=\"4666\" data-end=\"4684\"><strong data-start=\"4666\" data-end=\"4674\">NETD<\/strong>: &lt;15 mk<\/p>\n<\/li>\n<li data-start=\"4685\" data-end=\"4712\">\n<p data-start=\"4687\" data-end=\"4712\"><strong data-start=\"4687\" data-end=\"4703\">K\u00e9pfriss\u00edt\u00e9s<\/strong>: 60 Hz<\/p>\n<\/li>\n<li data-start=\"4713\" data-end=\"4742\">\n<p data-start=\"4715\" data-end=\"4742\"><strong data-start=\"4715\" data-end=\"4727\">Objekt\u00edv<\/strong>: 35 mm,<\/p>\n<\/li>\n<li data-start=\"4743\" data-end=\"4785\">\n<p data-start=\"4745\" data-end=\"4785\"><strong data-start=\"4745\" data-end=\"4760\">Megjelen\u00edt\u0151<\/strong>: 0,39\u201d OLED (1024\u00d7768)<\/p>\n<\/li>\n<li data-start=\"4786\" data-end=\"4826\">\n<p data-start=\"4788\" data-end=\"4826\"><strong data-start=\"4788\" data-end=\"4806\">K\u00fcls\u0151 burkolat<\/strong>: Magn\u00e9zium\u00f6tv\u00f6zet<\/p>\n<\/li>\n<li data-start=\"4827\" data-end=\"4872\">\n<p data-start=\"4829\" data-end=\"4872\"><strong data-start=\"4829\" data-end=\"4840\">\u00dczemid\u0151<\/strong>: \u22655 \u00f3ra (1\u00d718650 akkumul\u00e1tor)<\/p>\n<\/li>\n<li data-start=\"4873\" data-end=\"4904\">\n<p data-start=\"4875\" data-end=\"4904\"><strong data-start=\"4875\" data-end=\"4895\">Bemeleged\u00e9si id\u0151<\/strong>: &lt;6 mp<\/p>\n<\/li>\n<li data-start=\"4905\" data-end=\"4940\">\n<p data-start=\"4907\" data-end=\"4940\"><strong data-start=\"4907\" data-end=\"4930\">Visszar\u00fag\u00e1s-\u00e1ll\u00f3s\u00e1g<\/strong>: 7000 J<\/p>\n<\/li>\n<li data-start=\"4941\" data-end=\"4969\">\n<p data-start=\"4943\" data-end=\"4969\"><strong data-start=\"4943\" data-end=\"4960\">Bels\u0151 mem\u00f3ria<\/strong>: 64 GB<\/p>\n<\/li>\n<\/ul>\n<hr data-start=\"4971\" data-end=\"4974\" \/>\n<h2 data-start=\"4976\" data-end=\"5003\"><strong data-start=\"4979\" data-end=\"5003\">9. A csomag tartalma<\/strong><\/h2>\n<ol data-start=\"5005\" data-end=\"5253\">\n<li data-start=\"5005\" data-end=\"5048\">\n<p data-start=\"5008\" data-end=\"5048\"><strong data-start=\"5008\" data-end=\"5031\">Viper Hunter el\u0151t\u00e9t<\/strong>\u00a0(v\u00e9d\u0151kupakkal)<\/p>\n<\/li>\n<li data-start=\"5049\" data-end=\"5086\">\n<p data-start=\"5052\" data-end=\"5086\"><strong data-start=\"5052\" data-end=\"5067\">Ellen-gy\u0171r\u0171<\/strong>\u00a0a felszerel\u00e9shez<\/p>\n<\/li>\n<li data-start=\"5087\" data-end=\"5139\">\n<p data-start=\"5090\" data-end=\"5139\"><strong data-start=\"5090\" data-end=\"5118\">F\u00f3kuszkar \u00e9s imbuszkulcs<\/strong>\u00a0a finomhangol\u00e1shoz<\/p>\n<\/li>\n<li data-start=\"5140\" data-end=\"5160\">\n<p data-start=\"5143\" data-end=\"5160\"><strong data-start=\"5143\" data-end=\"5158\">USB-C k\u00e1bel<\/strong><\/p>\n<\/li>\n<li data-start=\"5161\" data-end=\"5187\">\n<p data-start=\"5164\" data-end=\"5187\"><strong data-start=\"5164\" data-end=\"5185\">18650 akkumul\u00e1tor<\/strong><\/p>\n<\/li>\n<li data-start=\"5188\" data-end=\"5253\">\n<p data-start=\"5191\" data-end=\"5253\"><strong data-start=\"5191\" data-end=\"5253\">Objekt\u00edvtiszt\u00edt\u00f3 kend\u0151, meleg\u00edt\u0151pad, felhaszn\u00e1l\u00f3i \u00fatmutat\u00f3<\/strong><\/p>\n<\/li>\n<\/ol>\n<p data-start=\"5255\" data-end=\"5377\"><strong data-start=\"5255\" data-end=\"5264\">Plusz<\/strong>: A k\u00e9sz\u00fcl\u00e9k minden r\u00e9sz\u00e9hez k\u00fcl\u00f6n figyelmesen \u00f6ssze\u00e1ll\u00edtott tartoz\u00e9kok j\u00e1rnak, hogy azonnal haszn\u00e1latba vehesse.<\/p>\n<hr data-start=\"5379\" data-end=\"5382\" \/>\n<h2 data-start=\"5384\" data-end=\"5440\"><strong data-start=\"5387\" data-end=\"5440\">10. Gyakorlati el\u0151ny\u00f6k \u2013 Amit a vad\u00e1szok mondanak<\/strong><\/h2>\n<ul data-start=\"5442\" data-end=\"5996\">\n<li data-start=\"5442\" data-end=\"5592\">\n<p data-start=\"5444\" data-end=\"5485\"><strong data-start=\"5444\" data-end=\"5482\">T\u00f6k\u00e9letes l\u00f6v\u00e9sek nagy t\u00e1vols\u00e1gr\u00f3l<\/strong>:<\/p>\n<ul data-start=\"5488\" data-end=\"5592\">\n<li data-start=\"5488\" data-end=\"5592\">\n<p data-start=\"5490\" data-end=\"5592\">Tapasztalatok szerint ak\u00e1r 500 m\u00e9ter felett is \u00e9les marad a k\u00e9p, kiv\u00e1l\u00f3 l\u00f6v\u00e9sbiztons\u00e1got garant\u00e1lva.<\/p>\n<\/li>\n<\/ul>\n<\/li>\n<li data-start=\"5593\" data-end=\"5703\">\n<p data-start=\"5595\" data-end=\"5637\"><strong data-start=\"5595\" data-end=\"5634\">H\u0151k\u00f6vet\u0151 funkci\u00f3 (Hotspot Tracking)<\/strong>:<\/p>\n<ul data-start=\"5640\" data-end=\"5703\">\n<li data-start=\"5640\" data-end=\"5703\">\n<p data-start=\"5642\" data-end=\"5703\">Gyors felkutat\u00e1s, ha a vad nem maradt a t\u00e1vcs\u0151 l\u00e1t\u00f3ter\u00e9ben.<\/p>\n<\/li>\n<\/ul>\n<\/li>\n<li data-start=\"5704\" data-end=\"5856\">\n<p data-start=\"5706\" data-end=\"5740\"><strong data-start=\"5706\" data-end=\"5737\">Visszateker\u0151 vide\u00f3 \u00e9s Wi-Fi<\/strong>:<\/p>\n<ul data-start=\"5743\" data-end=\"5856\">\n<li data-start=\"5743\" data-end=\"5856\">\n<p data-start=\"5745\" data-end=\"5856\">Szabadon elemezheti a l\u00f6v\u00e9seit, vagy megoszthatja azokat bar\u00e1taival \u00e9s vad\u00e1szt\u00e1rsaival, ak\u00e1r val\u00f3s id\u0151ben is.<\/p>\n<\/li>\n<\/ul>\n<\/li>\n<li data-start=\"5857\" data-end=\"5996\">\n<p data-start=\"5859\" data-end=\"5901\"><strong data-start=\"5859\" data-end=\"5898\">K\u00f6nny\u0171 \u00e9s stabil fel- \u00e9s leszerel\u00e9s<\/strong>:<\/p>\n<ul data-start=\"5904\" data-end=\"5996\">\n<li data-start=\"5904\" data-end=\"5996\">\n<p data-start=\"5906\" data-end=\"5996\">Nem kell \u00fajra bel\u0151ni, ha egyszer m\u00e1r megtette; visszahelyezve is tartja a bel\u00f6v\u00e9si pontot.<\/p>\n<\/li>\n<\/ul>\n<\/li>\n<\/ul>\n<hr data-start=\"5998\" data-end=\"6001\" \/>\n<h2 data-start=\"6003\" data-end=\"6062\"><strong data-start=\"6006\" data-end=\"6062\">11. Nitehog Viper 35 HUNTER \u2013 A benned \u00e9l\u0151 vad\u00e1szhoz<\/strong><\/h2>\n<p data-start=\"6064\" data-end=\"6351\">Tervez\u00e9s \u00e9s technol\u00f3gia\u00a0<strong data-start=\"6088\" data-end=\"6113\">t\u00f6k\u00e9letes harm\u00f3ni\u00e1ban<\/strong>\u00a0\u2013 ez a Nitehog Viper 35 HUNTER. Nem csup\u00e1n egy kieg\u00e9sz\u00edt\u0151, hanem egy\u00a0<strong data-start=\"6183\" data-end=\"6202\">megb\u00edzhat\u00f3 t\u00e1rs<\/strong>\u00a0a legnehezebb helyzetekben is. Vigye haza a h\u0151kamer\u00e1s vil\u00e1g leg\u00fajabb technol\u00f3gi\u00e1j\u00e1t, \u00e9s tapasztalja meg a\u00a0<strong data-start=\"6309\" data-end=\"6341\">kompromisszummentes vad\u00e1szat<\/strong>\u00a0\u00e9lm\u00e9ny\u00e9t!<\/p>\n<p data-start=\"6353\" data-end=\"6604\"><strong data-start=\"6353\" data-end=\"6380\">Nitehog Viper 35 HUNTER<\/strong>\u00a0\u2013 \u00c1lljon k\u00e9szen minden kih\u00edv\u00e1sra, \u00e9s l\u00e9pjen be a\u00a0<strong data-start=\"6430\" data-end=\"6457\">profi \u00e9jszakai vad\u00e1szat<\/strong>\u00a0\u00faj dimenzi\u00f3j\u00e1ba! Legyen sz\u00f3 vaddiszn\u00f3-k\u00e1r megel\u0151z\u00e9sr\u0151l, vagy egy felejthetetlen \u00e9jszakai kalandr\u00f3l, a Viper 35 HUNTER-rel biztos lehet a sikerben.<\/p>\n<p>&nbsp;<\/p>\n<div class=\"wp-video\">\n<div style=\"width: 1080px;\" class=\"wp-video\"><video class=\"wp-video-shortcode\" id=\"video-7724-2\" width=\"1080\" height=\"608\" preload=\"metadata\" controls=\"controls\"><source type=\"video\/mp4\" src=\"https:\/\/www.vadaszboltcsorna.hu\/wp-content\/uploads\/2025\/06\/VIPER-Gen-2-_-Evolution-is-here.mp4?_=2\" \/><a href=\"https:\/\/www.vadaszboltcsorna.hu\/wp-content\/uploads\/2025\/06\/VIPER-Gen-2-_-Evolution-is-here.mp4\">https:\/\/www.vadaszboltcsorna.hu\/wp-content\/uploads\/2025\/06\/VIPER-Gen-2-_-Evolution-is-here.mp4<\/a><\/video><\/div>\n<div id=\"mep_1\" class=\"mejs-container wp-video-shortcode mejs-video\" tabindex=\"0\" role=\"application\" aria-label=\"Vide\u00f3lej\u00e1tsz\u00f3\">\n<div class=\"mejs-inner\">\n<div class=\"mejs-controls\">\n<div class=\"mejs-time mejs-duration-container\"><\/div>\n<div class=\"mejs-button mejs-volume-button mejs-mute\"><\/div>\n<div class=\"mejs-button mejs-fullscreen-button\"><\/div>\n<\/div>\n<\/div>\n<\/div>\n<\/div>\n<p>&nbsp;<\/p>\n<p data-start=\"64\" data-end=\"454\">\n","protected":false},"excerpt":{"rendered":"<p>Nitehog Viper 35 HUNTER h\u0151kamera el\u0151t\u00e9t Nitehog Viper 35 HUNTER \u2013 \u00c9jszakai vad\u00e1szat \u00faj dimenzi\u00f3ban L\u00e9pjen be a profi vad\u00e1szat vil\u00e1g\u00e1ba a\u00a0Nitehog Viper 35 HUNTER\u00a0el\u0151t\u00e9ttel, amely a legmodernebb h\u0151kamer\u00e1s technol\u00f3gi\u00e1t \u00f6tv\u00f6zi a k\u00e9nyelmes,\u00a0Clip-On\/Flip-to-Side kialak\u00edt\u00e1ssal. Kompromisszummentes k\u00e9pmin\u0151s\u00e9g, hihetetlen \u00e9rz\u00e9kenys\u00e9g, massz\u00edv kialak\u00edt\u00e1s \u00e9s olyan intelligens funkci\u00f3k, melyek megk\u00f6nny\u00edtik minden egyes \u00e9jszakai vad\u00e1szat\u00e1t \u2013 mindezt egy kompakt, m\u00e9gis [&hellip;]<\/p>\n","protected":false},"featured_media":7734,"comment_status":"open","ping_status":"closed","template":"","meta":{"_et_pb_use_builder":"","_et_pb_old_content":"","_et_gb_content_width":"","om_disable_all_campaigns":false},"product_brand":[],"product_cat":[21,447,526],"product_tag":[1837],"class_list":{"0":"post-7724","1":"product","2":"type-product","3":"status-publish","4":"has-post-thumbnail","6":"product_cat-uj","7":"product_cat-hokamera","8":"product_cat-hokamera-elotet","9":"product_tag-nitehog-viper-35-hunter-hokamera-elotet","11":"first","12":"instock","13":"taxable","14":"shipping-taxable","15":"purchasable","16":"product-type-simple"},"_links":{"self":[{"href":"https:\/\/www.vadaszboltcsorna.hu\/index.php\/wp-json\/wp\/v2\/product\/7724","targetHints":{"allow":["GET"]}}],"collection":[{"href":"https:\/\/www.vadaszboltcsorna.hu\/index.php\/wp-json\/wp\/v2\/product"}],"about":[{"href":"https:\/\/www.vadaszboltcsorna.hu\/index.php\/wp-json\/wp\/v2\/types\/product"}],"replies":[{"embeddable":true,"href":"https:\/\/www.vadaszboltcsorna.hu\/index.php\/wp-json\/wp\/v2\/comments?post=7724"}],"wp:featuredmedia":[{"embeddable":true,"href":"https:\/\/www.vadaszboltcsorna.hu\/index.php\/wp-json\/wp\/v2\/media\/7734"}],"wp:attachment":[{"href":"https:\/\/www.vadaszboltcsorna.hu\/index.php\/wp-json\/wp\/v2\/media?parent=7724"}],"wp:term":[{"taxonomy":"product_brand","embeddable":true,"href":"https:\/\/www.vadaszboltcsorna.hu\/index.php\/wp-json\/wp\/v2\/product_brand?post=7724"},{"taxonomy":"product_cat","embeddable":true,"href":"https:\/\/www.vadaszboltcsorna.hu\/index.php\/wp-json\/wp\/v2\/product_cat?post=7724"},{"taxonomy":"product_tag","embeddable":true,"href":"https:\/\/www.vadaszboltcsorna.hu\/index.php\/wp-json\/wp\/v2\/product_tag?post=7724"}],"curies":[{"name":"wp","href":"https:\/\/api.w.org\/{rel}","templated":true}]}}