{"id":7718,"date":"2025-06-16T07:54:48","date_gmt":"2025-06-16T07:54:48","guid":{"rendered":"https:\/\/www.vadaszboltcsorna.hu\/?post_type=product&#038;p=7718"},"modified":"2025-08-07T09:24:25","modified_gmt":"2025-08-07T09:24:25","slug":"falcon-dk2-lrf-ejjellato-celtavcso","status":"publish","type":"product","link":"https:\/\/www.vadaszboltcsorna.hu\/index.php\/termek\/falcon-dk2-lrf-ejjellato-celtavcso\/","title":{"rendered":"Falcon DK2-LRF  \u00e9jjell\u00e1t\u00f3 c\u00e9lt\u00e1vcs\u0151"},"content":{"rendered":"<h2 style=\"text-align: center;\"><strong>Falcon DK2-LRF \u00e9jjell\u00e1t\u00f3 c\u00e9lt\u00e1vcs\u0151<\/strong><\/h2>\n<p>A Falcon DARK DK-2L \u00e9jjell\u00e1t\u00f3 t\u00e1vcs\u0151 1440\u00d71080 felbont\u00e1s\u00fa kijelz\u0151vel, be\u00e9p\u00edtett l\u00e9zeres t\u00e1vols\u00e1gm\u00e9r\u0151vel \u00e9s ballisztikai kalkul\u00e1torral rendelkezik a hajsz\u00e1lpontos m\u00e9r\u00e9s \u00e9rdek\u00e9ben. Kompakt \u00e9s megfizethet\u0151, k\u00e9zi \u00e9jjell\u00e1t\u00f3 t\u00e1vcs\u0151k\u00e9nt is haszn\u00e1lhat\u00f3, \u00edgy ide\u00e1lis a sokoldal\u00fa \u00e9jszakai l\u00f6v\u00e9szethez.<\/p>\n<p>A Falcon DarkNight Vision puskat\u00e1vcs\u0151 be\u00e9p\u00edtett l\u00e9zeres t\u00e1vols\u00e1gm\u00e9r\u0151vel rendelkezik; \u00edgy biztos\u00edtva, hogy a lehet\u0151 legpontosabb d\u00f6nt\u00e9st hozhassa meg a c\u00e9lpontok megc\u00e9lz\u00e1sa el\u0151tt. A Falcon DARK DK-2L \u00e9jjell\u00e1t\u00f3 t\u00e1vcs\u0151 kiv\u00e1l\u00f3 min\u0151s\u00e9g\u0171 \u00e9rz\u00e9kel\u0151vel, 1440\u00d71080 felbont\u00e1s\u00fa kijelz\u0151vel, l\u00e9zeres t\u00e1vols\u00e1gm\u00e9r\u0151vel \u00e9s integr\u00e1lt ballisztikai kalkul\u00e1torral b\u00fcszk\u00e9lkedhet, \u00edgy a t\u00f6k\u00e9letes v\u00e1laszt\u00e1s a prec\u00edz \u00e9jszakai l\u00f6v\u00e9szethez. Ez a kicsi, kompakt \u00e9s sokoldal\u00fa digit\u00e1lis \u00e9jjell\u00e1t\u00f3 t\u00e1vcs\u0151 k\u00e9zi \u00e9jjell\u00e1t\u00f3 LRF monokul\u00e1rk\u00e9nt is haszn\u00e1lhat\u00f3, valamint az egyik legolcs\u00f3bb l\u00e9zeres t\u00e1vols\u00e1gm\u00e9r\u0151 puskat\u00e1vcs\u0151 a piacon.<\/p>\n<h2 data-start=\"1798\" data-end=\"1821\"><strong data-start=\"1802\" data-end=\"1821\">F\u0151bb jellemz\u0151k:<\/strong><\/h2>\n<div data-slate-node=\"element\">A Falcon Dark Night Vision Scope egy fejlett \u00e9jjell\u00e1t\u00f3 puskat\u00e1vcs\u0151. A Falcon Dark Night Vision Scope kiv\u00e9teles teljes\u00edtm\u00e9nyt \u00e9s nagyszer\u0171 \u00e9rt\u00e9ket k\u00edn\u00e1l. A t\u00e1vcs\u0151 nagy felbont\u00e1s\u00fa \u00e9rz\u00e9kel\u0151vel rendelkezik. Be\u00e9p\u00edtett l\u00e9zeres t\u00e1vols\u00e1gm\u00e9r\u0151vel \u00e9s integr\u00e1lt ballisztikai kalkul\u00e1torral rendelkezik. Ez p\u00e1ratlan \u00e9jszakai l\u00f6v\u00e9szeti pontoss\u00e1got biztos\u00edt a rajong\u00f3k sz\u00e1m\u00e1ra.<\/div>\n<div data-slate-node=\"element\" data-slate-fragment=\"JTVCJTdCJTIydHlwZSUyMiUzQSUyMnBhcmFncmFwaCUyMiUyQyUyMmNoaWxkcmVuJTIyJTNBJTVCJTdCJTIyaWQlMjIlM0ElMjJWUlBwd2dyakRCJTIyJTJDJTIycGFyYUlkeCUyMiUzQTAlMkMlMjJzcmMlMjIlM0ElMjJUaGUlMjBUaGVybXRlYyUyMFdpbGQlMjA2NTBMJTIwVGhlcm1hbCUyME1vbm9jdWxhciUyMG9mZmVycyUyMGhpZ2gtcmVzb2x1dGlvbiUyMHRoZXJtYWwlMjBpbWFnaW5nJTIwd2l0aCUyMGElMjA2NDAlQzMlOTc0ODAlMjAlRTIlODklQTQxOG1LJTIwbmV0RCUyMHNlbnNvciUyMGZvciUyMGV4Y2VwdGlvbmFsJTIwZGV0YWlsJTIwYW5kJTIwY2xhcml0eS4lMjAlMjIlMkMlMjJkc3QlMjIlM0ElMjJUaGVybXRlYyUyMFdpbGQlMjA2NTBMJTIwVGhlcm1hbCUyME1vbm9jdWxhciVFNiU4RiU5MCVFNCVCRSU5QiVFOSVBQiU5OCVFNSU4OCU4NiVFOCVCRSVBOCVFNyU4RSU4NyVFNyU4MyVBRCVFNiU4OCU5MCVFNSU4MyU4RiVFRiVCQyU4QyVFOSU4NSU4RCVFNSVBNCU4NzY0MCVDMyU5NzQ4MCVFMiU4OSVBNDE4bUslMjBuZXREJUU0JUJDJUEwJUU2JTg0JTlGJUU1JTk5JUE4JUVGJUJDJThDJUU1JThGJUFGJUU1JUFFJTlFJUU3JThFJUIwJUU1JThEJTkzJUU4JUI2JThBJUU3JTlBJTg0JUU3JUJCJTg2JUU4JThBJTgyJUU1JTkyJThDJUU2JUI4JTg1JUU2JTk5JUIwJUU1JUJBJUE2JUUzJTgwJTgyJTIyJTJDJTIybWV0YWRhdGElMjIlM0ElMjIlMjIlMkMlMjJtZXRhRGF0YSUyMiUzQSU1QiU1RCUyQyUyMnRleHQlMjIlM0ElMjJUaGUlMjBUaGVybXRlYyUyMFdpbGQlMjA2NTBMJTIwVGhlcm1hbCUyME1vbm9jdWxhciUyMG9mZmVycyUyMGhpZ2gtcmVzb2x1dGlvbiUyMHRoZXJtYWwlMjBpbWFnaW5nJTIwd2l0aCUyMGElMjA2NDAlQzMlOTc0ODAlMjAlRTIlODklQTQxOG1LJTIwbmV0RCUyMHNlbnNvciUyMGZvciUyMGV4Y2VwdGlvbmFsJTIwZGV0YWlsJTIwYW5kJTIwY2xhcml0eS4lMjAlMjIlN0QlMkMlN0IlMjJpZCUyMiUzQSUyMlY1WG1Eb3hNeWUlMjIlMkMlMjJwYXJhSWR4JTIyJTNBMCUyQyUyMnNyYyUyMiUzQSUyMkZlYXR1cmluZyUyMGxvbmclMjBkZXRlY3Rpb24lMjByYW5nZSUyQyUyMGR1cmFibGUlMjBkZXNpZ24lMkMlMjBhbmQlMjB1c2VyLWZyaWVuZGx5JTIwY29udHJvbHMlMkMlMjBpdCUyMGV4Y2VscyUyMGluJTIwaGFyc2glMjBjb25kaXRpb25zJTJDJTIwbWFraW5nJTIwaXQlMjBwZXJmZWN0JTIwZm9yJTIwd2lsZGxpZmUlMjBvYnNlcnZhdGlvbiUyQyUyMHNlY3VyaXR5JTJDJTIwYW5kJTIwc2VhcmNoJTIwYW5kJTIwcmVzY3VlJTIwb3BlcmF0aW9ucy4lMjAlMjIlMkMlMjJkc3QlMjIlM0ElMjIlRTUlQUUlODMlRTUlODUlQjclRTYlOUMlODklRTklOTUlQkYlRTYlOEUlQTIlRTYlQjUlOEIlRTglOEMlODMlRTUlOUIlQjQlRTMlODAlODElRTglODAlOTAlRTclOTQlQTglRTclOUElODQlRTglQUUlQkUlRTglQUUlQTElRTUlOTIlOEMlRTclOTQlQTglRTYlODglQjclRTUlOEYlOEIlRTUlQTUlQkQlRTclOUElODQlRTYlOEUlQTclRTUlODglQjYlRUYlQkMlOEMlRTUlOUMlQTglRTYlODElQjYlRTUlOEElQTMlRTYlOUQlQTElRTQlQkIlQjYlRTQlQjglOEIlRTglQTElQTglRTclOEUlQjAlRTUlODclQkElRTglODklQjIlRUYlQkMlOEMlRTklOUQlOUUlRTUlQjglQjglRTklODAlODIlRTUlOTAlODglRTklODclOEUlRTclOTQlOUYlRTUlOEElQTglRTclODklQTklRTglQTclODIlRTUlQUYlOUYlRTMlODAlODElRTUlQUUlODklRTUlODUlQTglRTUlOTIlOEMlRTYlOTAlOUMlRTYlOTUlOTElRTglQTElOEMlRTUlOEElQTglRTMlODAlODIlMjIlMkMlMjJtZXRhZGF0YSUyMiUzQSUyMiUyMiUyQyUyMm1ldGFEYXRhJTIyJTNBJTVCJTVEJTJDJTIydGV4dCUyMiUzQSUyMkZlYXR1cmluZyUyMGxvbmclMjBkZXRlY3Rpb24lMjByYW5nZSUyQyUyMGR1cmFibGUlMjBkZXNpZ24lMkMlMjBhbmQlMjB1c2VyLWZyaWVuZGx5JTIwY29udHJvbHMlMkMlMjBpdCUyMGV4Y2VscyUyMGluJTIwaGFyc2glMjBjb25kaXRpb25zJTJDJTIwbWFraW5nJTIwaXQlMjBwZXJmZWN0JTIwZm9yJTIwd2lsZGxpZmUlMjBvYnNlcnZhdGlvbiUyQyUyMHNlY3VyaXR5JTJDJTIwYW5kJTIwc2VhcmNoJTIwYW5kJTIwcmVzY3VlJTIwb3BlcmF0aW9ucy4lMjAlMjIlN0QlNUQlN0QlMkMlN0IlMjJ0eXBlJTIyJTNBJTIycGFyYWdyYXBoJTIyJTJDJTIyY2hpbGRyZW4lMjIlM0ElNUIlN0IlMjJpZCUyMiUzQSUyMnp5SzlnTFdKcGUlMjIlMkMlMjJwYXJhSWR4JTIyJTNBMSUyQyUyMnNyYyUyMiUzQSUyMkV4cGVyaWVuY2UlMjBicmVhdGh0YWtpbmclMjB0aGVybWFsJTIwaW1hZ2VzJTIwd2l0aCUyMHVucGFyYWxsZWxlZCUyMGRldGFpbCUyQyUyMGV2ZW4lMjBpbiUyMHRoZSUyMGhhcnNoZXN0JTIwd2VhdGhlciUyMGNvbmRpdGlvbnMuJTIwJTIyJTJDJTIyZHN0JTIyJTNBJTIyJUU1JThEJUIzJUU0JUJEJUJGJUU1JTlDJUE4JUU2JTlDJTgwJUU2JTgxJUI2JUU1JThBJUEzJUU3JTlBJTg0JUU1JUE0JUE5JUU2JUIwJTk0JUU2JTlEJUExJUU0JUJCJUI2JUU0JUI4JThCJUVGJUJDJThDJUU0JUI5JTlGJUU4JTgzJUJEJUU0JUJEJTkzJUU5JUFBJThDJUU1JTg4JUIwJUU1JTg1JUI3JUU2JTlDJTg5JUU2JTk3JUEwJUU0JUI4JThFJUU0JUJDJUE2JUU2JUFGJTk0JUU3JUJCJTg2JUU4JThBJTgyJUU3JTlBJTg0JUU0JUJCJUE0JUU0JUJBJUJBJUU2JTgzJThBJUU1JThGJUI5JUU3JTlBJTg0JUU3JTgzJUFEJUU1JTlCJUJFJUU1JTgzJThGJUUzJTgwJTgyJTIyJTJDJTIybWV0YWRhdGElMjIlM0ElMjIlMjIlMkMlMjJtZXRhRGF0YSUyMiUzQSU1QiU1RCUyQyUyMnRleHQlMjIlM0ElMjJFeHBlcmllbmNlJTIwYnJlYXRodGFraW5nJTIwdGhlcm1hbCUyMGltYWdlcyUyMHdpdGglMjB1bnBhcmFsbGVsZWQlMjBkZXRhaWwlMkMlMjBldmVuJTIwaW4lMjB0aGUlMjBoYXJzaGVzdCUyMHdlYXRoZXIlMjBjb25kaXRpb25zLiUyMCUyMiU3RCUyQyU3QiUyMmlkJTIyJTNBJTIyZTI3NXJKeFlNViUyMiUyQyUyMnBhcmFJZHglMjIlM0ExJTJDJTIyc3JjJTIyJTNBJTIyT3VyJTIwaGlnaGx5JTIwc2Vuc2l0aXZlJTIwdGhlcm1hbCUyMGltYWdpbmclMjBzZW5zb3IlMjB3aXRoJTIwTkVURCVFMiU4OSVBNDE4bUslMjBhbmQlMjBsYXJnZXIlMjBhcGVydHVyZSUyMG9wdGljcyUyMGVuc3VyZXMlMjBldmVyeSUyMGRldGFpbCUyMHNoaW5lcyUyMHRocm91Z2glMjB3aXRoJTIwY2xhcml0eSUyMGFuZCUyMHByZWNpc2lvbi4lMjIlMkMlMjJkc3QlMjIlM0ElMjIlRTYlODglOTElRTQlQkIlQUMlRTclOUElODQlRTklQUIlOTglRTclODElQjUlRTYlOTUlOEYlRTUlQkElQTYlRTclODMlQUQlRTYlODglOTAlRTUlODMlOEYlRTQlQkMlQTAlRTYlODQlOUYlRTUlOTklQTglRTUlODUlQjclRTYlOUMlODlORVREJUUyJTg5JUE0MThtSyVFNSU5MiU4QyVFNiU5QiVCNCVFNSVBNCVBNyVFNSVBRCU5NCVFNSVCRSU4NCVFNyU5QSU4NCVFNSU4NSU4OSVFNSVBRCVBNiVFNSU4NSU4MyVFNCVCQiVCNiVFRiVCQyU4QyVFNSU4RiVBRiVFNyVBMSVBRSVFNCVCRiU5RCVFNiVBRiU4RiVFNCVCOCVBQSVFNyVCQiU4NiVFOCU4QSU4MiVFOSU4MyVCRCVFNiVCOCU4NSVFNiU5OSVCMCVFMyU4MCU4MSVFNyVCMiVCRSVFNyVBMSVBRSVFNSU5QyVCMCVFOSU4MCU4RiVFOCVCRiU4NyVFMyU4MCU4MiUyMiUyQyUyMm1ldGFkYXRhJTIyJTNBJTIyJTIyJTJDJTIybWV0YURhdGElMjIlM0ElNUIlNUQlMkMlMjJ0ZXh0JTIyJTNBJTIyT3VyJTIwaGlnaGx5JTIwc2Vuc2l0aXZlJTIwdGhlcm1hbCUyMGltYWdpbmclMjBzZW5zb3IlMjB3aXRoJTIwTkVURCVFMiU4OSVBNDE4bUslMjBhbmQlMjBsYXJnZXIlMjBhcGVydHVyZSUyMG9wdGljcyUyMGVuc3VyZXMlMjBldmVyeSUyMGRldGFpbCUyMHNoaW5lcyUyMHRocm91Z2glMjB3aXRoJTIwY2xhcml0eSUyMGFuZCUyMHByZWNpc2lvbi4lMjIlN0QlNUQlN0QlMkMlN0IlMjJ0eXBlJTIyJTNBJTIycGFyYWdyYXBoJTIyJTJDJTIyY2hpbGRyZW4lMjIlM0ElNUIlN0IlMjJpZCUyMiUzQSUyMmVFTndtYnhaN1YlMjIlMkMlMjJwYXJhSWR4JTIyJTNBMiUyQyUyMnNyYyUyMiUzQSUyMlRoZSUyMFdpbGQlMjA2NTBMJTIwYWxzbyUyMGluY29ycG9yYXRlcyUyMGFuJTIwaW5idWlsdCUyMExSRiUyMHN5c3RlbSUyMGZvciUyMGFjY3VyYXRlJTIwZGlzdGFuY2UlMjBtZWFzdXJlbWVudC4lMjIlMkMlMjJkc3QlMjIlM0ElMjJXaWxkJTIwNjUwTCVFOCVCRiU5OCVFNSU4NiU4NSVFNyVCRCVBRSVFNCVCQSU4NkxSRiVFNyVCMyVCQiVFNyVCQiU5RiVFRiVCQyU4QyVFNyU5NCVBOCVFNCVCQSU4RSVFNyVCMiVCRSVFNyVBMSVBRSVFNyU5QSU4NCVFOCVCNyU5RCVFNyVBNiVCQiVFNiVCNSU4QiVFOSU4NyU4RiVFMyU4MCU4MiUyMiUyQyUyMm1ldGFkYXRhJTIyJTNBJTIyJTIyJTJDJTIybWV0YURhdGElMjIlM0ElNUIlNUQlMkMlMjJ0ZXh0JTIyJTNBJTIyVGhlJTIwV2lsZCUyMDY1MEwlMjBhbHNvJTIwaW5jb3Jwb3JhdGVzJTIwYW4lMjBpbmJ1aWx0JTIwTFJGJTIwc3lzdGVtJTIwZm9yJTIwYWNjdXJhdGUlMjBkaXN0YW5jZSUyMG1lYXN1cmVtZW50LiUyMiU3RCU1RCU3RCU1RA==\">\n<ul>\n<li><strong>F\u0151bb jellemz\u0151k<\/strong>\u00a0Nagy felbont\u00e1s\u00fa \u00e9rz\u00e9kel\u0151: Az 1920\u00d71080 felbont\u00e1s\u00fa \u00e9rz\u00e9kel\u0151vel felszerelt DK-2L tiszta \u00e9s r\u00e9szletes k\u00e9peket biztos\u00edt, biztos\u00edtva az optim\u00e1lis c\u00e9lpontbesz\u00far\u00e1st \u00e9s -azonos\u00edt\u00e1st.<br \/>\nKijelz\u0151: 140\u00d71080 felbont\u00e1s\u00fa kijelz\u0151vel rendelkezik, amely \u00e9les \u00e9s \u00e9l\u00e9nk l\u00e1tv\u00e1nyt ny\u00fajt.<br \/>\nL\u00e9zeres t\u00e1vols\u00e1gm\u00e9r\u0151: Integr\u00e1lt t\u00e1vols\u00e1gm\u00e9r\u0151 ak\u00e1r 800 m-es m\u00e9r\u00e9si t\u00e1vols\u00e1ggal \u00e9s \u00b1 1 m pontoss\u00e1ggal, ami n\u00f6veli a l\u00f6v\u00e9s pontoss\u00e1g\u00e1t.<br \/>\nBallisztikai kalkul\u00e1tor: Seg\u00edt a pontos l\u00f6v\u00e9spozicion\u00e1l\u00e1s\u00e1ban a l\u00f6ved\u00e9kek r\u00f6pp\u00e1ly\u00e1j\u00e1nak kisz\u00e1m\u00edt\u00e1s\u00e1val.<\/li>\n<li><strong>Optikai specifik\u00e1ci\u00f3k<\/strong>\u00a0Nagy\u00edt\u00e1s: 5x-t\u0151l 20x-ig \u00e1ll\u00edthat\u00f3 a sokoldal\u00fa l\u00f6v\u00e9si t\u00e1vols\u00e1gok \u00e9rdek\u00e9ben.<br \/>\nF\u00f3kusztartom\u00e1ny: 3 m-t\u0151l v\u00e9gtelenig terjed\u0151 t\u00e1vols\u00e1got t\u00e1mogat, lehet\u0151v\u00e9 t\u00e9ve mind a k\u00f6zeli, mind a t\u00e1voli c\u00e9lpontok beazonos\u00edt\u00e1s\u00e1t.<br \/>\nInfrav\u00f6r\u00f6s megvil\u00e1g\u00edt\u00e1s: 850 nm-es infrav\u00f6r\u00f6s hull\u00e1mhossz\u00fas\u00e1got haszn\u00e1l, ak\u00e1r 400 m-es megvil\u00e1g\u00edt\u00e1si t\u00e1vols\u00e1ggal \u00e9s 5 W teljes\u00edtm\u00e9nnyel, \u00edgy tiszta k\u00e9pet biztos\u00edt teljes s\u00f6t\u00e9ts\u00e9gben is.<\/li>\n<li><strong>Teljes\u00edtm\u00e9ny \u00e9s csatlakoztathat\u00f3s\u00e1g<\/strong>\u00a0Akkumul\u00e1tor \u00fczemideje: Egyetlen 18650-es akkumul\u00e1torral m\u0171k\u00f6dik, amely ak\u00e1r 6,5 \u00f3r\u00e1s folyamatos m\u0171k\u00f6d\u00e9st biztos\u00edt, \u00edgy hosszabb vad\u00e1szati \u200b\u200b\u200b\u200bmenetek alatt is biztos\u00edthatja a folyamatos \u00e1ramell\u00e1t\u00e1st.<br \/>\nK\u00e9pkockasebess\u00e9g: 60 k\u00e9pkocka\/m\u00e1sodperc (fps) sebess\u00e9ggel m\u0171k\u00f6dik, \u00edgy z\u00f6kken\u0151mentes \u00e9s folyamatos videofelv\u00e9telt biztos\u00edt.<br \/>\nVideokimenet: T\u00e1mogatja az 1920\u00d71080 felbont\u00e1s\u00fa kimenetet MP4 form\u00e1tumban, amely ide\u00e1lis a vide\u00f3k lej\u00e1tsz\u00e1s\u00e1hoz \u00e9s elemz\u00e9s\u00e9hez.<br \/>\nAdat\u00e1tvitel: A be\u00e9p\u00edtett Wi-Fi k\u00e9pess\u00e9g lehet\u0151v\u00e9 teszi az egyszer\u0171 adat\u00e1tvitelt \u00e9s a t\u00e1vvez\u00e9rl\u00e9st.<\/li>\n<li><strong>T\u00e1rol\u00e1s \u00e9s fel\u00e9p\u00edt\u00e9s Min\u0151s\u00e9gi<\/strong>\u00a0t\u00e1rol\u00e1s: TF k\u00e1rty\u00e1t haszn\u00e1l (FAT32 form\u00e1tumra form\u00e1zva) vide\u00f3- \u200b\u200b\u00e9s k\u00e9pt\u00e1rol\u00e1shoz, amely b\u0151s\u00e9ges helyet biztos\u00edt a felv\u00e9telek r\u00f6gz\u00edt\u00e9s\u00e9hez \u00e9s t\u00e1rol\u00e1s\u00e1hoz.<br \/>\nTart\u00f3ss\u00e1g: Kiv\u00e1l\u00f3 min\u0151s\u00e9g\u0171 anyagokb\u00f3l k\u00e9sz\u00fclt, \u00edgy tart\u00f3s \u00e9s j\u00f3l m\u0171k\u00f6dik k\u00fcl\u00f6nb\u00f6z\u0151 id\u0151j\u00e1r\u00e1si k\u00f6r\u00fclm\u00e9nyek k\u00f6z\u00f6tt.<\/li>\n<li><strong>M\u00e9retek \u00e9s s\u00faly<\/strong>\u00a0: 194x83x82 mm, \u00edgy kompakt \u00e9s k\u00f6nnyen felszerelhet\u0151 a legt\u00f6bb l\u0151fegyverre.<br \/>\nS\u00faly: A k\u00f6nny\u0171 kialak\u00edt\u00e1s biztos\u00edtja a k\u00f6nny\u0171 haszn\u00e1latot \u00e9s hordozhat\u00f3s\u00e1got.<\/li>\n<li><strong>Akkumul\u00e1tor \u00e9s t\u00e1pegys\u00e9g<\/strong>\u00a0Akkumul\u00e1tor t\u00edpusa: Egyetlen 18650-es akkumul\u00e1tort haszn\u00e1l, amely k\u00f6nnyen cser\u00e9lhet\u0151 \u00e9s sz\u00e9les k\u00f6rben el\u00e9rhet\u0151.<br \/>\nAkkumul\u00e1tor \u00e9lettartama: Ak\u00e1r 6,5 \u00f3ra folyamatos m\u0171k\u00f6d\u00e9st biztos\u00edt.<\/li>\n<\/ul>\n<\/div>\n<h2 data-start=\"1798\" data-end=\"1821\"><strong data-start=\"1802\" data-end=\"1821\">Specifik\u00e1ci\u00f3k:<\/strong><\/h2>\n<ul>\n<li data-start=\"24\" data-end=\"56\">Szenzor felbont\u00e1sa: 1920 \u00d7 1080<\/li>\n<li data-start=\"59\" data-end=\"81\">Nagy\u00edt\u00e1s: 5\u201320x<\/li>\n<li data-start=\"84\" data-end=\"96\">Objekt\u00edv: 50 mm<\/li>\n<li data-start=\"99\" data-end=\"133\">L\u00e1t\u00f3mez\u0151 (FOV): 4,8\u00b0 \u00d7 3,6\u00b0<\/li>\n<li data-start=\"136\" data-end=\"158\">L\u00e9zeres t\u00e1vols\u00e1gm\u00e9r\u0151: Igen<\/li>\n<\/ul>\n","protected":false},"excerpt":{"rendered":"<p>Falcon DK2-LRF \u00e9jjell\u00e1t\u00f3 c\u00e9lt\u00e1vcs\u0151 A Falcon DARK DK-2L \u00e9jjell\u00e1t\u00f3 t\u00e1vcs\u0151 1440\u00d71080 felbont\u00e1s\u00fa kijelz\u0151vel, be\u00e9p\u00edtett l\u00e9zeres t\u00e1vols\u00e1gm\u00e9r\u0151vel \u00e9s ballisztikai kalkul\u00e1torral rendelkezik a hajsz\u00e1lpontos m\u00e9r\u00e9s \u00e9rdek\u00e9ben. Kompakt \u00e9s megfizethet\u0151, k\u00e9zi \u00e9jjell\u00e1t\u00f3 t\u00e1vcs\u0151k\u00e9nt is haszn\u00e1lhat\u00f3, \u00edgy ide\u00e1lis a sokoldal\u00fa \u00e9jszakai l\u00f6v\u00e9szethez. A Falcon DarkNight Vision puskat\u00e1vcs\u0151 be\u00e9p\u00edtett l\u00e9zeres t\u00e1vols\u00e1gm\u00e9r\u0151vel rendelkezik; \u00edgy biztos\u00edtva, hogy a lehet\u0151 legpontosabb d\u00f6nt\u00e9st hozhassa [&hellip;]<\/p>\n","protected":false},"featured_media":7720,"comment_status":"open","ping_status":"closed","template":"","meta":{"_et_pb_use_builder":"","_et_pb_old_content":"","_et_gb_content_width":"","om_disable_all_campaigns":false},"product_brand":[],"product_cat":[1046,50,136,21],"product_tag":[1836],"class_list":{"0":"post-7718","1":"product","2":"type-product","3":"status-publish","4":"has-post-thumbnail","6":"product_cat-ejjellato-tavcso","7":"product_cat-celtavcso","8":"product_cat-ejjellato-elotet","9":"product_cat-uj","10":"product_tag-falcon-dk2-lrf-ejjellato-celtavcso","12":"first","13":"instock","14":"sale","15":"taxable","16":"shipping-taxable","17":"purchasable","18":"product-type-simple"},"_links":{"self":[{"href":"https:\/\/www.vadaszboltcsorna.hu\/index.php\/wp-json\/wp\/v2\/product\/7718","targetHints":{"allow":["GET"]}}],"collection":[{"href":"https:\/\/www.vadaszboltcsorna.hu\/index.php\/wp-json\/wp\/v2\/product"}],"about":[{"href":"https:\/\/www.vadaszboltcsorna.hu\/index.php\/wp-json\/wp\/v2\/types\/product"}],"replies":[{"embeddable":true,"href":"https:\/\/www.vadaszboltcsorna.hu\/index.php\/wp-json\/wp\/v2\/comments?post=7718"}],"wp:featuredmedia":[{"embeddable":true,"href":"https:\/\/www.vadaszboltcsorna.hu\/index.php\/wp-json\/wp\/v2\/media\/7720"}],"wp:attachment":[{"href":"https:\/\/www.vadaszboltcsorna.hu\/index.php\/wp-json\/wp\/v2\/media?parent=7718"}],"wp:term":[{"taxonomy":"product_brand","embeddable":true,"href":"https:\/\/www.vadaszboltcsorna.hu\/index.php\/wp-json\/wp\/v2\/product_brand?post=7718"},{"taxonomy":"product_cat","embeddable":true,"href":"https:\/\/www.vadaszboltcsorna.hu\/index.php\/wp-json\/wp\/v2\/product_cat?post=7718"},{"taxonomy":"product_tag","embeddable":true,"href":"https:\/\/www.vadaszboltcsorna.hu\/index.php\/wp-json\/wp\/v2\/product_tag?post=7718"}],"curies":[{"name":"wp","href":"https:\/\/api.w.org\/{rel}","templated":true}]}}