{"id":7700,"date":"2025-06-12T07:38:00","date_gmt":"2025-06-12T07:38:00","guid":{"rendered":"https:\/\/www.vadaszboltcsorna.hu\/?post_type=product&#038;p=7700"},"modified":"2025-06-13T11:50:57","modified_gmt":"2025-06-13T11:50:57","slug":"falcon-dark-ejjellato-celtavcso-dk2-lrf","status":"publish","type":"product","link":"https:\/\/www.vadaszboltcsorna.hu\/index.php\/termek\/falcon-dark-ejjellato-celtavcso-dk2-lrf\/","title":{"rendered":"Falcon Dark \u00e9jjell\u00e1t\u00f3 c\u00e9lt\u00e1vcs\u0151 DK2-LRF"},"content":{"rendered":"<h2 style=\"text-align: center;\"><strong>Falcon Dark \u00e9jjell\u00e1t\u00f3 c\u00e9lt\u00e1vcs\u0151 DK2-LRF<\/strong><\/h2>\n<h2 data-start=\"145\" data-end=\"236\"><strong data-start=\"148\" data-end=\"236\">Falcon Dark 2L 940nm \u00c9jjell\u00e1t\u00f3 C\u00e9lt\u00e1vcs\u0151 T\u00e1vols\u00e1gm\u00e9r\u0151vel \u00e9s Ballisztikai Sz\u00e1m\u00edt\u00e1ssal<\/strong><\/h2>\n<p data-start=\"238\" data-end=\"516\">A <strong data-start=\"240\" data-end=\"258\">Falcon Dark 2L<\/strong> \u00faj szintre emeli a megfizethet\u0151 \u00e9jjell\u00e1t\u00f3 c\u00e9lt\u00e1vcs\u00f6vek vil\u00e1g\u00e1t. Ebben az \u00e1rkateg\u00f3ri\u00e1ban nincs m\u00e1sik term\u00e9k, amely ilyen funkci\u00f3kkal \u00e9s ilyen massz\u00edv, strapab\u00edr\u00f3 kivitelben k\u00e9sz\u00fclne. Min\u0151s\u00e9ge \u00e9s szolg\u00e1ltat\u00e1sai fel\u00fclm\u00falj\u00e1k a piacon el\u00e9rhet\u0151 legt\u00f6bb megold\u00e1st.<\/p>\n<p data-start=\"518\" data-end=\"682\">Ez a v\u00e1ltozat <strong data-start=\"532\" data-end=\"570\">940nm-es infrav\u00f6r\u00f6s megvil\u00e1g\u00edt\u00f3val<\/strong> van felszerelve, amely <strong data-start=\"594\" data-end=\"641\">teljesen l\u00e1thatatlan az emberi szem sz\u00e1m\u00e1ra<\/strong>, \u00edgy maxim\u00e1lis rejtve marad\u00e1st biztos\u00edt.<\/p>\n<p data-start=\"684\" data-end=\"905\">A Falcon Dark 2L f\u0151bb jellemz\u0151i k\u00f6z\u00e9 tartozik a <strong data-start=\"732\" data-end=\"760\">kiv\u00e1l\u00f3 min\u0151s\u00e9g\u0171 \u00e9rz\u00e9kel\u0151<\/strong>, <strong data-start=\"762\" data-end=\"786\">1440\u00d71080-as kijelz\u0151<\/strong>, <strong data-start=\"788\" data-end=\"812\">l\u00e9zeres t\u00e1vols\u00e1gm\u00e9r\u0151<\/strong>, valamint a <strong data-start=\"825\" data-end=\"862\">be\u00e9p\u00edtett ballisztikai kalkul\u00e1tor<\/strong> \u2013 mindez egy kompakt, praktikus egys\u00e9gben.<\/p>\n<hr data-start=\"907\" data-end=\"910\" \/>\n<h3 data-start=\"912\" data-end=\"935\"><strong data-start=\"916\" data-end=\"935\">M\u0171szaki adatok:<\/strong><\/h3>\n<ul data-start=\"937\" data-end=\"1547\">\n<li data-start=\"937\" data-end=\"970\">\n<p data-start=\"939\" data-end=\"970\"><strong data-start=\"939\" data-end=\"951\">M\u00e9retek:<\/strong> 194 \u00d7 83 \u00d7 82 mm<\/p>\n<\/li>\n<li data-start=\"971\" data-end=\"995\">\n<p data-start=\"973\" data-end=\"995\"><strong data-start=\"973\" data-end=\"986\">Nagy\u00edt\u00e1s:<\/strong> 5\u00d7\u201320\u00d7<\/p>\n<\/li>\n<li data-start=\"996\" data-end=\"1036\">\n<p data-start=\"998\" data-end=\"1036\"><strong data-start=\"998\" data-end=\"1022\">\u00c9rz\u00e9kel\u0151 felbont\u00e1sa:<\/strong> 1920 \u00d7 1080<\/p>\n<\/li>\n<li data-start=\"1037\" data-end=\"1068\">\n<p data-start=\"1039\" data-end=\"1068\"><strong data-start=\"1039\" data-end=\"1058\">F\u00f3kuszt\u00e1vols\u00e1g:<\/strong> 3 m \u2013 \u221e<\/p>\n<\/li>\n<li data-start=\"1069\" data-end=\"1122\">\n<p data-start=\"1071\" data-end=\"1122\"><strong data-start=\"1071\" data-end=\"1098\">Infrav\u00f6r\u00f6s hull\u00e1mhossz:<\/strong> 940 nm (rejtett f\u00e9ny)<\/p>\n<\/li>\n<li data-start=\"1123\" data-end=\"1169\">\n<p data-start=\"1125\" data-end=\"1169\"><strong data-start=\"1125\" data-end=\"1152\">IR vil\u00e1g\u00edt\u00e1si t\u00e1vols\u00e1g:<\/strong> ak\u00e1r 300 m\u00e9ter<\/p>\n<\/li>\n<li data-start=\"1170\" data-end=\"1201\">\n<p data-start=\"1172\" data-end=\"1201\"><strong data-start=\"1172\" data-end=\"1195\">Infrav\u00f6r\u00f6s f\u00e9nyer\u0151:<\/strong> 5 W<\/p>\n<\/li>\n<li data-start=\"1202\" data-end=\"1237\">\n<p data-start=\"1204\" data-end=\"1237\"><strong data-start=\"1204\" data-end=\"1225\">M\u00e9r\u00e9si pontoss\u00e1g:<\/strong> \u00b1 1 m\u00e9ter<\/p>\n<\/li>\n<li data-start=\"1238\" data-end=\"1289\">\n<p data-start=\"1240\" data-end=\"1289\"><strong data-start=\"1240\" data-end=\"1272\">T\u00e1vols\u00e1gm\u00e9r\u00e9si hat\u00f3t\u00e1vols\u00e1g:<\/strong> max. 800 m\u00e9ter<\/p>\n<\/li>\n<li data-start=\"1290\" data-end=\"1332\">\n<p data-start=\"1292\" data-end=\"1332\"><strong data-start=\"1292\" data-end=\"1307\">T\u00e1pell\u00e1t\u00e1s:<\/strong> 1 db 18650 akkumul\u00e1tor<\/p>\n<\/li>\n<li data-start=\"1333\" data-end=\"1361\">\n<p data-start=\"1335\" data-end=\"1361\"><strong data-start=\"1335\" data-end=\"1347\">\u00dczemid\u0151:<\/strong> kb. 6,5 \u00f3ra<\/p>\n<\/li>\n<li data-start=\"1362\" data-end=\"1394\">\n<p data-start=\"1364\" data-end=\"1394\"><strong data-start=\"1364\" data-end=\"1385\">K\u00e9pkockasebess\u00e9g:<\/strong> 60 fps<\/p>\n<\/li>\n<li data-start=\"1395\" data-end=\"1421\">\n<p data-start=\"1397\" data-end=\"1421\"><strong data-start=\"1397\" data-end=\"1415\">Vide\u00f3form\u00e1tum:<\/strong> MP4<\/p>\n<\/li>\n<li data-start=\"1422\" data-end=\"1469\">\n<p data-start=\"1424\" data-end=\"1469\"><strong data-start=\"1424\" data-end=\"1440\">Adat\u00e1tvitel:<\/strong> WiFi kapcsolaton kereszt\u00fcl<\/p>\n<\/li>\n<li data-start=\"1470\" data-end=\"1505\">\n<p data-start=\"1472\" data-end=\"1505\"><strong data-start=\"1472\" data-end=\"1491\">Vide\u00f3felbont\u00e1s:<\/strong> 1920 \u00d7 1080<\/p>\n<\/li>\n<li data-start=\"1506\" data-end=\"1547\">\n<p data-start=\"1508\" data-end=\"1547\"><strong data-start=\"1508\" data-end=\"1520\">T\u00e1rhely:<\/strong> TF k\u00e1rtya (FAT32 form\u00e1tum)<\/p>\n<\/li>\n<\/ul>\n","protected":false},"excerpt":{"rendered":"<p>Falcon Dark \u00e9jjell\u00e1t\u00f3 c\u00e9lt\u00e1vcs\u0151 DK2-LRF Falcon Dark 2L 940nm \u00c9jjell\u00e1t\u00f3 C\u00e9lt\u00e1vcs\u0151 T\u00e1vols\u00e1gm\u00e9r\u0151vel \u00e9s Ballisztikai Sz\u00e1m\u00edt\u00e1ssal A Falcon Dark 2L \u00faj szintre emeli a megfizethet\u0151 \u00e9jjell\u00e1t\u00f3 c\u00e9lt\u00e1vcs\u00f6vek vil\u00e1g\u00e1t. Ebben az \u00e1rkateg\u00f3ri\u00e1ban nincs m\u00e1sik term\u00e9k, amely ilyen funkci\u00f3kkal \u00e9s ilyen massz\u00edv, strapab\u00edr\u00f3 kivitelben k\u00e9sz\u00fclne. Min\u0151s\u00e9ge \u00e9s szolg\u00e1ltat\u00e1sai fel\u00fclm\u00falj\u00e1k a piacon el\u00e9rhet\u0151 legt\u00f6bb megold\u00e1st. Ez a v\u00e1ltozat 940nm-es [&hellip;]<\/p>\n","protected":false},"featured_media":7703,"comment_status":"open","ping_status":"closed","template":"","meta":{"_et_pb_use_builder":"","_et_pb_old_content":"","_et_gb_content_width":"","om_disable_all_campaigns":false},"product_brand":[],"product_cat":[21,1046],"product_tag":[1833],"class_list":{"0":"post-7700","1":"product","2":"type-product","3":"status-publish","4":"has-post-thumbnail","6":"product_cat-uj","7":"product_cat-ejjellato-tavcso","8":"product_tag-falcon-dark-ejjellato-celtavcso-dk2-lrf","10":"first","11":"instock","12":"taxable","13":"shipping-taxable","14":"product-type-simple"},"_links":{"self":[{"href":"https:\/\/www.vadaszboltcsorna.hu\/index.php\/wp-json\/wp\/v2\/product\/7700","targetHints":{"allow":["GET"]}}],"collection":[{"href":"https:\/\/www.vadaszboltcsorna.hu\/index.php\/wp-json\/wp\/v2\/product"}],"about":[{"href":"https:\/\/www.vadaszboltcsorna.hu\/index.php\/wp-json\/wp\/v2\/types\/product"}],"replies":[{"embeddable":true,"href":"https:\/\/www.vadaszboltcsorna.hu\/index.php\/wp-json\/wp\/v2\/comments?post=7700"}],"wp:featuredmedia":[{"embeddable":true,"href":"https:\/\/www.vadaszboltcsorna.hu\/index.php\/wp-json\/wp\/v2\/media\/7703"}],"wp:attachment":[{"href":"https:\/\/www.vadaszboltcsorna.hu\/index.php\/wp-json\/wp\/v2\/media?parent=7700"}],"wp:term":[{"taxonomy":"product_brand","embeddable":true,"href":"https:\/\/www.vadaszboltcsorna.hu\/index.php\/wp-json\/wp\/v2\/product_brand?post=7700"},{"taxonomy":"product_cat","embeddable":true,"href":"https:\/\/www.vadaszboltcsorna.hu\/index.php\/wp-json\/wp\/v2\/product_cat?post=7700"},{"taxonomy":"product_tag","embeddable":true,"href":"https:\/\/www.vadaszboltcsorna.hu\/index.php\/wp-json\/wp\/v2\/product_tag?post=7700"}],"curies":[{"name":"wp","href":"https:\/\/api.w.org\/{rel}","templated":true}]}}