{"id":7653,"date":"2025-05-29T10:21:42","date_gmt":"2025-05-29T10:21:42","guid":{"rendered":"https:\/\/www.vadaszboltcsorna.hu\/?post_type=product&#038;p=7653"},"modified":"2025-05-29T10:27:48","modified_gmt":"2025-05-29T10:27:48","slug":"sytong-ht-88-850nm-940-nm-digitalis-ejjellato-clip-on-elotet","status":"publish","type":"product","link":"https:\/\/www.vadaszboltcsorna.hu\/index.php\/termek\/sytong-ht-88-850nm-940-nm-digitalis-ejjellato-clip-on-elotet\/","title":{"rendered":"Sytong HT-88 850nm \/940 nm Digit\u00e1lis \u00c9jjell\u00e1t\u00f3 Clip-On El\u0151t\u00e9t"},"content":{"rendered":"<h3 style=\"text-align: center;\"><strong>Sytong HT-88 850nm \/940 nm Digit\u00e1lis \u00c9jjell\u00e1t\u00f3 Clip-On El\u0151t\u00e9t<\/strong><\/h3>\n<p>&nbsp;<\/p>\n<p data-start=\"190\" data-end=\"431\">A <strong data-start=\"192\" data-end=\"214\">Sytong HT-88 <\/strong>\u00a0a gy\u00e1rt\u00f3 leg\u00fajabb, kompakt kivitel\u0171 \u00e9jjell\u00e1t\u00f3 el\u0151t\u00e9tje, amely az el\u0151z\u0151 modellekhez (HT-66, HT-77) k\u00e9pest megn\u00f6velt betekint\u00e9si t\u00e1vols\u00e1got biztos\u00edt \u2013 ez\u00e1ltal m\u00e9g k\u00e9nyelmesebb haszn\u00e1latot k\u00edn\u00e1l nappali c\u00e9lt\u00e1vcs\u00f6vekkel.<\/p>\n<p data-start=\"433\" data-end=\"618\">A k\u00e9sz\u00fcl\u00e9k 1440\u00d71080 pixeles bels\u0151 kijelz\u0151vel rendelkezik, amely k\u00e9tszer akkora felbont\u00e1st ny\u00fajt, mint sok m\u00e1s hasonl\u00f3 kateg\u00f3ri\u00e1s eszk\u00f6z, \u00edgy r\u00e9szletgazdagabb k\u00e9pet biztos\u00edt \u00e9jszaka is.<\/p>\n<p data-start=\"620\" data-end=\"802\">A mell\u00e9kelt adaptergy\u0171r\u0171 seg\u00edts\u00e9g\u00e9vel gyorsan \u00e9s egyszer\u0171en csatlakoztathat\u00f3 a c\u00e9lt\u00e1vcs\u0151h\u00f6z \u2013 a fel- \u00e9s leszerel\u00e9s nem ig\u00e9nyel \u00fajra bel\u00f6v\u00e9st, mivel a tal\u00e1lati pont v\u00e1ltozatlan marad.<\/p>\n<hr data-start=\"804\" data-end=\"807\" \/>\n<h3 data-start=\"809\" data-end=\"832\"><strong data-start=\"813\" data-end=\"832\">F\u0151bb jellemz\u0151k:<\/strong><\/h3>\n<ul data-start=\"834\" data-end=\"1547\">\n<li data-start=\"834\" data-end=\"934\">\n<p data-start=\"836\" data-end=\"934\"><strong data-start=\"836\" data-end=\"876\">Be\u00e9p\u00edtett giroszk\u00f3p \u00e9s d\u0151l\u00e9s\u00e9rz\u00e9kel\u0151<\/strong>, amely val\u00f3s id\u0151ben kijelzi a sz\u00f6gelfordul\u00e1st \u00e9s d\u0151l\u00e9st<\/p>\n<\/li>\n<li data-start=\"935\" data-end=\"1039\">\n<p data-start=\"937\" data-end=\"1039\"><strong data-start=\"937\" data-end=\"976\">5W-os, 850nm-es infrav\u00f6r\u00f6s f\u00e9nyvet\u0151<\/strong>, amely nem vak\u00edt, de hat\u00e9konyan vil\u00e1g\u00edtja meg a c\u00e9lter\u00fcletet<\/p>\n<\/li>\n<li data-start=\"1040\" data-end=\"1134\">\n<p data-start=\"1042\" data-end=\"1134\">A szenzor gyorsan alkalmazkodik a f\u00e9nyviszonyokhoz az IR bekapcsol\u00e1sakor, k\u00edm\u00e9lve a szemet<\/p>\n<\/li>\n<li data-start=\"1135\" data-end=\"1219\">\n<p data-start=\"1137\" data-end=\"1219\"><strong data-start=\"1137\" data-end=\"1187\">Rezg\u00e9s\u00e1ll\u00f3 ak\u00e1r 6000 joule erej\u0171 visszar\u00fag\u00e1sig<\/strong> \u2013 9.3\u00d762 kaliberrel tesztelve<\/p>\n<\/li>\n<li data-start=\"1220\" data-end=\"1338\">\n<p data-start=\"1222\" data-end=\"1338\"><strong data-start=\"1222\" data-end=\"1248\">Sytong mobilalkalmaz\u00e1s<\/strong>: \u00e9l\u0151 k\u00e9p\u00e1tvitel, kor\u00e1bban r\u00f6gz\u00edtett k\u00e9pek \u00e9s vide\u00f3k let\u00f6lt\u00e9se k\u00f6zvetlen\u00fcl okostelefonra<\/p>\n<\/li>\n<li data-start=\"1339\" data-end=\"1415\">\n<p data-start=\"1341\" data-end=\"1415\">\u00c1tgondolt gombelrendez\u00e9s az egyszer\u0171bb kezel\u00e9s\u00e9rt, k\u00fcl\u00f6n\u00f6sen k\u00e9zi m\u00f3dban<\/p>\n<\/li>\n<li data-start=\"1416\" data-end=\"1472\">\n<p data-start=\"1418\" data-end=\"1472\"><strong data-start=\"1418\" data-end=\"1448\">K\u00e9p a k\u00e9pben (PiP) funkci\u00f3<\/strong> a prec\u00edzebb c\u00e9lz\u00e1shoz<\/p>\n<\/li>\n<li data-start=\"1473\" data-end=\"1547\">\n<p data-start=\"1475\" data-end=\"1547\"><strong data-start=\"1475\" data-end=\"1511\">Cser\u00e9lhet\u0151 microSD mem\u00f3riak\u00e1rtya<\/strong> \u2013 k\u00f6nnyen hozz\u00e1f\u00e9rhet\u0151 \u00e9s kezelhet\u0151<\/p>\n<\/li>\n<\/ul>\n<hr data-start=\"1549\" data-end=\"1552\" \/>\n<h3 data-start=\"1554\" data-end=\"1580\"><strong data-start=\"1558\" data-end=\"1580\">A csomag tartalma:<\/strong><\/h3>\n<ul data-start=\"1582\" data-end=\"1950\">\n<li data-start=\"1582\" data-end=\"1632\">\n<p data-start=\"1584\" data-end=\"1632\">Sytong HT-88 850nm vagy 940 nm Clip-On digit\u00e1lis \u00e9jjell\u00e1t\u00f3<\/p>\n<\/li>\n<li data-start=\"1633\" data-end=\"1687\">\n<p data-start=\"1635\" data-end=\"1687\">45 mm-es adaptergy\u0171r\u0171 (m\u00e1s m\u00e9retekben is el\u00e9rhet\u0151)<\/p>\n<\/li>\n<li data-start=\"1688\" data-end=\"1755\">\n<p data-start=\"1690\" data-end=\"1755\">1 db \u00fajrat\u00f6lthet\u0151 18650 t\u00edpus\u00fa akkumul\u00e1tor (ak\u00e1r 8 \u00f3ra \u00fczemid\u0151)<\/p>\n<\/li>\n<li data-start=\"1756\" data-end=\"1771\">\n<p data-start=\"1758\" data-end=\"1771\">USB-s t\u00f6lt\u0151<\/p>\n<\/li>\n<li data-start=\"1772\" data-end=\"1831\">\n<p data-start=\"1774\" data-end=\"1831\">Imbuszkulcs k\u00e9szlet az \u00f6sszeszerel\u00e9shez \u00e9s be\u00e1ll\u00edt\u00e1shoz<\/p>\n<\/li>\n<li data-start=\"1832\" data-end=\"1852\">\n<p data-start=\"1834\" data-end=\"1852\">Tart\u00f3s hordt\u00e1ska<\/p>\n<\/li>\n<li data-start=\"1853\" data-end=\"1909\">\n<p data-start=\"1855\" data-end=\"1909\">PVC ragaszt\u00f3szalag az adapter biztosabb r\u00f6gz\u00edt\u00e9s\u00e9hez<\/p>\n<\/li>\n<li data-start=\"1910\" data-end=\"1950\">\n<p data-start=\"1912\" data-end=\"1950\">Haszn\u00e1lati \u00e9s karbantart\u00e1si \u00fatmutat\u00f3<\/p>\n<\/li>\n<\/ul>\n<hr data-start=\"1952\" data-end=\"1955\" \/>\n<h3 data-start=\"1957\" data-end=\"1980\"><strong data-start=\"1961\" data-end=\"1980\">M\u0171szaki adatok:<\/strong><\/h3>\n<div class=\"_tableContainer_16hzy_1\">\n<div class=\"_tableWrapper_16hzy_14 group flex w-fit flex-col-reverse\" tabindex=\"-1\">\n<table class=\"w-fit min-w-(--thread-content-width)\" data-start=\"1982\" data-end=\"2545\">\n<thead data-start=\"1982\" data-end=\"2005\">\n<tr data-start=\"1982\" data-end=\"2005\">\n<th data-start=\"1982\" data-end=\"1996\" data-col-size=\"sm\">Tulajdons\u00e1g<\/th>\n<th data-start=\"1996\" data-end=\"2005\" data-col-size=\"sm\">\u00c9rt\u00e9k<\/th>\n<\/tr>\n<\/thead>\n<tbody data-start=\"2031\" data-end=\"2545\">\n<tr data-start=\"2031\" data-end=\"2071\">\n<td data-start=\"2031\" data-end=\"2045\" data-col-size=\"sm\">Akkumul\u00e1tor<\/td>\n<td data-col-size=\"sm\" data-start=\"2045\" data-end=\"2071\">1\u00d718650 (\u00fajrat\u00f6lthet\u0151)<\/td>\n<\/tr>\n<tr data-start=\"2072\" data-end=\"2103\">\n<td data-start=\"2072\" data-end=\"2082\" data-col-size=\"sm\">M\u00e9retek<\/td>\n<td data-col-size=\"sm\" data-start=\"2082\" data-end=\"2103\">115 \u00d7 103 \u00d7 62 mm<\/td>\n<\/tr>\n<tr data-start=\"2104\" data-end=\"2128\">\n<td data-start=\"2104\" data-end=\"2115\" data-col-size=\"sm\">Nagy\u00edt\u00e1s<\/td>\n<td data-col-size=\"sm\" data-start=\"2115\" data-end=\"2128\">1x \u2013 3.5x<\/td>\n<\/tr>\n<tr data-start=\"2129\" data-end=\"2160\">\n<td data-start=\"2129\" data-end=\"2146\" data-col-size=\"sm\">F\u00f3kuszt\u00e1vols\u00e1g<\/td>\n<td data-col-size=\"sm\" data-start=\"2146\" data-end=\"2160\">2,5 cm \u2013 8<\/td>\n<\/tr>\n<tr data-start=\"2161\" data-end=\"2202\">\n<td data-start=\"2161\" data-end=\"2181\" data-col-size=\"sm\">Kijelz\u0151 felbont\u00e1s<\/td>\n<td data-col-size=\"sm\" data-start=\"2181\" data-end=\"2202\">1440 \u00d7 1080 pixel<\/td>\n<\/tr>\n<tr data-start=\"2203\" data-end=\"2234\">\n<td data-start=\"2203\" data-end=\"2225\" data-col-size=\"sm\">M\u0171k\u00f6d\u00e9si fesz\u00fclts\u00e9g<\/td>\n<td data-col-size=\"sm\" data-start=\"2225\" data-end=\"2234\">3,7 V<\/td>\n<\/tr>\n<tr data-start=\"2235\" data-end=\"2262\">\n<td data-start=\"2235\" data-end=\"2252\" data-col-size=\"sm\">IR hull\u00e1mhossz<\/td>\n<td data-col-size=\"sm\" data-start=\"2252\" data-end=\"2262\">850 nm\/940nm<\/td>\n<\/tr>\n<tr data-start=\"2263\" data-end=\"2292\">\n<td data-start=\"2263\" data-end=\"2284\" data-col-size=\"sm\">K\u00e9p a k\u00e9pben (PiP)<\/td>\n<td data-col-size=\"sm\" data-start=\"2284\" data-end=\"2292\">Igen<\/td>\n<\/tr>\n<tr data-start=\"2293\" data-end=\"2317\">\n<td data-start=\"2293\" data-end=\"2310\" data-col-size=\"sm\">Vide\u00f3 form\u00e1tum<\/td>\n<td data-col-size=\"sm\" data-start=\"2310\" data-end=\"2317\">MP4<\/td>\n<\/tr>\n<tr data-start=\"2318\" data-end=\"2352\">\n<td data-start=\"2318\" data-end=\"2332\" data-col-size=\"sm\">Adat\u00e1tvitel<\/td>\n<td data-col-size=\"sm\" data-start=\"2332\" data-end=\"2352\">WiFi-n kereszt\u00fcl<\/td>\n<\/tr>\n<tr data-start=\"2353\" data-end=\"2378\">\n<td data-start=\"2353\" data-end=\"2368\" data-col-size=\"sm\">K\u00e9pkockasz\u00e1m<\/td>\n<td data-col-size=\"sm\" data-start=\"2368\" data-end=\"2378\">30 fps<\/td>\n<\/tr>\n<tr data-start=\"2379\" data-end=\"2412\">\n<td data-start=\"2379\" data-end=\"2401\" data-col-size=\"sm\">Akkumul\u00e1tor \u00fczemid\u0151<\/td>\n<td data-col-size=\"sm\" data-start=\"2401\" data-end=\"2412\">&gt; 8 \u00f3ra<\/td>\n<\/tr>\n<tr data-start=\"2413\" data-end=\"2450\">\n<td data-start=\"2413\" data-end=\"2429\" data-col-size=\"sm\">Fot\u00f3felbont\u00e1s<\/td>\n<td data-col-size=\"sm\" data-start=\"2429\" data-end=\"2450\">1440 \u00d7 1080 pixel<\/td>\n<\/tr>\n<tr data-start=\"2451\" data-end=\"2489\">\n<td data-start=\"2451\" data-end=\"2468\" data-col-size=\"sm\">Vide\u00f3felbont\u00e1s<\/td>\n<td data-col-size=\"sm\" data-start=\"2468\" data-end=\"2489\">1440 \u00d7 1080 pixel<\/td>\n<\/tr>\n<tr data-start=\"2490\" data-end=\"2528\">\n<td data-start=\"2490\" data-end=\"2506\" data-col-size=\"sm\">Mem\u00f3riak\u00e1rtya<\/td>\n<td data-col-size=\"sm\" data-start=\"2506\" data-end=\"2528\">MicroSD max. 32 GB<\/td>\n<\/tr>\n<tr data-start=\"2529\" data-end=\"2545\">\n<td data-start=\"2529\" data-end=\"2536\" data-col-size=\"sm\">S\u00faly<\/td>\n<td data-col-size=\"sm\" data-start=\"2536\" data-end=\"2545\">270 g<\/td>\n<\/tr>\n<\/tbody>\n<\/table>\n<div class=\"sticky end-(--thread-content-margin) h-0 self-end select-none\">\n<div class=\"absolute end-0 flex items-end\"><\/div>\n<\/div>\n<\/div>\n<\/div>\n<hr data-start=\"2547\" data-end=\"2550\" \/>\n<h3 data-start=\"2552\" data-end=\"2575\"><strong data-start=\"2556\" data-end=\"2575\">Kinek aj\u00e1nljuk?<\/strong><\/h3>\n<p data-start=\"2576\" data-end=\"2810\">A Sytong HT-88 ide\u00e1lis v\u00e1laszt\u00e1s vad\u00e1szoknak, term\u00e9szetfigyel\u0151knek vagy taktikai felhaszn\u00e1l\u00e1sra, akik megb\u00edzhat\u00f3, nagy felbont\u00e1s\u00fa, kompakt \u00e9s k\u00f6nnyen kezelhet\u0151 digit\u00e1lis \u00e9jjell\u00e1t\u00f3t keresnek, amely nappali c\u00e9lt\u00e1vcs\u0151vel is kombin\u00e1lhat\u00f3.<\/p>\n<h4 style=\"text-align: center;\" data-start=\"2576\" data-end=\"2810\"><strong><em>Az \u00e1rv\u00e1ltoz\u00e1s jog\u00e1t fenntartjuk!<\/em><\/strong><\/h4>\n","protected":false},"excerpt":{"rendered":"<p>Sytong HT-88 850nm \/940 nm Digit\u00e1lis \u00c9jjell\u00e1t\u00f3 Clip-On El\u0151t\u00e9t &nbsp; A Sytong HT-88 \u00a0a gy\u00e1rt\u00f3 leg\u00fajabb, kompakt kivitel\u0171 \u00e9jjell\u00e1t\u00f3 el\u0151t\u00e9tje, amely az el\u0151z\u0151 modellekhez (HT-66, HT-77) k\u00e9pest megn\u00f6velt betekint\u00e9si t\u00e1vols\u00e1got biztos\u00edt \u2013 ez\u00e1ltal m\u00e9g k\u00e9nyelmesebb haszn\u00e1latot k\u00edn\u00e1l nappali c\u00e9lt\u00e1vcs\u00f6vekkel. A k\u00e9sz\u00fcl\u00e9k 1440\u00d71080 pixeles bels\u0151 kijelz\u0151vel rendelkezik, amely k\u00e9tszer akkora felbont\u00e1st ny\u00fajt, mint sok m\u00e1s hasonl\u00f3 [&hellip;]<\/p>\n","protected":false},"featured_media":7665,"comment_status":"open","ping_status":"closed","template":"","meta":{"_et_pb_use_builder":"","_et_pb_old_content":"","_et_gb_content_width":"","om_disable_all_campaigns":false},"product_brand":[],"product_cat":[21,136,1046],"product_tag":[1828],"class_list":{"0":"post-7653","1":"product","2":"type-product","3":"status-publish","4":"has-post-thumbnail","6":"product_cat-uj","7":"product_cat-ejjellato-elotet","8":"product_cat-ejjellato-tavcso","9":"product_tag-sytong-ht-88-850nm-940-nm-digitalis-ejjellato-clip-on-elotet","11":"first","12":"instock","13":"taxable","14":"shipping-taxable","15":"purchasable","16":"product-type-variable"},"_links":{"self":[{"href":"https:\/\/www.vadaszboltcsorna.hu\/index.php\/wp-json\/wp\/v2\/product\/7653","targetHints":{"allow":["GET"]}}],"collection":[{"href":"https:\/\/www.vadaszboltcsorna.hu\/index.php\/wp-json\/wp\/v2\/product"}],"about":[{"href":"https:\/\/www.vadaszboltcsorna.hu\/index.php\/wp-json\/wp\/v2\/types\/product"}],"replies":[{"embeddable":true,"href":"https:\/\/www.vadaszboltcsorna.hu\/index.php\/wp-json\/wp\/v2\/comments?post=7653"}],"wp:featuredmedia":[{"embeddable":true,"href":"https:\/\/www.vadaszboltcsorna.hu\/index.php\/wp-json\/wp\/v2\/media\/7665"}],"wp:attachment":[{"href":"https:\/\/www.vadaszboltcsorna.hu\/index.php\/wp-json\/wp\/v2\/media?parent=7653"}],"wp:term":[{"taxonomy":"product_brand","embeddable":true,"href":"https:\/\/www.vadaszboltcsorna.hu\/index.php\/wp-json\/wp\/v2\/product_brand?post=7653"},{"taxonomy":"product_cat","embeddable":true,"href":"https:\/\/www.vadaszboltcsorna.hu\/index.php\/wp-json\/wp\/v2\/product_cat?post=7653"},{"taxonomy":"product_tag","embeddable":true,"href":"https:\/\/www.vadaszboltcsorna.hu\/index.php\/wp-json\/wp\/v2\/product_tag?post=7653"}],"curies":[{"name":"wp","href":"https:\/\/api.w.org\/{rel}","templated":true}]}}