{"id":7614,"date":"2025-05-22T09:41:10","date_gmt":"2025-05-22T09:41:10","guid":{"rendered":"https:\/\/www.vadaszboltcsorna.hu\/?post_type=product&#038;p=7614"},"modified":"2025-06-08T07:22:22","modified_gmt":"2025-06-08T07:22:22","slug":"casamoda-polo-0044470-301","status":"publish","type":"product","link":"https:\/\/www.vadaszboltcsorna.hu\/index.php\/termek\/casamoda-polo-0044470-301\/","title":{"rendered":"Casamoda p\u00f3l\u00f3 0044470\/301"},"content":{"rendered":"<h3 style=\"text-align: center;\"><strong>Casamoda p\u00f3l\u00f3 0044470\/301<\/strong><\/h3>\n<p data-start=\"109\" data-end=\"390\">\ud83d\udc55 <strong data-start=\"112\" data-end=\"173\">Inggall\u00e9ros p\u00f3l\u00f3 \u2013 a st\u00edlusos alapdarab minden ruhat\u00e1rba!<\/strong><br data-start=\"173\" data-end=\"176\" \/>Egyszer\u0171, m\u00e9gis karakteres. Ez az unisz\u00edn\u0171 p\u00f3l\u00f3 nem csak k\u00e9nyelmes viselet a <strong data-start=\"253\" data-end=\"284\">magas min\u0151s\u00e9g\u0171 pamut-mixnek<\/strong> k\u00f6sz\u00f6nhet\u0151en, de <strong data-start=\"302\" data-end=\"324\">sportos szab\u00e1s\u00e1val<\/strong> \u00e9s <strong data-start=\"328\" data-end=\"352\">divatos r\u00e9szleteivel<\/strong> igaz\u00e1n st\u00edlusos megjelen\u00e9st biztos\u00edt.<\/p>\n<p data-start=\"392\" data-end=\"648\">\u2714\ufe0f Norm\u00e1l fazon \u2013 t\u00f6k\u00e9letes h\u00e9tk\u00f6znapokra<br data-start=\"433\" data-end=\"436\" \/>\u2714\ufe0f Kontrasztos gombok \u2013 egy kis extra figyelem<br data-start=\"482\" data-end=\"485\" \/>\u2714\ufe0f Rugalmas anyag \u2013 eg\u00e9sz napos komfort<br data-start=\"524\" data-end=\"527\" \/>\u2714\ufe0f D\u00edsz\u00edt\u0151 h\u00edmz\u00e9s \u2013 apr\u00f3 r\u00e9szlet, nagy hat\u00e1s<br data-start=\"571\" data-end=\"574\" \/>\u2714\ufe0f K\u00f6nnyen kombin\u00e1lhat\u00f3 \u2013 farmerral, r\u00f6vidnadr\u00e1ggal vagy ak\u00e1r sportzak\u00f3val<\/p>\n<p data-start=\"650\" data-end=\"729\">\ud83c\udfaf <strong data-start=\"653\" data-end=\"676\">Must-have alapdarab<\/strong>, ami nem hi\u00e1nyozhat egyetlen f\u00e9rfi gardr\u00f3bj\u00e1b\u00f3l sem!<\/p>\n","protected":false},"excerpt":{"rendered":"<p>Casamoda p\u00f3l\u00f3 0044470\/301 \ud83d\udc55 Inggall\u00e9ros p\u00f3l\u00f3 \u2013 a st\u00edlusos alapdarab minden ruhat\u00e1rba!Egyszer\u0171, m\u00e9gis karakteres. Ez az unisz\u00edn\u0171 p\u00f3l\u00f3 nem csak k\u00e9nyelmes viselet a magas min\u0151s\u00e9g\u0171 pamut-mixnek k\u00f6sz\u00f6nhet\u0151en, de sportos szab\u00e1s\u00e1val \u00e9s divatos r\u00e9szleteivel igaz\u00e1n st\u00edlusos megjelen\u00e9st biztos\u00edt. \u2714\ufe0f Norm\u00e1l fazon \u2013 t\u00f6k\u00e9letes h\u00e9tk\u00f6znapokra\u2714\ufe0f Kontrasztos gombok \u2013 egy kis extra figyelem\u2714\ufe0f Rugalmas anyag \u2013 eg\u00e9sz napos [&hellip;]<\/p>\n","protected":false},"featured_media":7616,"comment_status":"open","ping_status":"closed","template":"","meta":{"_et_pb_use_builder":"","_et_pb_old_content":"","_et_gb_content_width":"","om_disable_all_campaigns":false},"product_brand":[],"product_cat":[21,640,159],"product_tag":[1825],"class_list":{"0":"post-7614","1":"product","2":"type-product","3":"status-publish","4":"has-post-thumbnail","6":"product_cat-uj","7":"product_cat-polo","8":"product_cat-vadasz-ruhazat","9":"product_tag-casamoda-polo-0044470-301","11":"first","12":"instock","13":"taxable","14":"shipping-taxable","15":"purchasable","16":"product-type-variable"},"_links":{"self":[{"href":"https:\/\/www.vadaszboltcsorna.hu\/index.php\/wp-json\/wp\/v2\/product\/7614","targetHints":{"allow":["GET"]}}],"collection":[{"href":"https:\/\/www.vadaszboltcsorna.hu\/index.php\/wp-json\/wp\/v2\/product"}],"about":[{"href":"https:\/\/www.vadaszboltcsorna.hu\/index.php\/wp-json\/wp\/v2\/types\/product"}],"replies":[{"embeddable":true,"href":"https:\/\/www.vadaszboltcsorna.hu\/index.php\/wp-json\/wp\/v2\/comments?post=7614"}],"wp:featuredmedia":[{"embeddable":true,"href":"https:\/\/www.vadaszboltcsorna.hu\/index.php\/wp-json\/wp\/v2\/media\/7616"}],"wp:attachment":[{"href":"https:\/\/www.vadaszboltcsorna.hu\/index.php\/wp-json\/wp\/v2\/media?parent=7614"}],"wp:term":[{"taxonomy":"product_brand","embeddable":true,"href":"https:\/\/www.vadaszboltcsorna.hu\/index.php\/wp-json\/wp\/v2\/product_brand?post=7614"},{"taxonomy":"product_cat","embeddable":true,"href":"https:\/\/www.vadaszboltcsorna.hu\/index.php\/wp-json\/wp\/v2\/product_cat?post=7614"},{"taxonomy":"product_tag","embeddable":true,"href":"https:\/\/www.vadaszboltcsorna.hu\/index.php\/wp-json\/wp\/v2\/product_tag?post=7614"}],"curies":[{"name":"wp","href":"https:\/\/api.w.org\/{rel}","templated":true}]}}