{"id":760,"date":"2021-05-03T13:00:13","date_gmt":"2021-05-03T13:00:13","guid":{"rendered":"http:\/\/www.vadaszboltcsorna.hu\/?post_type=product&#038;p=760"},"modified":"2025-06-23T07:20:33","modified_gmt":"2025-06-23T07:20:33","slug":"sellier-bellot-sp","status":"publish","type":"product","link":"https:\/\/www.vadaszboltcsorna.hu\/index.php\/termek\/sellier-bellot-sp\/","title":{"rendered":"Sellier &#038; Bellot SP goly\u00f3s l\u0151szer \u00e1lt.inform\u00e1ci\u00f3k)"},"content":{"rendered":"<h3 style=\"text-align: center;\"><strong>Sellier &amp; Bellot SP<\/strong><\/h3>\n<h4 style=\"text-align: center;\">Goly\u00f3s vad\u00e1szl\u0151szer SP maggal szerelve.<\/h4>\n<h4 style=\"text-align: center;\">F\u00e9lk\u00f6penyes Soft Point l\u00f6ved\u00e9kek. Az \u00f3lommagot prec\u00edzen k\u00f6r\u00fclvev\u0151 k\u00f6peny szab\u00e1lyozott expanzi\u00f3t \u00e9s a nagy t\u00f6megmegtart\u00e1st eredm\u00e9nyez.<\/h4>\n<p><iframe loading=\"lazy\" title=\"Sellier &amp; Bellot S&amp;B Exergy Bullet Lead Free\" width=\"1080\" height=\"608\" src=\"https:\/\/www.youtube.com\/embed\/Rjx3brQAPqg?feature=oembed\"  allow=\"accelerometer; autoplay; clipboard-write; encrypted-media; gyroscope; picture-in-picture; web-share\" referrerpolicy=\"strict-origin-when-cross-origin\" allowfullscreen><\/iframe><\/p>\n<p>&nbsp;<\/p>\n<p>&nbsp;<\/p>\n<h4><strong>Kaliberek:<\/strong><\/h4>\n<h4>22 HORNET<\/h4>\n<h4>222 REM.<\/h4>\n<h4>223 REM.<\/h4>\n<h4>5,6 X 52 R<\/h4>\n<h4>243 WIN.<\/h4>\n<h4>6,5 X 52 R<\/h4>\n<h4>6,5 X 55 SE<\/h4>\n<h4>6,5 X 57<\/h4>\n<h4>6,5 X 57 R<\/h4>\n<h4>270 WIN.<\/h4>\n<h4>7 X 57<\/h4>\n<h4>7 X 57 R<\/h4>\n<h4>7 X 64<\/h4>\n<h4>7 X 65 R<\/h4>\n<h4>7mm REM. MAG.<\/h4>\n<h4>308 WIN.<\/h4>\n<h4>30-06 SPRING<\/h4>\n<h4>7,62 X 39<\/h4>\n<h4>7,62 X 54 R<\/h4>\n<h4>8 X 57 JR<\/h4>\n<h4>9,3 X 62<\/h4>\n<h4>9,3 X 72\u00a0 R<\/h4>\n<h4>9,3 X 74 R<\/h4>\n<p>&nbsp;<\/p>\n<h4 style=\"text-align: center;\"><em>A le\u00edr\u00e1sban szerepl\u0151 adatok t\u00e1j\u00e9koztat\u00f3 jelleg\u0171ek, t\u00edpusonk\u00e9nt v\u00e1ltozhat!<\/em><br \/>\n<em>Kaliberekr\u0151l aktu\u00e1lis \u00e1rakr\u00f3l \u00e9s egy\u00e9b inform\u00e1ci\u00f3kr\u00f3l k\u00e9rj\u00fck \u00e9rdekl\u0151dj\u00f6n!<\/em><\/h4>\n<h4 style=\"text-align: center;\"><em><strong>A fegyvert\u00f6rv\u00e9ny \u00e9rtelm\u00e9ben, fegyvert, l\u0151szert kiz\u00e1r\u00f3lag szem\u00e9lyesen,az \u00fczletben fegyvertart\u00e1si enged\u00e9ly birtok\u00e1ban lehet v\u00e1s\u00e1rolni!<\/strong><\/em><br \/>\n<em><strong>A webshopban megrendelt fegyverek \u00e9s l\u0151szerek NEM ker\u00fclnek kisz\u00e1ll\u00edt\u00e1sra!\u00a0 Tov\u00e1bbi inform\u00e1ci\u00f3\u00e9rt l\u00e1togasson el boltunkba!<\/strong><\/em><\/h4>\n<h4 style=\"text-align: center;\"><em>Az \u00e1rak t\u00e1j\u00e9koztat\u00f3 jelleg\u0171ek nem min\u0151s\u00fcl hivatalos aj\u00e1nlat t\u00e9telnek!<\/em><br \/>\n<em>Az \u00e1rv\u00e1ltoz\u00e1s jog\u00e1t fenntartjuk!<\/em><\/h4>\n<p style=\"text-align: center;\">\n","protected":false},"excerpt":{"rendered":"<p>Sellier &amp; Bellot SP Goly\u00f3s vad\u00e1szl\u0151szer SP maggal szerelve. F\u00e9lk\u00f6penyes Soft Point l\u00f6ved\u00e9kek. Az \u00f3lommagot prec\u00edzen k\u00f6r\u00fclvev\u0151 k\u00f6peny szab\u00e1lyozott expanzi\u00f3t \u00e9s a nagy t\u00f6megmegtart\u00e1st eredm\u00e9nyez. &nbsp; &nbsp; Kaliberek: 22 HORNET 222 REM. 223 REM. 5,6 X 52 R 243 WIN. 6,5 X 52 R 6,5 X 55 SE 6,5 X 57 6,5 X 57 R [&hellip;]<\/p>\n","protected":false},"featured_media":7201,"comment_status":"open","ping_status":"closed","template":"","meta":{"_et_pb_use_builder":"","_et_pb_old_content":"","_et_gb_content_width":"","om_disable_all_campaigns":false},"product_brand":[],"product_cat":[15,233,235,231,236,224,234,202,248,249,232,240,239,226,238,227,244,199,200,201,252,21],"product_tag":[254,205,253,70,221],"class_list":{"0":"post-760","1":"product","2":"type-product","3":"status-publish","4":"has-post-thumbnail","6":"product_cat-egyeb","7":"product_cat-222-rem","8":"product_cat-223rem","9":"product_cat-231","10":"product_cat-270-win","11":"product_cat-224","12":"product_cat-22-250-rem","13":"product_cat-30-06","14":"product_cat-65x55se","15":"product_cat-762x54-r","16":"product_cat-7mm-rem-mag","17":"product_cat-7x57","18":"product_cat-7x57r","19":"product_cat-7x64","20":"product_cat-7x65-r","21":"product_cat-93x62","22":"product_cat-93x74r","23":"product_cat-golyos-loszerek","24":"product_cat-kaliber","25":"product_cat-marka-golyos-loszerek","26":"product_cat-sellierbellot","27":"product_cat-uj","28":"product_tag-cseh-loszer","29":"product_tag-golyos-loszer","30":"product_tag-sellier-bellot-sp","31":"product_tag-vadaszat","32":"product_tag-vadaszloszer","34":"first","35":"instock","36":"taxable","37":"shipping-taxable","38":"product-type-simple"},"_links":{"self":[{"href":"https:\/\/www.vadaszboltcsorna.hu\/index.php\/wp-json\/wp\/v2\/product\/760","targetHints":{"allow":["GET"]}}],"collection":[{"href":"https:\/\/www.vadaszboltcsorna.hu\/index.php\/wp-json\/wp\/v2\/product"}],"about":[{"href":"https:\/\/www.vadaszboltcsorna.hu\/index.php\/wp-json\/wp\/v2\/types\/product"}],"replies":[{"embeddable":true,"href":"https:\/\/www.vadaszboltcsorna.hu\/index.php\/wp-json\/wp\/v2\/comments?post=760"}],"wp:featuredmedia":[{"embeddable":true,"href":"https:\/\/www.vadaszboltcsorna.hu\/index.php\/wp-json\/wp\/v2\/media\/7201"}],"wp:attachment":[{"href":"https:\/\/www.vadaszboltcsorna.hu\/index.php\/wp-json\/wp\/v2\/media?parent=760"}],"wp:term":[{"taxonomy":"product_brand","embeddable":true,"href":"https:\/\/www.vadaszboltcsorna.hu\/index.php\/wp-json\/wp\/v2\/product_brand?post=760"},{"taxonomy":"product_cat","embeddable":true,"href":"https:\/\/www.vadaszboltcsorna.hu\/index.php\/wp-json\/wp\/v2\/product_cat?post=760"},{"taxonomy":"product_tag","embeddable":true,"href":"https:\/\/www.vadaszboltcsorna.hu\/index.php\/wp-json\/wp\/v2\/product_tag?post=760"}],"curies":[{"name":"wp","href":"https:\/\/api.w.org\/{rel}","templated":true}]}}