{"id":7596,"date":"2025-05-20T10:01:34","date_gmt":"2025-05-20T10:01:34","guid":{"rendered":"https:\/\/www.vadaszboltcsorna.hu\/?post_type=product&#038;p=7596"},"modified":"2025-05-29T22:29:23","modified_gmt":"2025-05-29T22:29:23","slug":"lovena-praha-soretes-fegyver-16-70","status":"publish","type":"product","link":"https:\/\/www.vadaszboltcsorna.hu\/index.php\/termek\/lovena-praha-soretes-fegyver-16-70\/","title":{"rendered":"Lovena Praha s\u00f6r\u00e9tes fegyver 16\/70"},"content":{"rendered":"<h3 style=\"text-align: center;\"><strong>Lovena Praha s\u00f6r\u00e9tes fegyver 16\/70<\/strong><\/h3>\n<p>&nbsp;<\/p>\n<h4>Elad\u00f3 egy egyedi k\u00e9sz\u00edt\u00e9s\u0171 s\u00f6r\u00e9tes vad\u00e1szfegyver, finom r\u00e9szletekkel azoknak akik \u00e9rt\u00e9kelik a k\u00fcl\u00f6nleges nem mindennapi fegyvereket.<\/h4>\n<h4>Kaliber.: 16\/70<\/h4>\n<h4>M\u0171szaki vizsga: 2028<\/h4>\n<h4 style=\"text-align: center;\"><em><strong>A fegyvert\u00f6rv\u00e9ny \u00e9rtelm\u00e9ben, fegyvert, l\u0151szert kiz\u00e1r\u00f3lag szem\u00e9lyesen,az \u00fczletben fegyvertart\u00e1si enged\u00e9ly birtok\u00e1ban lehet v\u00e1s\u00e1rolni!<\/strong><\/em><br \/>\n<em><strong>A webshopban megrendelt fegyverek NEM ker\u00fclnek kisz\u00e1ll\u00edt\u00e1sra!\u00a0 Tov\u00e1bbi inform\u00e1ci\u00f3\u00e9rt l\u00e1togasson el boltunkba!<\/strong><\/em><\/h4>\n<h4 style=\"text-align: center;\"><em>Az \u00e1rak t\u00e1j\u00e9koztat\u00f3 jelleg\u0171ek!<\/em><br \/>\n<em>Az \u00e1rv\u00e1ltoz\u00e1s jog\u00e1t fenntartjuk!<\/em><\/h4>\n","protected":false},"excerpt":{"rendered":"<p>Lovena Praha s\u00f6r\u00e9tes fegyver 16\/70 &nbsp; Elad\u00f3 egy egyedi k\u00e9sz\u00edt\u00e9s\u0171 s\u00f6r\u00e9tes vad\u00e1szfegyver, finom r\u00e9szletekkel azoknak akik \u00e9rt\u00e9kelik a k\u00fcl\u00f6nleges nem mindennapi fegyvereket. Kaliber.: 16\/70 M\u0171szaki vizsga: 2028 A fegyvert\u00f6rv\u00e9ny \u00e9rtelm\u00e9ben, fegyvert, l\u0151szert kiz\u00e1r\u00f3lag szem\u00e9lyesen,az \u00fczletben fegyvertart\u00e1si enged\u00e9ly birtok\u00e1ban lehet v\u00e1s\u00e1rolni! A webshopban megrendelt fegyverek NEM ker\u00fclnek kisz\u00e1ll\u00edt\u00e1sra!\u00a0 Tov\u00e1bbi inform\u00e1ci\u00f3\u00e9rt l\u00e1togasson el boltunkba! Az \u00e1rak t\u00e1j\u00e9koztat\u00f3 [&hellip;]<\/p>\n","protected":false},"featured_media":7603,"comment_status":"open","ping_status":"closed","template":"","meta":{"_et_pb_use_builder":"","_et_pb_old_content":"","_et_gb_content_width":"","om_disable_all_campaigns":false},"product_brand":[],"product_cat":[22,517,16,18],"product_tag":[1823],"class_list":{"0":"post-7596","1":"product","2":"type-product","3":"status-publish","4":"has-post-thumbnail","6":"product_cat-hasznalt","7":"product_cat-16-70-soretes-fegyver","8":"product_cat-fegyver","9":"product_cat-soretes-fegyver","10":"product_tag-lovena-praha-soretes-fegyver-16-70","12":"first","13":"instock","14":"taxable","15":"shipping-taxable","16":"purchasable","17":"product-type-simple"},"_links":{"self":[{"href":"https:\/\/www.vadaszboltcsorna.hu\/index.php\/wp-json\/wp\/v2\/product\/7596","targetHints":{"allow":["GET"]}}],"collection":[{"href":"https:\/\/www.vadaszboltcsorna.hu\/index.php\/wp-json\/wp\/v2\/product"}],"about":[{"href":"https:\/\/www.vadaszboltcsorna.hu\/index.php\/wp-json\/wp\/v2\/types\/product"}],"replies":[{"embeddable":true,"href":"https:\/\/www.vadaszboltcsorna.hu\/index.php\/wp-json\/wp\/v2\/comments?post=7596"}],"wp:featuredmedia":[{"embeddable":true,"href":"https:\/\/www.vadaszboltcsorna.hu\/index.php\/wp-json\/wp\/v2\/media\/7603"}],"wp:attachment":[{"href":"https:\/\/www.vadaszboltcsorna.hu\/index.php\/wp-json\/wp\/v2\/media?parent=7596"}],"wp:term":[{"taxonomy":"product_brand","embeddable":true,"href":"https:\/\/www.vadaszboltcsorna.hu\/index.php\/wp-json\/wp\/v2\/product_brand?post=7596"},{"taxonomy":"product_cat","embeddable":true,"href":"https:\/\/www.vadaszboltcsorna.hu\/index.php\/wp-json\/wp\/v2\/product_cat?post=7596"},{"taxonomy":"product_tag","embeddable":true,"href":"https:\/\/www.vadaszboltcsorna.hu\/index.php\/wp-json\/wp\/v2\/product_tag?post=7596"}],"curies":[{"name":"wp","href":"https:\/\/api.w.org\/{rel}","templated":true}]}}