{"id":7578,"date":"2025-05-19T10:36:04","date_gmt":"2025-05-19T10:36:04","guid":{"rendered":"https:\/\/www.vadaszboltcsorna.hu\/?post_type=product&#038;p=7578"},"modified":"2025-05-19T11:18:01","modified_gmt":"2025-05-19T11:18:01","slug":"browning-ignite-kes-narancs","status":"publish","type":"product","link":"https:\/\/www.vadaszboltcsorna.hu\/index.php\/termek\/browning-ignite-kes-narancs\/","title":{"rendered":"Browning Ignite k\u00e9s narancs"},"content":{"rendered":"<h2 style=\"text-align: center;\"><strong>Browning Ignite k\u00e9s narancs<\/strong><\/h2>\n<h3 class=\"\" data-start=\"183\" data-end=\"263\"><strong data-start=\"187\" data-end=\"263\">Browning t\u00fal\u00e9l\u0151k\u00e9s szikravet\u0151vel \u2013 massz\u00edv penge, be\u00e9p\u00edtett t\u0171zind\u00edt\u00f3val<\/strong><\/h3>\n<p class=\"\" data-start=\"265\" data-end=\"597\">Ez a <strong data-start=\"270\" data-end=\"306\">strapab\u00edr\u00f3, fix peng\u00e9s t\u00fal\u00e9l\u0151k\u00e9s<\/strong> ide\u00e1lis v\u00e1laszt\u00e1s mindazok sz\u00e1m\u00e1ra, akik nem ismernek kompromisszumot a term\u00e9szetben. A <strong data-start=\"395\" data-end=\"439\">fekete oxid bevonat\u00fa 7Cr17MoV ac\u00e9l penge<\/strong> nemcsak rozsdamentes \u00e9s tart\u00f3s, de a penge gerinc\u00e9n kialak\u00edtott <strong data-start=\"504\" data-end=\"526\">szikrak\u00e9pz\u0151 horony<\/strong> seg\u00edts\u00e9g\u00e9vel k\u00f6nnyed\u00e9n gy\u00fajthatsz t\u00fczet a mell\u00e9kelt <strong data-start=\"579\" data-end=\"596\">szikravet\u0151vel<\/strong>.<\/p>\n<p class=\"\" data-start=\"599\" data-end=\"621\">\ud83e\ude93 <strong data-start=\"602\" data-end=\"621\">F\u0151bb jellemz\u0151k:<\/strong><\/p>\n<ul data-start=\"622\" data-end=\"840\">\n<li class=\"\" data-start=\"622\" data-end=\"706\">\n<p class=\"\" data-start=\"624\" data-end=\"706\"><strong data-start=\"624\" data-end=\"641\">Penge t\u00edpusa:<\/strong> drop point, 7Cr17MoV rozsdamentes ac\u00e9l, fekete oxid bevonattal<\/p>\n<\/li>\n<li class=\"\" data-start=\"707\" data-end=\"743\">\n<p class=\"\" data-start=\"709\" data-end=\"743\"><strong data-start=\"709\" data-end=\"726\">Teljes hossz:<\/strong> 21,6 cm (8 \u00bd&#8221;)<\/p>\n<\/li>\n<li class=\"\" data-start=\"744\" data-end=\"777\">\n<p class=\"\" data-start=\"746\" data-end=\"777\"><strong data-start=\"746\" data-end=\"762\">Penge hossz:<\/strong> 10,2 cm (4&#8243;)<\/p>\n<\/li>\n<li class=\"\" data-start=\"778\" data-end=\"840\">\n<p class=\"\" data-start=\"780\" data-end=\"840\"><strong data-start=\"780\" data-end=\"794\">Kem\u00e9nys\u00e9g:<\/strong> HRC 56\u201358 \u2013 optim\u00e1lis \u00e9ltart\u00e1s \u00e9s strapab\u00edr\u00e1s<\/p>\n<\/li>\n<\/ul>\n<p class=\"\" data-start=\"842\" data-end=\"1011\">\ud83d\udd90\ufe0f <strong data-start=\"846\" data-end=\"868\">Full tang markolat<\/strong> \u2013 a penge teljes hossza v\u00e9gigfut a markolatban, ezzel extra stabilit\u00e1st biztos\u00edt, a gum\u00edrozott bor\u00edt\u00e1s pedig er\u0151s, cs\u00fasz\u00e1smentes fog\u00e1st ny\u00fajt.<\/p>\n<p class=\"\" data-start=\"1013\" data-end=\"1203\">\ud83d\udd25 <strong data-start=\"1016\" data-end=\"1047\">T\u0171zgy\u00fajt\u00e1s pillanatok alatt<\/strong> \u2013 a penge gerinc\u00e9n l\u00e9v\u0151 kiv\u00e1g\u00e1s t\u00f6k\u00e9letesen alkalmas a mell\u00e9kelt szikravet\u0151 haszn\u00e1lat\u00e1ra, \u00edgy b\u00e1rmilyen k\u00f6r\u00fclm\u00e9nyek k\u00f6z\u00f6tt is gyorsan tudsz t\u00fczet gy\u00fajtani.<\/p>\n<p class=\"\" data-start=\"1205\" data-end=\"1390\">\ud83d\udee1\ufe0f <strong data-start=\"1209\" data-end=\"1221\">Er\u0151s tok<\/strong> \u2013 injekci\u00f3val \u00f6nt\u00f6tt polimerb\u0151l k\u00e9sz\u00fclt, gyorscsatlakoz\u00f3s \u00f6vb\u00fajtat\u00f3val, a szikravet\u0151 sz\u00e1m\u00e1ra kialak\u00edtott hellyel, \u00edgy minden eszk\u00f6z egy helyen, biztons\u00e1gosan t\u00e1rolhat\u00f3.<\/p>\n<p class=\"\" data-start=\"1392\" data-end=\"1432\">\ud83c\udfaf <strong data-start=\"1395\" data-end=\"1432\">Aj\u00e1nlott felhaszn\u00e1l\u00e1si ter\u00fcletek:<\/strong><\/p>\n<ul data-start=\"1433\" data-end=\"1500\">\n<li class=\"\" data-start=\"1433\" data-end=\"1443\">\n<p class=\"\" data-start=\"1435\" data-end=\"1443\">vad\u00e1szat<\/p>\n<\/li>\n<li class=\"\" data-start=\"1444\" data-end=\"1457\">\n<p class=\"\" data-start=\"1446\" data-end=\"1457\">t\u00fal\u00e9l\u0151t\u00far\u00e1k<\/p>\n<\/li>\n<li class=\"\" data-start=\"1458\" data-end=\"1469\">\n<p class=\"\" data-start=\"1460\" data-end=\"1469\">bushcraft<\/p>\n<\/li>\n<li class=\"\" data-start=\"1470\" data-end=\"1483\">\n<p class=\"\" data-start=\"1472\" data-end=\"1483\">kempingez\u00e9s<\/p>\n<\/li>\n<li class=\"\" data-start=\"1484\" data-end=\"1500\">\n<p class=\"\" data-start=\"1486\" data-end=\"1500\">term\u00e9szetj\u00e1r\u00e1s<\/p>\n<\/li>\n<\/ul>\n<p><iframe loading=\"lazy\" title=\"Browning Ignite Knife with Firestarter. Great for EDC\/ Preppers\/ Bushcraft\" width=\"1080\" height=\"608\" src=\"https:\/\/www.youtube.com\/embed\/9mgsMpUBTv0?feature=oembed\"  allow=\"accelerometer; autoplay; clipboard-write; encrypted-media; gyroscope; picture-in-picture; web-share\" referrerpolicy=\"strict-origin-when-cross-origin\" allowfullscreen><\/iframe><\/p>\n<hr class=\"\" data-start=\"1502\" data-end=\"1505\" \/>\n<p class=\"\" data-start=\"1507\" data-end=\"1528\"><strong data-start=\"1507\" data-end=\"1528\">Technikai adatok:<\/strong><\/p>\n<ul data-start=\"1529\" data-end=\"1798\">\n<li class=\"\" data-start=\"1529\" data-end=\"1573\">\n<p class=\"\" data-start=\"1531\" data-end=\"1573\">Penge anyaga: 7Cr17MoV rozsdamentes ac\u00e9l<\/p>\n<\/li>\n<li class=\"\" data-start=\"1574\" data-end=\"1598\">\n<p class=\"\" data-start=\"1576\" data-end=\"1598\">Bevonat: fekete oxid<\/p>\n<\/li>\n<li class=\"\" data-start=\"1599\" data-end=\"1643\">\n<p class=\"\" data-start=\"1601\" data-end=\"1643\">Markolat: polimer, gum\u00edrozott fel\u00fclettel<\/p>\n<\/li>\n<li class=\"\" data-start=\"1644\" data-end=\"1690\">\n<p class=\"\" data-start=\"1646\" data-end=\"1690\">Markolat jellemz\u0151i: full tang, zsin\u00f3rfurat<\/p>\n<\/li>\n<li class=\"\" data-start=\"1691\" data-end=\"1735\">\n<p class=\"\" data-start=\"1693\" data-end=\"1735\">Tok: fr\u00f6ccs\u00f6nt\u00f6tt polimer, \u00f6vcs\u00edptet\u0151vel<\/p>\n<\/li>\n<li class=\"\" data-start=\"1736\" data-end=\"1765\">\n<p class=\"\" data-start=\"1738\" data-end=\"1765\">Sz\u00edn: narancss\u00e1rga-fekete<\/p>\n<\/li>\n<li class=\"\" data-start=\"1766\" data-end=\"1798\">\n<p class=\"\" data-start=\"1768\" data-end=\"1798\">Penge dekor\u00e1ci\u00f3: Browning log\u00f3<\/p>\n<\/li>\n<\/ul>\n<hr class=\"\" data-start=\"1800\" data-end=\"1803\" \/>\n<p class=\"\" data-start=\"1805\" data-end=\"2076\"><strong data-start=\"1805\" data-end=\"1827\">Mi\u00e9rt ezt v\u00e1laszd?<\/strong><br data-start=\"1827\" data-end=\"1830\" \/>Mert egyetlen eszk\u00f6zben egyes\u00edti a <strong data-start=\"1865\" data-end=\"1889\">megb\u00edzhat\u00f3 pengeer\u0151t<\/strong>, a <strong data-start=\"1893\" data-end=\"1915\">biztons\u00e1gos fog\u00e1st<\/strong> \u00e9s a <strong data-start=\"1921\" data-end=\"1963\">t\u00fal\u00e9l\u00e9shez elengedhetetlen szikravet\u0151t<\/strong>, \u00edgy b\u00e1rmilyen kih\u00edv\u00e1ssal b\u00e1tran szemben\u00e9zhetsz \u2013 legyen az egy vad\u00e1szt\u00fara, kemping, vagy extr\u00e9m outdoor kaland.<\/p>\n","protected":false},"excerpt":{"rendered":"<p>Browning Ignite k\u00e9s narancs Browning t\u00fal\u00e9l\u0151k\u00e9s szikravet\u0151vel \u2013 massz\u00edv penge, be\u00e9p\u00edtett t\u0171zind\u00edt\u00f3val Ez a strapab\u00edr\u00f3, fix peng\u00e9s t\u00fal\u00e9l\u0151k\u00e9s ide\u00e1lis v\u00e1laszt\u00e1s mindazok sz\u00e1m\u00e1ra, akik nem ismernek kompromisszumot a term\u00e9szetben. A fekete oxid bevonat\u00fa 7Cr17MoV ac\u00e9l penge nemcsak rozsdamentes \u00e9s tart\u00f3s, de a penge gerinc\u00e9n kialak\u00edtott szikrak\u00e9pz\u0151 horony seg\u00edts\u00e9g\u00e9vel k\u00f6nnyed\u00e9n gy\u00fajthatsz t\u00fczet a mell\u00e9kelt szikravet\u0151vel. \ud83e\ude93 F\u0151bb [&hellip;]<\/p>\n","protected":false},"featured_media":7580,"comment_status":"open","ping_status":"closed","template":"","meta":{"_et_pb_use_builder":"","_et_pb_old_content":"","_et_gb_content_width":"","om_disable_all_campaigns":false},"product_brand":[],"product_cat":[21,166,168],"product_tag":[1819],"class_list":{"0":"post-7578","1":"product","2":"type-product","3":"status-publish","4":"has-post-thumbnail","6":"product_cat-uj","7":"product_cat-kesek","8":"product_cat-torok","9":"product_tag-browning-ignite-kes-narancs","11":"first","12":"instock","13":"sale","14":"taxable","15":"shipping-taxable","16":"purchasable","17":"product-type-simple"},"_links":{"self":[{"href":"https:\/\/www.vadaszboltcsorna.hu\/index.php\/wp-json\/wp\/v2\/product\/7578","targetHints":{"allow":["GET"]}}],"collection":[{"href":"https:\/\/www.vadaszboltcsorna.hu\/index.php\/wp-json\/wp\/v2\/product"}],"about":[{"href":"https:\/\/www.vadaszboltcsorna.hu\/index.php\/wp-json\/wp\/v2\/types\/product"}],"replies":[{"embeddable":true,"href":"https:\/\/www.vadaszboltcsorna.hu\/index.php\/wp-json\/wp\/v2\/comments?post=7578"}],"wp:featuredmedia":[{"embeddable":true,"href":"https:\/\/www.vadaszboltcsorna.hu\/index.php\/wp-json\/wp\/v2\/media\/7580"}],"wp:attachment":[{"href":"https:\/\/www.vadaszboltcsorna.hu\/index.php\/wp-json\/wp\/v2\/media?parent=7578"}],"wp:term":[{"taxonomy":"product_brand","embeddable":true,"href":"https:\/\/www.vadaszboltcsorna.hu\/index.php\/wp-json\/wp\/v2\/product_brand?post=7578"},{"taxonomy":"product_cat","embeddable":true,"href":"https:\/\/www.vadaszboltcsorna.hu\/index.php\/wp-json\/wp\/v2\/product_cat?post=7578"},{"taxonomy":"product_tag","embeddable":true,"href":"https:\/\/www.vadaszboltcsorna.hu\/index.php\/wp-json\/wp\/v2\/product_tag?post=7578"}],"curies":[{"name":"wp","href":"https:\/\/api.w.org\/{rel}","templated":true}]}}