{"id":7573,"date":"2025-05-19T10:05:38","date_gmt":"2025-05-19T10:05:38","guid":{"rendered":"https:\/\/www.vadaszboltcsorna.hu\/?post_type=product&#038;p=7573"},"modified":"2026-01-13T12:04:18","modified_gmt":"2026-01-13T12:04:18","slug":"morakniv-companion-spark-s-kes-tokkal-szikravetovel-zold","status":"publish","type":"product","link":"https:\/\/www.vadaszboltcsorna.hu\/index.php\/termek\/morakniv-companion-spark-s-kes-tokkal-szikravetovel-zold\/","title":{"rendered":"MORAKNIV Companion Spark (S) k\u00e9s, tokkal, szikravet\u0151vel, z\u00f6ld"},"content":{"rendered":"<h2 style=\"text-align: center;\"><strong>MORAKNIV Companion Spark (S) k\u00e9s, tokkal, szikravet\u0151vel, z\u00f6ld<\/strong><\/h2>\n<p class=\"\" data-start=\"138\" data-end=\"220\"><strong data-start=\"138\" data-end=\"220\">MORAKNIV Companion Spark (S) \u2013 T\u00fal\u00e9l\u00e9sre sz\u00fcletett k\u00e9s be\u00e9p\u00edtett szikravet\u0151vel<\/strong><\/p>\n<p class=\"\" data-start=\"222\" data-end=\"527\">A sv\u00e9d Morakniv n\u00e9pszer\u0171 \u201eCompanion\u201d sorozata most m\u00e9g praktikusabb form\u00e1ban t\u00e9r vissza! A <strong data-start=\"313\" data-end=\"336\">Companion Spark (S)<\/strong> modell t\u00f6k\u00e9letes v\u00e1laszt\u00e1s <strong data-start=\"364\" data-end=\"418\">t\u00far\u00e1z\u00e1shoz, kempingez\u00e9shez vagy t\u00fal\u00e9l\u0151 kalandokhoz<\/strong>, hiszen nemcsak egy megb\u00edzhat\u00f3 k\u00e9s, hanem egy <strong data-start=\"465\" data-end=\"516\">be\u00e9p\u00edtett szikravet\u0151vel rendelkez\u0151 t\u00fal\u00e9l\u0151eszk\u00f6z<\/strong> is egyben.<\/p>\n<p class=\"\" data-start=\"529\" data-end=\"739\">\ud83d\udd2a <strong data-start=\"532\" data-end=\"564\">Rozsdamentes sv\u00e9d ac\u00e9l penge<\/strong> \u2013 10,4 cm hossz\u00fa \u00e9s 2,5 mm vastag, rendk\u00edv\u00fcl \u00e9les, j\u00f3l tartja az \u00e9l\u00e9t, \u00e9s k\u00f6nnyen karbantarthat\u00f3. Ide\u00e1lis fafarag\u00e1shoz, el\u0151k\u00e9sz\u00edt\u00e9shez vagy ak\u00e1r \u00e9lelmiszer szeletel\u00e9s\u00e9hez is.<\/p>\n<p class=\"\" data-start=\"741\" data-end=\"886\">\ud83d\udfe2 <strong data-start=\"744\" data-end=\"778\">Cs\u00fasz\u00e1smentes TPE gumimarkolat<\/strong> \u2013 kiv\u00e1l\u00f3 tapad\u00e1st biztos\u00edt m\u00e9g nedves k\u00e9zzel is, \u00edgy biztons\u00e1gos fog\u00e1st ny\u00fajt extr\u00e9m k\u00f6r\u00fclm\u00e9nyek k\u00f6z\u00f6tt is.<\/p>\n<p class=\"\" data-start=\"888\" data-end=\"1050\">\ud83d\udca5 <strong data-start=\"891\" data-end=\"915\">Be\u00e9p\u00edtett szikravet\u0151<\/strong> \u2013 a markolat v\u00e9g\u00e9ben tal\u00e1lhat\u00f3 t\u0171zgy\u00fajt\u00f3val ak\u00e1r 3000 \u00b0C-os szikr\u00e1kat is k\u00e9pezhetsz, \u00edgy b\u00e1rmikor t\u00fczet tudsz gy\u00fajtani a term\u00e9szetben.<\/p>\n<p class=\"\" data-start=\"1052\" data-end=\"1203\">\ud83c\udf92 <strong data-start=\"1055\" data-end=\"1086\">Strapab\u00edr\u00f3 tok \u00f6vcsipesszel<\/strong> \u2013 a tok er\u0151s polimerb\u0151l k\u00e9sz\u00fclt, \u00e9s praktikus \u00f6vcsipesze r\u00e9v\u00e9n k\u00f6nnyed\u00e9n r\u00f6gz\u00edthet\u0151 h\u00e1tizs\u00e1kra, \u00f6vre vagy mell\u00e9nyre.<\/p>\n<p class=\"\" data-start=\"1205\" data-end=\"1304\">\ud83c\udf0d <strong data-start=\"1208\" data-end=\"1239\">Sz\u00e1rmaz\u00e1si hely: Sv\u00e9dorsz\u00e1g<\/strong> \u2013 a Morakniv m\u00e1rkan\u00e9v garancia a min\u0151s\u00e9gre \u00e9s a megb\u00edzhat\u00f3s\u00e1gra.<\/p>\n<hr class=\"\" data-start=\"1306\" data-end=\"1309\" \/>\n<p class=\"\" data-start=\"1311\" data-end=\"1330\"><strong data-start=\"1311\" data-end=\"1330\">M\u0171szaki adatok:<\/strong><\/p>\n<ul data-start=\"1331\" data-end=\"1508\">\n<li class=\"\" data-start=\"1331\" data-end=\"1356\">\n<p class=\"\" data-start=\"1333\" data-end=\"1356\">Teljes hossz: 22,3 cm<\/p>\n<\/li>\n<li class=\"\" data-start=\"1357\" data-end=\"1382\">\n<p class=\"\" data-start=\"1359\" data-end=\"1382\">Penge hossza: 10,4 cm<\/p>\n<\/li>\n<li class=\"\" data-start=\"1383\" data-end=\"1411\">\n<p class=\"\" data-start=\"1385\" data-end=\"1411\">Penge vastags\u00e1ga: 2,5 mm<\/p>\n<\/li>\n<li class=\"\" data-start=\"1412\" data-end=\"1447\">\n<p class=\"\" data-start=\"1414\" data-end=\"1447\">Penge anyaga: rozsdamentes ac\u00e9l<\/p>\n<\/li>\n<li class=\"\" data-start=\"1448\" data-end=\"1470\">\n<p class=\"\" data-start=\"1450\" data-end=\"1470\">Markolat: TPE gumi<\/p>\n<\/li>\n<li class=\"\" data-start=\"1471\" data-end=\"1508\">\n<p class=\"\" data-start=\"1473\" data-end=\"1508\">Tartoz\u00e9kok: polimer tok, szikravet\u0151<\/p>\n<\/li>\n<\/ul>\n<hr class=\"\" data-start=\"1510\" data-end=\"1513\" \/>\n<p class=\"\" data-start=\"1515\" data-end=\"1731\">\u2705 <strong data-start=\"1517\" data-end=\"1561\">Mi\u00e9rt v\u00e1laszd a Companion Spark modellt?<\/strong><br data-start=\"1561\" data-end=\"1564\" \/>Mert egyetlen eszk\u00f6zben \u00f6tv\u00f6zi a t\u00fal\u00e9l\u0151k\u00e9sek megb\u00edzhat\u00f3s\u00e1g\u00e1t, a Morakniv precizit\u00e1s\u00e1t \u00e9s a szikravet\u0151 praktikum\u00e1t \u2013 mindezt kompakt m\u00e9retben, kiv\u00e1l\u00f3 \u00e1r-\u00e9rt\u00e9k ar\u00e1nnyal.<\/p>\n","protected":false},"excerpt":{"rendered":"<p>MORAKNIV Companion Spark (S) k\u00e9s, tokkal, szikravet\u0151vel, z\u00f6ld MORAKNIV Companion Spark (S) \u2013 T\u00fal\u00e9l\u00e9sre sz\u00fcletett k\u00e9s be\u00e9p\u00edtett szikravet\u0151vel A sv\u00e9d Morakniv n\u00e9pszer\u0171 \u201eCompanion\u201d sorozata most m\u00e9g praktikusabb form\u00e1ban t\u00e9r vissza! A Companion Spark (S) modell t\u00f6k\u00e9letes v\u00e1laszt\u00e1s t\u00far\u00e1z\u00e1shoz, kempingez\u00e9shez vagy t\u00fal\u00e9l\u0151 kalandokhoz, hiszen nemcsak egy megb\u00edzhat\u00f3 k\u00e9s, hanem egy be\u00e9p\u00edtett szikravet\u0151vel rendelkez\u0151 t\u00fal\u00e9l\u0151eszk\u00f6z is egyben. [&hellip;]<\/p>\n","protected":false},"featured_media":7575,"comment_status":"open","ping_status":"closed","template":"","meta":{"_et_pb_use_builder":"","_et_pb_old_content":"","_et_gb_content_width":"","om_disable_all_campaigns":false},"product_brand":[],"product_cat":[21,166,168],"product_tag":[1816,1817,1137,1818],"class_list":{"0":"post-7573","1":"product","2":"type-product","3":"status-publish","4":"has-post-thumbnail","6":"product_cat-uj","7":"product_cat-kesek","8":"product_cat-torok","9":"product_tag-morakniv-companion-spark-s-kes","10":"product_tag-szikravetovel","11":"product_tag-tokkal","12":"product_tag-zold","14":"first","15":"instock","16":"taxable","17":"shipping-taxable","18":"purchasable","19":"product-type-simple"},"_links":{"self":[{"href":"https:\/\/www.vadaszboltcsorna.hu\/index.php\/wp-json\/wp\/v2\/product\/7573","targetHints":{"allow":["GET"]}}],"collection":[{"href":"https:\/\/www.vadaszboltcsorna.hu\/index.php\/wp-json\/wp\/v2\/product"}],"about":[{"href":"https:\/\/www.vadaszboltcsorna.hu\/index.php\/wp-json\/wp\/v2\/types\/product"}],"replies":[{"embeddable":true,"href":"https:\/\/www.vadaszboltcsorna.hu\/index.php\/wp-json\/wp\/v2\/comments?post=7573"}],"wp:featuredmedia":[{"embeddable":true,"href":"https:\/\/www.vadaszboltcsorna.hu\/index.php\/wp-json\/wp\/v2\/media\/7575"}],"wp:attachment":[{"href":"https:\/\/www.vadaszboltcsorna.hu\/index.php\/wp-json\/wp\/v2\/media?parent=7573"}],"wp:term":[{"taxonomy":"product_brand","embeddable":true,"href":"https:\/\/www.vadaszboltcsorna.hu\/index.php\/wp-json\/wp\/v2\/product_brand?post=7573"},{"taxonomy":"product_cat","embeddable":true,"href":"https:\/\/www.vadaszboltcsorna.hu\/index.php\/wp-json\/wp\/v2\/product_cat?post=7573"},{"taxonomy":"product_tag","embeddable":true,"href":"https:\/\/www.vadaszboltcsorna.hu\/index.php\/wp-json\/wp\/v2\/product_tag?post=7573"}],"curies":[{"name":"wp","href":"https:\/\/api.w.org\/{rel}","templated":true}]}}