{"id":754,"date":"2021-05-03T11:16:21","date_gmt":"2021-05-03T11:16:21","guid":{"rendered":"http:\/\/www.vadaszboltcsorna.hu\/?post_type=product&#038;p=754"},"modified":"2025-03-26T11:01:29","modified_gmt":"2025-03-26T11:01:29","slug":"norma-ecostrike","status":"publish","type":"product","link":"https:\/\/www.vadaszboltcsorna.hu\/index.php\/termek\/norma-ecostrike\/","title":{"rendered":"Norma Ecostrike 30-06"},"content":{"rendered":"<h2><strong>Norma Ecostrike 30-06<\/strong><\/h2>\n<h4><\/h4>\n<h4><strong>A <u>norma Ecostrike<\/u> \u00fagy nevezett stabil s\u0171r\u0171s\u00e9g\u0171 deform\u00e1l\u00f3d\u00f3 l\u00f6ved\u00e9k:\u00a0<\/strong>A l\u00f6ved\u00e9k egy r\u00e9zmagb\u00f3l \u00e1ll, amit egy nikkelk\u00f6peny vesz k\u00f6r\u00fcl. A nikkelk\u00f6peny gondoskodik arr\u00f3l, hogy szinte semmi r\u00e9zlerak\u00f3d\u00e1s nem marad a cs\u0151ben. Ezen k\u00edv\u00fcl probl\u00e9ma n\u00e9lk\u00fcl l\u0151hetj\u00fck a l\u00f6ved\u00e9ket gyakorl\u00e1sk\u00e9nt Cineshot-tal a l\u00f6v\u00e9s szimul\u00e1torban.<\/h4>\n<h4>Egy z\u00f6ld polimer hegy gondoskodik az aerodinamikus form\u00e1r\u00f3l \u00e9s a gyors \u00e9s ir\u00e1ny\u00edtott becsap\u00f3d\u00e1sr\u00f3l a vad test\u00e9be. Az \u00fagy nevezett Boattail h\u00e1ts\u00f3 r\u00e9sz m\u00e9g pluszban n\u00f6veli a l\u00f6ved\u00e9k pontoss\u00e1g\u00e1t. Becsap\u00f3d\u00e1skor a l\u00f6ved\u00e9k majdnem a fel\u00e9ig gomb\u00e1sodik \u00e9s \u00edgy a kaliber dupl\u00e1j\u00e1ra n\u00f6veli a keresztmetszet\u00e9t. Ek\u00f6zben szinte a teljes s\u00faly\u00e1t megtartja.<\/h4>\n<h4>A l\u00f6ved\u00e9k \u00fagy van kialak\u00edtva, hogy k\u00f6zelre \u00e9s nagy t\u00e1vols\u00e1gokn\u00e1l is elegend\u0151 \u00e1t\u00fct\u0151er\u0151vel \u00e9s energi\u00e1val rendelkezik, hogy a vadat a vad\u00e1szokhoz m\u00e9lt\u00f3an leter\u00edtse.<strong>Az Ecostrike l\u00f6ved\u00e9k semmiben sem marad le egy norm\u00e1l \u00f3lomtartalm\u00fa l\u00f6ved\u00e9kt\u0151l.<\/strong><\/h4>\n<p><iframe loading=\"lazy\" title=\"Norma Ecostrike calibre .30-06 Springfield\" width=\"1080\" height=\"608\" src=\"https:\/\/www.youtube.com\/embed\/j44Sbpacrz0?feature=oembed\"  allow=\"accelerometer; autoplay; clipboard-write; encrypted-media; gyroscope; picture-in-picture; web-share\" referrerpolicy=\"strict-origin-when-cross-origin\" allowfullscreen><\/iframe><\/p>\n<h4><strong>\u00a0Tov\u00e1bbi Kaliberek:<\/strong><\/h4>\n<h4>7 mm Rem.Mag.<\/h4>\n<h4>7 x 64<\/h4>\n<h4>7 x 65 R<\/h4>\n<h4>308 Win.<\/h4>\n<h4>30-06 Spring<\/h4>\n<h4>300 Win.Mag.<\/h4>\n<h4>300 WSM<\/h4>\n<h4>8 x 57 IS<\/h4>\n<h4>8 x 57 IRS<\/h4>\n<h4>9,3 x 62<\/h4>\n<h4>9,3 x 74 R<\/h4>\n<h4>A le\u00edr\u00e1sban szerepl\u0151 adatok t\u00e1j\u00e9koztat\u00f3 jelleg\u0171ek, t\u00edpusonk\u00e9nt v\u00e1ltozhat!<br \/>\nKaliberekr\u0151l aktu\u00e1lis \u00e1rakr\u00f3l \u00e9s egy\u00e9b inform\u00e1ci\u00f3kr\u00f3l k\u00e9rj\u00fck \u00e9rdekl\u0151dj\u00f6n!<\/h4>\n<h4><strong>A fegyvert\u00f6rv\u00e9ny \u00e9rtelm\u00e9ben, fegyvert, l\u0151szert kiz\u00e1r\u00f3lag szem\u00e9lyesen,az \u00fczletben fegyvertart\u00e1si enged\u00e9ly birtok\u00e1ban lehet v\u00e1s\u00e1rolni!<\/strong><br \/>\n<strong>A webshopban megrendelt fegyverek \u00e9s l\u0151szerek NEM ker\u00fclnek kisz\u00e1ll\u00edt\u00e1sra!\u00a0 Tov\u00e1bbi inform\u00e1ci\u00f3\u00e9rt l\u00e1togasson el boltunkba!<\/strong><\/h4>\n<h4>Az \u00e1rak t\u00e1j\u00e9koztat\u00f3 jelleg\u0171ek nem min\u0151s\u00fcl hivatalos aj\u00e1nlat t\u00e9telnek!<br \/>\nAz \u00e1rv\u00e1ltoz\u00e1s jog\u00e1t fenntartjuk!<\/h4>\n<h4><\/h4>\n<p>&nbsp;<\/p>\n","protected":false},"excerpt":{"rendered":"<p>https:\/\/www.youtube.com\/watch?v=j44Sbpacrz0<\/p>\n","protected":false},"featured_media":7193,"comment_status":"open","ping_status":"closed","template":"","meta":{"_et_pb_use_builder":"","_et_pb_old_content":"","_et_gb_content_width":"","om_disable_all_campaigns":false},"product_brand":[],"product_cat":[21,225,224,237,232,226,238,242,243,227,244,199,200,201,218],"product_tag":[205,251,230,217,70,221],"class_list":{"0":"post-754","1":"product","2":"type-product","3":"status-publish","4":"has-post-thumbnail","6":"product_cat-uj","7":"product_cat-225","8":"product_cat-224","9":"product_cat-300-wsm","10":"product_cat-7mm-rem-mag","11":"product_cat-7x64","12":"product_cat-7x65-r","13":"product_cat-8x57-irs","14":"product_cat-8x57-is","15":"product_cat-93x62","16":"product_cat-93x74r","17":"product_cat-golyos-loszerek","18":"product_cat-kaliber","19":"product_cat-marka-golyos-loszerek","20":"product_cat-norma","21":"product_tag-golyos-loszer","22":"product_tag-norma-ecostrike","23":"product_tag-norma-loszer","24":"product_tag-olommnentes-loszer","25":"product_tag-vadaszat","26":"product_tag-vadaszloszer","28":"first","29":"instock","30":"taxable","31":"shipping-taxable","32":"purchasable","33":"product-type-simple"},"_links":{"self":[{"href":"https:\/\/www.vadaszboltcsorna.hu\/index.php\/wp-json\/wp\/v2\/product\/754","targetHints":{"allow":["GET"]}}],"collection":[{"href":"https:\/\/www.vadaszboltcsorna.hu\/index.php\/wp-json\/wp\/v2\/product"}],"about":[{"href":"https:\/\/www.vadaszboltcsorna.hu\/index.php\/wp-json\/wp\/v2\/types\/product"}],"replies":[{"embeddable":true,"href":"https:\/\/www.vadaszboltcsorna.hu\/index.php\/wp-json\/wp\/v2\/comments?post=754"}],"wp:featuredmedia":[{"embeddable":true,"href":"https:\/\/www.vadaszboltcsorna.hu\/index.php\/wp-json\/wp\/v2\/media\/7193"}],"wp:attachment":[{"href":"https:\/\/www.vadaszboltcsorna.hu\/index.php\/wp-json\/wp\/v2\/media?parent=754"}],"wp:term":[{"taxonomy":"product_brand","embeddable":true,"href":"https:\/\/www.vadaszboltcsorna.hu\/index.php\/wp-json\/wp\/v2\/product_brand?post=754"},{"taxonomy":"product_cat","embeddable":true,"href":"https:\/\/www.vadaszboltcsorna.hu\/index.php\/wp-json\/wp\/v2\/product_cat?post=754"},{"taxonomy":"product_tag","embeddable":true,"href":"https:\/\/www.vadaszboltcsorna.hu\/index.php\/wp-json\/wp\/v2\/product_tag?post=754"}],"curies":[{"name":"wp","href":"https:\/\/api.w.org\/{rel}","templated":true}]}}