{"id":752,"date":"2021-05-03T10:36:20","date_gmt":"2021-05-03T10:36:20","guid":{"rendered":"http:\/\/www.vadaszboltcsorna.hu\/?post_type=product&#038;p=752"},"modified":"2025-06-23T07:17:34","modified_gmt":"2025-06-23T07:17:34","slug":"norma-oryx-2","status":"publish","type":"product","link":"https:\/\/www.vadaszboltcsorna.hu\/index.php\/termek\/norma-oryx-2\/","title":{"rendered":"Norma Oryx goly\u00f3s l\u0151szer (\u00e1lt.inform\u00e1ci\u00f3k)"},"content":{"rendered":"<h2 style=\"text-align: center;\"><strong>Norma Oryx<\/strong><\/h2>\n<p style=\"text-align: center;\">\n<h4 style=\"text-align: center;\">Az Oryx \u00fagy fest , mint egy kiss\u00e9 csapott hegy\u0171, \u00f3lomv\u00e9g\u0171 osztott l\u00f6ved\u00e9k , a k\u00fcl\u00f6nbs\u00e9g\u00a0 az , hogy az \u00f3lommag k\u00e9miai elj\u00e1r\u00e1ssal k\u00f6t\u00f6tt a tombak burkolathoz. Ide\u00e1lisan gomb\u00e1sodik , ar\u00e1nylag gyorsan , teljes t\u00f6meg\u00e9b\u0151l t\u00f6bb mint 90%-ot meg\u0151riz, m\u00e9lyre hatol, j\u00f3 a ballisztik\u00e1ja.<\/h4>\n<p>&nbsp;<\/p>\n<p><iframe loading=\"lazy\" title=\"Norma Oryx calibre .30-06\" width=\"1080\" height=\"608\" src=\"https:\/\/www.youtube.com\/embed\/qKSHbELAlaI?feature=oembed\"  allow=\"accelerometer; autoplay; clipboard-write; encrypted-media; gyroscope; picture-in-picture; web-share\" referrerpolicy=\"strict-origin-when-cross-origin\" allowfullscreen><\/iframe><\/p>\n<p>&nbsp;<\/p>\n<h4>El\u00e9rhet\u0151 kaliberek:<\/h4>\n<h4>222 Rem.<\/h4>\n<h4>223 Rem<\/h4>\n<h4>22-250 Rem.<\/h4>\n<h4>243 Win.<\/h4>\n<h4>6,5 x 55 SE<\/h4>\n<h4>270 Win.<\/h4>\n<h4>270 WSM<\/h4>\n<h4>7 X57 R<\/h4>\n<h4>7X57<\/h4>\n<h4>7X 65 R<\/h4>\n<h4>7&#215;64<\/h4>\n<h4>7 mm Rem Mag<\/h4>\n<h4>308 Win<\/h4>\n<h4>30-06 Spring<\/h4>\n<h4>300 WSM<\/h4>\n<h4>308 Norma Mag.<\/h4>\n<h4>300 Win. Mag<\/h4>\n<h4>8X57 IRS<\/h4>\n<h4>8X57 IS<\/h4>\n<h4>338 Win.Mag.<\/h4>\n<h4>358 Norma Mag.<\/h4>\n<h4>9,3&#215;57<\/h4>\n<h4>9,3 x 62<\/h4>\n<h4>9,3 x 74 R<\/h4>\n<h4 style=\"text-align: center;\"><em>A le\u00edr\u00e1sban szerepl\u0151 adatok t\u00e1j\u00e9koztat\u00f3 jelleg\u0171ek, t\u00edpusonk\u00e9nt v\u00e1ltozhat!<\/em><br \/>\n<em>Kaliberekr\u0151l, aktu\u00e1lis \u00e1rakr\u00f3l \u00e9s egy\u00e9b inform\u00e1ci\u00f3kr\u00f3l k\u00e9rj\u00fck \u00e9rdekl\u0151dj\u00f6n!<\/em><\/h4>\n<h4 style=\"text-align: center;\"><em><strong>A fegyvert\u00f6rv\u00e9ny \u00e9rtelm\u00e9ben, fegyvert, l\u0151szert kiz\u00e1r\u00f3lag szem\u00e9lyesen,az \u00fczletben fegyvertart\u00e1si enged\u00e9ly birtok\u00e1ban lehet v\u00e1s\u00e1rolni!<\/strong><\/em><br \/>\n<em><strong>A webshopban megrendelt fegyverek \u00e9s l\u0151szerek NEM ker\u00fclnek kisz\u00e1ll\u00edt\u00e1sra!\u00a0 Tov\u00e1bbi inform\u00e1ci\u00f3\u00e9rt l\u00e1togasson el boltunkba!<\/strong><\/em><\/h4>\n<h4 style=\"text-align: center;\"><em>Az \u00e1rak t\u00e1j\u00e9koztat\u00f3 jelleg\u0171ek nem min\u0151s\u00fcl hivatalos aj\u00e1nlat t\u00e9telnek!<\/em><br \/>\n<em>Az \u00e1rv\u00e1ltoz\u00e1s jog\u00e1t fenntartjuk!<\/em><\/h4>\n<h4><\/h4>\n<p>&nbsp;<\/p>\n<p>&nbsp;<\/p>\n<p>&nbsp;<\/p>\n<p>&nbsp;<\/p>\n","protected":false},"excerpt":{"rendered":"<h2>Norma Oryx<\/h2>\n<p>https:\/\/www.youtube.com\/watch?v=qKSHbELAlaI<\/p>\n","protected":false},"featured_media":7198,"comment_status":"open","ping_status":"closed","template":"","meta":{"_et_pb_use_builder":"","_et_pb_old_content":"","_et_gb_content_width":"","om_disable_all_campaigns":false},"product_brand":[],"product_cat":[21,233,235,231,236,241,225,224,234,202,237,248,232,240,239,226,238,242,243,227,244,199,200,201,218],"product_tag":[205,250,70,221],"class_list":{"0":"post-752","1":"product","2":"type-product","3":"status-publish","4":"has-post-thumbnail","6":"product_cat-uj","7":"product_cat-222-rem","8":"product_cat-223rem","9":"product_cat-231","10":"product_cat-270-win","11":"product_cat-270wsm","12":"product_cat-225","13":"product_cat-224","14":"product_cat-22-250-rem","15":"product_cat-30-06","16":"product_cat-300-wsm","17":"product_cat-65x55se","18":"product_cat-7mm-rem-mag","19":"product_cat-7x57","20":"product_cat-7x57r","21":"product_cat-7x64","22":"product_cat-7x65-r","23":"product_cat-8x57-irs","24":"product_cat-8x57-is","25":"product_cat-93x62","26":"product_cat-93x74r","27":"product_cat-golyos-loszerek","28":"product_cat-kaliber","29":"product_cat-marka-golyos-loszerek","30":"product_cat-norma","31":"product_tag-golyos-loszer","32":"product_tag-norma-oryx","33":"product_tag-vadaszat","34":"product_tag-vadaszloszer","36":"first","37":"instock","38":"taxable","39":"shipping-taxable","40":"product-type-simple"},"_links":{"self":[{"href":"https:\/\/www.vadaszboltcsorna.hu\/index.php\/wp-json\/wp\/v2\/product\/752","targetHints":{"allow":["GET"]}}],"collection":[{"href":"https:\/\/www.vadaszboltcsorna.hu\/index.php\/wp-json\/wp\/v2\/product"}],"about":[{"href":"https:\/\/www.vadaszboltcsorna.hu\/index.php\/wp-json\/wp\/v2\/types\/product"}],"replies":[{"embeddable":true,"href":"https:\/\/www.vadaszboltcsorna.hu\/index.php\/wp-json\/wp\/v2\/comments?post=752"}],"wp:featuredmedia":[{"embeddable":true,"href":"https:\/\/www.vadaszboltcsorna.hu\/index.php\/wp-json\/wp\/v2\/media\/7198"}],"wp:attachment":[{"href":"https:\/\/www.vadaszboltcsorna.hu\/index.php\/wp-json\/wp\/v2\/media?parent=752"}],"wp:term":[{"taxonomy":"product_brand","embeddable":true,"href":"https:\/\/www.vadaszboltcsorna.hu\/index.php\/wp-json\/wp\/v2\/product_brand?post=752"},{"taxonomy":"product_cat","embeddable":true,"href":"https:\/\/www.vadaszboltcsorna.hu\/index.php\/wp-json\/wp\/v2\/product_cat?post=752"},{"taxonomy":"product_tag","embeddable":true,"href":"https:\/\/www.vadaszboltcsorna.hu\/index.php\/wp-json\/wp\/v2\/product_tag?post=752"}],"curies":[{"name":"wp","href":"https:\/\/api.w.org\/{rel}","templated":true}]}}