{"id":7439,"date":"2025-05-02T09:10:59","date_gmt":"2025-05-02T09:10:59","guid":{"rendered":"https:\/\/www.vadaszboltcsorna.hu\/?post_type=product&#038;p=7439"},"modified":"2025-05-10T14:39:34","modified_gmt":"2025-05-10T14:39:34","slug":"sytong-xs03-35lrf-hokamera-tavolsagmerovel","status":"publish","type":"product","link":"https:\/\/www.vadaszboltcsorna.hu\/index.php\/termek\/sytong-xs03-35lrf-hokamera-tavolsagmerovel\/","title":{"rendered":"Sytong XS03-35LRF h\u0151kamera t\u00e1vols\u00e1gm\u00e9r\u0151vel"},"content":{"rendered":"<h3 style=\"text-align: center;\">\u2728 <strong data-start=\"2046\" data-end=\"2082\">L\u00e1ss messzebb, m\u00e9rj pontosabban!<\/strong> A <strong data-start=\"2085\" data-end=\"2106\">Sytong XS03-35LRF<\/strong> egy <strong data-start=\"2111\" data-end=\"2177\">kompakt m\u00e9ret\u0171, m\u00e9gis nagy teljes\u00edtm\u00e9ny\u0171 h\u0151kamera t\u00e1vols\u00e1gm\u00e9r\u0151<\/strong>, amellyel ak\u00e1r <strong data-start=\"2193\" data-end=\"2209\">1750 m\u00e9terre<\/strong> is ell\u00e1thatsz. A <strong data-start=\"2227\" data-end=\"2264\">1200 m\u00e9teres l\u00e9zeres t\u00e1vols\u00e1gm\u00e9r\u0151<\/strong>, az <strong data-start=\"2269\" data-end=\"2305\">\u00e9les 384\u00d7288 felbont\u00e1s\u00fa \u00e9rz\u00e9kel\u0151<\/strong> \u00e9s a <strong data-start=\"2311\" data-end=\"2336\">2,8x optikai nagy\u00edt\u00e1s<\/strong> gondoskodnak arr\u00f3l, hogy <strong data-start=\"2362\" data-end=\"2395\">semmi ne maradjon \u00e9szrev\u00e9tlen<\/strong>.<\/h3>\n<p>&nbsp;<\/p>\n<h5><strong>Le\u00edr\u00e1s:<\/strong>Sytong XS03-35LRF h\u0151kamera t\u00e1vols\u00e1gm\u00e9r\u0151vel<\/p>\n<p>A Sytong XS03-35LRF h\u0151kamera t\u00e1vols\u00e1gm\u00e9r\u0151vel ide\u00e1lis hosszabb t\u00e1vols\u00e1gokra is. Nagyobb, 2,8-szoros nagy\u00edt\u00e1ssal \u00e9s sz\u0171kebb l\u00e1t\u00f3mez\u0151vel rendelkezik, amely hasznos a nagy hat\u00f3t\u00e1vols\u00e1g\u00fa h\u0151\u00e9rz\u00e9kel\u00e9shez. Az XS03-35LRF a Sytong leg\u00fajabb mini termikus k\u00e9zi keres\u0151je, amely 1200 m\u00e9teres l\u00e9zeres t\u00e1vols\u00e1gm\u00e9r\u0151vel, cser\u00e9lhet\u0151 18650-es \u00e1ramforr\u00e1ssal, 30 mk alatti NETD-vel \u00e9s a lehet\u0151 legkisebb csomagm\u00e9rettel rendelkezik.<br \/>\nLe\u00edr\u00e1s<br \/>\nSytong XS03-35LRF Thermal k\u00e9zi monokul\u00e1r t\u00e1vols\u00e1gm\u00e9r\u0151vel<br \/>\nA Sytong XS03-35LRF a Sytong 12 mikronos, 384 \u00d7 288-as, 30 mk alatti NETD \u00e9rz\u00e9kel\u0151j\u00e9t 35 mm\/F1.0 gy\u00fajt\u00f3t\u00e1vols\u00e1ggal kombin\u00e1lja. Az \u00e1ramell\u00e1t\u00e1st egyetlen cser\u00e9lhet\u0151 18650-es akkumul\u00e1tor biztos\u00edtja.<br \/>\nM\u0171szaki adatok:<br \/>\n\u00c9rz\u00e9kel\u0151<br \/>\nT\u00edpus: h\u0171tetlen<br \/>\nFelbont\u00e1s, pixelek: 384\u00d7288<br \/>\nK\u00e9pkockasebess\u00e9g: 50 Hz<br \/>\nPixeloszt\u00e1s: 12\u03bcm<br \/>\nNETD: &lt;30mK<br \/>\nOptikai jellemz\u0151k:<br \/>\nObjekt\u00edv lencse: f35 \/ F1.0<br \/>\nNagy\u00edt\u00e1s: 2,8X<br \/>\nFolyamatos digit\u00e1lis zoom: x1 \/ x2 \/ x4 \/ x8<br \/>\nSzemk\u00f6nny\u00edt\u00e9s: 20 mm<br \/>\nDioptria be\u00e1ll\u00edt\u00e1s: +5\/-5 D<br \/>\n\u00c9rz\u00e9kel\u00e9si t\u00e1vols\u00e1g (1,7 m magas, 0,5 m sz\u00e9les): 1750 m<br \/>\nK\u00f6zel -felfel\u00e9 hat\u00f3t\u00e1v: 5m-\u221e<br \/>\nL\u00e1t\u00f3mez\u0151: 7,5\u00b0x5,7\u00b0<\/p>\n<p>Kijelz\u0151:<br \/>\nSz\u00ednpalett\u00e1k: Black Hot, White Hot, Red Hot, Fusion, Sky<br \/>\nType \/ Felbont\u00e1s: 0,39 h\u00fcvelyk \/ AMOLED \/ 1024X768<br \/>\nM\u0171k\u00f6d\u00e9si jellemz\u0151k:<br \/>\n3D giroszk\u00f3p: nincs<br \/>\nT\u00e1pell\u00e1t\u00e1s: 3-4,2 V<br \/>\nAkkumul\u00e1tor: 18650 \/3200mAh<br \/>\nK\u00fcls\u0151 t\u00e1pegys\u00e9g: 5V (USB)<br \/>\nM\u0171k\u00f6d\u00e9si id\u0151 (t=22\u2103-n\u00e1l): 5 \u00f3ra<br \/>\nMax. visszar\u00fag\u00e1si teljes\u00edtm\u00e9ny, Joule:<br \/>\nV\u00edz\u00e1ll\u00f3s\u00e1g: IP66<br \/>\nM\u0171k\u00f6d\u00e9si h\u0151m\u00e9rs\u00e9klet: \ufe6320\u2103\u202650\u2103<br \/>\nM\u00e9retek: 156X54X75mm<br \/>\nS\u00faly: 308g<br \/>\nVideo:<br \/>\nVide\u00f3\/fot\u00f3 felbont\u00e1s: 1024\u00d7768<br \/>\nVide\u00f3\/fot\u00f3 form\u00e1tum: .mp4 \/ .jpg<br \/>\nMem\u00f3ria t\u00edpusa: Be\u00e9p\u00edtett 32G mem\u00f3riak\u00e1rtya<\/p>\n<p>Wifi csatorna:<br \/>\nFrekvencia: 2,4 GHz<br \/>\nNorm\u00e1l: 802,11 b\/g<br \/>\nL\u00e1t\u00f3t\u00e1vols\u00e1g: 15 m<br \/>\nT\u00e1vols\u00e1gm\u00e9r\u0151:<br \/>\nHull\u00e1mhossz: 905 nm<br \/>\nmax. m\u00e9r\u00e9si tartom\u00e1ny: 1200m<br \/>\nM\u00e9r\u00e9si pontoss\u00e1g: +\/- 1m<\/h5>\n","protected":false},"excerpt":{"rendered":"<p>\u2728 L\u00e1ss messzebb, m\u00e9rj pontosabban! A Sytong XS03-35LRF egy kompakt m\u00e9ret\u0171, m\u00e9gis nagy teljes\u00edtm\u00e9ny\u0171 h\u0151kamera t\u00e1vols\u00e1gm\u00e9r\u0151, amellyel ak\u00e1r 1750 m\u00e9terre is ell\u00e1thatsz. A 1200 m\u00e9teres l\u00e9zeres t\u00e1vols\u00e1gm\u00e9r\u0151, az \u00e9les 384\u00d7288 felbont\u00e1s\u00fa \u00e9rz\u00e9kel\u0151 \u00e9s a 2,8x optikai nagy\u00edt\u00e1s gondoskodnak arr\u00f3l, hogy semmi ne maradjon \u00e9szrev\u00e9tlen. &nbsp; Le\u00edr\u00e1s:Sytong XS03-35LRF h\u0151kamera t\u00e1vols\u00e1gm\u00e9r\u0151vel A Sytong XS03-35LRF h\u0151kamera t\u00e1vols\u00e1gm\u00e9r\u0151vel ide\u00e1lis [&hellip;]<\/p>\n","protected":false},"featured_media":7440,"comment_status":"open","ping_status":"closed","template":"","meta":{"_et_pb_use_builder":"","_et_pb_old_content":"","_et_gb_content_width":"","om_disable_all_campaigns":false},"product_brand":[],"product_cat":[21,447,448],"product_tag":[1486],"class_list":{"0":"post-7439","1":"product","2":"type-product","3":"status-publish","4":"has-post-thumbnail","6":"product_cat-uj","7":"product_cat-hokamera","8":"product_cat-kereso-hokamera","9":"product_tag-sytong-xs03-35lrf-hokamera-tavolsagmerovel","11":"first","12":"instock","13":"sale","14":"taxable","15":"shipping-taxable","16":"purchasable","17":"product-type-simple"},"_links":{"self":[{"href":"https:\/\/www.vadaszboltcsorna.hu\/index.php\/wp-json\/wp\/v2\/product\/7439","targetHints":{"allow":["GET"]}}],"collection":[{"href":"https:\/\/www.vadaszboltcsorna.hu\/index.php\/wp-json\/wp\/v2\/product"}],"about":[{"href":"https:\/\/www.vadaszboltcsorna.hu\/index.php\/wp-json\/wp\/v2\/types\/product"}],"replies":[{"embeddable":true,"href":"https:\/\/www.vadaszboltcsorna.hu\/index.php\/wp-json\/wp\/v2\/comments?post=7439"}],"wp:featuredmedia":[{"embeddable":true,"href":"https:\/\/www.vadaszboltcsorna.hu\/index.php\/wp-json\/wp\/v2\/media\/7440"}],"wp:attachment":[{"href":"https:\/\/www.vadaszboltcsorna.hu\/index.php\/wp-json\/wp\/v2\/media?parent=7439"}],"wp:term":[{"taxonomy":"product_brand","embeddable":true,"href":"https:\/\/www.vadaszboltcsorna.hu\/index.php\/wp-json\/wp\/v2\/product_brand?post=7439"},{"taxonomy":"product_cat","embeddable":true,"href":"https:\/\/www.vadaszboltcsorna.hu\/index.php\/wp-json\/wp\/v2\/product_cat?post=7439"},{"taxonomy":"product_tag","embeddable":true,"href":"https:\/\/www.vadaszboltcsorna.hu\/index.php\/wp-json\/wp\/v2\/product_tag?post=7439"}],"curies":[{"name":"wp","href":"https:\/\/api.w.org\/{rel}","templated":true}]}}