{"id":741,"date":"2021-05-03T09:52:16","date_gmt":"2021-05-03T09:52:16","guid":{"rendered":"http:\/\/www.vadaszboltcsorna.hu\/?post_type=product&#038;p=741"},"modified":"2025-06-23T07:15:25","modified_gmt":"2025-06-23T07:15:25","slug":"norma-alaska","status":"publish","type":"product","link":"https:\/\/www.vadaszboltcsorna.hu\/index.php\/termek\/norma-alaska\/","title":{"rendered":"Norma Alaska goly\u00f3s l\u0151szer (\u00e1lt.inform\u00e1ci\u00f3k)"},"content":{"rendered":"<h4 style=\"text-align: center;\"><strong>Norma Alaska<\/strong><\/h4>\n<h4 style=\"text-align: center;\">Az 1940-es \u00e9vekt\u0151l kezdve folyamatosan gy\u00e1rtj\u00e1k.<\/h4>\n<h4 style=\"text-align: center;\">K\u00fcl\u00f6n\u00f6sen m\u00e9lys\u00e9gi hat\u00e1s\u00e1t dics\u00e9rik, f\u0151k\u00e9nt nagyvadfajokra fejlesztett\u00e9k ki.<\/h4>\n<h4 style=\"text-align: center;\">\u00a0Ez egy j\u00f3l bev\u00e1lt softpoint goly\u00f3, puha, aranyozott mag, amely gyors \u00e9s massz\u00edv gomb\u00e1sod\u00e1st biztos\u00edt.<\/h4>\n<p><iframe loading=\"lazy\" title=\"Norma Alaskan 156 Grain Bullet - Gel Block Bullet Performance Video\" width=\"1080\" height=\"608\" src=\"https:\/\/www.youtube.com\/embed\/dbHRMibPzLs?feature=oembed\"  allow=\"accelerometer; autoplay; clipboard-write; encrypted-media; gyroscope; picture-in-picture; web-share\" referrerpolicy=\"strict-origin-when-cross-origin\" allowfullscreen><\/iframe><\/p>\n<p>&nbsp;<\/p>\n<p>&nbsp;<\/p>\n<h4><strong>El\u00e9rhet\u0151 kaliberek:<\/strong><\/h4>\n<h4>6,x55SE<\/h4>\n<h4>7,62x54R<\/h4>\n<h4>.308 Win.<\/h4>\n<h4>.30-06 Spring<\/h4>\n<h4>8x57IRS<\/h4>\n<h4>8X57 IS<\/h4>\n<h4>9,3X62<\/h4>\n<h4>9,3X74R<\/h4>\n<p>&nbsp;<\/p>\n<p>&nbsp;<\/p>\n<h4 style=\"text-align: center;\"><em><strong>Felh\u00edvn\u00e1nk figyelm\u00e9t, hogy a term\u00e9kn\u00e9l interneten csak v\u00e1s\u00e1rl\u00e1si sz\u00e1nd\u00e9k\u00e1t jelezheti, v\u00e1s\u00e1rl\u00e1sa csak szem\u00e9lyes \u00e1tv\u00e9tellel lehets\u00e9ges!<\/strong><\/em><\/h4>\n<h5 style=\"text-align: center;\"><em><strong>AZ ENGED\u00c9LYK\u00d6TELES FEGYVEREK, L\u0150SZEREK CSAK SZEM\u00c9LYESEN V\u00c1S\u00c1ROLHAT\u00d3AK MEG. AZ \u00c1TV\u00c9TEL\u00c9HEZ SZ\u00dcKS\u00c9G VAN A V\u00c1S\u00c1RL\u00d3 \u00c9RV\u00c9NYES FEGYVERTART\u00c1SI ENGED\u00c9LY\u00c9RE, SZEM\u00c9LYI IGAZOLV\u00c1NY\u00c1RA, LAKC\u00cdMK\u00c1RTY\u00c1J\u00c1RA!\u00a0\u00a0<\/strong><\/em><\/h5>\n<h4><\/h4>\n<p>&nbsp;<\/p>\n","protected":false},"excerpt":{"rendered":"<p>Norma Alaska Az 1940-es \u00e9vekt\u0151l kezdve folyamatosan gy\u00e1rtj\u00e1k. K\u00fcl\u00f6n\u00f6sen m\u00e9lys\u00e9gi hat\u00e1s\u00e1t dics\u00e9rik, f\u0151k\u00e9nt nagyvadfajokra fejlesztett\u00e9k ki. \u00a0Ez egy j\u00f3l bev\u00e1lt softpoint goly\u00f3, puha, aranyozott mag, amely gyors \u00e9s massz\u00edv gomb\u00e1sod\u00e1st biztos\u00edt. &nbsp; &nbsp; El\u00e9rhet\u0151 kaliberek: 6,x55SE 7,62x54R .308 Win. .30-06 Spring 8x57IRS 8X57 IS 9,3X62 9,3X74R &nbsp; &nbsp; Felh\u00edvn\u00e1nk figyelm\u00e9t, hogy a term\u00e9kn\u00e9l interneten csak [&hellip;]<\/p>\n","protected":false},"featured_media":7193,"comment_status":"open","ping_status":"closed","template":"","meta":{"_et_pb_use_builder":"","_et_pb_old_content":"","_et_gb_content_width":"","om_disable_all_campaigns":false},"product_brand":[],"product_cat":[21,224,202,243,227,244,199,200,218],"product_tag":[205,245,70,221],"class_list":{"0":"post-741","1":"product","2":"type-product","3":"status-publish","4":"has-post-thumbnail","6":"product_cat-uj","7":"product_cat-224","8":"product_cat-30-06","9":"product_cat-8x57-is","10":"product_cat-93x62","11":"product_cat-93x74r","12":"product_cat-golyos-loszerek","13":"product_cat-kaliber","14":"product_cat-norma","15":"product_tag-golyos-loszer","16":"product_tag-norma-alaska","17":"product_tag-vadaszat","18":"product_tag-vadaszloszer","20":"first","21":"instock","22":"taxable","23":"shipping-taxable","24":"product-type-simple"},"_links":{"self":[{"href":"https:\/\/www.vadaszboltcsorna.hu\/index.php\/wp-json\/wp\/v2\/product\/741","targetHints":{"allow":["GET"]}}],"collection":[{"href":"https:\/\/www.vadaszboltcsorna.hu\/index.php\/wp-json\/wp\/v2\/product"}],"about":[{"href":"https:\/\/www.vadaszboltcsorna.hu\/index.php\/wp-json\/wp\/v2\/types\/product"}],"replies":[{"embeddable":true,"href":"https:\/\/www.vadaszboltcsorna.hu\/index.php\/wp-json\/wp\/v2\/comments?post=741"}],"wp:featuredmedia":[{"embeddable":true,"href":"https:\/\/www.vadaszboltcsorna.hu\/index.php\/wp-json\/wp\/v2\/media\/7193"}],"wp:attachment":[{"href":"https:\/\/www.vadaszboltcsorna.hu\/index.php\/wp-json\/wp\/v2\/media?parent=741"}],"wp:term":[{"taxonomy":"product_brand","embeddable":true,"href":"https:\/\/www.vadaszboltcsorna.hu\/index.php\/wp-json\/wp\/v2\/product_brand?post=741"},{"taxonomy":"product_cat","embeddable":true,"href":"https:\/\/www.vadaszboltcsorna.hu\/index.php\/wp-json\/wp\/v2\/product_cat?post=741"},{"taxonomy":"product_tag","embeddable":true,"href":"https:\/\/www.vadaszboltcsorna.hu\/index.php\/wp-json\/wp\/v2\/product_tag?post=741"}],"curies":[{"name":"wp","href":"https:\/\/api.w.org\/{rel}","templated":true}]}}