{"id":7406,"date":"2025-04-14T11:50:05","date_gmt":"2025-04-14T11:50:05","guid":{"rendered":"https:\/\/www.vadaszboltcsorna.hu\/?post_type=product&#038;p=7406"},"modified":"2025-05-03T16:55:41","modified_gmt":"2025-05-03T16:55:41","slug":"nocpix-quest-h35r-ketszemes-tavmeros-hokamera","status":"publish","type":"product","link":"https:\/\/www.vadaszboltcsorna.hu\/index.php\/termek\/nocpix-quest-h35r-ketszemes-tavmeros-hokamera\/","title":{"rendered":"Nocpix Quest H35R \u2013 K\u00e9tszemes t\u00e1vm\u00e9r\u0151s h\u0151kamera"},"content":{"rendered":"<h2 style=\"text-align: center;\" data-start=\"291\" data-end=\"353\"><strong>Nocpix Quest H35R \u2013 K\u00e9tszemes t\u00e1vm\u00e9r\u0151s h\u0151kamera<\/strong><\/h2>\n<p>&nbsp;<\/p>\n<p class=\"\" data-start=\"291\" data-end=\"353\">\ud83c\udfaf <strong data-start=\"294\" data-end=\"353\">Kompromisszumok n\u00e9lk\u00fcli megfigyel\u00e9s \u2013 \u00faj szintre emelve<\/strong><\/p>\n<p class=\"\" data-start=\"355\" data-end=\"627\">A <strong data-start=\"357\" data-end=\"378\">Nocpix Quest H35R<\/strong> a leg\u00fajabb gener\u00e1ci\u00f3s <strong data-start=\"401\" data-end=\"423\">k\u00e9tszemes h\u0151kamera<\/strong> be\u00e9p\u00edtett t\u00e1vols\u00e1gm\u00e9r\u0151vel, amely t\u00f6k\u00e9letes t\u00e1rs a vad\u00e1szathoz, megfigyel\u00e9shez vagy hivat\u00e1sos felhaszn\u00e1l\u00e1shoz. Kompakt, ergonomikus \u00e9s intelligens \u2013 mindent tud, amit a modern terepi haszn\u00e1lat megk\u00f6vetel.<\/p>\n<hr class=\"\" data-start=\"629\" data-end=\"632\" \/>\n<h3 class=\"\" data-start=\"634\" data-end=\"667\">\u2705 <strong data-start=\"640\" data-end=\"667\">Kiemelked\u0151 kezelhet\u0151s\u00e9g<\/strong><\/h3>\n<ul data-start=\"669\" data-end=\"901\">\n<li class=\"\" data-start=\"669\" data-end=\"742\">\n<p class=\"\" data-start=\"671\" data-end=\"742\"><strong data-start=\"671\" data-end=\"700\">K\u00f6z\u00e9pre helyezett zoomkar<\/strong> \u2013 egy ujjal \u00e1ll\u00edthat\u00f3, ak\u00e1r keszty\u0171ben is<\/p>\n<\/li>\n<li class=\"\" data-start=\"743\" data-end=\"831\">\n<p class=\"\" data-start=\"745\" data-end=\"831\"><strong data-start=\"745\" data-end=\"770\">Minimaliz\u00e1lt vez\u00e9rl\u00e9s<\/strong> \u2013 6 helyett csak 4 gomb a gyorsabb, intuit\u00edvabb haszn\u00e1lathoz<\/p>\n<\/li>\n<li class=\"\" data-start=\"832\" data-end=\"901\">\n<p class=\"\" data-start=\"834\" data-end=\"901\"><strong data-start=\"834\" data-end=\"879\">K\u00f6nnyed f\u00f3kusz\u00e1l\u00e1s, zoom \u00e9s t\u00e1vols\u00e1gm\u00e9r\u00e9s<\/strong> \u2013 mind\u00f6ssze k\u00e9t ujjal<\/p>\n<\/li>\n<\/ul>\n<hr class=\"\" data-start=\"903\" data-end=\"906\" \/>\n<h3 class=\"\" data-start=\"908\" data-end=\"955\">\ud83d\udd90\ufe0f <strong data-start=\"916\" data-end=\"955\">Ergonomikus, t\u00e1vcs\u0151szer\u0171 kialak\u00edt\u00e1s<\/strong><\/h3>\n<ul data-start=\"957\" data-end=\"1132\">\n<li class=\"\" data-start=\"957\" data-end=\"1011\">\n<p class=\"\" data-start=\"959\" data-end=\"1011\">Klasszikus t\u00e1vcs\u0151 forma, <strong data-start=\"984\" data-end=\"1011\">stabil, k\u00e9nyelmes fog\u00e1s<\/strong><\/p>\n<\/li>\n<li class=\"\" data-start=\"1012\" data-end=\"1077\">\n<p class=\"\" data-start=\"1014\" data-end=\"1077\">Hosszan tart\u00f3 megfigyel\u00e9s eset\u00e9n is <strong data-start=\"1050\" data-end=\"1077\">f\u00e1rad\u00e1smentes haszn\u00e1lat<\/strong><\/p>\n<\/li>\n<li class=\"\" data-start=\"1078\" data-end=\"1132\">\n<p class=\"\" data-start=\"1080\" data-end=\"1132\">Kifejezetten <strong data-start=\"1093\" data-end=\"1123\">mozg\u00e9kony terepviszonyokra<\/strong> tervezve<\/p>\n<\/li>\n<\/ul>\n<p><img loading=\"lazy\" decoding=\"async\" class=\"aligncenter wp-image-7411 size-large\" src=\"https:\/\/www.vadaszboltcsorna.hu\/wp-content\/uploads\/2025\/04\/NPXQH50R_w2-1024x338.png\" alt=\"\" width=\"1024\" height=\"338\" srcset=\"https:\/\/www.vadaszboltcsorna.hu\/wp-content\/uploads\/2025\/04\/NPXQH50R_w2-1024x338.png 1024w, https:\/\/www.vadaszboltcsorna.hu\/wp-content\/uploads\/2025\/04\/NPXQH50R_w2-980x323.png 980w, https:\/\/www.vadaszboltcsorna.hu\/wp-content\/uploads\/2025\/04\/NPXQH50R_w2-480x158.png 480w\" sizes=\"(min-width: 0px) and (max-width: 480px) 480px, (min-width: 481px) and (max-width: 980px) 980px, (min-width: 981px) 1024px, 100vw\" \/><\/p>\n<hr class=\"\" data-start=\"1134\" data-end=\"1137\" \/>\n<h3 class=\"\" data-start=\"1139\" data-end=\"1173\">\u2696\ufe0f <strong data-start=\"1146\" data-end=\"1173\">Pehelys\u00faly\u00fa konstrukci\u00f3<\/strong><\/h3>\n<ul data-start=\"1175\" data-end=\"1274\">\n<li class=\"\" data-start=\"1175\" data-end=\"1230\">\n<p class=\"\" data-start=\"1177\" data-end=\"1230\"><strong data-start=\"1177\" data-end=\"1191\">Csak 700 g<\/strong> \u2013 ultrak\u00f6nny\u0171, m\u00e9gis massz\u00edv fel\u00e9p\u00edt\u00e9s<\/p>\n<\/li>\n<li class=\"\" data-start=\"1231\" data-end=\"1274\">\n<p class=\"\" data-start=\"1233\" data-end=\"1274\">Mozg\u00e1s k\u00f6zben is stabilan k\u00e9zben tarthat\u00f3<\/p>\n<\/li>\n<\/ul>\n<hr class=\"\" data-start=\"1276\" data-end=\"1279\" \/>\n<h3 class=\"\" data-start=\"1281\" data-end=\"1325\">\ud83d\udda5\ufe0f <strong data-start=\"1289\" data-end=\"1325\">Magas szint\u0171 megfigyel\u00e9si \u00e9lm\u00e9ny<\/strong><\/h3>\n<ul data-start=\"1327\" data-end=\"1509\">\n<li class=\"\" data-start=\"1327\" data-end=\"1378\">\n<p class=\"\" data-start=\"1329\" data-end=\"1378\"><strong data-start=\"1329\" data-end=\"1347\">AMOLED kijelz\u0151<\/strong>: 0,72&#8243;, 1920\u00d71200 felbont\u00e1ssal<\/p>\n<\/li>\n<li class=\"\" data-start=\"1379\" data-end=\"1438\">\n<p class=\"\" data-start=\"1381\" data-end=\"1438\"><strong data-start=\"1381\" data-end=\"1408\">10 mm-es kil\u00e9p\u0151 pupilla<\/strong> \u2013 k\u00e9nyelmes szemhez illeszt\u00e9s<\/p>\n<\/li>\n<li class=\"\" data-start=\"1439\" data-end=\"1509\">\n<p class=\"\" data-start=\"1441\" data-end=\"1509\"><strong data-start=\"1441\" data-end=\"1466\">60 Hz-es k\u00e9pfriss\u00edt\u00e9s<\/strong> \u2013 sima k\u00e9pmozg\u00e1s, minim\u00e1lis k\u00e9sleltet\u00e9ssel<\/p>\n<\/li>\n<\/ul>\n<hr class=\"\" data-start=\"1511\" data-end=\"1514\" \/>\n<h3 class=\"\" data-start=\"1516\" data-end=\"1565\">\ud83d\udd0d <strong data-start=\"1523\" data-end=\"1565\">P\u00e1ratlan k\u00e9pmin\u0151s\u00e9g a szenzor erej\u00e9vel<\/strong><\/h3>\n<ul data-start=\"1567\" data-end=\"1717\">\n<li class=\"\" data-start=\"1567\" data-end=\"1606\">\n<p class=\"\" data-start=\"1569\" data-end=\"1606\"><strong data-start=\"1569\" data-end=\"1597\">640\u00d7512@12\u03bcm NETD \u226415 mK<\/strong> \u00e9rz\u00e9kel\u0151<\/p>\n<\/li>\n<li class=\"\" data-start=\"1607\" data-end=\"1653\">\n<p class=\"\" data-start=\"1609\" data-end=\"1653\">Kiemelked\u0151 r\u00e9szletgazdags\u00e1g \u00e9s h\u0151\u00e9rz\u00e9kenys\u00e9g<\/p>\n<\/li>\n<li class=\"\" data-start=\"1654\" data-end=\"1717\">\n<p class=\"\" data-start=\"1656\" data-end=\"1717\">Szinte b\u00e1rmilyen id\u0151j\u00e1r\u00e1si vagy f\u00e9nyviszonyok k\u00f6z\u00f6tt hat\u00e9kony<\/p>\n<\/li>\n<\/ul>\n<p><img loading=\"lazy\" decoding=\"async\" class=\"aligncenter wp-image-7412 size-large\" src=\"https:\/\/www.vadaszboltcsorna.hu\/wp-content\/uploads\/2025\/04\/reality-1024x366.png\" alt=\"\" width=\"1024\" height=\"366\" srcset=\"https:\/\/www.vadaszboltcsorna.hu\/wp-content\/uploads\/2025\/04\/reality-980x350.png 980w, https:\/\/www.vadaszboltcsorna.hu\/wp-content\/uploads\/2025\/04\/reality-480x171.png 480w\" sizes=\"(min-width: 0px) and (max-width: 480px) 480px, (min-width: 481px) and (max-width: 980px) 980px, (min-width: 981px) 1024px, 100vw\" \/><\/p>\n<hr class=\"\" data-start=\"1719\" data-end=\"1722\" \/>\n<h3 class=\"\" data-start=\"1724\" data-end=\"1796\">\ud83e\udde0 <strong data-start=\"1731\" data-end=\"1796\">Reality+ technol\u00f3gia \u2013 Mesters\u00e9ges intelligenci\u00e1val t\u00e1mogatva<\/strong><\/h3>\n<p class=\"\" data-start=\"1798\" data-end=\"1856\">A szabadalmaztatott <strong data-start=\"1818\" data-end=\"1855\">Reality+ k\u00e9pfeldolgoz\u00f3 algoritmus<\/strong>:<\/p>\n<ul data-start=\"1857\" data-end=\"2033\">\n<li class=\"\" data-start=\"1857\" data-end=\"1886\">\n<p class=\"\" data-start=\"1859\" data-end=\"1886\">Cs\u00f6kkenti a k\u00f6rnyezeti zajt<\/p>\n<\/li>\n<li class=\"\" data-start=\"1887\" data-end=\"1932\">\n<p class=\"\" data-start=\"1889\" data-end=\"1932\">Fokozza a kontrasztot \u00e9s r\u00e9szletgazdags\u00e1got<\/p>\n<\/li>\n<li class=\"\" data-start=\"1933\" data-end=\"2033\">\n<p class=\"\" data-start=\"1935\" data-end=\"2033\">A mesters\u00e9ges intelligencia t\u00e1mogat\u00e1sa r\u00e9v\u00e9n val\u00f3s idej\u0171 k\u00e9panal\u00edzis is el\u00e9rhet\u0151 (alkalmaz\u00e1sf\u00fcgg\u0151)<\/p>\n<\/li>\n<\/ul>\n<hr class=\"\" data-start=\"2035\" data-end=\"2038\" \/>\n<h3 class=\"\" data-start=\"2040\" data-end=\"2077\">\ud83c\udfaf <strong data-start=\"2047\" data-end=\"2077\">Aj\u00e1nljuk mindenkinek, aki:<\/strong><\/h3>\n<ul data-start=\"2078\" data-end=\"2215\">\n<li class=\"\" data-start=\"2078\" data-end=\"2102\">\n<p class=\"\" data-start=\"2080\" data-end=\"2102\">Profi vagy hobbivad\u00e1sz<\/p>\n<\/li>\n<li class=\"\" data-start=\"2103\" data-end=\"2151\">\n<p class=\"\" data-start=\"2105\" data-end=\"2151\">\u00c9jjeli megfigyel\u00e9shez keres megb\u00edzhat\u00f3 eszk\u00f6zt<\/p>\n<\/li>\n<li class=\"\" data-start=\"2152\" data-end=\"2215\">\n<p class=\"\" data-start=\"2154\" data-end=\"2215\">Terepen dolgozik, \u00e9s kompromisszummentes teljes\u00edtm\u00e9nyt v\u00e1r el<\/p>\n<\/li>\n<\/ul>\n","protected":false},"excerpt":{"rendered":"<p>Nocpix Quest H35R \u2013 K\u00e9tszemes t\u00e1vm\u00e9r\u0151s h\u0151kamera &nbsp; \ud83c\udfaf Kompromisszumok n\u00e9lk\u00fcli megfigyel\u00e9s \u2013 \u00faj szintre emelve A Nocpix Quest H35R a leg\u00fajabb gener\u00e1ci\u00f3s k\u00e9tszemes h\u0151kamera be\u00e9p\u00edtett t\u00e1vols\u00e1gm\u00e9r\u0151vel, amely t\u00f6k\u00e9letes t\u00e1rs a vad\u00e1szathoz, megfigyel\u00e9shez vagy hivat\u00e1sos felhaszn\u00e1l\u00e1shoz. Kompakt, ergonomikus \u00e9s intelligens \u2013 mindent tud, amit a modern terepi haszn\u00e1lat megk\u00f6vetel. \u2705 Kiemelked\u0151 kezelhet\u0151s\u00e9g K\u00f6z\u00e9pre helyezett zoomkar [&hellip;]<\/p>\n","protected":false},"featured_media":7410,"comment_status":"open","ping_status":"closed","template":"","meta":{"_et_pb_use_builder":"","_et_pb_old_content":"","_et_gb_content_width":"","om_disable_all_campaigns":false},"product_brand":[],"product_cat":[21,447,448],"product_tag":[1793],"class_list":{"0":"post-7406","1":"product","2":"type-product","3":"status-publish","4":"has-post-thumbnail","6":"product_cat-uj","7":"product_cat-hokamera","8":"product_cat-kereso-hokamera","9":"product_tag-nocpix-quest-h35r-ketszemes-tavmeros-hokamera","11":"first","12":"instock","13":"sale","14":"taxable","15":"shipping-taxable","16":"purchasable","17":"product-type-simple"},"_links":{"self":[{"href":"https:\/\/www.vadaszboltcsorna.hu\/index.php\/wp-json\/wp\/v2\/product\/7406","targetHints":{"allow":["GET"]}}],"collection":[{"href":"https:\/\/www.vadaszboltcsorna.hu\/index.php\/wp-json\/wp\/v2\/product"}],"about":[{"href":"https:\/\/www.vadaszboltcsorna.hu\/index.php\/wp-json\/wp\/v2\/types\/product"}],"replies":[{"embeddable":true,"href":"https:\/\/www.vadaszboltcsorna.hu\/index.php\/wp-json\/wp\/v2\/comments?post=7406"}],"wp:featuredmedia":[{"embeddable":true,"href":"https:\/\/www.vadaszboltcsorna.hu\/index.php\/wp-json\/wp\/v2\/media\/7410"}],"wp:attachment":[{"href":"https:\/\/www.vadaszboltcsorna.hu\/index.php\/wp-json\/wp\/v2\/media?parent=7406"}],"wp:term":[{"taxonomy":"product_brand","embeddable":true,"href":"https:\/\/www.vadaszboltcsorna.hu\/index.php\/wp-json\/wp\/v2\/product_brand?post=7406"},{"taxonomy":"product_cat","embeddable":true,"href":"https:\/\/www.vadaszboltcsorna.hu\/index.php\/wp-json\/wp\/v2\/product_cat?post=7406"},{"taxonomy":"product_tag","embeddable":true,"href":"https:\/\/www.vadaszboltcsorna.hu\/index.php\/wp-json\/wp\/v2\/product_tag?post=7406"}],"curies":[{"name":"wp","href":"https:\/\/api.w.org\/{rel}","templated":true}]}}