{"id":7401,"date":"2025-04-14T08:13:25","date_gmt":"2025-04-14T08:13:25","guid":{"rendered":"https:\/\/www.vadaszboltcsorna.hu\/?post_type=product&#038;p=7401"},"modified":"2025-04-24T20:23:45","modified_gmt":"2025-04-24T20:23:45","slug":"nordik-agony-ragadozohivo-sip","status":"publish","type":"product","link":"https:\/\/www.vadaszboltcsorna.hu\/index.php\/termek\/nordik-agony-ragadozohivo-sip\/","title":{"rendered":"Nordik Agony ragadoz\u00f3h\u00edv\u00f3 s\u00edp"},"content":{"rendered":"<h2 class=\"\" data-start=\"212\" data-end=\"248\"><strong data-start=\"215\" data-end=\"248\">Nordik Agony ragadoz\u00f3h\u00edv\u00f3 s\u00edp<\/strong><\/h2>\n<p class=\"\" data-start=\"250\" data-end=\"332\"><strong data-start=\"250\" data-end=\"332\">\u00c9leth\u0171 szenved\u00e9shang, egyszer\u0171 haszn\u00e1lat \u2013 hat\u00e9kony r\u00f3ka- \u00e9s ragadoz\u00f3csalogat\u00f3<\/strong><\/p>\n<p class=\"\" data-start=\"334\" data-end=\"666\">A <strong data-start=\"336\" data-end=\"352\">Nordik Agony<\/strong> egy kiv\u00e1l\u00f3 min\u0151s\u00e9g\u0171, z\u00e1rt membr\u00e1nos (reed) csalik\u00fcrt, amely \u00e9leth\u0171 f\u00e1jdalom- \u00e9s szenved\u00e9shangokat k\u00e9pez. Ezek a hangok \u00f6szt\u00f6n\u00f6sen vonzz\u00e1k a r\u00f3k\u00e1kat \u00e9s m\u00e1s ragadoz\u00f3kat, hiszen az ilyen hangok gyakran zs\u00e1km\u00e1ny\u00e1llatra utalnak. A s\u00edp rendk\u00edv\u00fcl k\u00f6nnyen f\u00fajhat\u00f3, \u00edgy kezd\u0151k \u00e9s halad\u00f3k egyar\u00e1nt hat\u00e9konyan haszn\u00e1lhatj\u00e1k.<\/p>\n<blockquote data-start=\"668\" data-end=\"754\">\n<p class=\"\" data-start=\"670\" data-end=\"754\">\ud83c\udfaf <strong data-start=\"673\" data-end=\"754\">Ide\u00e1lis v\u00e1laszt\u00e1s r\u00f3kavad\u00e1szathoz, valamint egy\u00e9b ragadoz\u00f3k becsalogat\u00e1s\u00e1hoz.<\/strong><\/p>\n<\/blockquote>\n<hr class=\"\" data-start=\"756\" data-end=\"759\" \/>\n<h3 class=\"\" data-start=\"761\" data-end=\"784\"><strong data-start=\"765\" data-end=\"784\">F\u0151bb jellemz\u0151k:<\/strong><\/h3>\n<ul data-start=\"785\" data-end=\"1084\">\n<li class=\"\" data-start=\"785\" data-end=\"843\">\n<p class=\"\" data-start=\"787\" data-end=\"843\"><strong data-start=\"787\" data-end=\"816\">Z\u00e1rt membr\u00e1nos kialak\u00edt\u00e1s<\/strong> \u2013 \u00e9leth\u0171, rekedtes hangz\u00e1s<\/p>\n<\/li>\n<li class=\"\" data-start=\"844\" data-end=\"919\">\n<p class=\"\" data-start=\"846\" data-end=\"919\"><strong data-start=\"846\" data-end=\"866\">K\u00f6nny\u0171 haszn\u00e1lat<\/strong> \u2013 nem ig\u00e9nyel er\u0151kifejt\u00e9st vagy k\u00fcl\u00f6nleges technik\u00e1t<\/p>\n<\/li>\n<li class=\"\" data-start=\"920\" data-end=\"995\">\n<p class=\"\" data-start=\"922\" data-end=\"995\"><strong data-start=\"922\" data-end=\"938\">T\u00f6bbfunkci\u00f3s<\/strong> \u2013 a szarka (<em data-start=\"951\" data-end=\"958\">cs\u00f3ka<\/em>) hangj\u00e1t is hitelesen k\u00e9pes ut\u00e1nozni<\/p>\n<\/li>\n<li class=\"\" data-start=\"996\" data-end=\"1084\">\n<p class=\"\" data-start=\"998\" data-end=\"1084\"><strong data-start=\"998\" data-end=\"1021\">Kompakt \u00e9s hat\u00e9kony<\/strong> \u2013 b\u00e1rhol bevethet\u0151, legyen sz\u00f3 ny\u00edlt mez\u0151r\u0151l vagy s\u0171r\u0171 erd\u0151r\u0151l<\/p>\n<\/li>\n<\/ul>\n<blockquote data-start=\"1086\" data-end=\"1201\">\n<p class=\"\" data-start=\"1088\" data-end=\"1201\">\u26a0\ufe0f <strong data-start=\"1091\" data-end=\"1104\">Figyelem:<\/strong> A s\u00edp \u00e9rz\u00e9keny lehet a nedvess\u00e9gre a z\u00e1rt membr\u00e1n miatt \u2013 \u00fcgyelj r\u00e1, hogy ne ker\u00fclj\u00f6n bele ny\u00e1l!<\/p>\n<\/blockquote>\n<hr class=\"\" data-start=\"1203\" data-end=\"1206\" \/>\n<h3 class=\"\" data-start=\"1208\" data-end=\"1236\"><strong data-start=\"1212\" data-end=\"1236\">Haszn\u00e1lati \u00fatmutat\u00f3:<\/strong><\/h3>\n<ol data-start=\"1238\" data-end=\"1637\">\n<li class=\"\" data-start=\"1238\" data-end=\"1302\">\n<p class=\"\" data-start=\"1241\" data-end=\"1302\">Helyezd a sz\u00e1dhoz (ajkadhoz vagy fogaidhoz) a s\u00edp csutor\u00e1j\u00e1t.<\/p>\n<\/li>\n<li class=\"\" data-start=\"1303\" data-end=\"1367\">\n<p class=\"\" data-start=\"1306\" data-end=\"1367\">F\u00fajj r\u00f6vid, v\u00e1ltozatos hossz\u00fas\u00e1g\u00fa leveg\u0151impulzusokat a s\u00edpba.<\/p>\n<\/li>\n<li class=\"\" data-start=\"1368\" data-end=\"1465\">\n<p class=\"\" data-start=\"1371\" data-end=\"1465\">Haszn\u00e1lj az egyik kezeddel \u201ehangterel\u00e9st\u201d a s\u00edp el\u0151tt, ezzel m\u00e9g \u00e9leth\u0171bb\u00e9 teheted a hangz\u00e1st.<\/p>\n<\/li>\n<li class=\"\" data-start=\"1466\" data-end=\"1575\">\n<p class=\"\" data-start=\"1469\" data-end=\"1575\"><strong data-start=\"1469\" data-end=\"1506\">Ne haszn\u00e1lj er\u0151t vagy torokhangot<\/strong> \u2013 keresd meg azt a pontot, ahol a hang rekedtes \u00e9s term\u00e9szetes lesz.<\/p>\n<\/li>\n<li class=\"\" data-start=\"1576\" data-end=\"1637\">\n<p class=\"\" data-start=\"1579\" data-end=\"1637\">Ha magasabb hangot szeretn\u00e9l, n\u00f6veld a nyom\u00e1st a csutor\u00e1n.<\/p>\n<\/li>\n<\/ol>\n<p class=\"\" data-start=\"1639\" data-end=\"1671\"><strong data-start=\"1639\" data-end=\"1671\">Szarkahang (cs\u00f3ka) ut\u00e1nz\u00e1sa:<\/strong><\/p>\n<ul data-start=\"1672\" data-end=\"1779\">\n<li class=\"\" data-start=\"1672\" data-end=\"1779\">\n<p class=\"\" data-start=\"1674\" data-end=\"1779\">Harapd teljesen \u00f6ssze a s\u00edp v\u00e9g\u00e9t a fogaiddal vagy ajkaddal, majd f\u00fajj bele, mik\u00f6zben hirtelen elengeded.<\/p>\n<\/li>\n<\/ul>\n<hr class=\"\" data-start=\"1781\" data-end=\"1784\" \/>\n<h3 class=\"\" data-start=\"1786\" data-end=\"1825\"><strong data-start=\"1790\" data-end=\"1825\">Aj\u00e1nlott haszn\u00e1lati strat\u00e9gi\u00e1k:<\/strong><\/h3>\n<p class=\"\" data-start=\"1827\" data-end=\"1848\">\ud83d\udfe2 <strong data-start=\"1830\" data-end=\"1848\">Ny\u00edlt terepen:<\/strong><\/p>\n<ul data-start=\"1849\" data-end=\"1941\">\n<li class=\"\" data-start=\"1849\" data-end=\"1902\">\n<p class=\"\" data-start=\"1851\" data-end=\"1902\">15\u201320 m\u00e1sodperc intenz\u00edv h\u00edv\u00e1s, majd 2\u20133 perc csend<\/p>\n<\/li>\n<li class=\"\" data-start=\"1903\" data-end=\"1941\">\n<p class=\"\" data-start=\"1905\" data-end=\"1941\">Ism\u00e9teld 20\u201340 percig egy helysz\u00ednen<\/p>\n<\/li>\n<\/ul>\n<p class=\"\" data-start=\"1943\" data-end=\"1981\">\ud83c\udf32 <strong data-start=\"1946\" data-end=\"1981\">Kisebb mez\u0151k\u00f6n, erd\u0151s r\u00e9szeken:<\/strong><\/p>\n<ul data-start=\"1982\" data-end=\"2050\">\n<li class=\"\" data-start=\"1982\" data-end=\"2026\">\n<p class=\"\" data-start=\"1984\" data-end=\"2026\">15\u201320 m\u00e1sodperc h\u00edv\u00e1s, majd 5\u20136 perc csend<\/p>\n<\/li>\n<li class=\"\" data-start=\"2027\" data-end=\"2050\">\n<p class=\"\" data-start=\"2029\" data-end=\"2050\">Ism\u00e9teld 20\u201330 percig<\/p>\n<\/li>\n<\/ul>\n<p class=\"\" data-start=\"2052\" data-end=\"2248\">\ud83c\udfaf <strong data-start=\"2055\" data-end=\"2064\">Tipp:<\/strong> A ragadoz\u00f3k gyakran sz\u00e9llel szemben k\u00f6zel\u00edtenek \u2013 v\u00e1lassz olyan helyet, ahonnan <strong data-start=\"2145\" data-end=\"2179\">ellen\u0151rizni tudod a sz\u00e9lir\u00e1nyt<\/strong> (lefel\u00e9 f\u00faj\u00f3 sz\u00e9lir\u00e1nyt), \u00e9s mindig gondoskodj megfelel\u0151 \u00e1lc\u00e1z\u00e1sr\u00f3l!<\/p>\n<hr class=\"\" data-start=\"2250\" data-end=\"2253\" \/>\n<h3 class=\"\" data-start=\"2255\" data-end=\"2289\"><strong data-start=\"2259\" data-end=\"2289\">Gyakorlat teszi a mestert!<\/strong><\/h3>\n<p class=\"\" data-start=\"2290\" data-end=\"2495\">A Nordik Agony gyorsan elsaj\u00e1t\u00edthat\u00f3, de a legjobb eredm\u00e9nyeket rendszeres gyakorl\u00e1ssal \u00e9rheted el. Vidd magaddal minden vad\u00e1szatra, \u00e9s tapasztald meg, milyen hat\u00e9kony lehet egy j\u00f3l megv\u00e1lasztott h\u00edv\u00f3hang!<\/p>\n","protected":false},"excerpt":{"rendered":"<p>Nordik Agony ragadoz\u00f3h\u00edv\u00f3 s\u00edp \u00c9leth\u0171 szenved\u00e9shang, egyszer\u0171 haszn\u00e1lat \u2013 hat\u00e9kony r\u00f3ka- \u00e9s ragadoz\u00f3csalogat\u00f3 A Nordik Agony egy kiv\u00e1l\u00f3 min\u0151s\u00e9g\u0171, z\u00e1rt membr\u00e1nos (reed) csalik\u00fcrt, amely \u00e9leth\u0171 f\u00e1jdalom- \u00e9s szenved\u00e9shangokat k\u00e9pez. Ezek a hangok \u00f6szt\u00f6n\u00f6sen vonzz\u00e1k a r\u00f3k\u00e1kat \u00e9s m\u00e1s ragadoz\u00f3kat, hiszen az ilyen hangok gyakran zs\u00e1km\u00e1ny\u00e1llatra utalnak. A s\u00edp rendk\u00edv\u00fcl k\u00f6nnyen f\u00fajhat\u00f3, \u00edgy kezd\u0151k \u00e9s halad\u00f3k [&hellip;]<\/p>\n","protected":false},"featured_media":7402,"comment_status":"open","ping_status":"closed","template":"","meta":{"_et_pb_use_builder":"","_et_pb_old_content":"","_et_gb_content_width":"","om_disable_all_campaigns":false},"product_brand":[],"product_cat":[21,1758,1759],"product_tag":[1791],"class_list":{"0":"post-7401","1":"product","2":"type-product","3":"status-publish","4":"has-post-thumbnail","6":"product_cat-uj","7":"product_cat-vadhivo","8":"product_cat-vadhivo-vadeteto","9":"product_tag-nordik-agony-ragadozohivo-sip","11":"first","12":"instock","13":"taxable","14":"shipping-taxable","15":"purchasable","16":"product-type-simple"},"_links":{"self":[{"href":"https:\/\/www.vadaszboltcsorna.hu\/index.php\/wp-json\/wp\/v2\/product\/7401","targetHints":{"allow":["GET"]}}],"collection":[{"href":"https:\/\/www.vadaszboltcsorna.hu\/index.php\/wp-json\/wp\/v2\/product"}],"about":[{"href":"https:\/\/www.vadaszboltcsorna.hu\/index.php\/wp-json\/wp\/v2\/types\/product"}],"replies":[{"embeddable":true,"href":"https:\/\/www.vadaszboltcsorna.hu\/index.php\/wp-json\/wp\/v2\/comments?post=7401"}],"wp:featuredmedia":[{"embeddable":true,"href":"https:\/\/www.vadaszboltcsorna.hu\/index.php\/wp-json\/wp\/v2\/media\/7402"}],"wp:attachment":[{"href":"https:\/\/www.vadaszboltcsorna.hu\/index.php\/wp-json\/wp\/v2\/media?parent=7401"}],"wp:term":[{"taxonomy":"product_brand","embeddable":true,"href":"https:\/\/www.vadaszboltcsorna.hu\/index.php\/wp-json\/wp\/v2\/product_brand?post=7401"},{"taxonomy":"product_cat","embeddable":true,"href":"https:\/\/www.vadaszboltcsorna.hu\/index.php\/wp-json\/wp\/v2\/product_cat?post=7401"},{"taxonomy":"product_tag","embeddable":true,"href":"https:\/\/www.vadaszboltcsorna.hu\/index.php\/wp-json\/wp\/v2\/product_tag?post=7401"}],"curies":[{"name":"wp","href":"https:\/\/api.w.org\/{rel}","templated":true}]}}