{"id":74,"date":"2021-04-12T11:08:13","date_gmt":"2021-04-12T11:08:13","guid":{"rendered":"http:\/\/www.vadaszboltcsorna.hu\/?post_type=product&#038;p=74"},"modified":"2025-05-27T12:52:58","modified_gmt":"2025-05-27T12:52:58","slug":"akah-kompakt-spektiv-18-54x60","status":"publish","type":"product","link":"https:\/\/www.vadaszboltcsorna.hu\/index.php\/termek\/akah-kompakt-spektiv-18-54x60\/","title":{"rendered":"AKAH KOMPAKT SPEKTIV 18-54X60"},"content":{"rendered":"<h1><strong>AKAH KOMPAKT SPEKTIV 18-54X60<\/strong><\/h1>\n<h4>A k\u00fcl\u00f6n\u00f6sen kedvez\u0151 \u00e1r\u00fa kompakt spekt\u00edvet az egyik legnagyobb optikai eszk\u00f6z\u00f6ket gy\u00e1rt\u00f3 c\u00e9g k\u00e9sz\u00edti. Ebben az \u00e1rban az egyik legjobb v\u00e1laszt\u00e1s. Cs\u00facsmin\u0151s\u00e9g\u0171 optik\u00e1val \u00e9s szerkezettel rendelkezik. Ide\u00e1lis c\u00e9ll\u00f6v\u00e9szethez \u00e9s term\u00e9szet megfigyel\u00e9shez. \u00a0Fekete h\u00e1z, er\u0151s m\u0171anyagb\u00f3l. Az Akah Kompakt spekt\u00edvje 18x \u00e9s 54x zoom k\u00f6z\u00f6tt vari\u00e1belezhet\u0151, objektvj\u00e9nek \u00e1tm\u00e9r\u0151je 60 mm. 45 fokos betekint\u00e9si sz\u00f6g\u0171 szemlencs\u00e9je k\u00e9nyelmes testtart\u00e1st biztos\u00edt vadmegfigyel\u00e9s, vagy term\u00e9szetfigyel\u00e9s k\u00f6zben. Robosztus fel\u00e9p\u00edt\u00e9se miatt igen strapab\u00edr\u00f3 eszk\u00f6z.<\/h4>\n<h4><strong>AKAH kompakt spekt\u00edv 18-54\u00d760<\/strong><\/h4>\n<ul>\n<li>\n<h4>45 fokos ferde \u00e1ll\u00e1s\u00fa<\/h4>\n<\/li>\n<li>\n<h4>1\/4 \u201cmenettel<\/h4>\n<\/li>\n<li>\n<h4>fokozatmentes nagy\u00edt\u00e1s<\/h4>\n<\/li>\n<li>\n<h4>fekete sz\u00edn\u0171, \u00fct\u00e9s\u00e1ll\u00f3 m\u0171anyag tokozat<\/h4>\n<\/li>\n<li>\n<h4>puha, p\u00e1rn\u00e1zott hordt\u00e1sk\u00e1val sz\u00e1ll\u00edtjuk<\/h4>\n<\/li>\n<\/ul>\n","protected":false},"excerpt":{"rendered":"<p>AKAH KOMPAKT SPEKTIV 18-54X60 A k\u00fcl\u00f6n\u00f6sen kedvez\u0151 \u00e1r\u00fa kompakt spekt\u00edvet az egyik legnagyobb optikai eszk\u00f6z\u00f6ket gy\u00e1rt\u00f3 c\u00e9g k\u00e9sz\u00edti. Ebben az \u00e1rban az egyik legjobb v\u00e1laszt\u00e1s. Cs\u00facsmin\u0151s\u00e9g\u0171 optik\u00e1val \u00e9s szerkezettel rendelkezik. Ide\u00e1lis c\u00e9ll\u00f6v\u00e9szethez \u00e9s term\u00e9szet megfigyel\u00e9shez. \u00a0Fekete h\u00e1z, er\u0151s m\u0171anyagb\u00f3l. Az Akah Kompakt spekt\u00edvje 18x \u00e9s 54x zoom k\u00f6z\u00f6tt vari\u00e1belezhet\u0151, objektvj\u00e9nek \u00e1tm\u00e9r\u0151je 60 mm. 45 fokos [&hellip;]<\/p>\n","protected":false},"featured_media":7649,"comment_status":"open","ping_status":"closed","template":"","meta":{"_et_pb_use_builder":"","_et_pb_old_content":"","_et_gb_content_width":"","om_disable_all_campaigns":false},"product_brand":[],"product_cat":[81,82,21],"product_tag":[58,87,84,83,70,85,86],"class_list":{"0":"post-74","1":"product","2":"type-product","3":"status-publish","4":"has-post-thumbnail","6":"product_cat-spektiv","7":"product_cat-akah-spektiv","8":"product_cat-uj","9":"product_tag-akah","10":"product_tag-akah-kompakt","11":"product_tag-akah-spektiv-18-54x60","12":"product_tag-spektiv","13":"product_tag-vadaszat","14":"product_tag-vadaszfelszereles","15":"product_tag-vadaszoptika","17":"first","18":"instock","19":"sale","20":"taxable","21":"shipping-taxable","22":"purchasable","23":"product-type-simple"},"_links":{"self":[{"href":"https:\/\/www.vadaszboltcsorna.hu\/index.php\/wp-json\/wp\/v2\/product\/74","targetHints":{"allow":["GET"]}}],"collection":[{"href":"https:\/\/www.vadaszboltcsorna.hu\/index.php\/wp-json\/wp\/v2\/product"}],"about":[{"href":"https:\/\/www.vadaszboltcsorna.hu\/index.php\/wp-json\/wp\/v2\/types\/product"}],"replies":[{"embeddable":true,"href":"https:\/\/www.vadaszboltcsorna.hu\/index.php\/wp-json\/wp\/v2\/comments?post=74"}],"wp:featuredmedia":[{"embeddable":true,"href":"https:\/\/www.vadaszboltcsorna.hu\/index.php\/wp-json\/wp\/v2\/media\/7649"}],"wp:attachment":[{"href":"https:\/\/www.vadaszboltcsorna.hu\/index.php\/wp-json\/wp\/v2\/media?parent=74"}],"wp:term":[{"taxonomy":"product_brand","embeddable":true,"href":"https:\/\/www.vadaszboltcsorna.hu\/index.php\/wp-json\/wp\/v2\/product_brand?post=74"},{"taxonomy":"product_cat","embeddable":true,"href":"https:\/\/www.vadaszboltcsorna.hu\/index.php\/wp-json\/wp\/v2\/product_cat?post=74"},{"taxonomy":"product_tag","embeddable":true,"href":"https:\/\/www.vadaszboltcsorna.hu\/index.php\/wp-json\/wp\/v2\/product_tag?post=74"}],"curies":[{"name":"wp","href":"https:\/\/api.w.org\/{rel}","templated":true}]}}