{"id":7366,"date":"2025-04-09T09:09:14","date_gmt":"2025-04-09T09:09:14","guid":{"rendered":"https:\/\/www.vadaszboltcsorna.hu\/?post_type=product&#038;p=7366"},"modified":"2025-04-13T01:26:29","modified_gmt":"2025-04-13T01:26:29","slug":"guide-td631-lrf-35-mm-es-tavolsagmeros-640x480-12%ce%bcm","status":"publish","type":"product","link":"https:\/\/www.vadaszboltcsorna.hu\/index.php\/termek\/guide-td631-lrf-35-mm-es-tavolsagmeros-640x480-12%ce%bcm\/","title":{"rendered":"Guide TD631 LRF 35 mm-es t\u00e1vols\u00e1gm\u00e9r\u0151s 640\u00d7480 12\u03bcm"},"content":{"rendered":"<h3 class=\"product_title entry-title elementor-heading-title elementor-size-default\" style=\"text-align: center;\"><strong>Guide TD631 LRF 35 mm-es t\u00e1vols\u00e1gm\u00e9r\u0151s 640\u00d7480 12\u03bcm<\/strong><\/h3>\n<p>&nbsp;<\/p>\n<h2 class=\"\" data-start=\"349\" data-end=\"430\">\ud83c\udfaf <strong data-start=\"355\" data-end=\"430\">Guide Delphinus TD631 LRF \u2013 H\u0151kamera, amivel s\u00f6t\u00e9tben is tiszt\u00e1n l\u00e1tsz!<\/strong><\/h2>\n<p class=\"\" data-start=\"432\" data-end=\"734\">A Guide Delphinus TD631 LRF a vad\u00e1szok, term\u00e9szetmegfigyel\u0151k \u00e9s biztons\u00e1gtechnikai szakemberek egyik legmegb\u00edzhat\u00f3bb t\u00e1rsa. Ez a cs\u00facskateg\u00f3ri\u00e1s h\u0151kamera nem csak prec\u00edz k\u00e9pet ny\u00fajt teljes s\u00f6t\u00e9ts\u00e9gben, de <strong data-start=\"637\" data-end=\"673\">be\u00e9p\u00edtett l\u00e9zeres t\u00e1vols\u00e1gm\u00e9r\u0151je<\/strong> r\u00e9v\u00e9n ak\u00e1r 600 m\u00e9teres t\u00e1vols\u00e1gig pontos m\u00e9r\u00e9sekre is k\u00e9pes.<\/p>\n<h3 class=\"\" data-start=\"736\" data-end=\"767\">\ud83d\udd27 <strong data-start=\"743\" data-end=\"767\">F\u0151bb m\u0171szaki adatok:<\/strong><\/h3>\n<ul data-start=\"768\" data-end=\"1178\">\n<li class=\"\" data-start=\"768\" data-end=\"834\">\n<p class=\"\" data-start=\"770\" data-end=\"834\"><strong data-start=\"770\" data-end=\"783\">\u00c9rz\u00e9kel\u0151:<\/strong> 640\u00d7480 felbont\u00e1s\u00fa VOx szenzor, 12\u03bcm pixelm\u00e9rettel<\/p>\n<\/li>\n<li class=\"\" data-start=\"835\" data-end=\"872\">\n<p class=\"\" data-start=\"837\" data-end=\"872\"><strong data-start=\"837\" data-end=\"849\">Kijelz\u0151:<\/strong> 0,23\u201d OLED, 640\u00d7400 px<\/p>\n<\/li>\n<li class=\"\" data-start=\"873\" data-end=\"918\">\n<p class=\"\" data-start=\"875\" data-end=\"918\"><strong data-start=\"875\" data-end=\"888\">Objekt\u00edv:<\/strong> 35 mm \/ F1.0, manu\u00e1lis f\u00f3kusz<\/p>\n<\/li>\n<li class=\"\" data-start=\"919\" data-end=\"947\">\n<p class=\"\" data-start=\"921\" data-end=\"947\"><strong data-start=\"921\" data-end=\"934\">Nagy\u00edt\u00e1s:<\/strong> 1,7x \u2013 13,6x<\/p>\n<\/li>\n<li class=\"\" data-start=\"948\" data-end=\"998\">\n<p class=\"\" data-start=\"950\" data-end=\"998\"><strong data-start=\"950\" data-end=\"968\">T\u00e1vm\u00e9r\u0151 (LRF):<\/strong> Be\u00e9p\u00edtett, ak\u00e1r 600 m hat\u00f3t\u00e1v<\/p>\n<\/li>\n<li class=\"\" data-start=\"999\" data-end=\"1044\">\n<p class=\"\" data-start=\"1001\" data-end=\"1044\"><strong data-start=\"1001\" data-end=\"1032\">\u00c9szlel\u00e9si t\u00e1vols\u00e1g emberre:<\/strong> ak\u00e1r 1400 m<\/p>\n<\/li>\n<li class=\"\" data-start=\"1045\" data-end=\"1101\">\n<p class=\"\" data-start=\"1047\" data-end=\"1101\"><strong data-start=\"1047\" data-end=\"1063\">Akkumul\u00e1tor:<\/strong> Cser\u00e9lhet\u0151 18650, ak\u00e1r 8 \u00f3r\u00e1s \u00fczemid\u0151<\/p>\n<\/li>\n<li class=\"\" data-start=\"1102\" data-end=\"1147\">\n<p class=\"\" data-start=\"1104\" data-end=\"1147\"><strong data-start=\"1104\" data-end=\"1120\">Kapcsol\u00f3d\u00e1s:<\/strong> WiFi, USB-C, Target IR app<\/p>\n<\/li>\n<li class=\"\" data-start=\"1148\" data-end=\"1178\">\n<p class=\"\" data-start=\"1150\" data-end=\"1178\"><strong data-start=\"1150\" data-end=\"1165\">V\u00edz\u00e1ll\u00f3s\u00e1g:<\/strong> IP66 v\u00e9delem<\/p>\n<\/li>\n<\/ul>\n<p><img decoding=\"async\" src=\"https:\/\/z-shops.eu\/wp-content\/uploads\/2024\/04\/zg.png\" \/><\/p>\n<h3 class=\"\" data-start=\"1180\" data-end=\"1219\">\u2b50 <strong data-start=\"1186\" data-end=\"1219\">Mi\u00e9rt v\u00e1laszd a TD631 LRF-et?<\/strong><\/h3>\n<ul data-start=\"1220\" data-end=\"1515\">\n<li class=\"\" data-start=\"1220\" data-end=\"1278\">\n<p class=\"\" data-start=\"1222\" data-end=\"1278\">T\u0171\u00e9les k\u00e9pek \u2013 m\u00e9g neh\u00e9z id\u0151j\u00e1r\u00e1si k\u00f6r\u00fclm\u00e9nyek k\u00f6z\u00f6tt is<\/p>\n<\/li>\n<li class=\"\" data-start=\"1279\" data-end=\"1325\">\n<p class=\"\" data-start=\"1281\" data-end=\"1325\">Gyors indul\u00e1s \u2013 2 m\u00e1sodpercen bel\u00fcl \u00fczemk\u00e9sz<\/p>\n<\/li>\n<li class=\"\" data-start=\"1326\" data-end=\"1379\">\n<p class=\"\" data-start=\"1328\" data-end=\"1379\">T\u00f6bb sz\u00ednpaletta \u00e9s jelenetm\u00f3d az egyedi ig\u00e9nyekhez<\/p>\n<\/li>\n<li class=\"\" data-start=\"1380\" data-end=\"1444\">\n<p class=\"\" data-start=\"1382\" data-end=\"1444\">Hot spot k\u00f6vet\u00e9s \u00e9s k\u00e9p-a-k\u00e9pben funkci\u00f3 a pontosabb c\u00e9lz\u00e1s\u00e9rt<\/p>\n<\/li>\n<li class=\"\" data-start=\"1445\" data-end=\"1515\">\n<p class=\"\" data-start=\"1447\" data-end=\"1515\">Robusztus, m\u00e9gis kompakt kialak\u00edt\u00e1s \u2013 terepen is k\u00e9nyelmes haszn\u00e1lni<\/p>\n<\/li>\n<\/ul>\n<h3 class=\"\" data-start=\"1517\" data-end=\"1546\">\ud83c\udf92 <strong data-start=\"1524\" data-end=\"1546\">A csomag tartalma:<\/strong><\/h3>\n<ul data-start=\"1547\" data-end=\"1655\">\n<li class=\"\" data-start=\"1547\" data-end=\"1575\">\n<p class=\"\" data-start=\"1549\" data-end=\"1575\">Guide TD631 LRF h\u0151kamera<\/p>\n<\/li>\n<li class=\"\" data-start=\"1576\" data-end=\"1602\">\n<p class=\"\" data-start=\"1578\" data-end=\"1602\">1 db 18650 akkumul\u00e1tor<\/p>\n<\/li>\n<li class=\"\" data-start=\"1603\" data-end=\"1618\">\n<p class=\"\" data-start=\"1605\" data-end=\"1618\">USB-C k\u00e1bel<\/p>\n<\/li>\n<li class=\"\" data-start=\"1619\" data-end=\"1633\">\n<p class=\"\" data-start=\"1621\" data-end=\"1633\">Csukl\u00f3p\u00e1nt<\/p>\n<\/li>\n<li class=\"\" data-start=\"1634\" data-end=\"1655\">\n<p class=\"\" data-start=\"1636\" data-end=\"1655\">Haszn\u00e1lati \u00fatmutat\u00f3<\/p>\n<\/li>\n<\/ul>\n<h3 class=\"\" data-start=\"1657\" data-end=\"1677\">\ud83d\udccc <strong data-start=\"1664\" data-end=\"1677\">Aj\u00e1nljuk:<\/strong><\/h3>\n<ul data-start=\"1678\" data-end=\"1847\">\n<li class=\"\" data-start=\"1678\" data-end=\"1716\">\n<p class=\"\" data-start=\"1680\" data-end=\"1716\">Vad\u00e1szoknak \u00e9s term\u00e9szetb\u00fav\u00e1roknak<\/p>\n<\/li>\n<li class=\"\" data-start=\"1717\" data-end=\"1759\">\n<p class=\"\" data-start=\"1719\" data-end=\"1759\">\u0150rz\u00e9s-v\u00e9delemhez, biztons\u00e1gtechnik\u00e1hoz<\/p>\n<\/li>\n<li class=\"\" data-start=\"1760\" data-end=\"1796\">\n<p class=\"\" data-start=\"1762\" data-end=\"1796\">Keres\u00e9si \u00e9s ment\u00e9si m\u0171veletekhez<\/p>\n<\/li>\n<li class=\"\" data-start=\"1797\" data-end=\"1847\">\n<p class=\"\" data-start=\"1799\" data-end=\"1847\">Erd\u00e9szeti, mez\u0151gazdas\u00e1gi, ipari felhaszn\u00e1l\u00e1sra<\/p>\n<\/li>\n<\/ul>\n<hr class=\"\" data-start=\"1849\" data-end=\"1852\" \/>\n<p class=\"\" data-start=\"1854\" data-end=\"1961\">\ud83d\udca1 <strong data-start=\"1857\" data-end=\"1961\">Tudd meg, mire k\u00e9pes a Guide TD631 LRF \u2013 kattints a &#8222;Kos\u00e1rba&#8221; gombra, vagy k\u00e9rdezz b\u00e1tran, seg\u00edt\u00fcnk!<\/strong><\/p>\n<p>&nbsp;<\/p>\n<p>&nbsp;<\/p>\n","protected":false},"excerpt":{"rendered":"<p>Guide TD631 LRF 35 mm-es t\u00e1vols\u00e1gm\u00e9r\u0151s 640\u00d7480 12\u03bcm &nbsp; \ud83c\udfaf Guide Delphinus TD631 LRF \u2013 H\u0151kamera, amivel s\u00f6t\u00e9tben is tiszt\u00e1n l\u00e1tsz! A Guide Delphinus TD631 LRF a vad\u00e1szok, term\u00e9szetmegfigyel\u0151k \u00e9s biztons\u00e1gtechnikai szakemberek egyik legmegb\u00edzhat\u00f3bb t\u00e1rsa. Ez a cs\u00facskateg\u00f3ri\u00e1s h\u0151kamera nem csak prec\u00edz k\u00e9pet ny\u00fajt teljes s\u00f6t\u00e9ts\u00e9gben, de be\u00e9p\u00edtett l\u00e9zeres t\u00e1vols\u00e1gm\u00e9r\u0151je r\u00e9v\u00e9n ak\u00e1r 600 m\u00e9teres t\u00e1vols\u00e1gig [&hellip;]<\/p>\n","protected":false},"featured_media":7367,"comment_status":"open","ping_status":"closed","template":"","meta":{"_et_pb_use_builder":"","_et_pb_old_content":"","_et_gb_content_width":"","om_disable_all_campaigns":false},"product_brand":[],"product_cat":[21,447,448],"product_tag":[1307,528,867],"class_list":{"0":"post-7366","1":"product","2":"type-product","3":"status-publish","4":"has-post-thumbnail","6":"product_cat-uj","7":"product_cat-hokamera","8":"product_cat-kereso-hokamera","9":"product_tag-guide-td631-lrf-35-mm","10":"product_tag-hokamera","11":"product_tag-kereso-hokamera","13":"first","14":"instock","15":"sale","16":"taxable","17":"shipping-taxable","18":"purchasable","19":"product-type-simple"},"_links":{"self":[{"href":"https:\/\/www.vadaszboltcsorna.hu\/index.php\/wp-json\/wp\/v2\/product\/7366","targetHints":{"allow":["GET"]}}],"collection":[{"href":"https:\/\/www.vadaszboltcsorna.hu\/index.php\/wp-json\/wp\/v2\/product"}],"about":[{"href":"https:\/\/www.vadaszboltcsorna.hu\/index.php\/wp-json\/wp\/v2\/types\/product"}],"replies":[{"embeddable":true,"href":"https:\/\/www.vadaszboltcsorna.hu\/index.php\/wp-json\/wp\/v2\/comments?post=7366"}],"wp:featuredmedia":[{"embeddable":true,"href":"https:\/\/www.vadaszboltcsorna.hu\/index.php\/wp-json\/wp\/v2\/media\/7367"}],"wp:attachment":[{"href":"https:\/\/www.vadaszboltcsorna.hu\/index.php\/wp-json\/wp\/v2\/media?parent=7366"}],"wp:term":[{"taxonomy":"product_brand","embeddable":true,"href":"https:\/\/www.vadaszboltcsorna.hu\/index.php\/wp-json\/wp\/v2\/product_brand?post=7366"},{"taxonomy":"product_cat","embeddable":true,"href":"https:\/\/www.vadaszboltcsorna.hu\/index.php\/wp-json\/wp\/v2\/product_cat?post=7366"},{"taxonomy":"product_tag","embeddable":true,"href":"https:\/\/www.vadaszboltcsorna.hu\/index.php\/wp-json\/wp\/v2\/product_tag?post=7366"}],"curies":[{"name":"wp","href":"https:\/\/api.w.org\/{rel}","templated":true}]}}