{"id":732,"date":"2021-05-03T07:58:31","date_gmt":"2021-05-03T07:58:31","guid":{"rendered":"http:\/\/www.vadaszboltcsorna.hu\/?post_type=product&#038;p=732"},"modified":"2025-06-23T07:03:51","modified_gmt":"2025-06-23T07:03:51","slug":"norma-tipstrike","status":"publish","type":"product","link":"https:\/\/www.vadaszboltcsorna.hu\/index.php\/termek\/norma-tipstrike\/","title":{"rendered":"Norma Tipstrike 30-06"},"content":{"rendered":"<h2><strong>Norma Tipstrike 30-06<\/strong><\/h2>\n<h4>NORMA TIPSTRIKE. Instant Stop!<\/h4>\n<h4>A TIPSTRIKE \u2122 egy s\u00edk alap\u00fa hegy\u0171 l\u00f6ved\u00e9k, k\u00f6zepes \u00e9s nagy vadakhoz.<\/h4>\n<h4>A polimer hegy biztos\u00edtja a\u00a0 sokkhat\u00e1st ,kiv\u00e1l\u00f3 ballisztik\u00e1val renedlkezik.<\/h4>\n<p><iframe loading=\"lazy\" title=\"Norma Tipstrike calibre .30-06\" width=\"1080\" height=\"608\" src=\"https:\/\/www.youtube.com\/embed\/LVTHJErHd9Q?feature=oembed\"  allow=\"accelerometer; autoplay; clipboard-write; encrypted-media; gyroscope; picture-in-picture; web-share\" referrerpolicy=\"strict-origin-when-cross-origin\" allowfullscreen><\/iframe><\/p>\n<h4><\/h4>\n<h4 style=\"text-align: center;\"><em>A le\u00edr\u00e1sban szerepl\u0151 adatok t\u00e1j\u00e9koztat\u00f3 jelleg\u0171ek, t\u00edpusonk\u00e9nt v\u00e1ltozhat!<\/em><br \/>\n<em>Kaliberekr\u0151l aktu\u00e1lis \u00e1rakr\u00f3l \u00e9s egy\u00e9b inform\u00e1ci\u00f3kr\u00f3l k\u00e9rj\u00fck \u00e9rdekl\u0151dj\u00f6n!<\/em><\/h4>\n<h4 style=\"text-align: center;\"><em><strong>A fegyvert\u00f6rv\u00e9ny \u00e9rtelm\u00e9ben, fegyvert, l\u0151szert kiz\u00e1r\u00f3lag szem\u00e9lyesen,az \u00fczletben fegyvertart\u00e1si enged\u00e9ly birtok\u00e1ban lehet v\u00e1s\u00e1rolni!<\/strong><\/em><br \/>\n<em><strong>A webshopban megrendelt fegyverek \u00e9s l\u0151szerek NEM ker\u00fclnek kisz\u00e1ll\u00edt\u00e1sra!\u00a0 Tov\u00e1bbi inform\u00e1ci\u00f3\u00e9rt l\u00e1togasson el boltunkba!<\/strong><\/em><\/h4>\n<h4 style=\"text-align: center;\"><em>Az \u00e1rak t\u00e1j\u00e9koztat\u00f3 jelleg\u0171ek nem min\u0151s\u00fcl hivatalos aj\u00e1nlat t\u00e9telnek!<\/em><br \/>\n<em>Az \u00e1rv\u00e1ltoz\u00e1s jog\u00e1t fenntartjuk!<\/em><\/h4>\n<h4 style=\"text-align: center;\"><\/h4>\n<p>&nbsp;<\/p>\n","protected":false},"excerpt":{"rendered":"<h2><strong>Norma Tipstrike<\/strong><\/h2>\n<p>https:\/\/www.youtube.com\/watch?v=VbzsydBvIUg<\/p>\n","protected":false},"featured_media":7193,"comment_status":"open","ping_status":"closed","template":"","meta":{"_et_pb_use_builder":"","_et_pb_old_content":"","_et_gb_content_width":"","om_disable_all_campaigns":false},"product_brand":[],"product_cat":[21,233,235,231,236,241,225,224,234,202,237,232,240,239,226,238,199,200,201,218],"product_tag":[205,230,229,70,221],"class_list":{"0":"post-732","1":"product","2":"type-product","3":"status-publish","4":"has-post-thumbnail","6":"product_cat-uj","7":"product_cat-222-rem","8":"product_cat-223rem","9":"product_cat-231","10":"product_cat-270-win","11":"product_cat-270wsm","12":"product_cat-225","13":"product_cat-224","14":"product_cat-22-250-rem","15":"product_cat-30-06","16":"product_cat-300-wsm","17":"product_cat-7mm-rem-mag","18":"product_cat-7x57","19":"product_cat-7x57r","20":"product_cat-7x64","21":"product_cat-7x65-r","22":"product_cat-golyos-loszerek","23":"product_cat-kaliber","24":"product_cat-marka-golyos-loszerek","25":"product_cat-norma","26":"product_tag-golyos-loszer","27":"product_tag-norma-loszer","28":"product_tag-norma-tipstrike","29":"product_tag-vadaszat","30":"product_tag-vadaszloszer","32":"first","33":"instock","34":"taxable","35":"shipping-taxable","36":"purchasable","37":"product-type-simple"},"_links":{"self":[{"href":"https:\/\/www.vadaszboltcsorna.hu\/index.php\/wp-json\/wp\/v2\/product\/732","targetHints":{"allow":["GET"]}}],"collection":[{"href":"https:\/\/www.vadaszboltcsorna.hu\/index.php\/wp-json\/wp\/v2\/product"}],"about":[{"href":"https:\/\/www.vadaszboltcsorna.hu\/index.php\/wp-json\/wp\/v2\/types\/product"}],"replies":[{"embeddable":true,"href":"https:\/\/www.vadaszboltcsorna.hu\/index.php\/wp-json\/wp\/v2\/comments?post=732"}],"wp:featuredmedia":[{"embeddable":true,"href":"https:\/\/www.vadaszboltcsorna.hu\/index.php\/wp-json\/wp\/v2\/media\/7193"}],"wp:attachment":[{"href":"https:\/\/www.vadaszboltcsorna.hu\/index.php\/wp-json\/wp\/v2\/media?parent=732"}],"wp:term":[{"taxonomy":"product_brand","embeddable":true,"href":"https:\/\/www.vadaszboltcsorna.hu\/index.php\/wp-json\/wp\/v2\/product_brand?post=732"},{"taxonomy":"product_cat","embeddable":true,"href":"https:\/\/www.vadaszboltcsorna.hu\/index.php\/wp-json\/wp\/v2\/product_cat?post=732"},{"taxonomy":"product_tag","embeddable":true,"href":"https:\/\/www.vadaszboltcsorna.hu\/index.php\/wp-json\/wp\/v2\/product_tag?post=732"}],"curies":[{"name":"wp","href":"https:\/\/api.w.org\/{rel}","templated":true}]}}