{"id":7295,"date":"2025-04-04T13:46:32","date_gmt":"2025-04-04T13:46:32","guid":{"rendered":"https:\/\/www.vadaszboltcsorna.hu\/?post_type=product&#038;p=7295"},"modified":"2025-05-27T10:21:15","modified_gmt":"2025-05-27T10:21:15","slug":"haenel-jaeger-nxt-standard-egyenes-huzasu-30-06","status":"publish","type":"product","link":"https:\/\/www.vadaszboltcsorna.hu\/index.php\/termek\/haenel-jaeger-nxt-standard-egyenes-huzasu-30-06\/","title":{"rendered":"Haenel Jaeger NXT Standard egyenes h\u00faz\u00e1s\u00fa 30-06"},"content":{"rendered":"<h2 style=\"text-align: center;\"><strong>Haenel Jaeger NXT Standard egyenes h\u00faz\u00e1s\u00fa 30-06<\/strong><\/h2>\n<p>&nbsp;<\/p>\n<h2 class=\"\" style=\"text-align: center;\" data-start=\"188\" data-end=\"251\">\ud83d\udd25 Haenel Jaeger NXT \u2013 A j\u00f6v\u0151 vad\u00e1szpusk\u00e1ja m\u00e1r el\u00e9rhet\u0151! \ud83d\udd25<\/h2>\n<p class=\"\" data-start=\"253\" data-end=\"523\"><strong data-start=\"253\" data-end=\"298\">Gyorsabb. Biztons\u00e1gosabb. Fenntarthat\u00f3bb.<\/strong><br data-start=\"298\" data-end=\"301\" \/>A <strong data-start=\"303\" data-end=\"324\">Haenel Jaeger NXT<\/strong> teljesen \u00faj szintre emeli az egyenes h\u00faz\u00e1s\u00fa vad\u00e1szfegyverek vil\u00e1g\u00e1t! Modern vad\u00e1szoknak k\u00e9sz\u00fclt, akik elv\u00e1rj\u00e1k a <strong data-start=\"438\" data-end=\"497\">megb\u00edzhat\u00f3s\u00e1got, a k\u00e9nyelmet \u00e9s a k\u00f6rnyezettudatoss\u00e1got<\/strong> \u2013 kompromisszumok n\u00e9lk\u00fcl.<\/p>\n<hr class=\"\" data-start=\"525\" data-end=\"528\" \/>\n<h3 class=\"\" data-start=\"530\" data-end=\"557\">\ud83c\udfaf <strong data-start=\"537\" data-end=\"557\">Kiemelt el\u0151ny\u00f6k:<\/strong><\/h3>\n<ul data-start=\"558\" data-end=\"1110\">\n<li class=\"\" data-start=\"558\" data-end=\"667\">\n<p class=\"\" data-start=\"560\" data-end=\"667\">\u2705 <strong data-start=\"562\" data-end=\"588\">Vill\u00e1mgyors \u00fajrat\u00f6lt\u00e9s<\/strong>: Szabadalmaztatott &#8222;kickdown&#8221; csavaros z\u00e1rdugatty\u00fa \u2013 prec\u00edz, gyors mozdulatok.<\/p>\n<\/li>\n<li class=\"\" data-start=\"668\" data-end=\"734\">\n<p class=\"\" data-start=\"670\" data-end=\"734\">\u2705 <strong data-start=\"672\" data-end=\"695\">Maxim\u00e1lis biztons\u00e1g<\/strong>: Stabil, \u00fajratervezett z\u00e1rrendszerrel.<\/p>\n<\/li>\n<li class=\"\" data-start=\"735\" data-end=\"824\">\n<p class=\"\" data-start=\"737\" data-end=\"824\">\u2705 <strong data-start=\"739\" data-end=\"765\">Ergonomikus kialak\u00edt\u00e1s<\/strong>: K\u00e9tf\u00e9le tusv\u00e1ltozat \u2013 norm\u00e1l \u00e9s emelt pofad\u00e9k\u00fa DS verzi\u00f3.<\/p>\n<\/li>\n<li class=\"\" data-start=\"825\" data-end=\"949\">\n<p class=\"\" data-start=\"827\" data-end=\"949\">\u2705 <strong data-start=\"829\" data-end=\"856\">Sz\u00e9riafelszerelts\u00e9gk\u00e9nt<\/strong>: Cs\u0151menet hangtomp\u00edt\u00f3hoz\/cs\u0151sz\u00e1jf\u00e9khez, levehet\u0151 ny\u00edlt ir\u00e1nyz\u00e9k, tokba integr\u00e1lt Weaver s\u00edn.<\/p>\n<\/li>\n<li class=\"\" data-start=\"950\" data-end=\"1110\">\n<p class=\"\" data-start=\"952\" data-end=\"1110\">\u2705 <strong data-start=\"954\" data-end=\"981\">K\u00f6rnyezetbar\u00e1t megold\u00e1s<\/strong>: FSC tan\u00fas\u00edtv\u00e1nnyal rendelkez\u0151 lamin\u00e1lt fa tus, \u00f3lommentes l\u0151szerre optimaliz\u00e1lt &#8222;z\u00f6ld cs\u0151&#8221;, fenntarthat\u00f3 cellul\u00f3z-kompozit t\u00e1r.<\/p>\n<\/li>\n<\/ul>\n<hr class=\"\" data-start=\"1112\" data-end=\"1115\" \/>\n<h3 class=\"\" data-start=\"1117\" data-end=\"1143\">\ud83d\udd27 <strong data-start=\"1124\" data-end=\"1143\">M\u0171szaki adatok:<\/strong><\/h3>\n<div class=\"overflow-x-auto contain-inline-size\">\n<table data-start=\"1145\" data-end=\"1492\">\n<thead data-start=\"1145\" data-end=\"1168\">\n<tr data-start=\"1145\" data-end=\"1168\">\n<th data-start=\"1145\" data-end=\"1159\">Tulajdons\u00e1g<\/th>\n<th data-start=\"1159\" data-end=\"1168\">\u00c9rt\u00e9k<\/th>\n<\/tr>\n<\/thead>\n<tbody data-start=\"1193\" data-end=\"1492\">\n<tr data-start=\"1193\" data-end=\"1216\">\n<td>T\u00e1rkapacit\u00e1s<\/td>\n<td>5 db<\/td>\n<\/tr>\n<tr data-start=\"1217\" data-end=\"1243\">\n<td>Cs\u0151 v\u00e9gi menet<\/td>\n<td>M15x1<\/td>\n<\/tr>\n<tr data-start=\"1244\" data-end=\"1269\">\n<td>Cs\u0151v\u00e9g \u00e1tm\u00e9r\u0151<\/td>\n<td>18 mm<\/td>\n<\/tr>\n<tr data-start=\"1270\" data-end=\"1291\">\n<td>Cs\u0151hossz<\/td>\n<td>520 mm<\/td>\n<\/tr>\n<tr data-start=\"1292\" data-end=\"1332\">\n<td>Teljes hossz<\/td>\n<td>1045 mm (DS: 1035 mm)<\/td>\n<\/tr>\n<tr data-start=\"1333\" data-end=\"1378\">\n<td>S\u00faly<\/td>\n<td>3200 g (optika \u00e9s szerel\u00e9k n\u00e9lk\u00fcl)<\/td>\n<\/tr>\n<tr data-start=\"1379\" data-end=\"1431\">\n<td>Agyaz\u00e1s<\/td>\n<td>Lamin\u00e1lt fa, emelt vagy norm\u00e1l pofad\u00e9k<\/td>\n<\/tr>\n<tr data-start=\"1432\" data-end=\"1461\">\n<td>Ny\u00edlt ir\u00e1nyz\u00e9k<\/td>\n<td>Levehet\u0151<\/td>\n<\/tr>\n<tr data-start=\"1462\" data-end=\"1492\">\n<td>Felh\u00faz\u00f3 kar<\/td>\n<td>G\u00f6mb form\u00e1j\u00fa<\/td>\n<\/tr>\n<\/tbody>\n<\/table>\n<\/div>\n<hr class=\"\" data-start=\"1494\" data-end=\"1497\" \/>\n<h3 class=\"\" data-start=\"1499\" data-end=\"1545\">\ud83c\udf0d <strong data-start=\"1506\" data-end=\"1545\">Fenntarthat\u00f3s\u00e1g az erd\u0151 szellem\u00e9ben<\/strong><\/h3>\n<p class=\"\" data-start=\"1546\" data-end=\"1847\">A Haenel Jaeger NXT nemcsak technol\u00f3giailag \u00faj\u00edt, hanem a fenntarthat\u00f3s\u00e1gban is p\u00e9ld\u00e1t mutat. Az \u00faj lamin\u00e1lt tusanyag haszn\u00e1lat\u00e1val <strong data-start=\"1678\" data-end=\"1711\">egyetlen f\u00e1t sem kell kiv\u00e1gni<\/strong>, mik\u00f6zben biztos\u00edtja a klasszikus fa megjelen\u00e9s\u00e9t \u00e9s a m\u0171anyag tart\u00f3ss\u00e1g\u00e1t. A t\u00e1r \u00e9s egy\u00e9b elemek is k\u00f6rnyezetbar\u00e1t anyagb\u00f3l k\u00e9sz\u00fcltek.<\/p>\n<div><b>Term\u00e9k le\u00edr\u00e1s<\/b><\/div>\n<div class=\"termek-leiras\">Az \u00faj Haenel-Jaeger NXT bemutat\u00e1sakor, a Haenel \u00fajragondolja az egyenes h\u00faz\u00e1s\u00fa vad\u00e1szfegyver fogalm\u00e1t. Egy vad\u00e1szpuska, ami minden ter\u00fcleten kiemelked\u0151t ny\u00fajt: nagyobb gyorsas\u00e1got a felh\u00faz\u00e1sban \u00e9s az els\u00fct\u00e9sben, jobb kezelhet\u0151s\u00e9get a mindennapi haszn\u00e1latban, nagyobb biztons\u00e1got, m\u00e9g nagyobb \u00f6r\u00f6m\u00f6t a vad\u00e1szatok sor\u00e1n \u00e9s nem mellesleg kimagasl\u00f3 \u00e1r -\u00e9rt\u00e9k ar\u00e1nyt!<br \/>\nEnnek a vad\u00e1szpusk\u00e1nak a szabadalmaztatott technol\u00f3gi\u00e1ja leny\u0171g\u00f6z\u0151en egyszer\u0171 \u00e9s biztons\u00e1gos, ak\u00e1rcsak a kezel\u00e9se, mely az \u00faj &#8222;kickdown&#8221; csavaros z\u00e1rdugatty\u00fa foganty\u00fa \u00e9s a vadonat\u00faj z\u00e1rol\u00e1si rendszernek k\u00f6sz\u00f6nhet\u0151.<br \/>\nEgyszer\u0171s\u00e9g \u00e9s megb\u00edzhat\u00f3s\u00e1g!<\/div>\n<div><\/div>\n<div>\n<p><iframe loading=\"lazy\" title=\"Haenel Jaeger NXT\" width=\"1080\" height=\"608\" src=\"https:\/\/www.youtube.com\/embed\/BjV1SufSa0Q?feature=oembed\"  allow=\"accelerometer; autoplay; clipboard-write; encrypted-media; gyroscope; picture-in-picture; web-share\" referrerpolicy=\"strict-origin-when-cross-origin\" allowfullscreen><\/iframe><\/p>\n<\/div>\n<div><\/div>\n<div>\u26a0\u00a0<strong data-start=\"1302\" data-end=\"1324\">Fontos tudnival\u00f3k:<\/strong><br data-start=\"1324\" data-end=\"1327\" \/>\u2714\u00a0<strong data-start=\"1329\" data-end=\"1422\">Fegyver \u00e9s l\u0151szer v\u00e1s\u00e1rl\u00e1sa kiz\u00e1r\u00f3lag szem\u00e9lyesen, fegyvertart\u00e1si enged\u00e9llyel lehets\u00e9ges!<\/strong><br data-start=\"1422\" data-end=\"1425\" \/>\u2714\u00a0<strong data-start=\"1427\" data-end=\"1503\" data-is-only-node=\"\">A webshopban megrendelt fegyvereket \u00e9s l\u0151szereket nem sz\u00e1ll\u00edtjuk h\u00e1zhoz!<\/strong><br data-start=\"1503\" data-end=\"1506\" \/>\u2714\u00a0<strong data-start=\"1508\" data-end=\"1556\">Az \u00e1rak t\u00e1j\u00e9koztat\u00f3 jelleg\u0171ek, v\u00e1ltozhatnak!<\/strong><\/div>\n","protected":false},"excerpt":{"rendered":"<p>Haenel Jaeger NXT Standard egyenes h\u00faz\u00e1s\u00fa 30-06 &nbsp; \ud83d\udd25 Haenel Jaeger NXT \u2013 A j\u00f6v\u0151 vad\u00e1szpusk\u00e1ja m\u00e1r el\u00e9rhet\u0151! \ud83d\udd25 Gyorsabb. Biztons\u00e1gosabb. Fenntarthat\u00f3bb.A Haenel Jaeger NXT teljesen \u00faj szintre emeli az egyenes h\u00faz\u00e1s\u00fa vad\u00e1szfegyverek vil\u00e1g\u00e1t! Modern vad\u00e1szoknak k\u00e9sz\u00fclt, akik elv\u00e1rj\u00e1k a megb\u00edzhat\u00f3s\u00e1got, a k\u00e9nyelmet \u00e9s a k\u00f6rnyezettudatoss\u00e1got \u2013 kompromisszumok n\u00e9lk\u00fcl. \ud83c\udfaf Kiemelt el\u0151ny\u00f6k: \u2705 Vill\u00e1mgyors \u00fajrat\u00f6lt\u00e9s: [&hellip;]<\/p>\n","protected":false},"featured_media":7296,"comment_status":"open","ping_status":"closed","template":"","meta":{"_et_pb_use_builder":"","_et_pb_old_content":"","_et_gb_content_width":"","om_disable_all_campaigns":false},"product_brand":[],"product_cat":[16,1826],"product_tag":[1779],"class_list":{"0":"post-7295","1":"product","2":"type-product","3":"status-publish","4":"has-post-thumbnail","6":"product_cat-fegyver","7":"product_cat-uj-golyos-fegyver","8":"product_tag-haenel-jaeger-nxt-standard-egyenes-huzasu-30-06","10":"first","11":"instock","12":"taxable","13":"shipping-taxable","14":"purchasable","15":"product-type-simple"},"_links":{"self":[{"href":"https:\/\/www.vadaszboltcsorna.hu\/index.php\/wp-json\/wp\/v2\/product\/7295","targetHints":{"allow":["GET"]}}],"collection":[{"href":"https:\/\/www.vadaszboltcsorna.hu\/index.php\/wp-json\/wp\/v2\/product"}],"about":[{"href":"https:\/\/www.vadaszboltcsorna.hu\/index.php\/wp-json\/wp\/v2\/types\/product"}],"replies":[{"embeddable":true,"href":"https:\/\/www.vadaszboltcsorna.hu\/index.php\/wp-json\/wp\/v2\/comments?post=7295"}],"wp:featuredmedia":[{"embeddable":true,"href":"https:\/\/www.vadaszboltcsorna.hu\/index.php\/wp-json\/wp\/v2\/media\/7296"}],"wp:attachment":[{"href":"https:\/\/www.vadaszboltcsorna.hu\/index.php\/wp-json\/wp\/v2\/media?parent=7295"}],"wp:term":[{"taxonomy":"product_brand","embeddable":true,"href":"https:\/\/www.vadaszboltcsorna.hu\/index.php\/wp-json\/wp\/v2\/product_brand?post=7295"},{"taxonomy":"product_cat","embeddable":true,"href":"https:\/\/www.vadaszboltcsorna.hu\/index.php\/wp-json\/wp\/v2\/product_cat?post=7295"},{"taxonomy":"product_tag","embeddable":true,"href":"https:\/\/www.vadaszboltcsorna.hu\/index.php\/wp-json\/wp\/v2\/product_tag?post=7295"}],"curies":[{"name":"wp","href":"https:\/\/api.w.org\/{rel}","templated":true}]}}