{"id":7277,"date":"2025-04-03T07:56:17","date_gmt":"2025-04-03T07:56:17","guid":{"rendered":"https:\/\/www.vadaszboltcsorna.hu\/?post_type=product&#038;p=7277"},"modified":"2025-09-17T08:45:00","modified_gmt":"2025-09-17T08:45:00","slug":"casa-moda-ferfi-galleros-polo-bezs-regular-fit-pamut-len-rovid-ujju-nyari-felso-954385400-607","status":"publish","type":"product","link":"https:\/\/www.vadaszboltcsorna.hu\/index.php\/termek\/casa-moda-ferfi-galleros-polo-bezs-regular-fit-pamut-len-rovid-ujju-nyari-felso-954385400-607\/","title":{"rendered":"Casa Moda f\u00e9rfi gall\u00e9ros p\u00f3l\u00f3 b\u00e9zs \u2013 Regular Fit, pamut-len, r\u00f6vid ujj\u00fa ny\u00e1ri fels\u0151 954385400\/607"},"content":{"rendered":"<h3 class=\"\" data-start=\"172\" data-end=\"263\"><strong data-start=\"176\" data-end=\"261\">Casa Moda Regular Fit f\u00e9rfi gall\u00e9ros p\u00f3l\u00f3 \u2013 st\u00edlus \u00e9s term\u00e9szetes k\u00e9nyelem egyben<\/strong><\/h3>\n<p class=\"\" data-start=\"264\" data-end=\"349\"><strong data-start=\"264\" data-end=\"274\">M\u00e1rka:<\/strong> Casa Moda<br data-start=\"284\" data-end=\"287\" \/><strong data-start=\"287\" data-end=\"298\">Szab\u00e1s:<\/strong> Enyh\u00e9n karcs\u00fas\u00edtott (Regular Fit)<br data-start=\"332\" data-end=\"335\" \/><strong data-start=\"335\" data-end=\"344\">Sz\u00edn:<\/strong> B\u00e9zs<\/p>\n<p data-start=\"264\" data-end=\"349\"><strong>Cikksz\u00e1m:<\/strong> 954385400\/607<\/p>\n<p class=\"\" data-start=\"351\" data-end=\"618\">Ez a <strong data-start=\"356\" data-end=\"369\">Casa Moda<\/strong> r\u00f6vid ujj\u00fa gall\u00e9ros p\u00f3l\u00f3 a <strong data-start=\"397\" data-end=\"421\">klasszikus elegancia<\/strong> \u00e9s a <strong data-start=\"427\" data-end=\"450\">term\u00e9szetes anyagok<\/strong> t\u00f6k\u00e9letes kombin\u00e1ci\u00f3ja. A <strong data-start=\"477\" data-end=\"507\">70% pamut \u00e9s 30% lenv\u00e1szon<\/strong> anyag\u00f6sszet\u00e9telnek k\u00f6sz\u00f6nhet\u0151en k\u00f6nny\u0171, l\u00e9g\u00e1tereszt\u0151, \u00edgy ide\u00e1lis v\u00e1laszt\u00e1s melegebb napokra vagy nyaral\u00e1shoz.<\/p>\n<p class=\"\" data-start=\"620\" data-end=\"874\">A <strong data-start=\"622\" data-end=\"648\">r\u00f6vid ujjas kialak\u00edt\u00e1s<\/strong> (12 cm-es ujjhossz) \u00e9s a <strong data-start=\"674\" data-end=\"697\">karcs\u00fas\u00edtott szab\u00e1s<\/strong> kellemesen k\u00f6veti a test vonal\u00e1t an\u00e9lk\u00fcl, hogy sz\u0171k lenne \u2013 \u00edgy garant\u00e1lt a k\u00e9nyelmes viselet eg\u00e9sz nap. A <strong data-start=\"805\" data-end=\"828\">diszkr\u00e9t \u00e1ll\u00f3gall\u00e9r<\/strong> sportos, m\u00e9gis eleg\u00e1ns megjelen\u00e9st k\u00f6lcs\u00f6n\u00f6z.<\/p>\n<p class=\"\" data-start=\"876\" data-end=\"898\">\ud83e\udde5 <strong data-start=\"879\" data-end=\"898\">F\u0151bb jellemz\u0151k:<\/strong><\/p>\n<ul data-start=\"899\" data-end=\"1270\">\n<li class=\"\" data-start=\"899\" data-end=\"957\">\n<p class=\"\" data-start=\"901\" data-end=\"957\">Pr\u00e9mium min\u0151s\u00e9g\u0171 <strong data-start=\"918\" data-end=\"947\">70% pamut \u2013 30% lenv\u00e1szon<\/strong> kever\u00e9k<\/p>\n<\/li>\n<li class=\"\" data-start=\"958\" data-end=\"1017\">\n<p class=\"\" data-start=\"960\" data-end=\"1017\"><strong data-start=\"960\" data-end=\"990\">K\u00f6nny\u0171, l\u00e9g\u00e1tereszt\u0151 anyag<\/strong>, ide\u00e1lis tavaszra-ny\u00e1rra<\/p>\n<\/li>\n<li class=\"\" data-start=\"1018\" data-end=\"1116\">\n<p class=\"\" data-start=\"1020\" data-end=\"1116\"><strong data-start=\"1020\" data-end=\"1050\">Enyh\u00e9n karcs\u00fas\u00edtott szab\u00e1s<\/strong> (Regular Fit) \u2013 t\u00f6k\u00e9letes egyens\u00faly a laza \u00e9s az eleg\u00e1ns k\u00f6z\u00f6tt<\/p>\n<\/li>\n<li class=\"\" data-start=\"1117\" data-end=\"1161\">\n<p class=\"\" data-start=\"1119\" data-end=\"1161\"><strong data-start=\"1119\" data-end=\"1140\">R\u00f6vid ujj (12 cm)<\/strong> a szabad mozg\u00e1s\u00e9rt<\/p>\n<\/li>\n<li class=\"\" data-start=\"1162\" data-end=\"1208\">\n<p class=\"\" data-start=\"1164\" data-end=\"1208\"><strong data-start=\"1164\" data-end=\"1187\">\u00c1ll\u00f3gall\u00e9ros design<\/strong>, modern megjelen\u00e9s<\/p>\n<\/li>\n<li class=\"\" data-start=\"1209\" data-end=\"1270\">\n<p class=\"\" data-start=\"1211\" data-end=\"1270\">Klasszikus <strong data-start=\"1222\" data-end=\"1235\">b\u00e9zs sz\u00edn<\/strong> \u2013 sokf\u00e9le szettel j\u00f3l kombin\u00e1lhat\u00f3<\/p>\n<\/li>\n<\/ul>\n<p class=\"\" data-start=\"1272\" data-end=\"1297\">\ud83e\uddfc <strong data-start=\"1275\" data-end=\"1297\">Kezel\u00e9si \u00fatmutat\u00f3:<\/strong><\/p>\n<ul data-start=\"1298\" data-end=\"1406\">\n<li class=\"\" data-start=\"1298\" data-end=\"1316\">\n<p class=\"\" data-start=\"1300\" data-end=\"1316\">Mos\u00e1s 30 \u00b0C-on<\/p>\n<\/li>\n<li class=\"\" data-start=\"1317\" data-end=\"1336\">\n<p class=\"\" data-start=\"1319\" data-end=\"1336\">Nem feh\u00e9r\u00edthet\u0151<\/p>\n<\/li>\n<li class=\"\" data-start=\"1337\" data-end=\"1375\">\n<p class=\"\" data-start=\"1339\" data-end=\"1375\">Sz\u00e1r\u00edt\u00f3g\u00e9p haszn\u00e1lata nem aj\u00e1nlott<\/p>\n<\/li>\n<li class=\"\" data-start=\"1376\" data-end=\"1406\">\n<p class=\"\" data-start=\"1378\" data-end=\"1406\">Alacsony h\u0151fokon vasalhat\u00f3<\/p>\n<\/li>\n<\/ul>\n<p class=\"\" data-start=\"1408\" data-end=\"1686\">Ez a Casa Moda p\u00f3l\u00f3 t\u00f6k\u00e9letes v\u00e1laszt\u00e1s a <strong data-start=\"1450\" data-end=\"1467\">mindennapokra<\/strong>, egy ny\u00e1ri v\u00e1rosi s\u00e9t\u00e1ra, utaz\u00e1shoz vagy ak\u00e1r laza irodai megjelen\u00e9shez is. A term\u00e9szetes anyagok \u00e9s a visszafogott sz\u00ednvil\u00e1g miatt k\u00f6nnyed\u00e9n kombin\u00e1lhat\u00f3 b\u00e1rmilyen nadr\u00e1ggal \u2013 legyen az farmer, chino vagy r\u00f6vidnadr\u00e1g.<\/p>\n<p>&nbsp;<\/p>\n","protected":false},"excerpt":{"rendered":"<p>Casa Moda Regular Fit f\u00e9rfi gall\u00e9ros p\u00f3l\u00f3 \u2013 st\u00edlus \u00e9s term\u00e9szetes k\u00e9nyelem egyben M\u00e1rka: Casa ModaSzab\u00e1s: Enyh\u00e9n karcs\u00fas\u00edtott (Regular Fit)Sz\u00edn: B\u00e9zs Cikksz\u00e1m: 954385400\/607 Ez a Casa Moda r\u00f6vid ujj\u00fa gall\u00e9ros p\u00f3l\u00f3 a klasszikus elegancia \u00e9s a term\u00e9szetes anyagok t\u00f6k\u00e9letes kombin\u00e1ci\u00f3ja. A 70% pamut \u00e9s 30% lenv\u00e1szon anyag\u00f6sszet\u00e9telnek k\u00f6sz\u00f6nhet\u0151en k\u00f6nny\u0171, l\u00e9g\u00e1tereszt\u0151, \u00edgy ide\u00e1lis v\u00e1laszt\u00e1s melegebb napokra [&hellip;]<\/p>\n","protected":false},"featured_media":7283,"comment_status":"open","ping_status":"closed","template":"","meta":{"_et_pb_use_builder":"","_et_pb_old_content":"","_et_gb_content_width":"","om_disable_all_campaigns":false},"product_brand":[],"product_cat":[21,709,640,803,159],"product_tag":[1776,1775,1774,1778,1777],"class_list":{"0":"post-7277","1":"product","2":"type-product","3":"status-publish","4":"has-post-thumbnail","6":"product_cat-uj","7":"product_cat-ferfi-divatruhazat","8":"product_cat-polo","9":"product_cat-polo-ferfi-divatruhazat","10":"product_cat-vadasz-ruhazat","11":"product_tag-bezs-ferfi-polo","12":"product_tag-casa-moda-polo","13":"product_tag-ferfi-galleros-polo","14":"product_tag-pamut-len-polo","15":"product_tag-termeszetes-anyagu-polo","17":"first","18":"instock","19":"sale","20":"taxable","21":"shipping-taxable","22":"purchasable","23":"product-type-variable"},"_links":{"self":[{"href":"https:\/\/www.vadaszboltcsorna.hu\/index.php\/wp-json\/wp\/v2\/product\/7277","targetHints":{"allow":["GET"]}}],"collection":[{"href":"https:\/\/www.vadaszboltcsorna.hu\/index.php\/wp-json\/wp\/v2\/product"}],"about":[{"href":"https:\/\/www.vadaszboltcsorna.hu\/index.php\/wp-json\/wp\/v2\/types\/product"}],"replies":[{"embeddable":true,"href":"https:\/\/www.vadaszboltcsorna.hu\/index.php\/wp-json\/wp\/v2\/comments?post=7277"}],"wp:featuredmedia":[{"embeddable":true,"href":"https:\/\/www.vadaszboltcsorna.hu\/index.php\/wp-json\/wp\/v2\/media\/7283"}],"wp:attachment":[{"href":"https:\/\/www.vadaszboltcsorna.hu\/index.php\/wp-json\/wp\/v2\/media?parent=7277"}],"wp:term":[{"taxonomy":"product_brand","embeddable":true,"href":"https:\/\/www.vadaszboltcsorna.hu\/index.php\/wp-json\/wp\/v2\/product_brand?post=7277"},{"taxonomy":"product_cat","embeddable":true,"href":"https:\/\/www.vadaszboltcsorna.hu\/index.php\/wp-json\/wp\/v2\/product_cat?post=7277"},{"taxonomy":"product_tag","embeddable":true,"href":"https:\/\/www.vadaszboltcsorna.hu\/index.php\/wp-json\/wp\/v2\/product_tag?post=7277"}],"curies":[{"name":"wp","href":"https:\/\/api.w.org\/{rel}","templated":true}]}}