{"id":727,"date":"2021-05-03T07:39:20","date_gmt":"2021-05-03T07:39:20","guid":{"rendered":"http:\/\/www.vadaszboltcsorna.hu\/?post_type=product&#038;p=727"},"modified":"2026-01-26T04:50:08","modified_gmt":"2026-01-26T04:50:08","slug":"norma-bondstrike-extreme","status":"publish","type":"product","link":"https:\/\/www.vadaszboltcsorna.hu\/index.php\/termek\/norma-bondstrike-extreme\/","title":{"rendered":"NORMA Bondstrike goly\u00f3s l\u0151szer (\u00e1lt.inform\u00e1ci\u00f3k)"},"content":{"rendered":"<h2 class=\"entry-title fusion-responsive-typography-calculated\" style=\"text-align: center;\" data-fontsize=\"25\" data-lineheight=\"normal\"><strong>NORMA Bondstrike\u00a0<\/strong><\/h2>\n<p>&nbsp;<\/p>\n<h4 class=\"entry-title fusion-responsive-typography-calculated\" style=\"text-align: center;\" data-fontsize=\"25\" data-lineheight=\"normal\">A leg\u00fajabb vad\u00e1szl\u0151szer a vil\u00e1g legjobb BC \u00e9rt\u00e9k\u00e9vel nagy t\u00e1vols\u00e1gokhoz.<\/h4>\n<h4 style=\"text-align: center;\">A Bondstrike azonnal szemet sz\u00far a vil\u00e1g\u00edt\u00f3an kir\u00e1lyk\u00e9k polimer hegy\u00e9vel!<\/h4>\n<p>&nbsp;<\/p>\n<p><iframe loading=\"lazy\" title=\"Norma BONDSTRIKE\" width=\"1080\" height=\"608\" src=\"https:\/\/www.youtube.com\/embed\/Cnn1Hg_uTFM?feature=oembed\"  allow=\"accelerometer; autoplay; clipboard-write; encrypted-media; gyroscope; picture-in-picture; web-share\" referrerpolicy=\"strict-origin-when-cross-origin\" allowfullscreen><\/iframe><\/p>\n<p>&nbsp;<\/p>\n<p>&nbsp;<\/p>\n<h4>M\u00e1r t\u00f6bb mint 117 \u00e9ve fejlesztenek \u00e9s gy\u00e1rtanak egy \u00c5motfors nev\u0171 kis sv\u00e9d faluban cs\u00facsmin\u0151s\u00e9g\u0171 l\u0151szereket. A m\u00e1r 1902-ben alap\u00edtott gy\u00e1rt\u00f3, a NORMA egy <strong>extr\u00e9m hossz\u00fa tapasztalattal<\/strong> rendelkezik, ami a pr\u00e9mium sport- \u00e9s vad\u00e1szl\u0151szereket illeti \u2013 Eur\u00f3p\u00e1ban \u00e9s Amerik\u00e1ban is.<\/h4>\n<h4><strong>Extr\u00e9m nagy t\u00e1vols\u00e1gokon is,<\/strong> amik ut\u00e1n a sportl\u00f6v\u00e9szek, de a vad\u00e1szok is egyre gyakrabban \u00e9rdekl\u0151dnek \u2013 n\u00f6vekszik a tendencia. A sport szegmensb\u0151l sz\u00e1rmazik az \u00faj Bondstrike Extreme l\u0151szer sz\u00e9ria l\u00f6ved\u00e9k\u00e9nek a <strong>\u201cBoat-Tail\u201d alak\u00fa h\u00e1ts\u00f3 r\u00e9sze is.<\/strong> Az \u00e1ramvonalas polimer heggyel egy\u00fctt a Bondstrike Extreme <strong>kimagasl\u00f3 teljes\u00edtm\u00e9nyt ny\u00fajt az \u00f6sszes elk\u00e9pzelhet\u0151 t\u00e1vols\u00e1gon.<\/strong> Fogalmazhatunk \u00fagy is, hogy ez lehet az ide\u00e1lis l\u0151szer a vad\u00e1szaton nagy t\u00e1vols\u00e1gokn\u00e1l \u2013 optim\u00e1lis felszerel\u00e9s a mai vad\u00e1szati k\u00f6vetelm\u00e9nyekhez.<\/h4>\n<h4>Mivel a l\u00f6ved\u00e9k k\u00f6zepes t\u00e1vols\u00e1gokon is az eg\u00e9sz teljes\u00edtm\u00e9ny\u00e9t ny\u00fajtja. A t\u00f6bbi l\u00f6ved\u00e9kkel ellent\u00e9tben, amiket vagy k\u00f6zepes vagy nagy t\u00e1vols\u00e1gra terveztek, a Bondstrike Extreme <strong>minden vad\u00e1sz szitu\u00e1ci\u00f3ban egy meggy\u0151z\u0151 gomb\u00e1sod\u00e1si magatart\u00e1st ny\u00fajt<\/strong> \u2013 50 m\u00e9tert\u0151l csod\u00e1s 1000 m\u00e9terig \u00e9s a ny\u00fajtott r\u00f6pp\u00e1ly\u00e1j\u00e1nak k\u00f6sz\u00f6nhet\u0151en egyed\u00fcl\u00e1ll\u00f3 pontoss\u00e1got is! B\u00fcszk\u00e9n utal a Norma a 0,615-\u00f6s ballisztikai egy\u00fctthat\u00f3ra (BC), amit a Bondstrike a 30-as kaliberekben el\u00e9r. <strong>Ez a vil\u00e1gon a legjobb \u00e9rt\u00e9k ebben a klasszisban!<\/strong><\/h4>\n<h4>A Norma BONDSTRIKE Extreme-mel a vad\u00e1sz egy Long-Range l\u00f6v\u00e9ssz\u00e9 v\u00e1ltozik. A nagyon ny\u00fajtott r\u00f6pp\u00e1lya a nagy t\u00e1vols\u00e1gokon is pontoss\u00e1got \u00e9s biztons\u00e1got ny\u00fajt.<\/h4>\n<h4>Itthon ugyan nem t\u00e9ma az 1000 m\u00e9teres t\u00e1vols\u00e1g, de Amerik\u00e1ban el\u0151fordulhat. Kit\u0171n\u0151 eredm\u00e9nyekkel f\u00e9keztek meg Texas-i vad\u00e1szok a Bondstrike Extreme-mel vaddiszn\u00f3-csap\u00e1sokat nagy t\u00e1vols\u00e1gb\u00f3l. <strong>Extr\u00e9m pontoss\u00e1ggal<\/strong> \u00e9s meggy\u0151z\u0151 \u00f6l\u0151hat\u00e1ssal a Bondstrike\u00a0verhetetlen ilyen k\u00f6r\u00fclm\u00e9nyek k\u00f6z\u00f6tt. Ezeket az el\u0151ny\u00f6ket a l\u00f6ved\u00e9k azonban m\u00e1r 50 \u2013 100 m\u00e9tert\u0151l teljesen ki tudja j\u00e1tszani.<\/h4>\n<p>&nbsp;<\/p>\n<h4>A Norma 5 kaliberben k\u00edn\u00e1lja a BONDSTRIKE -ot.<\/h4>\n<h4>Az al\u00e1bbi kaliberekben kaphat\u00f3: .30-06<\/h4>\n<h4>\u00a0\u00a0\u00a0\u00a0\u00a0\u00a0\u00a0\u00a0\u00a0\u00a0\u00a0\u00a0\u00a0\u00a0\u00a0\u00a0\u00a0\u00a0\u00a0\u00a0\u00a0\u00a0\u00a0\u00a0\u00a0\u00a0\u00a0\u00a0\u00a0\u00a0\u00a0\u00a0\u00a0\u00a0\u00a0\u00a0\u00a0\u00a0\u00a0\u00a0\u00a0\u00a0\u00a0\u00a0\u00a0\u00a0\u00a0\u00a0\u00a0 \u00a0 .308 Win.<\/h4>\n<h4>\u00a0\u00a0\u00a0\u00a0\u00a0\u00a0\u00a0\u00a0\u00a0\u00a0\u00a0\u00a0\u00a0\u00a0\u00a0\u00a0\u00a0\u00a0\u00a0\u00a0\u00a0\u00a0\u00a0\u00a0\u00a0\u00a0\u00a0\u00a0\u00a0\u00a0\u00a0\u00a0\u00a0\u00a0\u00a0\u00a0\u00a0\u00a0\u00a0\u00a0\u00a0\u00a0\u00a0\u00a0\u00a0\u00a0\u00a0\u00a0\u00a0\u00a0\u00a0 .300 Wsm<\/h4>\n<h4>\u00a0\u00a0\u00a0\u00a0\u00a0\u00a0\u00a0\u00a0\u00a0\u00a0\u00a0\u00a0\u00a0\u00a0\u00a0\u00a0\u00a0\u00a0\u00a0\u00a0\u00a0\u00a0\u00a0\u00a0\u00a0\u00a0\u00a0\u00a0\u00a0\u00a0\u00a0\u00a0\u00a0\u00a0\u00a0\u00a0\u00a0\u00a0\u00a0\u00a0\u00a0\u00a0\u00a0\u00a0\u00a0\u00a0\u00a0\u00a0\u00a0\u00a0\u00a0 .300 Win,Mag<\/h4>\n<h4>\u00a0\u00a0\u00a0\u00a0\u00a0\u00a0\u00a0\u00a0\u00a0\u00a0\u00a0\u00a0\u00a0\u00a0\u00a0\u00a0\u00a0\u00a0\u00a0\u00a0\u00a0\u00a0\u00a0\u00a0\u00a0\u00a0\u00a0\u00a0\u00a0\u00a0\u00a0\u00a0\u00a0\u00a0\u00a0\u00a0\u00a0\u00a0\u00a0\u00a0\u00a0\u00a0\u00a0\u00a0\u00a0\u00a0\u00a0\u00a0\u00a0\u00a0\u00a0 .300 Rem.Ultra mag.<\/h4>\n<p>&nbsp;<\/p>\n<h4 style=\"text-align: center;\"><em>A le\u00edr\u00e1sban szerepl\u0151 adatok t\u00e1j\u00e9koztat\u00f3 jelleg\u0171ek, t\u00edpusonk\u00e9nt v\u00e1ltozhat!<\/em><br \/>\n<em>Kaliberekr\u0151l aktu\u00e1lis \u00e1rakr\u00f3l \u00e9s egy\u00e9b inform\u00e1ci\u00f3kr\u00f3l k\u00e9rj\u00fck \u00e9rdekl\u0151dj\u00f6n!<\/em><\/h4>\n<h4 style=\"text-align: center;\"><em><strong>A fegyvert\u00f6rv\u00e9ny \u00e9rtelm\u00e9ben, fegyvert, l\u0151szert kiz\u00e1r\u00f3lag szem\u00e9lyesen,az \u00fczletben fegyvertart\u00e1si enged\u00e9ly birtok\u00e1ban lehet v\u00e1s\u00e1rolni!<\/strong><\/em><br \/>\n<em><strong>A webshopban megrendelt fegyverek \u00e9s l\u0151szerek NEM ker\u00fclnek kisz\u00e1ll\u00edt\u00e1sra!\u00a0 Tov\u00e1bbi inform\u00e1ci\u00f3\u00e9rt l\u00e1togasson el boltunkba!<\/strong><\/em><\/h4>\n<h4 style=\"text-align: center;\"><em>Az \u00e1rak t\u00e1j\u00e9koztat\u00f3 jelleg\u0171ek nem min\u0151s\u00fcl hivatalos aj\u00e1nlat t\u00e9telnek!<\/em><br \/>\n<em>Az \u00e1rv\u00e1ltoz\u00e1s jog\u00e1t fenntartjuk!<\/em><\/h4>\n<h4><\/h4>\n","protected":false},"excerpt":{"rendered":"<h2>NORMA Bondstrike Extreme<\/h2>\n<p>https:\/\/www.youtube.com\/watch?v=x4dIwHislvk&amp;t=62s<\/p>\n<p>&nbsp;<\/p>\n","protected":false},"featured_media":7196,"comment_status":"open","ping_status":"closed","template":"","meta":{"_et_pb_use_builder":"","_et_pb_old_content":"","_et_gb_content_width":"","om_disable_all_campaigns":false},"product_brand":[],"product_cat":[21,225,224,202,199,201,218],"product_tag":[205,220,228,70,221],"class_list":{"0":"post-727","1":"product","2":"type-product","3":"status-publish","4":"has-post-thumbnail","6":"product_cat-uj","7":"product_cat-225","8":"product_cat-224","9":"product_cat-30-06","10":"product_cat-golyos-loszerek","11":"product_cat-marka-golyos-loszerek","12":"product_cat-norma","13":"product_tag-golyos-loszer","14":"product_tag-norma","15":"product_tag-norma-bondstrke","16":"product_tag-vadaszat","17":"product_tag-vadaszloszer","19":"first","20":"instock","21":"taxable","22":"shipping-taxable","23":"product-type-simple"},"_links":{"self":[{"href":"https:\/\/www.vadaszboltcsorna.hu\/index.php\/wp-json\/wp\/v2\/product\/727","targetHints":{"allow":["GET"]}}],"collection":[{"href":"https:\/\/www.vadaszboltcsorna.hu\/index.php\/wp-json\/wp\/v2\/product"}],"about":[{"href":"https:\/\/www.vadaszboltcsorna.hu\/index.php\/wp-json\/wp\/v2\/types\/product"}],"replies":[{"embeddable":true,"href":"https:\/\/www.vadaszboltcsorna.hu\/index.php\/wp-json\/wp\/v2\/comments?post=727"}],"wp:featuredmedia":[{"embeddable":true,"href":"https:\/\/www.vadaszboltcsorna.hu\/index.php\/wp-json\/wp\/v2\/media\/7196"}],"wp:attachment":[{"href":"https:\/\/www.vadaszboltcsorna.hu\/index.php\/wp-json\/wp\/v2\/media?parent=727"}],"wp:term":[{"taxonomy":"product_brand","embeddable":true,"href":"https:\/\/www.vadaszboltcsorna.hu\/index.php\/wp-json\/wp\/v2\/product_brand?post=727"},{"taxonomy":"product_cat","embeddable":true,"href":"https:\/\/www.vadaszboltcsorna.hu\/index.php\/wp-json\/wp\/v2\/product_cat?post=727"},{"taxonomy":"product_tag","embeddable":true,"href":"https:\/\/www.vadaszboltcsorna.hu\/index.php\/wp-json\/wp\/v2\/product_tag?post=727"}],"curies":[{"name":"wp","href":"https:\/\/api.w.org\/{rel}","templated":true}]}}