{"id":7164,"date":"2025-03-21T12:07:03","date_gmt":"2025-03-21T12:07:03","guid":{"rendered":"https:\/\/www.vadaszboltcsorna.hu\/?post_type=product&#038;p=7164"},"modified":"2025-04-04T07:49:44","modified_gmt":"2025-04-04T07:49:44","slug":"icotec-gc300-bluetooth-elektromos-vadhivo-2","status":"publish","type":"product","link":"https:\/\/www.vadaszboltcsorna.hu\/index.php\/termek\/icotec-gc300-bluetooth-elektromos-vadhivo-2\/","title":{"rendered":"ICOtec GC300+ Bluetooth elektromos vadh\u00edv\u00f3"},"content":{"rendered":"<h2 data-start=\"273\" data-end=\"374\"><strong data-start=\"276\" data-end=\"374\">ICOtec GC300+ Bluetooth elektromos vadh\u00edv\u00f3 \u2013 T\u00e1vir\u00e1ny\u00edt\u00f3val \u00e9s mobiltelefonr\u00f3l is vez\u00e9relhet\u0151!<\/strong><\/h2>\n<p data-start=\"376\" data-end=\"420\">\ud83c\udfaf <strong data-start=\"379\" data-end=\"420\">Modern vad\u00e1sz\u00e9lm\u00e9ny, karny\u00fajt\u00e1snyira!<\/strong><\/p>\n<p data-start=\"422\" data-end=\"726\">Az <strong data-start=\"425\" data-end=\"452\">ICOtec GC300+ Bluetooth<\/strong> vadh\u00edv\u00f3 a legn\u00e9pszer\u0171bb modell tov\u00e1bbfejlesztett v\u00e1ltozata, amely \u00f6tv\u00f6zi a <strong data-start=\"528\" data-end=\"561\">professzion\u00e1lis teljes\u00edtm\u00e9nyt<\/strong>, a <strong data-start=\"565\" data-end=\"594\">Bluetooth-kompatibilit\u00e1st<\/strong> \u00e9s a <strong data-start=\"600\" data-end=\"629\">felhaszn\u00e1l\u00f3bar\u00e1t kezel\u00e9st<\/strong>. Legyen sz\u00f3 ragadoz\u00f3r\u00f3l vagy nagyvadr\u00f3l \u2013 a GC300+ seg\u00edt kihozni a legt\u00f6bbet minden vad\u00e1szatb\u00f3l.<\/p>\n<hr data-start=\"728\" data-end=\"731\" \/>\n<h3 data-start=\"733\" data-end=\"759\">\u2705 <strong data-start=\"739\" data-end=\"759\">Kiemelt funkci\u00f3k<\/strong><\/h3>\n<ul data-start=\"761\" data-end=\"1455\">\n<li data-start=\"761\" data-end=\"845\">\ud83d\udcf1 <strong data-start=\"766\" data-end=\"805\">Bluetooth kapcsolat mobiltelefonnal<\/strong> \u2013 vez\u00e9rl\u00e9s k\u00f6zvetlen\u00fcl okostelefonr\u00f3l<\/li>\n<li data-start=\"846\" data-end=\"922\">\ud83c\udfae <strong data-start=\"851\" data-end=\"888\">T\u00e1vir\u00e1ny\u00edt\u00f3 300 yardos hat\u00f3t\u00e1vval<\/strong> \u2013 r\u00e1l\u00e1t\u00e1s n\u00e9lk\u00fcl is haszn\u00e1lhat\u00f3<\/li>\n<li data-start=\"923\" data-end=\"976\">\ud83d\udd0a <strong data-start=\"928\" data-end=\"974\">12 el\u0151re telep\u00edtett pr\u00e9mium vad\u00e1szati hang<\/strong><\/li>\n<li data-start=\"977\" data-end=\"1055\">\ud83c\udfa7 <strong data-start=\"982\" data-end=\"1014\">K\u00e9t hang egyidej\u0171 lej\u00e1tsz\u00e1sa<\/strong> \u2013 fokozott realit\u00e1s\u00e9rzet a vad sz\u00e1m\u00e1ra<\/li>\n<li data-start=\"1056\" data-end=\"1120\">\ud83c\udf19 <strong data-start=\"1061\" data-end=\"1088\">H\u00e1tt\u00e9rvil\u00e1g\u00edt\u00e1s\u00fa gombok<\/strong> \u2013 ide\u00e1lis \u00e9jszakai vad\u00e1szatra<\/li>\n<li data-start=\"1121\" data-end=\"1209\">\ud83c\udfaf <strong data-start=\"1126\" data-end=\"1161\">Csali vez\u00e9rl\u00e9s a t\u00e1vir\u00e1ny\u00edt\u00f3r\u00f3l<\/strong> \u2013 kompatibilis az ICOtec AD400 mozg\u00f3 csalival<\/li>\n<li data-start=\"1210\" data-end=\"1290\">\ud83c\udf99\ufe0f <strong data-start=\"1216\" data-end=\"1240\">K\u00fcls\u0151 hangsz\u00f3r\u00f3 port<\/strong> \u2013 m\u00e9g nagyobb hanger\u0151h\u00f6z vagy ir\u00e1ny\u00edthat\u00f3s\u00e1ghoz<\/li>\n<li data-start=\"1291\" data-end=\"1338\">\ud83e\uddf2 <strong data-start=\"1296\" data-end=\"1336\">\u00c1gra akaszt\u00e1sra kialak\u00edtott foganty\u00fa<\/strong><\/li>\n<li data-start=\"1339\" data-end=\"1416\">\ud83d\udd0b <strong data-start=\"1344\" data-end=\"1374\">Hossz\u00fa akkumul\u00e1tor-\u00fczemid\u0151<\/strong> \u2013 megb\u00edzhat\u00f3 t\u00e1rs a hossz\u00fa vad\u00e1szatokon<\/li>\n<li data-start=\"1417\" data-end=\"1455\">\ud83d\udce6 Kompakt \u00e9s <strong data-start=\"1433\" data-end=\"1455\">k\u00f6nnyen hordozhat\u00f3<\/strong><\/li>\n<\/ul>\n<hr data-start=\"1457\" data-end=\"1460\" \/>\n<h3 data-start=\"1462\" data-end=\"1498\">\ud83c\udfb5 <strong data-start=\"1469\" data-end=\"1496\">El\u0151re telep\u00edtett hangok<\/strong><\/h3>\n<p data-start=\"1499\" data-end=\"1704\">Az eszk\u00f6z <strong data-start=\"1509\" data-end=\"1554\">k\u00fcl\u00f6nb\u00f6z\u0151 fajok (pl. r\u00f3ka, ny\u00fal, szarvas)<\/strong> sz\u00e1m\u00e1ra kifejlesztett, kiv\u00e1l\u00f3 min\u0151s\u00e9g\u0171 csalogat\u00f3hangokat tartalmaz, amelyekkel n\u00f6velheted a siker es\u00e9ly\u00e9t \u00e9s cs\u00f6kkentheted az \u00e1llatokat \u00e9r\u0151 stresszt.<\/p>\n<hr data-start=\"1706\" data-end=\"1709\" \/>\n<h3 data-start=\"1711\" data-end=\"1758\">\ud83e\udde0 <strong data-start=\"1718\" data-end=\"1758\">Egyszer\u0171 haszn\u00e1lat, profi eredm\u00e9nyek<\/strong><\/h3>\n<p data-start=\"1760\" data-end=\"1989\">A GC300+ ide\u00e1lis v\u00e1laszt\u00e1s azoknak a vad\u00e1szoknak, akik \u00e9rt\u00e9kelik a <strong data-start=\"1827\" data-end=\"1854\">megb\u00edzhat\u00f3 technol\u00f3gi\u00e1t<\/strong>, de nem akarnak hossz\u00fa betanul\u00e1si id\u0151vel bajl\u00f3dni. A k\u00e9sz\u00fcl\u00e9k kezel\u00e9se intuit\u00edv, \u00edgy <strong data-start=\"1940\" data-end=\"1960\">kezd\u0151k \u00e9s profik<\/strong> egyar\u00e1nt \u00f6r\u00f6mmel haszn\u00e1lj\u00e1k.<\/p>\n<hr data-start=\"1991\" data-end=\"1994\" \/>\n<h3 data-start=\"1996\" data-end=\"2025\">\ud83d\udce6 <strong data-start=\"2003\" data-end=\"2025\">A csomag tartalma:<\/strong><\/h3>\n<ul data-start=\"2027\" data-end=\"2300\">\n<li data-start=\"2027\" data-end=\"2080\">1 db <strong data-start=\"2034\" data-end=\"2080\">ICOtec GC300+ Bluetooth elektromos vadh\u00edv\u00f3<\/strong><\/li>\n<li data-start=\"2081\" data-end=\"2152\">1 db <strong data-start=\"2088\" data-end=\"2152\">ICOtec t\u00e1vir\u00e1ny\u00edt\u00f3 (h\u00e1tt\u00e9rvil\u00e1g\u00edt\u00e1ssal \u00e9s csali vez\u00e9rl\u00e9ssel)<\/strong><\/li>\n<li data-start=\"2153\" data-end=\"2300\">Forgathat\u00f3 antenna, \u00e1llv\u00e1nytart\u00f3, be\u00e9p\u00edtett akaszt\u00f3<br data-start=\"2206\" data-end=\"2209\" \/><em data-start=\"2209\" data-end=\"2300\">(Az elemeket a csomag nem tartalmazza \u2013 k\u00e9sz\u00fcl\u00e9khez 4\u00d7AA, t\u00e1vir\u00e1ny\u00edt\u00f3hoz 1\u00d7A23 sz\u00fcks\u00e9ges)<\/em><\/li>\n<\/ul>\n<hr data-start=\"2302\" data-end=\"2305\" \/>\n<h3 data-start=\"2307\" data-end=\"2329\">\ud83e\udd8c Kinek aj\u00e1nljuk?<\/h3>\n<ul data-start=\"2331\" data-end=\"2590\">\n<li data-start=\"2331\" data-end=\"2423\"><strong data-start=\"2333\" data-end=\"2368\">Kezd\u0151 \u00e9s tapasztalt vad\u00e1szoknak<\/strong>, akik modern technol\u00f3gi\u00e1t keresnek megfizethet\u0151 \u00e1ron<\/li>\n<li data-start=\"2424\" data-end=\"2510\">Azoknak, akik <strong data-start=\"2440\" data-end=\"2480\">ragadoz\u00f3k vagy nagyvadak vad\u00e1szat\u00e1ra<\/strong> keresnek hat\u00e9kony megold\u00e1st<\/li>\n<li data-start=\"2511\" data-end=\"2590\">B\u00e1rkinek, aki szeretne <strong data-start=\"2536\" data-end=\"2569\">okostelefonr\u00f3l is vez\u00e9relhet\u0151<\/strong>, megb\u00edzhat\u00f3 vadh\u00edv\u00f3t<\/li>\n<\/ul>\n<hr data-start=\"2592\" data-end=\"2595\" \/>\n<h3 data-start=\"2597\" data-end=\"2619\">\ud83d\udd25 Mi\u00e9rt a GC300+?<\/h3>\n<p data-start=\"2621\" data-end=\"2792\">\u2705 <strong data-start=\"2623\" data-end=\"2637\">Megb\u00edzhat\u00f3<\/strong><br data-start=\"2637\" data-end=\"2640\" \/>\u2705 <strong data-start=\"2642\" data-end=\"2663\">K\u00f6nnyen kezelhet\u0151<\/strong><br data-start=\"2663\" data-end=\"2666\" \/>\u2705 <strong data-start=\"2668\" data-end=\"2708\">Bluetooth-os + t\u00e1vir\u00e1ny\u00edt\u00f3s vez\u00e9rl\u00e9s<\/strong><br data-start=\"2708\" data-end=\"2711\" \/>\u2705 <strong data-start=\"2713\" data-end=\"2754\">Etikusabb vad\u00e1szat modern eszk\u00f6z\u00f6kkel<\/strong><br data-start=\"2754\" data-end=\"2757\" \/>\u2705 <strong data-start=\"2759\" data-end=\"2792\">ICOtec min\u0151s\u00e9g, el\u00e9rhet\u0151 \u00e1ron<\/strong><\/p>\n<p><iframe loading=\"lazy\" title=\"The Incredible 300+ Predator Call with Bluetooth from ICOtec.\" width=\"1080\" height=\"608\" src=\"https:\/\/www.youtube.com\/embed\/iD9ZtqMjmtU?feature=oembed\"  allow=\"accelerometer; autoplay; clipboard-write; encrypted-media; gyroscope; picture-in-picture; web-share\" referrerpolicy=\"strict-origin-when-cross-origin\" allowfullscreen><\/iframe><\/p>\n","protected":false},"excerpt":{"rendered":"<p>ICOtec GC300+ Bluetooth elektromos vadh\u00edv\u00f3 \u2013 T\u00e1vir\u00e1ny\u00edt\u00f3val \u00e9s mobiltelefonr\u00f3l is vez\u00e9relhet\u0151! \ud83c\udfaf Modern vad\u00e1sz\u00e9lm\u00e9ny, karny\u00fajt\u00e1snyira! Az ICOtec GC300+ Bluetooth vadh\u00edv\u00f3 a legn\u00e9pszer\u0171bb modell tov\u00e1bbfejlesztett v\u00e1ltozata, amely \u00f6tv\u00f6zi a professzion\u00e1lis teljes\u00edtm\u00e9nyt, a Bluetooth-kompatibilit\u00e1st \u00e9s a felhaszn\u00e1l\u00f3bar\u00e1t kezel\u00e9st. Legyen sz\u00f3 ragadoz\u00f3r\u00f3l vagy nagyvadr\u00f3l \u2013 a GC300+ seg\u00edt kihozni a legt\u00f6bbet minden vad\u00e1szatb\u00f3l. \u2705 Kiemelt funkci\u00f3k \ud83d\udcf1 Bluetooth [&hellip;]<\/p>\n","protected":false},"featured_media":7167,"comment_status":"open","ping_status":"closed","template":"","meta":{"_et_pb_use_builder":"","_et_pb_old_content":"","_et_gb_content_width":"","om_disable_all_campaigns":false},"product_brand":[],"product_cat":[21,131,1758,1759],"product_tag":[1283],"class_list":{"0":"post-7164","1":"product","2":"type-product","3":"status-publish","4":"has-post-thumbnail","6":"product_cat-uj","7":"product_cat-vadeteto","8":"product_cat-vadhivo","9":"product_cat-vadhivo-vadeteto","10":"product_tag-icotec-gc300-bluetooth-elektromos-vadhivo","12":"first","13":"instock","14":"taxable","15":"shipping-taxable","16":"purchasable","17":"product-type-simple"},"_links":{"self":[{"href":"https:\/\/www.vadaszboltcsorna.hu\/index.php\/wp-json\/wp\/v2\/product\/7164","targetHints":{"allow":["GET"]}}],"collection":[{"href":"https:\/\/www.vadaszboltcsorna.hu\/index.php\/wp-json\/wp\/v2\/product"}],"about":[{"href":"https:\/\/www.vadaszboltcsorna.hu\/index.php\/wp-json\/wp\/v2\/types\/product"}],"replies":[{"embeddable":true,"href":"https:\/\/www.vadaszboltcsorna.hu\/index.php\/wp-json\/wp\/v2\/comments?post=7164"}],"wp:featuredmedia":[{"embeddable":true,"href":"https:\/\/www.vadaszboltcsorna.hu\/index.php\/wp-json\/wp\/v2\/media\/7167"}],"wp:attachment":[{"href":"https:\/\/www.vadaszboltcsorna.hu\/index.php\/wp-json\/wp\/v2\/media?parent=7164"}],"wp:term":[{"taxonomy":"product_brand","embeddable":true,"href":"https:\/\/www.vadaszboltcsorna.hu\/index.php\/wp-json\/wp\/v2\/product_brand?post=7164"},{"taxonomy":"product_cat","embeddable":true,"href":"https:\/\/www.vadaszboltcsorna.hu\/index.php\/wp-json\/wp\/v2\/product_cat?post=7164"},{"taxonomy":"product_tag","embeddable":true,"href":"https:\/\/www.vadaszboltcsorna.hu\/index.php\/wp-json\/wp\/v2\/product_tag?post=7164"}],"curies":[{"name":"wp","href":"https:\/\/api.w.org\/{rel}","templated":true}]}}