{"id":712,"date":"2021-04-30T12:02:54","date_gmt":"2021-04-30T12:02:54","guid":{"rendered":"http:\/\/www.vadaszboltcsorna.hu\/?post_type=product&#038;p=712"},"modified":"2025-06-23T06:59:45","modified_gmt":"2025-06-23T06:59:45","slug":"norma-vulkan","status":"publish","type":"product","link":"https:\/\/www.vadaszboltcsorna.hu\/index.php\/termek\/norma-vulkan\/","title":{"rendered":"Norma Vulkan .30-06 Spring"},"content":{"rendered":"<h2><strong>Norma Vulkan .30-06 Spring<\/strong><\/h2>\n<div><b>Term\u00e9k le\u00edr\u00e1s<\/b><\/div>\n<div class=\"termek-leiras\">\n<p>A l\u00f6ved\u00e9k kialak\u00edt\u00e1sa legink\u00e1bb az angolul Soft Pointnak h\u00edvott \u00f3lomhegy\u0171ekhez hasonlatos, de ennek a cs\u00facs\u00e1b\u00f3l az \u00f3lom nem l\u00f3g ki, a tombak k\u00f6penyt visszat\u0171rt\u00e9k. Ez\u00e1ltal kis \u00fcreget hoztak l\u00e9tre, mely n\u00e9mi k\u00e9pzel\u0151er\u0151vel egy vulk\u00e1n kr\u00e1ter\u00e9hez hasonl\u00edt. A visszahajtott k\u00f6peny v\u00e9di a l\u00f6ved\u00e9kcs\u00facsot, ami ennek k\u00f6sz\u00f6nhet\u0151en a puska h\u00e1trar\u00fag\u00e1sa sor\u00e1n a t\u00e1rban nem deform\u00e1l\u00f3dik. Vadtestet tal\u00e1lva a v\u00e9kony k\u00f6penynek k\u00f6sz\u00f6nhet\u0151en jelent\u0151s energia lead\u00e1s mellett gyorsan gomb\u00e1sodik, hamar \u00f6l. Nagyon n\u00e9pszer\u0171 l\u00f6ved\u00e9k vaddiszn\u00f3 \u00e9s szarvas vad\u00e1szat\u00e1ra egyar\u00e1nt.<\/p>\n<p>L\u00f6ved\u00e9k t\u00edpusa: \u00f3lom hegy\u0171 mag<br \/>\nL\u00f6ved\u00e9k t\u00f6mege: 180 gr\/ 11,7 g<br \/>\nB.C.(ballisztikai egy\u00fctthat\u00f3): .315<br \/>\nCs\u0151torkolati sebess\u00e9g: 823 m\/s<br \/>\nCs\u0151torkolati energia: 3964 J<br \/>\nKaliber: 30-06 Spring.<br \/>\nKiszerel\u00e9s: 20<\/p>\n<\/div>\n<p><iframe loading=\"lazy\" title=\"Norma Vulkan calibre .30-06 Springfield\" width=\"1080\" height=\"608\" src=\"https:\/\/www.youtube.com\/embed\/KxqTHEAEJzw?feature=oembed\"  allow=\"accelerometer; autoplay; clipboard-write; encrypted-media; gyroscope; picture-in-picture; web-share\" referrerpolicy=\"strict-origin-when-cross-origin\" allowfullscreen><\/iframe><\/p>\n<h4>11,7g\/180gr<\/h4>\n<h4 style=\"text-align: center;\"><strong><em>Kaliberekr\u0151l, aktu\u00e1lis \u00e1rakr\u00f3l \u00e9s egy\u00e9b inform\u00e1ci\u00f3kr\u00f3l k\u00e9rj\u00fck \u00e9rdekl\u0151dj\u00f6n!<\/em><\/strong><\/h4>\n<h4 style=\"text-align: center;\"><strong><em>A fegyvert\u00f6rv\u00e9ny \u00e9rtelm\u00e9ben, fegyvert, l\u0151szert kiz\u00e1r\u00f3lag szem\u00e9lyesen,az \u00fczletben fegyvertart\u00e1si enged\u00e9ly birtok\u00e1ban lehet v\u00e1s\u00e1rolni!<\/em><\/strong><br \/>\n<strong><em>A webshopban megrendelt fegyverek \u00e9s l\u0151szerek NEM ker\u00fclnek kisz\u00e1ll\u00edt\u00e1sra!\u00a0 Tov\u00e1bbi inform\u00e1ci\u00f3\u00e9rt l\u00e1togasson el boltunkba!<\/em><\/strong><\/h4>\n<h4>Az \u00e1rak t\u00e1j\u00e9koztat\u00f3 jelleg\u0171ek nem min\u0151s\u00fcl hivatalos aj\u00e1nlat t\u00e9telnek!<br \/>\nAz \u00e1rv\u00e1ltoz\u00e1s jog\u00e1t fenntartjuk!<\/h4>\n<h3><\/h3>\n<p>&nbsp;<\/p>\n","protected":false},"excerpt":{"rendered":"<p>https:\/\/www.youtube.com\/watch?v=KxqTHEAEJzw<\/p>\n","protected":false},"featured_media":714,"comment_status":"open","ping_status":"closed","template":"","meta":{"_et_pb_use_builder":"","_et_pb_old_content":"","_et_gb_content_width":"","om_disable_all_campaigns":false},"product_brand":[],"product_cat":[21,202,199,200,201,218],"product_tag":[207,205,220,222,70,223],"class_list":{"0":"post-712","1":"product","2":"type-product","3":"status-publish","4":"has-post-thumbnail","6":"product_cat-uj","7":"product_cat-30-06","8":"product_cat-golyos-loszerek","9":"product_cat-kaliber","10":"product_cat-marka-golyos-loszerek","11":"product_cat-norma","12":"product_tag-30-06","13":"product_tag-golyos-loszer","14":"product_tag-norma","15":"product_tag-norma-vulkan-30-06-spring","16":"product_tag-vadaszat","17":"product_tag-vulkan","19":"first","20":"instock","21":"taxable","22":"shipping-taxable","23":"purchasable","24":"product-type-simple"},"_links":{"self":[{"href":"https:\/\/www.vadaszboltcsorna.hu\/index.php\/wp-json\/wp\/v2\/product\/712","targetHints":{"allow":["GET"]}}],"collection":[{"href":"https:\/\/www.vadaszboltcsorna.hu\/index.php\/wp-json\/wp\/v2\/product"}],"about":[{"href":"https:\/\/www.vadaszboltcsorna.hu\/index.php\/wp-json\/wp\/v2\/types\/product"}],"replies":[{"embeddable":true,"href":"https:\/\/www.vadaszboltcsorna.hu\/index.php\/wp-json\/wp\/v2\/comments?post=712"}],"wp:featuredmedia":[{"embeddable":true,"href":"https:\/\/www.vadaszboltcsorna.hu\/index.php\/wp-json\/wp\/v2\/media\/714"}],"wp:attachment":[{"href":"https:\/\/www.vadaszboltcsorna.hu\/index.php\/wp-json\/wp\/v2\/media?parent=712"}],"wp:term":[{"taxonomy":"product_brand","embeddable":true,"href":"https:\/\/www.vadaszboltcsorna.hu\/index.php\/wp-json\/wp\/v2\/product_brand?post=712"},{"taxonomy":"product_cat","embeddable":true,"href":"https:\/\/www.vadaszboltcsorna.hu\/index.php\/wp-json\/wp\/v2\/product_cat?post=712"},{"taxonomy":"product_tag","embeddable":true,"href":"https:\/\/www.vadaszboltcsorna.hu\/index.php\/wp-json\/wp\/v2\/product_tag?post=712"}],"curies":[{"name":"wp","href":"https:\/\/api.w.org\/{rel}","templated":true}]}}