{"id":7080,"date":"2025-03-10T13:23:12","date_gmt":"2025-03-10T13:23:12","guid":{"rendered":"https:\/\/www.vadaszboltcsorna.hu\/?post_type=product&#038;p=7080"},"modified":"2025-03-21T12:03:09","modified_gmt":"2025-03-21T12:03:09","slug":"basis-vario-blaser-alapsin","status":"publish","type":"product","link":"https:\/\/www.vadaszboltcsorna.hu\/index.php\/termek\/basis-vario-blaser-alapsin\/","title":{"rendered":"BASIS VARIO &#8211; Blaser alaps\u00edn"},"content":{"rendered":"<h2 style=\"text-align: center;\"><strong>BASIS VARIO &#8211; Blaser alaps\u00edn<\/strong><\/h2>\n<p>&nbsp;<\/p>\n<div class=\"flex max-w-full flex-col flex-grow\">\n<div class=\"min-h-8 text-message relative flex w-full flex-col items-end gap-2 whitespace-normal break-words text-start [.text-message+&amp;]:mt-5\" dir=\"auto\" data-message-author-role=\"assistant\" data-message-id=\"9eb01f6e-d7d6-467f-986c-9201ff02f0fc\" data-message-model-slug=\"gpt-4o\">\n<div class=\"flex w-full flex-col gap-1 empty:hidden first:pt-[3px]\">\n<div class=\"markdown prose w-full break-words dark:prose-invert light\">\n<p data-start=\"0\" data-end=\"65\"><strong data-start=\"0\" data-end=\"63\">Forradalmi megold\u00e1s vad\u00e1szoknak \u2013 A Dentler VARIO rendszer!<\/strong><\/p>\n<p data-start=\"67\" data-end=\"116\">\ud83d\udd25 <strong data-start=\"70\" data-end=\"111\">Egyetlen c\u00e9lt\u00e1vcs\u0151, minden fegyveren!<\/strong> \ud83d\udd25<\/p>\n<p data-start=\"118\" data-end=\"373\">Felejtsd el a hosszadalmas bel\u00f6v\u00e9si folyamatokat \u00e9s a fegyverenk\u00e9nt k\u00fcl\u00f6n c\u00e9lt\u00e1vcs\u00f6vek v\u00e1s\u00e1rl\u00e1s\u00e1t! A <strong data-start=\"219\" data-end=\"248\">Dentler VARIO rendszerrel<\/strong> mostant\u00f3l <strong data-start=\"259\" data-end=\"324\">egyetlen pr\u00e9mium t\u00e1vcs\u00f6vet haszn\u00e1lhatsz az \u00f6sszes fegyvereden<\/strong> \u2013 gyorsan, pontosan \u00e9s kompromisszumok n\u00e9lk\u00fcl.<\/p>\n<h3 data-start=\"375\" data-end=\"437\"><strong data-start=\"379\" data-end=\"435\">Mi\u00e9rt \u00e9rdemes a Dentler VARIO rendszert v\u00e1lasztanod?<\/strong><\/h3>\n<p data-start=\"438\" data-end=\"768\">\u2705 <strong data-start=\"440\" data-end=\"467\">Gyors \u00e9s pontos \u00e1t\u00e1ll\u00e1s<\/strong> \u2013 T\u00f6bb\u00e9 nem a t\u00e1vcs\u00f6vet l\u00f6v\u00f6d be, hanem az \u00e1ll\u00edthat\u00f3 alapot!<br data-start=\"528\" data-end=\"531\" \/>\u2705 <strong data-start=\"533\" data-end=\"572\">Kompatibilis az \u00f6sszes fegyvereddel<\/strong> \u2013 Egyetlen t\u00e1vcs\u0151 elegend\u0151!<br data-start=\"600\" data-end=\"603\" \/>\u2705 <strong data-start=\"605\" data-end=\"637\">Jelent\u0151s k\u00f6lts\u00e9gmegtakar\u00edt\u00e1s<\/strong> \u2013 Felejtsd el a t\u00f6bb t\u00e1vcs\u0151re k\u00f6lt\u00f6tt p\u00e9nzt!<br data-start=\"682\" data-end=\"685\" \/>\u2705 <strong data-start=\"687\" data-end=\"728\" data-is-only-node=\"\">Cs\u00facstechnol\u00f3gia a legjobb l\u00f6v\u00e9sek\u00e9rt<\/strong> \u2013 Pontosabb, stabilabb, megb\u00edzhat\u00f3bb!<\/p>\n<h3 data-start=\"770\" data-end=\"795\"><strong data-start=\"774\" data-end=\"793\">Hogyan m\u0171k\u00f6dik?<\/strong><\/h3>\n<p data-start=\"796\" data-end=\"1184\">\ud83d\udd39 A <strong data-start=\"801\" data-end=\"831\">VARIO alap k\u00e9t r\u00e9szb\u0151l \u00e1ll<\/strong>: egy stabil r\u00f6gz\u00edt\u00e9si pontb\u00f3l \u00e9s egy <strong data-start=\"869\" data-end=\"892\">\u00e1ll\u00edthat\u00f3 egys\u00e9gb\u0151l<\/strong>, amely prec\u00edzen be\u00e1ll\u00edthat\u00f3 oldalir\u00e1nyban \u00e9s magass\u00e1gban.<br data-start=\"950\" data-end=\"953\" \/>\ud83d\udd39 A fegyveredhez <strong data-start=\"971\" data-end=\"1000\">egyedileg be\u00e1ll\u00edtott alap<\/strong> biztos\u00edtja, hogy <strong data-start=\"1018\" data-end=\"1080\">b\u00e1rmikor felhelyezd ugyanazt a t\u00e1vcs\u00f6vet m\u00e1sik fegyveredre<\/strong>, \u00fajabb bel\u00f6v\u00e9s n\u00e9lk\u00fcl.<br data-start=\"1103\" data-end=\"1106\" \/>\ud83d\udd39 <strong data-start=\"1109\" data-end=\"1182\">Egyszer\u0171, gyors, \u00e9s minden vad\u00e1sz sz\u00e1m\u00e1ra n\u00e9lk\u00fcl\u00f6zhetetlen innov\u00e1ci\u00f3!<\/strong><\/p>\n<p data-start=\"1186\" data-end=\"1281\">\ud83d\udca5 <strong data-start=\"1189\" data-end=\"1279\">Most itt az id\u0151, hogy egy pr\u00e9mium c\u00e9lt\u00e1vcs\u0151be fektess, \u00e9s minden fegyvereden haszn\u00e1ld!<\/strong><\/p>\n<p data-start=\"1283\" data-end=\"1385\" data-is-last-node=\"\" data-is-only-node=\"\">\ud83d\udccc <strong data-start=\"1286\" data-end=\"1380\">Rendeld meg most a Dentler VARIO rendszert web\u00e1ruh\u00e1zunkban, \u00e9s l\u00e9pj szintet a vad\u00e1szatban!<\/strong> \ud83c\udff9\ud83c\udfaf<\/p>\n<p><iframe loading=\"lazy\" title=\"Dentler - Syst\u00e8me de montage : Basis &amp; Basis Vario\" width=\"1080\" height=\"608\" src=\"https:\/\/www.youtube.com\/embed\/cd4SwYohi4I?feature=oembed\"  allow=\"accelerometer; autoplay; clipboard-write; encrypted-media; gyroscope; picture-in-picture; web-share\" referrerpolicy=\"strict-origin-when-cross-origin\" allowfullscreen><\/iframe><\/p>\n<\/div>\n<\/div>\n<\/div>\n<\/div>\n<div class=\"mb-2 flex gap-3 -ml-2\" tabindex=\"0\">\n<div class=\"flex items-center justify-start rounded-xl p-1\">\n<div class=\"flex items-center\">\n<div class=\"flex items-center pb-0\"><\/div>\n<\/div>\n<\/div>\n<\/div>\n","protected":false},"excerpt":{"rendered":"<p>BASIS VARIO &#8211; Blaser alaps\u00edn &nbsp; Forradalmi megold\u00e1s vad\u00e1szoknak \u2013 A Dentler VARIO rendszer! \ud83d\udd25 Egyetlen c\u00e9lt\u00e1vcs\u0151, minden fegyveren! \ud83d\udd25 Felejtsd el a hosszadalmas bel\u00f6v\u00e9si folyamatokat \u00e9s a fegyverenk\u00e9nt k\u00fcl\u00f6n c\u00e9lt\u00e1vcs\u00f6vek v\u00e1s\u00e1rl\u00e1s\u00e1t! A Dentler VARIO rendszerrel mostant\u00f3l egyetlen pr\u00e9mium t\u00e1vcs\u00f6vet haszn\u00e1lhatsz az \u00f6sszes fegyvereden \u2013 gyorsan, pontosan \u00e9s kompromisszumok n\u00e9lk\u00fcl. Mi\u00e9rt \u00e9rdemes a Dentler VARIO [&hellip;]<\/p>\n","protected":false},"featured_media":7081,"comment_status":"open","ping_status":"closed","template":"","meta":{"_et_pb_use_builder":"","_et_pb_old_content":"","_et_gb_content_width":"","om_disable_all_campaigns":false},"product_brand":[],"product_cat":[21,374,655],"product_tag":[1704],"class_list":{"0":"post-7080","1":"product","2":"type-product","3":"status-publish","4":"has-post-thumbnail","6":"product_cat-uj","7":"product_cat-dentler-szerelek","8":"product_cat-szereleksin","9":"product_tag-basis-vario-blaser-alapsin","11":"first","12":"instock","13":"sale","14":"taxable","15":"shipping-taxable","16":"purchasable","17":"product-type-simple"},"_links":{"self":[{"href":"https:\/\/www.vadaszboltcsorna.hu\/index.php\/wp-json\/wp\/v2\/product\/7080","targetHints":{"allow":["GET"]}}],"collection":[{"href":"https:\/\/www.vadaszboltcsorna.hu\/index.php\/wp-json\/wp\/v2\/product"}],"about":[{"href":"https:\/\/www.vadaszboltcsorna.hu\/index.php\/wp-json\/wp\/v2\/types\/product"}],"replies":[{"embeddable":true,"href":"https:\/\/www.vadaszboltcsorna.hu\/index.php\/wp-json\/wp\/v2\/comments?post=7080"}],"wp:featuredmedia":[{"embeddable":true,"href":"https:\/\/www.vadaszboltcsorna.hu\/index.php\/wp-json\/wp\/v2\/media\/7081"}],"wp:attachment":[{"href":"https:\/\/www.vadaszboltcsorna.hu\/index.php\/wp-json\/wp\/v2\/media?parent=7080"}],"wp:term":[{"taxonomy":"product_brand","embeddable":true,"href":"https:\/\/www.vadaszboltcsorna.hu\/index.php\/wp-json\/wp\/v2\/product_brand?post=7080"},{"taxonomy":"product_cat","embeddable":true,"href":"https:\/\/www.vadaszboltcsorna.hu\/index.php\/wp-json\/wp\/v2\/product_cat?post=7080"},{"taxonomy":"product_tag","embeddable":true,"href":"https:\/\/www.vadaszboltcsorna.hu\/index.php\/wp-json\/wp\/v2\/product_tag?post=7080"}],"curies":[{"name":"wp","href":"https:\/\/api.w.org\/{rel}","templated":true}]}}