{"id":705,"date":"2021-04-30T09:50:30","date_gmt":"2021-04-30T09:50:30","guid":{"rendered":"http:\/\/www.vadaszboltcsorna.hu\/?post_type=product&#038;p=705"},"modified":"2026-05-07T02:16:28","modified_gmt":"2026-05-07T02:16:28","slug":"rws-30-06-hit-hunting","status":"publish","type":"product","link":"https:\/\/www.vadaszboltcsorna.hu\/index.php\/termek\/rws-30-06-hit-hunting\/","title":{"rendered":"RWS .30-06 Hit Hunting"},"content":{"rendered":"<h2 style=\"text-align: center;\"><strong>RWS .30-06 Hit Hunting<\/strong><\/h2>\n<p style=\"text-align: center;\">\n<h4 style=\"text-align: center;\">10,7g 7 \/ 165gr<\/h4>\n<p style=\"text-align: center;\">\n<h4 style=\"text-align: center;\">\u00d3lom mentes stabil t\u00f6meg,valamint meggy\u0151z\u0151 behatol\u00f3 k\u00e9pess\u00e9g.<\/h4>\n<p style=\"text-align: center;\">\n<h4 style=\"text-align: center;\">A HIT, amely a &#8222;nagy becsap\u00f3d\u00e1s&#8221; technol\u00f3gi\u00e1j\u00e1t k\u00e9pviseli, a leg\u00fajabb, \u00f3lommentes vad\u00e1szl\u0151szere az RWS vonalnak. Ez a stabil t\u00f6meg deform\u00e1ci\u00f3s l\u00f6ved\u00e9k azoknak a vad\u00e1szoknak t\u00f6k\u00e9letes v\u00e1laszt\u00e1s ,akik szeretik a nem sz\u00e9tes\u0151 l\u0151szereket.<\/h4>\n<h4 style=\"text-align: center;\">Ezt az \u00faj elv\u0171 kialak\u00edt\u00e1st mi \u00fagy h\u00edvjuk, az&#8221; RWS HIT m\u00e1trix&#8221; . Garant\u00e1lja a gyors ellapul\u00e1st \u00e9s a nagy sokkhat\u00e1st, \u00edgy a lel\u0151tt vadb\u00f3l a maximumot kaphatjuk. A l\u00f6ved\u00e9k \u00e1ramvonalas form\u00e1j\u00e1val az RWS HIT kiv\u00e1l\u00f3an megfelel a nagy t\u00e1vols\u00e1g\u00fa l\u00f6v\u00e9sekhez.<\/h4>\n<h4 style=\"text-align: center;\"><em>A le\u00edr\u00e1sban szerepl\u0151 adatok t\u00e1j\u00e9koztat\u00f3 jelleg\u0171ek, t\u00edpusonk\u00e9nt v\u00e1ltozhat!<\/em><br \/>\n<em>Kaliberekr\u0151l , \u00e1rakr\u00f3l \u00e9s egy\u00e9b inform\u00e1ci\u00f3kr\u00f3l k\u00e9rj\u00fck \u00e9rdekl\u0151dj\u00f6n!<\/em><\/h4>\n<h4 style=\"text-align: center;\"><em><strong>A fegyvert\u00f6rv\u00e9ny \u00e9rtelm\u00e9ben, fegyvert, l\u0151szert kiz\u00e1r\u00f3lag szem\u00e9lyesen,az \u00fczletben fegyvertart\u00e1si enged\u00e9ly birtok\u00e1ban lehet v\u00e1s\u00e1rolni!<\/strong><\/em><br \/>\n<em><strong>A webshopban megrendelt fegyverek,l\u0151szerek NEM ker\u00fclnek kisz\u00e1ll\u00edt\u00e1sra!\u00a0 Tov\u00e1bbi inform\u00e1ci\u00f3\u00e9rt l\u00e1togasson el boltunkba!<\/strong><\/em><\/h4>\n<h4 style=\"text-align: center;\"><em>Az \u00e1rak t\u00e1j\u00e9koztat\u00f3 jelleg\u0171ek nem min\u0151s\u00fcl hivatalos aj\u00e1nlat t\u00e9telnek!<\/em><br \/>\n<em>Az \u00e1rv\u00e1ltoz\u00e1s jog\u00e1t fenntartjuk!<\/em><\/h4>\n<h4><\/h4>\n","protected":false},"excerpt":{"rendered":"<h2>RWS .30-06 Hit Hunting<\/h2>\n<p>https:\/\/www.youtube.com\/watch?v=6jKMFRJHIKg<\/p>\n<p>https:\/\/www.youtube.com\/watch?v=GSDnwJhaD_w<\/p>\n<p>&nbsp;<\/p>\n","protected":false},"featured_media":7192,"comment_status":"open","ping_status":"closed","template":"","meta":{"_et_pb_use_builder":"","_et_pb_old_content":"","_et_gb_content_width":"","om_disable_all_campaigns":false},"product_brand":[],"product_cat":[21,202,199,200,201,212],"product_tag":[207,216,205,217,215,213,70],"class_list":{"0":"post-705","1":"product","2":"type-product","3":"status-publish","4":"has-post-thumbnail","6":"product_cat-uj","7":"product_cat-30-06","8":"product_cat-golyos-loszerek","9":"product_cat-kaliber","10":"product_cat-marka-golyos-loszerek","11":"product_cat-rws","12":"product_tag-30-06","13":"product_tag-evo-green","14":"product_tag-golyos-loszer","15":"product_tag-olommnentes-loszer","16":"product_tag-rws-30-06-hit-hunting","17":"product_tag-rws-loszer","18":"product_tag-vadaszat","20":"first","21":"instock","22":"taxable","23":"shipping-taxable","24":"product-type-simple"},"_links":{"self":[{"href":"https:\/\/www.vadaszboltcsorna.hu\/index.php\/wp-json\/wp\/v2\/product\/705","targetHints":{"allow":["GET"]}}],"collection":[{"href":"https:\/\/www.vadaszboltcsorna.hu\/index.php\/wp-json\/wp\/v2\/product"}],"about":[{"href":"https:\/\/www.vadaszboltcsorna.hu\/index.php\/wp-json\/wp\/v2\/types\/product"}],"replies":[{"embeddable":true,"href":"https:\/\/www.vadaszboltcsorna.hu\/index.php\/wp-json\/wp\/v2\/comments?post=705"}],"wp:featuredmedia":[{"embeddable":true,"href":"https:\/\/www.vadaszboltcsorna.hu\/index.php\/wp-json\/wp\/v2\/media\/7192"}],"wp:attachment":[{"href":"https:\/\/www.vadaszboltcsorna.hu\/index.php\/wp-json\/wp\/v2\/media?parent=705"}],"wp:term":[{"taxonomy":"product_brand","embeddable":true,"href":"https:\/\/www.vadaszboltcsorna.hu\/index.php\/wp-json\/wp\/v2\/product_brand?post=705"},{"taxonomy":"product_cat","embeddable":true,"href":"https:\/\/www.vadaszboltcsorna.hu\/index.php\/wp-json\/wp\/v2\/product_cat?post=705"},{"taxonomy":"product_tag","embeddable":true,"href":"https:\/\/www.vadaszboltcsorna.hu\/index.php\/wp-json\/wp\/v2\/product_tag?post=705"}],"curies":[{"name":"wp","href":"https:\/\/api.w.org\/{rel}","templated":true}]}}