{"id":7017,"date":"2025-03-06T12:10:29","date_gmt":"2025-03-06T12:10:29","guid":{"rendered":"https:\/\/www.vadaszboltcsorna.hu\/?post_type=product&#038;p=7017"},"modified":"2026-03-17T02:27:24","modified_gmt":"2026-03-17T02:27:24","slug":"guide-td210-kereso-hokamera","status":"publish","type":"product","link":"https:\/\/www.vadaszboltcsorna.hu\/index.php\/termek\/guide-td210-kereso-hokamera\/","title":{"rendered":"GUIDE TD210 Keres\u0151 h\u0151kamera"},"content":{"rendered":"<h6 style=\"text-align: center;\"><a href=\"https:\/\/www.vadaszboltcsorna.hu\/wp-content\/uploads\/2025\/03\/h2.docx\">https:\/\/www.vadaszboltcsorna.hu\/wp-content\/uploads\/2025\/03\/h2.docx<\/a><a href=\"https:\/\/www.vadaszboltcsorna.hu\/wp-content\/uploads\/2025\/03\/h2.docx\">h2<\/a><\/h6>\n<h2 style=\"text-align: center;\"><em><strong>GUIDE TD210 Keres\u0151 h\u0151kamera<\/strong><\/em><\/h2>\n<h6><strong data-start=\"0\" data-end=\"116\">Fedezd fel a l\u00e1thatatlan vil\u00e1got a Guide Delphinus TD210 h\u0151kamer\u00e1val.<\/strong> A\u00a0<strong data-start=\"120\" data-end=\"145\">Guide Delphinus TD210<\/strong>\u00a0olyan sokoldal\u00fa, pehelyk\u00f6nny\u0171 \u00e9s kiv\u00e1l\u00f3 min\u0151s\u00e9g\u0171 h\u0151kamera, amely megnyitja el\u0151tted az \u00e9jszaka \u00e9s a rejtett h\u0151nyomok vil\u00e1g\u00e1t. Ide\u00e1lis v\u00e1laszt\u00e1s, legyen sz\u00f3 ak\u00e1r\u00a0<strong data-start=\"306\" data-end=\"327\">kezd\u0151 vad\u00e1szatr\u00f3l<\/strong>,\u00a0<strong data-start=\"329\" data-end=\"347\">lesvad\u00e1szatr\u00f3l<\/strong>,\u00a0<strong data-start=\"349\" data-end=\"387\">h\u0151szigetel\u00e9si hib\u00e1k felder\u00edt\u00e9s\u00e9r\u0151l<\/strong>, vagy \u00e9ppen\u00a0<strong data-start=\"400\" data-end=\"419\">ipari ter\u00fcleten<\/strong>\u00a0v\u00e9gzett ellen\u0151rz\u00e9sekr\u0151l. Magyarorsz\u00e1gon egyre t\u00f6bben d\u00f6ntenek a h\u0151kamer\u00e1k mellett, \u00e9s nem v\u00e9letlen\u00fcl: a Delphinus TD210 sz\u00e1mos ter\u00fcleten megk\u00f6nny\u00edti a munk\u00e1t, \u00e9s \u00faj perspekt\u00edv\u00e1kat k\u00edn\u00e1l a mindennapokban.<\/h6>\n<hr data-start=\"625\" data-end=\"628\" \/>\n<h6 data-start=\"630\" data-end=\"657\">Mi\u00e9rt a Delphinus TD210? 1.\u00a0<strong data-start=\"666\" data-end=\"708\">Kompakt \u00e9s felhaszn\u00e1l\u00f3bar\u00e1t kialak\u00edt\u00e1s<\/strong><\/h6>\n<ul data-start=\"711\" data-end=\"955\">\n<li data-start=\"711\" data-end=\"792\">\n<h6><strong data-start=\"713\" data-end=\"728\">K\u00f6nny\u0171 s\u00faly<\/strong>: F\u00e1rads\u00e1g n\u00e9lk\u00fcl tarthatod a kezedben ak\u00e1r hosszabb ideig is.<\/h6>\n<\/li>\n<li data-start=\"793\" data-end=\"878\">\n<h6><strong data-start=\"795\" data-end=\"817\">K\u00e9nyelmes markolat<\/strong>: Stabilan foghat\u00f3, egyszer\u0171en kezelhet\u0151 m\u00e9g keszty\u0171ben is.<\/h6>\n<\/li>\n<li data-start=\"879\" data-end=\"955\">\n<h6><strong data-start=\"881\" data-end=\"906\">2 m\u00e1sodperces ind\u00edt\u00e1s<\/strong>: Gyorsan reag\u00e1lhatsz a k\u00f6rnyezeted v\u00e1ltoz\u00e1saira.<\/h6>\n<\/li>\n<\/ul>\n<h6><a href=\"https:\/\/z-shops.eu\/wp-content\/uploads\/2022\/03\/GUITD210_w1.png\" target=\"_blank\" rel=\"noopener\"><img loading=\"lazy\" decoding=\"async\" class=\"alignright wp-image-111419\" src=\"https:\/\/z-shops.eu\/wp-content\/uploads\/2022\/03\/GUITD210_w1.png\" sizes=\"(max-width: 1312px) 100vw, 1312px\" srcset=\"https:\/\/z-shops.eu\/wp-content\/uploads\/2022\/03\/GUITD210_w1.png 1312w, https:\/\/z-shops.eu\/wp-content\/uploads\/2022\/03\/GUITD210_w1-300x153.png 300w, https:\/\/z-shops.eu\/wp-content\/uploads\/2022\/03\/GUITD210_w1-1024x522.png 1024w, https:\/\/z-shops.eu\/wp-content\/uploads\/2022\/03\/GUITD210_w1-768x392.png 768w, https:\/\/z-shops.eu\/wp-content\/uploads\/2022\/03\/GUITD210_w1-700x357.png 700w\" alt=\"\" width=\"478\" height=\"244\" \/><\/a> 2.\u00a0<strong data-start=\"964\" data-end=\"990\">Kiemelked\u0151 technol\u00f3gia<\/strong><\/h6>\n<ul data-start=\"993\" data-end=\"1375\">\n<li data-start=\"993\" data-end=\"1140\">\n<h6><strong data-start=\"995\" data-end=\"1019\">Fejlett VOx \u00e9rz\u00e9kel\u0151<\/strong>: A saj\u00e1t fejleszt\u00e9s\u0171, nagy \u00e9rz\u00e9kenys\u00e9g\u0171 szenzor seg\u00edts\u00e9g\u00e9vel val\u00f3s id\u0151ben, r\u00e9szletgazdagon l\u00e1thatod a h\u0151k\u00fcl\u00f6nbs\u00e9geket.<\/h6>\n<\/li>\n<li data-start=\"1141\" data-end=\"1273\">\n<h6><strong data-start=\"1143\" data-end=\"1166\">Elektronikus f\u00f3kusz<\/strong>: Gombnyom\u00e1ssal, motoros f\u00f3kusz\u00e1l\u00e1ssal \u00e1ll\u00edthatod a k\u00e9pet \u00e9less\u00e9, nincs sz\u00fcks\u00e9g manu\u00e1lis lencseteker\u00e9sre.<\/h6>\n<\/li>\n<li data-start=\"1274\" data-end=\"1375\">\n<h6><strong data-start=\"1276\" data-end=\"1319\">Nagy felbont\u00e1s\u00fa LCOS kijelz\u0151 (1280\u00d7960)<\/strong>: Letisztult, kontrasztos k\u00e9pet kapsz minden alkalommal.<\/h6>\n<\/li>\n<\/ul>\n<h6 data-start=\"1377\" data-end=\"1435\">3.\u00a0<strong data-start=\"1384\" data-end=\"1433\">Optim\u00e1lis \u00e9szlel\u00e9si \u00e9s felismer\u00e9si t\u00e1vols\u00e1gok<\/strong><\/h6>\n<ul data-start=\"1436\" data-end=\"1569\">\n<li data-start=\"1436\" data-end=\"1484\">\n<h6>Aut\u00f3: 1000 m (\u00e9szlel\u00e9s) \/ 400 m (felismer\u00e9s)<\/h6>\n<\/li>\n<li data-start=\"1485\" data-end=\"1513\">\n<h6>Emberalak: 400 m \/ 200 m<\/h6>\n<\/li>\n<li data-start=\"1514\" data-end=\"1540\">\n<h6>Szarvas: 330 m \/ 170 m<\/h6>\n<\/li>\n<li data-start=\"1541\" data-end=\"1569\">\n<h6>Vaddiszn\u00f3: 250 m \/ 130 m<\/h6>\n<\/li>\n<\/ul>\n<h6 data-start=\"1571\" data-end=\"1721\">Ez a sz\u00e9les hat\u00f3t\u00e1vols\u00e1g lehet\u0151v\u00e9 teszi, hogy nagyobb ter\u00fcletet is k\u00f6nnyed\u00e9n \u00e1tvizsg\u00e1lj, legyen sz\u00f3 \u00e9jszakai vadlesr\u0151l vagy biztons\u00e1gi megfigyel\u00e9sr\u0151l. 4.\u00a0<strong data-start=\"1730\" data-end=\"1767\">Hasznos funkci\u00f3k minden helyzetre<\/strong><\/h6>\n<ul data-start=\"1770\" data-end=\"2171\">\n<li data-start=\"1770\" data-end=\"1956\">\n<h6><strong data-start=\"1772\" data-end=\"1790\">\u00d6t sz\u00ednpaletta<\/strong>\u00a0(feh\u00e9r, fekete, v\u00f6r\u00f6s, vasv\u00f6r\u00f6s, k\u00e9k kiemel\u00e9s): Igaz\u00edtsd a kijelz\u0151 sz\u00edneit a k\u00f6rnyezethez \u00e9s a feladathoz, hogy a c\u00e9lpontokat gyorsan \u00e9s egy\u00e9rtelm\u0171en azonos\u00edthasd.<\/h6>\n<\/li>\n<li data-start=\"1957\" data-end=\"2065\">\n<h6><strong data-start=\"1959\" data-end=\"1986\">Be\u00e9p\u00edtett l\u00e9zer pointer<\/strong>: Seg\u00edt a pontosabb c\u00e9lk\u00f6vet\u00e9sben, ide\u00e1lis s\u00f6t\u00e9tben vagy t\u00e1voli c\u00e9lpontokn\u00e1l.<\/h6>\n<\/li>\n<li data-start=\"2066\" data-end=\"2171\">\n<h6><strong data-start=\"2068\" data-end=\"2094\">PIP (k\u00e9p a k\u00e9pben) m\u00f3d<\/strong>: Kiemeli a r\u00e9szleteket nagy\u00edtott n\u00e9zetben, mik\u00f6zben az eg\u00e9sz k\u00e9pet is l\u00e1tod.<\/h6>\n<\/li>\n<\/ul>\n<h6 data-start=\"2173\" data-end=\"2223\">5.\u00a0<strong data-start=\"2180\" data-end=\"2221\">Hossz\u00fa \u00fczemid\u0151 \u00e9s k\u00e9nyelmes haszn\u00e1lat<\/strong><\/h6>\n<ul data-start=\"2224\" data-end=\"2530\">\n<li data-start=\"2224\" data-end=\"2437\">\n<h6><strong data-start=\"2226\" data-end=\"2257\">18650 t\u00edpus\u00fa akkumul\u00e1torral<\/strong>\u00a0m\u0171k\u00f6dik, amely ak\u00e1r 8 \u00f3r\u00e1s folyamatos \u00fczemid\u0151t biztos\u00edt. R\u00e1ad\u00e1sul k\u00f6nnyed\u00e9n cser\u00e9lhet\u0151, \u00edgy soha nem maradsz \u201evakon\u201d hosszabb terepmunk\u00e1k vagy \u00e9jszakai megfigyel\u00e9sek k\u00f6zben sem.<\/h6>\n<\/li>\n<li data-start=\"2438\" data-end=\"2530\">\n<h6><strong data-start=\"2440\" data-end=\"2464\">Dioptria kompenz\u00e1ci\u00f3<\/strong>\u00a0(-4 \u2013 +2 dpt): A szem\u00fcveget visel\u0151k is k\u00e9nyelmesen haszn\u00e1lhatj\u00e1k.<\/h6>\n<\/li>\n<li data-start=\"2438\" data-end=\"2530\">\n<h6><a href=\"https:\/\/z-shops.eu\/wp-content\/uploads\/2022\/03\/GUITD210_w7.png\" target=\"_blank\" rel=\"noopener\"><img loading=\"lazy\" decoding=\"async\" class=\"alignright wp-image-111420\" src=\"https:\/\/z-shops.eu\/wp-content\/uploads\/2022\/03\/GUITD210_w7.png\" sizes=\"(max-width: 900px) 100vw, 900px\" srcset=\"https:\/\/z-shops.eu\/wp-content\/uploads\/2022\/03\/GUITD210_w7.png 900w, https:\/\/z-shops.eu\/wp-content\/uploads\/2022\/03\/GUITD210_w7-300x300.png 300w, https:\/\/z-shops.eu\/wp-content\/uploads\/2022\/03\/GUITD210_w7-150x150.png 150w, https:\/\/z-shops.eu\/wp-content\/uploads\/2022\/03\/GUITD210_w7-768x768.png 768w, https:\/\/z-shops.eu\/wp-content\/uploads\/2022\/03\/GUITD210_w7-700x700.png 700w, https:\/\/z-shops.eu\/wp-content\/uploads\/2022\/03\/GUITD210_w7-100x100.png 100w, https:\/\/z-shops.eu\/wp-content\/uploads\/2022\/03\/GUITD210_w7-32x32.png 32w\" alt=\"\" width=\"397\" height=\"397\" \/><\/a><\/h6>\n<\/li>\n<\/ul>\n<h6 data-start=\"2532\" data-end=\"2584\">6.\u00a0<strong data-start=\"2539\" data-end=\"2582\">Modern csatlakoztathat\u00f3s\u00e1g \u00e9s megoszt\u00e1s<\/strong><\/h6>\n<ul data-start=\"2585\" data-end=\"2896\">\n<li data-start=\"2585\" data-end=\"2799\">\n<h6><strong data-start=\"2587\" data-end=\"2606\">Wi-Fi kapcsolat<\/strong>\u00a0\u00e9s\u00a0<strong data-start=\"2610\" data-end=\"2634\">Target IR applik\u00e1ci\u00f3<\/strong>: Val\u00f3s id\u0151ben oszthatod meg a h\u0151k\u00e9pet, visszan\u00e9zheted \u00e9s r\u00f6gz\u00edtheted a felv\u00e9teleket, hogy koll\u00e9g\u00e1iddal, bar\u00e1taiddal, csal\u00e1doddal azonnal megoszthasd a l\u00e1tottakat.<\/h6>\n<\/li>\n<li data-start=\"2800\" data-end=\"2896\">\n<h6><strong data-start=\"2802\" data-end=\"2826\">1\/4\u2033-os \u00e1llv\u00e1nymenet<\/strong>: Stabilan r\u00f6gz\u00edtheted \u00e1llv\u00e1nyra, \u00e9s \u00e9lvezheted a remeg\u00e9smentes k\u00e9pet.<\/h6>\n<\/li>\n<\/ul>\n<h6 data-start=\"2898\" data-end=\"2944\">7.\u00a0<strong data-start=\"2905\" data-end=\"2942\">Robosztus \u00e9s megb\u00edzhat\u00f3 fel\u00e9p\u00edt\u00e9s<\/strong><\/h6>\n<ul data-start=\"2945\" data-end=\"3076\">\n<li data-start=\"2945\" data-end=\"3076\">\n<h6><strong data-start=\"2947\" data-end=\"2965\">IP66 min\u0151s\u00edt\u00e9s<\/strong>: Ellen\u00e1ll a pornak, es\u0151nek \u00e9s fr\u00f6ccsen\u0151 v\u00edznek, \u00edgy b\u00e1tran haszn\u00e1lhatod zord k\u00f6rnyezetben \u00e9s neh\u00e9z terepen is.<\/h6>\n<\/li>\n<\/ul>\n<hr data-start=\"3078\" data-end=\"3081\" \/>\n<h6 data-start=\"3083\" data-end=\"3109\">Sokoldal\u00fa felhaszn\u00e1l\u00e1s:<\/h6>\n<ol data-start=\"3111\" data-end=\"3964\">\n<li data-start=\"3111\" data-end=\"3244\">\n<h6><strong data-start=\"3114\" data-end=\"3150\">Vad\u00e1szat \u00e9s vadvil\u00e1g megfigyel\u00e9s<\/strong>: \u00c9jszakai les vagy nagy t\u00e1vols\u00e1g\u00fa keres\u00e9s k\u00f6zben is magabiztosan ir\u00e1ny\u00edt a Delphinus TD210.<\/h6>\n<\/li>\n<li data-start=\"3245\" data-end=\"3382\">\n<h6><strong data-start=\"3248\" data-end=\"3289\">H\u00e1z k\u00f6r\u00fcli \u00e9s lak\u00f3ingatlan ellen\u0151rz\u00e9s<\/strong>: K\u00f6nnyed\u00e9n felder\u00edtheted a h\u0151szigetel\u00e9si probl\u00e9m\u00e1kat, megtal\u00e1lhatod a sziv\u00e1rg\u00e1si pontokat.<\/h6>\n<\/li>\n<li data-start=\"3383\" data-end=\"3519\">\n<h6><strong data-start=\"3386\" data-end=\"3406\">Ipari alkalmaz\u00e1s<\/strong>: Karbantart\u00e1si feladatok sor\u00e1n id\u0151t \u00e9s energi\u00e1t takar\u00edtasz meg a rejtett hib\u00e1k pontos \u00e9s gyors azonos\u00edt\u00e1s\u00e1val.<\/h6>\n<\/li>\n<li data-start=\"3520\" data-end=\"3673\">\n<h6><strong data-start=\"3523\" data-end=\"3564\">Biztons\u00e1gi \u00e9s \u0151rz\u00e9s-v\u00e9delmi feladatok<\/strong>: S\u00f6t\u00e9tben is krist\u00e1lytiszta k\u00e9pet kaphatsz a megfigyelt ter\u00fcletr\u0151l, ez\u00e1ltal nagyobb hat\u00e9konys\u00e1got \u00e9rsz el.<\/h6>\n<\/li>\n<li data-start=\"3674\" data-end=\"3830\">\n<h6><strong data-start=\"3677\" data-end=\"3707\">Term\u00e9szetkedvel\u0151k, t\u00far\u00e1z\u00f3k<\/strong>: Mind nappali, mind \u00e9jszakai kir\u00e1ndul\u00e1said alatt \u00faj \u00e9lm\u00e9nyekkel gazdagodhatsz, felfedezheted az \u00e9jszaka rejtett titkait.<\/h6>\n<\/li>\n<li data-start=\"3831\" data-end=\"3964\">\n<h6><strong data-start=\"3834\" data-end=\"3866\">Katasztr\u00f3fav\u00e9delem \u00e9s ment\u00e9s<\/strong>: Kritikus helyzetekben \u00e9letment\u0151 lehet egy h\u0151kamera, hiszen a t\u00fal\u00e9l\u0151ket k\u00f6nnyebben megtal\u00e1lhatod.<\/h6>\n<\/li>\n<\/ol>\n<hr data-start=\"3966\" data-end=\"3969\" \/>\n<h6 style=\"text-align: center;\"><strong data-start=\"4538\" data-end=\"4587\">Ne hagyd ki ezt a kihagyhatatlan lehet\u0151s\u00e9get!<\/strong> <strong data-start=\"4688\" data-end=\"4708\">Rendeld meg most<\/strong>, \u00e9s l\u00e9pj be a l\u00e1thatatlan vil\u00e1gba \u2013 mindezt egy megb\u00edzhat\u00f3, professzion\u00e1lis eszk\u00f6zzel, amely a legk\u00fcl\u00f6nf\u00e9l\u00e9bb feladatokban ny\u00fajt seg\u00edts\u00e9get!<\/h6>\n<p><iframe loading=\"lazy\" title=\"Introducing Guide TD Delphinus Series Infrared Thermal Imaging Night Vision Monocular\" width=\"1080\" height=\"608\" src=\"https:\/\/www.youtube.com\/embed\/HrVI8dxQTOE?feature=oembed\"  allow=\"accelerometer; autoplay; clipboard-write; encrypted-media; gyroscope; picture-in-picture; web-share\" referrerpolicy=\"strict-origin-when-cross-origin\" allowfullscreen><\/iframe><\/p>\n<ul data-start=\"560\" data-end=\"1600\">\n<li data-start=\"560\" data-end=\"776\">\n<h6 data-start=\"562\" data-end=\"776\"><strong data-start=\"562\" data-end=\"576\">H\u0151szenzor:<\/strong>\u00a0256\u00d7192 pixeles, 12 \u03bcm-es VOx szenzor (NETD \u2264 50 mK)<br data-start=\"629\" data-end=\"632\" \/>Ez a nagy \u00e9rz\u00e9kenys\u00e9g\u0171 szenzor rendk\u00edv\u00fcl r\u00e9szletgazdag \u00e9s stabil h\u0151k\u00e9pet biztos\u00edt, \u00edgy k\u00f6nnyed\u00e9n \u00e9szlelheted a legkisebb h\u0151k\u00fcl\u00f6nbs\u00e9geket is.<\/h6>\n<\/li>\n<li data-start=\"778\" data-end=\"956\">\n<h6 data-start=\"780\" data-end=\"956\"><strong data-start=\"780\" data-end=\"797\">K\u00e9pfriss\u00edt\u00e9s:<\/strong>\u00a025 Hz<br data-start=\"803\" data-end=\"806\" \/>Sim\u00e1bb, folyamatosabb k\u00e9pet garant\u00e1l, ami kulcsfontoss\u00e1g\u00fa a gyorsan mozg\u00f3 c\u00e9lpontok megfigyel\u00e9s\u00e9n\u00e9l (p\u00e9ld\u00e1ul vaddiszn\u00f3 vagy m\u00e1s \u00e9l\u0151l\u00e9nyek eset\u00e9ben).<\/h6>\n<\/li>\n<li data-start=\"958\" data-end=\"1154\">\n<h6 data-start=\"960\" data-end=\"1154\"><strong data-start=\"960\" data-end=\"1019\">Elektronikus, motoros f\u00f3kusz (f\/1.0, 10 mm-es objekt\u00edv)<\/strong><br data-start=\"1019\" data-end=\"1022\" \/>A t\u00e1rcsa n\u00e9lk\u00fcli f\u00f3kuszvez\u00e9rl\u00e9snek k\u00f6sz\u00f6nhet\u0151en egyszer\u0171en, gombnyom\u00e1ssal szabhatod testre a f\u00f3kuszt, hogy mindig \u00e9les k\u00e9pet kapj.<\/h6>\n<\/li>\n<li data-start=\"1156\" data-end=\"1306\">\n<h6 data-start=\"1158\" data-end=\"1306\"><strong data-start=\"1158\" data-end=\"1182\">Nagy\u00edt\u00e1si tartom\u00e1ny:<\/strong>\u00a01,8\u20133,6\u00d7 (digit\u00e1lis zoom: 1\u00d7, 2\u00d7)<br data-start=\"1216\" data-end=\"1219\" \/>K\u00f6nnyed\u00e9n testre szabhat\u00f3 nagy\u00edt\u00e1s, hogy t\u00e1volabbi c\u00e9lpontokat is prec\u00edzen azonos\u00edts.<\/h6>\n<\/li>\n<li data-start=\"1308\" data-end=\"1452\">\n<h6 data-start=\"1310\" data-end=\"1452\"><strong data-start=\"1310\" data-end=\"1323\">L\u00e1t\u00f3sz\u00f6g:<\/strong>\u00a017,5\u00b0\u00d713,1\u00b0<br data-start=\"1335\" data-end=\"1338\" \/>Ide\u00e1lis a k\u00f6zeli \u00e9s k\u00f6zepes t\u00e1vols\u00e1g\u00fa megfigyel\u00e9sekhez, legyen sz\u00f3 k\u00fclt\u00e9ri terepr\u0151l vagy ipari l\u00e9tes\u00edtm\u00e9nyekr\u0151l.<\/h6>\n<\/li>\n<li data-start=\"1454\" data-end=\"1600\">\n<h6 data-start=\"1456\" data-end=\"1600\"><strong data-start=\"1456\" data-end=\"1468\">Kijelz\u0151:<\/strong>\u00a01280\u00d7960 felbont\u00e1s\u00fa, 0,4 inch LCOS<br data-start=\"1503\" data-end=\"1506\" \/>Kimagasl\u00f3 k\u00e9pmin\u0151s\u00e9g, kontrasztos \u00e9s \u00e9les megjelen\u00edt\u00e9s, m\u00e9g gyenge f\u00e9nyviszonyok mellett is.<\/h6>\n<\/li>\n<\/ul>\n<hr data-start=\"1602\" data-end=\"1605\" \/>\n<h6 data-start=\"1607\" data-end=\"1660\"><strong data-start=\"1610\" data-end=\"1660\">K\u00e9nyelem, hossz\u00fa \u00fczemid\u0151 \u00e9s strapab\u00edr\u00f3 kivitel<\/strong><\/h6>\n<ul data-start=\"1662\" data-end=\"2173\">\n<li data-start=\"1662\" data-end=\"1835\">\n<h6><strong data-start=\"1664\" data-end=\"1676\">\u00dczemid\u0151:<\/strong>\u00a0T\u00f6bb mint 8 \u00f3ra Az\u00a0<strong data-start=\"1700\" data-end=\"1740\">18650 t\u00edpus\u00fa, cser\u00e9lhet\u0151 akkumul\u00e1tor<\/strong>\u00a0hossz\u00fa m\u0171k\u00f6d\u00e9st biztos\u00edt, \u00edgy egy \u00e9jszakai vadles vagy kiterjedt felder\u00edt\u00e9s sem okoz gondot.<\/h6>\n<\/li>\n<li data-start=\"1836\" data-end=\"1934\">\n<h6><strong data-start=\"1838\" data-end=\"1848\">T\u00f6meg:<\/strong>\u00a0360 g K\u00f6nnyed\u00e9n hordozhat\u00f3, ak\u00e1r hosszabb ideig is k\u00e9nyelmesen k\u00e9zben tarthat\u00f3.<\/h6>\n<\/li>\n<li data-start=\"1935\" data-end=\"2069\">\n<h6><strong data-start=\"1937\" data-end=\"1954\">IP66 v\u00e9delem:<\/strong>\u00a0Massz\u00edv h\u00e1z, amely ellen\u00e1ll a pornak \u00e9s a fr\u00f6ccsen\u0151 v\u00edznek, \u00edgy zord k\u00f6r\u00fclm\u00e9nyek k\u00f6z\u00f6tt is megb\u00edzhat\u00f3an m\u0171k\u00f6dik.<\/h6>\n<\/li>\n<li data-start=\"2070\" data-end=\"2173\">\n<h6><strong data-start=\"2072\" data-end=\"2084\">M\u00e9retek:<\/strong>\u00a0143 \u00d7 45 \u00d7 73 mm Kompakt \u00e9s j\u00f3l kezelhet\u0151, nem foglal sok helyet a felszerel\u00e9sedben.<\/h6>\n<\/li>\n<\/ul>\n<hr data-start=\"2175\" data-end=\"2178\" \/>\n<h6 data-start=\"2180\" data-end=\"2214\"><strong data-start=\"2183\" data-end=\"2214\">Sokoldal\u00fa felhaszn\u00e1lhat\u00f3s\u00e1g<\/strong><\/h6>\n<ol data-start=\"2216\" data-end=\"3202\">\n<li data-start=\"2216\" data-end=\"2528\">\n<h6 data-start=\"2219\" data-end=\"2257\"><strong data-start=\"2219\" data-end=\"2255\">Vad\u00e1szat \u00e9s vadvil\u00e1g megfigyel\u00e9s<\/strong><\/h6>\n<ul data-start=\"2261\" data-end=\"2528\">\n<li data-start=\"2261\" data-end=\"2430\">\n<h6><strong data-start=\"2263\" data-end=\"2302\">\u00c9szlel\u00e9si \/ Azonos\u00edt\u00e1si t\u00e1vols\u00e1gok:<\/strong><\/h6>\n<ul data-start=\"2310\" data-end=\"2430\">\n<li data-start=\"2310\" data-end=\"2334\">\n<h6>Aut\u00f3: 1000 m \/ 400 m<\/h6>\n<\/li>\n<li data-start=\"2340\" data-end=\"2364\">\n<h6>Ember: 400 m \/ 200 m<\/h6>\n<\/li>\n<li data-start=\"2370\" data-end=\"2396\">\n<h6>Szarvas: 330 m \/ 170 m<\/h6>\n<\/li>\n<li data-start=\"2402\" data-end=\"2430\">\n<h6>Vaddiszn\u00f3: 250 m \/ 130 m<\/h6>\n<\/li>\n<\/ul>\n<\/li>\n<li data-start=\"2434\" data-end=\"2528\">\n<h6>Gyorsan kisz\u00farhatod a rejtekhelyen megb\u00fav\u00f3 \u00e1llatokat, \u00e9s k\u00f6vetheted mozg\u00e1sukat \u00e9jjel-nappal.<\/h6>\n<\/li>\n<\/ul>\n<\/li>\n<li data-start=\"2530\" data-end=\"2808\">\n<h6 data-start=\"2533\" data-end=\"2584\"><strong data-start=\"2533\" data-end=\"2582\">H\u0151szigetel\u00e9s-ellen\u0151rz\u00e9s \u00e9s ipari alkalmaz\u00e1sok<\/strong><\/h6>\n<ul data-start=\"2588\" data-end=\"2808\">\n<li data-start=\"2588\" data-end=\"2680\">\n<h6>K\u00f6nnyen megtal\u00e1lhat\u00f3ak a h\u0151vesztes\u00e9get okoz\u00f3 reped\u00e9sek, h\u00e9zagok vagy hib\u00e1s szigetel\u00e9sek.<\/h6>\n<\/li>\n<li data-start=\"2684\" data-end=\"2808\">\n<h6>Ipari ter\u00fcleten seg\u00edt felder\u00edteni a t\u00falmeleged\u0151 g\u00e9pelemeket, vezet\u00e9ks\u00e9r\u00fcl\u00e9seket, ezzel megel\u0151zve nagyobb meghib\u00e1sod\u00e1sokat.<\/h6>\n<\/li>\n<\/ul>\n<\/li>\n<li data-start=\"2810\" data-end=\"3013\">\n<h6 data-start=\"2813\" data-end=\"2852\"><strong data-start=\"2813\" data-end=\"2850\">Biztons\u00e1gi \u00e9s \u0151rz\u00e9s-v\u00e9delmi c\u00e9lok<\/strong><\/h6>\n<ul data-start=\"2856\" data-end=\"3013\">\n<li data-start=\"2856\" data-end=\"3013\">\n<h6>A s\u00f6t\u00e9ts\u00e9g, f\u00fcst vagy k\u00f6d nem akad\u00e1ly, \u00edgy mindig tiszta k\u00e9pet kapsz a megfigyelt ter\u00fcletr\u0151l, legyen sz\u00f3 ipari parkokr\u00f3l, rakt\u00e1rakr\u00f3l vagy hat\u00e1rv\u00e9delemr\u0151l.<\/h6>\n<\/li>\n<\/ul>\n<\/li>\n<li data-start=\"3015\" data-end=\"3202\">\n<h6 data-start=\"3018\" data-end=\"3052\"><strong data-start=\"3018\" data-end=\"3050\">Ment\u00e9s \u00e9s katasztr\u00f3fav\u00e9delem<\/strong><\/h6>\n<ul data-start=\"3056\" data-end=\"3202\">\n<li data-start=\"3056\" data-end=\"3202\">\n<h6>Kritikus helyzetekben val\u00f3di \u00e9letment\u0151 szerepe lehet a h\u0151kamer\u00e1nak, hiszen seg\u00edt a t\u00fal\u00e9l\u0151k, s\u00e9r\u00fcltek, rejt\u0151z\u0151 szem\u00e9lyek gyorsabb felkutat\u00e1s\u00e1ban.<\/h6>\n<\/li>\n<\/ul>\n<\/li>\n<\/ol>\n<hr data-start=\"3204\" data-end=\"3207\" \/>\n<h6 data-start=\"3209\" data-end=\"3243\"><strong data-start=\"3212\" data-end=\"3243\">Tov\u00e1bbi funkci\u00f3k \u00e9s el\u0151ny\u00f6k<\/strong><\/h6>\n<ul data-start=\"3245\" data-end=\"3867\">\n<li data-start=\"3245\" data-end=\"3422\">\n<h6><strong data-start=\"3247\" data-end=\"3271\">5 sz\u00ednm\u00f3d (paletta):<\/strong>\u00a0feh\u00e9r kiemel\u00e9s, fekete kiemel\u00e9s, v\u00f6r\u00f6s kiemel\u00e9s (k\u00e9tf\u00e9le), k\u00e9k kiemel\u00e9s. V\u00e1laszd az \u00e9ppen sz\u00fcks\u00e9ges kontrasztot a c\u00e9lpontok hat\u00e9kony felismer\u00e9s\u00e9hez.<\/h6>\n<\/li>\n<li data-start=\"3423\" data-end=\"3509\">\n<h6><strong data-start=\"3425\" data-end=\"3450\">Dioptria kompenz\u00e1ci\u00f3:<\/strong>\u00a0-4 \u2013 +2 dpt, szem\u00fcveg n\u00e9lk\u00fcl is k\u00e9nyelmesen haszn\u00e1lhat\u00f3.<\/h6>\n<\/li>\n<li data-start=\"3510\" data-end=\"3664\">\n<h6><strong data-start=\"3512\" data-end=\"3555\">WiFi-kapcsolat \u00e9s Target IR applik\u00e1ci\u00f3:<\/strong>\u00a0Val\u00f3s id\u0151ben oszthatod meg \u00e9s n\u00e9zheted vissza a felv\u00e9teleket, egyszer\u0171 adat\u00e1tvitel USB-C porton kereszt\u00fcl.<\/h6>\n<\/li>\n<li data-start=\"3729\" data-end=\"3867\">\n<h6><strong data-start=\"3731\" data-end=\"3746\">Tartoz\u00e9kok:<\/strong>\u00a0USB-C k\u00e1bel, anal\u00f3g vide\u00f3k\u00e1bel, 18650 akku, t\u00f6lt\u0151, objekt\u00edvv\u00e9d\u0151 kupak, csukl\u00f3sz\u00edj, puha fal\u00fa tok \u00e9s haszn\u00e1lati \u00fatmutat\u00f3.<\/h6>\n<\/li>\n<\/ul>\n<p>https:\/\/www.vadaszboltcsorna.hu\/wp-content\/uploads\/2025\/03\/Hasznalati-utasitas-Guide-TD-210.docx<\/p>\n<p>&nbsp;<\/p>\n<h6 style=\"text-align: center;\"><\/h6>\n<p>&nbsp;<\/p>\n","protected":false},"excerpt":{"rendered":"<p>https:\/\/www.vadaszboltcsorna.hu\/wp-content\/uploads\/2025\/03\/h2.docxh2 GUIDE TD210 Keres\u0151 h\u0151kamera Fedezd fel a l\u00e1thatatlan vil\u00e1got a Guide Delphinus TD210 h\u0151kamer\u00e1val. A\u00a0Guide Delphinus TD210\u00a0olyan sokoldal\u00fa, pehelyk\u00f6nny\u0171 \u00e9s kiv\u00e1l\u00f3 min\u0151s\u00e9g\u0171 h\u0151kamera, amely megnyitja el\u0151tted az \u00e9jszaka \u00e9s a rejtett h\u0151nyomok vil\u00e1g\u00e1t. Ide\u00e1lis v\u00e1laszt\u00e1s, legyen sz\u00f3 ak\u00e1r\u00a0kezd\u0151 vad\u00e1szatr\u00f3l,\u00a0lesvad\u00e1szatr\u00f3l,\u00a0h\u0151szigetel\u00e9si hib\u00e1k felder\u00edt\u00e9s\u00e9r\u0151l, vagy \u00e9ppen\u00a0ipari ter\u00fcleten\u00a0v\u00e9gzett ellen\u0151rz\u00e9sekr\u0151l. Magyarorsz\u00e1gon egyre t\u00f6bben d\u00f6ntenek a h\u0151kamer\u00e1k mellett, \u00e9s nem [&hellip;]<\/p>\n","protected":false},"featured_media":7022,"comment_status":"open","ping_status":"closed","template":"","meta":{"_et_pb_use_builder":"","_et_pb_old_content":"","_et_gb_content_width":"","om_disable_all_campaigns":false},"product_brand":[],"product_cat":[21,447,448],"product_tag":[1613],"class_list":{"0":"post-7017","1":"product","2":"type-product","3":"status-publish","4":"has-post-thumbnail","6":"product_cat-uj","7":"product_cat-hokamera","8":"product_cat-kereso-hokamera","9":"product_tag-guide-td210-kereso-hokamera","11":"first","12":"instock","13":"sale","14":"taxable","15":"shipping-taxable","16":"purchasable","17":"product-type-simple"},"_links":{"self":[{"href":"https:\/\/www.vadaszboltcsorna.hu\/index.php\/wp-json\/wp\/v2\/product\/7017","targetHints":{"allow":["GET"]}}],"collection":[{"href":"https:\/\/www.vadaszboltcsorna.hu\/index.php\/wp-json\/wp\/v2\/product"}],"about":[{"href":"https:\/\/www.vadaszboltcsorna.hu\/index.php\/wp-json\/wp\/v2\/types\/product"}],"replies":[{"embeddable":true,"href":"https:\/\/www.vadaszboltcsorna.hu\/index.php\/wp-json\/wp\/v2\/comments?post=7017"}],"wp:featuredmedia":[{"embeddable":true,"href":"https:\/\/www.vadaszboltcsorna.hu\/index.php\/wp-json\/wp\/v2\/media\/7022"}],"wp:attachment":[{"href":"https:\/\/www.vadaszboltcsorna.hu\/index.php\/wp-json\/wp\/v2\/media?parent=7017"}],"wp:term":[{"taxonomy":"product_brand","embeddable":true,"href":"https:\/\/www.vadaszboltcsorna.hu\/index.php\/wp-json\/wp\/v2\/product_brand?post=7017"},{"taxonomy":"product_cat","embeddable":true,"href":"https:\/\/www.vadaszboltcsorna.hu\/index.php\/wp-json\/wp\/v2\/product_cat?post=7017"},{"taxonomy":"product_tag","embeddable":true,"href":"https:\/\/www.vadaszboltcsorna.hu\/index.php\/wp-json\/wp\/v2\/product_tag?post=7017"}],"curies":[{"name":"wp","href":"https:\/\/api.w.org\/{rel}","templated":true}]}}