{"id":698,"date":"2021-04-30T08:14:44","date_gmt":"2021-04-30T08:14:44","guid":{"rendered":"http:\/\/www.vadaszboltcsorna.hu\/?post_type=product&#038;p=698"},"modified":"2026-03-22T04:41:13","modified_gmt":"2026-03-22T04:41:13","slug":"brenekke-30-06-tug","status":"publish","type":"product","link":"https:\/\/www.vadaszboltcsorna.hu\/index.php\/termek\/brenekke-30-06-tug\/","title":{"rendered":"Brenneke .30-06 Tug"},"content":{"rendered":"<h2><strong>Brenneke .30-06 Tug<\/strong><\/h2>\n<h4>11,7g\/181 grs<\/h4>\n<ul>\n<li>\n<h4>Cal.: .30-06<\/h4>\n<\/li>\n<li>\n<h4>T\u00edpus: TUG<\/h4>\n<\/li>\n<li>\n<h4>T\u00f6meg: 11,7 g (181 szemcsem\u00e9ret)<\/h4>\n<\/li>\n<li>\n<h4>L\u00f6ved\u00e9k sebess\u00e9ge [m \/ s]: 840 (0m) \/ 755 (100m) \/ 675 (200m) \/ 600 (300m)<\/h4>\n<\/li>\n<li>\n<h4>Energia [J]: 4,128 (0m) \/ 3,335 (100m) \/ 2,665 (200m) \/ 2,106 (300m)<\/h4>\n<\/li>\n<li>\n<h4>Dobozban: 20 db<\/h4>\n<\/li>\n<li>\n<h4>A le\u00edr\u00e1sban szerepl\u0151 adatok t\u00e1j\u00e9koztat\u00f3 jelleg\u0171ek, t\u00edpusonk\u00e9nt v\u00e1ltozhat!<\/h4>\n<\/li>\n<li>\n<h4 style=\"text-align: center;\"><em><strong>Kaliberekr\u0151l \u00e1rakr\u00f3l \u00e9s egy\u00e9b inform\u00e1ci\u00f3kr\u00f3l k\u00e9rj\u00fck \u00e9rdekl\u0151dj\u00f6n!<\/strong><\/em><\/h4>\n<\/li>\n<li style=\"text-align: center;\">\n<h4><em><strong>A fegyvert\u00f6rv\u00e9ny \u00e9rtelm\u00e9ben, fegyvert, l\u0151szert kiz\u00e1r\u00f3lag szem\u00e9lyesen,az \u00fczletben fegyvertart\u00e1si enged\u00e9ly birtok\u00e1ban lehet v\u00e1s\u00e1rolni!<\/strong><\/em><br \/>\n<em><strong>A webshopban megrendelt fegyverek \u00e9s l\u0151szerek NEM ker\u00fclnek kisz\u00e1ll\u00edt\u00e1sra!\u00a0 Tov\u00e1bbi inform\u00e1ci\u00f3\u00e9rt l\u00e1togasson el boltunkba!<\/strong><\/em><\/h4>\n<h4><em>Az \u00e1rak t\u00e1j\u00e9koztat\u00f3 jelleg\u0171ek nem min\u0151s\u00fcl hivatalos aj\u00e1nlat t\u00e9telnek!<\/em><br \/>\n<em>Az \u00e1rv\u00e1ltoz\u00e1s jog\u00e1t fenntartjuk!<\/em><\/h4>\n<\/li>\n<\/ul>\n<h4 style=\"text-align: center;\"><\/h4>\n","protected":false},"excerpt":{"rendered":"<p>Brenneke .30-06 Tug 11,7g\/181 grs Cal.: .30-06 T\u00edpus: TUG T\u00f6meg: 11,7 g (181 szemcsem\u00e9ret) L\u00f6ved\u00e9k sebess\u00e9ge [m \/ s]: 840 (0m) \/ 755 (100m) \/ 675 (200m) \/ 600 (300m) Energia [J]: 4,128 (0m) \/ 3,335 (100m) \/ 2,665 (200m) \/ 2,106 (300m) Dobozban: 20 db A le\u00edr\u00e1sban szerepl\u0151 adatok t\u00e1j\u00e9koztat\u00f3 jelleg\u0171ek, t\u00edpusonk\u00e9nt v\u00e1ltozhat! Kaliberekr\u0151l [&hellip;]<\/p>\n","protected":false},"featured_media":7191,"comment_status":"open","ping_status":"closed","template":"","meta":{"_et_pb_use_builder":"","_et_pb_old_content":"","_et_gb_content_width":"","om_disable_all_campaigns":false},"product_brand":[],"product_cat":[21,202,203,199,200,201],"product_tag":[701,205,208,70],"class_list":{"0":"post-698","1":"product","2":"type-product","3":"status-publish","4":"has-post-thumbnail","6":"product_cat-uj","7":"product_cat-30-06","8":"product_cat-brenekke","9":"product_cat-golyos-loszerek","10":"product_cat-kaliber","11":"product_cat-marka-golyos-loszerek","12":"product_tag-brenneke-30-06-tug","13":"product_tag-golyos-loszer","14":"product_tag-loszer","15":"product_tag-vadaszat","17":"first","18":"instock","19":"taxable","20":"shipping-taxable","21":"purchasable","22":"product-type-simple"},"_links":{"self":[{"href":"https:\/\/www.vadaszboltcsorna.hu\/index.php\/wp-json\/wp\/v2\/product\/698","targetHints":{"allow":["GET"]}}],"collection":[{"href":"https:\/\/www.vadaszboltcsorna.hu\/index.php\/wp-json\/wp\/v2\/product"}],"about":[{"href":"https:\/\/www.vadaszboltcsorna.hu\/index.php\/wp-json\/wp\/v2\/types\/product"}],"replies":[{"embeddable":true,"href":"https:\/\/www.vadaszboltcsorna.hu\/index.php\/wp-json\/wp\/v2\/comments?post=698"}],"wp:featuredmedia":[{"embeddable":true,"href":"https:\/\/www.vadaszboltcsorna.hu\/index.php\/wp-json\/wp\/v2\/media\/7191"}],"wp:attachment":[{"href":"https:\/\/www.vadaszboltcsorna.hu\/index.php\/wp-json\/wp\/v2\/media?parent=698"}],"wp:term":[{"taxonomy":"product_brand","embeddable":true,"href":"https:\/\/www.vadaszboltcsorna.hu\/index.php\/wp-json\/wp\/v2\/product_brand?post=698"},{"taxonomy":"product_cat","embeddable":true,"href":"https:\/\/www.vadaszboltcsorna.hu\/index.php\/wp-json\/wp\/v2\/product_cat?post=698"},{"taxonomy":"product_tag","embeddable":true,"href":"https:\/\/www.vadaszboltcsorna.hu\/index.php\/wp-json\/wp\/v2\/product_tag?post=698"}],"curies":[{"name":"wp","href":"https:\/\/api.w.org\/{rel}","templated":true}]}}