{"id":6964,"date":"2025-03-04T12:50:43","date_gmt":"2025-03-04T12:50:43","guid":{"rendered":"https:\/\/www.vadaszboltcsorna.hu\/?post_type=product&#038;p=6964"},"modified":"2025-03-04T12:50:43","modified_gmt":"2025-03-04T12:50:43","slug":"winchester-sx4-composite-12-89-balos","status":"publish","type":"product","link":"https:\/\/www.vadaszboltcsorna.hu\/index.php\/termek\/winchester-sx4-composite-12-89-balos\/","title":{"rendered":"Winchester SX4 Composite 12\/89 (balos)"},"content":{"rendered":"<h2 style=\"text-align: center;\"><strong>Winchester SX4 Composite 12\/89 (balos)<\/strong><\/h2>\n<p><img decoding=\"async\" src=\"https:\/\/static.wixstatic.com\/media\/6986a0_b08d4c44380e40578a0084e7f3b6b113~mv2.jpg\/v1\/fill\/w_1230,h_600,al_c,q_85,enc_avif,quality_auto\/6986a0_b08d4c44380e40578a0084e7f3b6b113~mv2.jpg\" alt=\"Winchester SX4 Composite 12\/89    76cm Cs\u0151hosszal\" \/><\/p>\n<p>&nbsp;<\/p>\n<h4 style=\"text-align: center;\"><strong>Winchester SX4 Composite, 12\/89 \u00a0s\u00f6r\u00e9tes vad\u00e1szfegyver<\/strong><\/h4>\n<h4>A Winchester SX4 Composite egy k\u00f6nnyen tiszt\u00e1n tarthat\u00f3, nem t\u00fal neh\u00e9z, egyszer\u0171en kezelhet\u0151, hossz\u00fa cs\u00f6v\u0171 f\u00e9lautomata s\u00f6r\u00e9tes fegyver a extr\u00e9m haszn\u00e1latra<\/h4>\n<h4>Az SX4 Composite megjelen\u00e9se kifog\u00e1stalan, \u00e9s m\u00e9g mindig a leggyorsabb s\u00f6r\u00e9tes fegyver.<\/h4>\n<h4>Tulajdons\u00e1gok:<\/h4>\n<h4>Kiv\u00e1l\u00f3 \u00e1r-\u00e9rt\u00e9k ar\u00e1ny<\/h4>\n<h4>Kaliber: \u00a012\/89<\/h4>\n<h4>Cs\u0151 hossz: 660-760 mm<\/h4>\n<h4>Agyaz\u00e1s hossza: 365 mm<\/h4>\n<h4>3-f\u00e9le sz\u0171k\u00edt\u00e9ssel<\/h4>\n<h4>K\u00f6nny\u0171 \u201eBack-bored\u201d cs\u0151: n\u00f6veli a s\u00f6r\u00e9tszemek sebess\u00e9g\u00e9t \u00e9s becsap\u00f3d\u00e1si erej\u00e9t, jav\u00edtja a sz\u00f3r\u00e1sk\u00e9pet, cs\u00f6kkenti a puska visszar\u00fag\u00e1s\u00e1t.<\/h4>\n<h4>Matt fekete alum\u00ednium z\u00e1rtest<\/h4>\n<h4>Fekete m\u0171anyag tusa<\/h4>\n<h4>S\u00faly: 3 kg<\/h4>\n<p>&nbsp;<\/p>\n<h4>A fegyvert\u00f6rv\u00e9ny \u00e9rtelm\u00e9ben, fegyvert, l\u0151szert kiz\u00e1r\u00f3lag szem\u00e9lyesen,az \u00fczletben fegyvertart\u00e1si enged\u00e9ly birtok\u00e1ban lehet v\u00e1s\u00e1rolni!<br \/>\nA webshopban megrendelt fegyverek \u00e9s l\u0151szerek NEM ker\u00fclnek kisz\u00e1ll\u00edt\u00e1sra! Tov\u00e1bbi inform\u00e1ci\u00f3\u00e9rt l\u00e1togasson el boltunkba!<\/h4>\n<h3 style=\"text-align: center;\"><em><strong>Az \u00e1rak t\u00e1j\u00e9koztat\u00f3 jelleg\u0171ek nem min\u0151s\u00fcl hivatalos aj\u00e1nlat t\u00e9telnek!<\/strong><\/em><br \/>\n<em><strong>Az \u00e1rv\u00e1ltoz\u00e1s jog\u00e1t fenntartjuk!<\/strong><\/em><\/h3>\n<p>&nbsp;<\/p>\n<p>&nbsp;<\/p>\n<h4><\/h4>\n<p>&nbsp;<\/p>\n","protected":false},"excerpt":{"rendered":"<p>Winchester SX4 Composite 12\/89 (balos) &nbsp; Winchester SX4 Composite, 12\/89 \u00a0s\u00f6r\u00e9tes vad\u00e1szfegyver A Winchester SX4 Composite egy k\u00f6nnyen tiszt\u00e1n tarthat\u00f3, nem t\u00fal neh\u00e9z, egyszer\u0171en kezelhet\u0151, hossz\u00fa cs\u00f6v\u0171 f\u00e9lautomata s\u00f6r\u00e9tes fegyver a extr\u00e9m haszn\u00e1latra Az SX4 Composite megjelen\u00e9se kifog\u00e1stalan, \u00e9s m\u00e9g mindig a leggyorsabb s\u00f6r\u00e9tes fegyver. Tulajdons\u00e1gok: Kiv\u00e1l\u00f3 \u00e1r-\u00e9rt\u00e9k ar\u00e1ny Kaliber: \u00a012\/89 Cs\u0151 hossz: 660-760 mm [&hellip;]<\/p>\n","protected":false},"featured_media":6967,"comment_status":"open","ping_status":"closed","template":"","meta":{"_et_pb_use_builder":"","_et_pb_old_content":"","_et_gb_content_width":"","om_disable_all_campaigns":false},"product_brand":[],"product_cat":[21,16,18],"product_tag":[1606],"class_list":{"0":"post-6964","1":"product","2":"type-product","3":"status-publish","4":"has-post-thumbnail","6":"product_cat-uj","7":"product_cat-fegyver","8":"product_cat-soretes-fegyver","9":"product_tag-winchester-sx4-composite-12-89-balos","11":"first","12":"instock","13":"taxable","14":"shipping-taxable","15":"purchasable","16":"product-type-simple"},"_links":{"self":[{"href":"https:\/\/www.vadaszboltcsorna.hu\/index.php\/wp-json\/wp\/v2\/product\/6964","targetHints":{"allow":["GET"]}}],"collection":[{"href":"https:\/\/www.vadaszboltcsorna.hu\/index.php\/wp-json\/wp\/v2\/product"}],"about":[{"href":"https:\/\/www.vadaszboltcsorna.hu\/index.php\/wp-json\/wp\/v2\/types\/product"}],"replies":[{"embeddable":true,"href":"https:\/\/www.vadaszboltcsorna.hu\/index.php\/wp-json\/wp\/v2\/comments?post=6964"}],"wp:featuredmedia":[{"embeddable":true,"href":"https:\/\/www.vadaszboltcsorna.hu\/index.php\/wp-json\/wp\/v2\/media\/6967"}],"wp:attachment":[{"href":"https:\/\/www.vadaszboltcsorna.hu\/index.php\/wp-json\/wp\/v2\/media?parent=6964"}],"wp:term":[{"taxonomy":"product_brand","embeddable":true,"href":"https:\/\/www.vadaszboltcsorna.hu\/index.php\/wp-json\/wp\/v2\/product_brand?post=6964"},{"taxonomy":"product_cat","embeddable":true,"href":"https:\/\/www.vadaszboltcsorna.hu\/index.php\/wp-json\/wp\/v2\/product_cat?post=6964"},{"taxonomy":"product_tag","embeddable":true,"href":"https:\/\/www.vadaszboltcsorna.hu\/index.php\/wp-json\/wp\/v2\/product_tag?post=6964"}],"curies":[{"name":"wp","href":"https:\/\/api.w.org\/{rel}","templated":true}]}}