{"id":6931,"date":"2025-02-06T08:56:47","date_gmt":"2025-02-06T08:56:47","guid":{"rendered":"https:\/\/www.vadaszboltcsorna.hu\/?post_type=product&#038;p=6931"},"modified":"2025-02-06T08:56:47","modified_gmt":"2025-02-06T08:56:47","slug":"pinewood-smarand-forest-sal-1140","status":"publish","type":"product","link":"https:\/\/www.vadaszboltcsorna.hu\/index.php\/termek\/pinewood-smarand-forest-sal-1140\/","title":{"rendered":"Pinewood Smarand Forest s\u00e1l 1140"},"content":{"rendered":"<h2 style=\"text-align: center;\"><strong>Pinewood Smarand Forest s\u00e1l 1140<\/strong><\/h2>\n<h3>A <strong>Sm\u00e5land Forest Fleece s\u00e1l<\/strong> egy puha, k\u00f6rnyezetbar\u00e1t s\u00e1l. 100%-ban \u00fajrahasznos\u00edtott poli\u00e9szterb\u0151l k\u00e9sz\u00fclt, \u00e9s e.dye\u00ae megold\u00e1ssal festett\u00e9k \u2013 ez egy v\u00edzmentes sz\u00ednez\u00e9si technol\u00f3gia. A s\u00e1l extra hossz\u00fa, 160 cm-es, valamint rendelkezik egy ny\u00edl\u00e1ssal, ahov\u00e1 a s\u00e1l v\u00e9g\u00e9t r\u00f6gz\u00edtheted, hogy ne cs\u00fasszon sz\u00e9t.<\/h3>\n","protected":false},"excerpt":{"rendered":"<p>Pinewood Smarand Forest s\u00e1l 1140 A Sm\u00e5land Forest Fleece s\u00e1l egy puha, k\u00f6rnyezetbar\u00e1t s\u00e1l. 100%-ban \u00fajrahasznos\u00edtott poli\u00e9szterb\u0151l k\u00e9sz\u00fclt, \u00e9s e.dye\u00ae megold\u00e1ssal festett\u00e9k \u2013 ez egy v\u00edzmentes sz\u00ednez\u00e9si technol\u00f3gia. A s\u00e1l extra hossz\u00fa, 160 cm-es, valamint rendelkezik egy ny\u00edl\u00e1ssal, ahov\u00e1 a s\u00e1l v\u00e9g\u00e9t r\u00f6gz\u00edtheted, hogy ne cs\u00fasszon sz\u00e9t.<\/p>\n","protected":false},"featured_media":6932,"comment_status":"open","ping_status":"closed","template":"","meta":{"_et_pb_use_builder":"","_et_pb_old_content":"","_et_gb_content_width":"","om_disable_all_campaigns":false},"product_brand":[],"product_cat":[21,771,159],"product_tag":[1603],"class_list":{"0":"post-6931","1":"product","2":"type-product","3":"status-publish","4":"has-post-thumbnail","6":"product_cat-uj","7":"product_cat-sapka-sal-kesztyu-zokni","8":"product_cat-vadasz-ruhazat","9":"product_tag-pinewood-smarand-forest-sal-1140","11":"first","12":"instock","13":"sale","14":"taxable","15":"shipping-taxable","16":"purchasable","17":"product-type-simple"},"_links":{"self":[{"href":"https:\/\/www.vadaszboltcsorna.hu\/index.php\/wp-json\/wp\/v2\/product\/6931","targetHints":{"allow":["GET"]}}],"collection":[{"href":"https:\/\/www.vadaszboltcsorna.hu\/index.php\/wp-json\/wp\/v2\/product"}],"about":[{"href":"https:\/\/www.vadaszboltcsorna.hu\/index.php\/wp-json\/wp\/v2\/types\/product"}],"replies":[{"embeddable":true,"href":"https:\/\/www.vadaszboltcsorna.hu\/index.php\/wp-json\/wp\/v2\/comments?post=6931"}],"wp:featuredmedia":[{"embeddable":true,"href":"https:\/\/www.vadaszboltcsorna.hu\/index.php\/wp-json\/wp\/v2\/media\/6932"}],"wp:attachment":[{"href":"https:\/\/www.vadaszboltcsorna.hu\/index.php\/wp-json\/wp\/v2\/media?parent=6931"}],"wp:term":[{"taxonomy":"product_brand","embeddable":true,"href":"https:\/\/www.vadaszboltcsorna.hu\/index.php\/wp-json\/wp\/v2\/product_brand?post=6931"},{"taxonomy":"product_cat","embeddable":true,"href":"https:\/\/www.vadaszboltcsorna.hu\/index.php\/wp-json\/wp\/v2\/product_cat?post=6931"},{"taxonomy":"product_tag","embeddable":true,"href":"https:\/\/www.vadaszboltcsorna.hu\/index.php\/wp-json\/wp\/v2\/product_tag?post=6931"}],"curies":[{"name":"wp","href":"https:\/\/api.w.org\/{rel}","templated":true}]}}