{"id":6918,"date":"2025-02-06T08:02:46","date_gmt":"2025-02-06T08:02:46","guid":{"rendered":"https:\/\/www.vadaszboltcsorna.hu\/?post_type=product&#038;p=6918"},"modified":"2025-02-06T08:20:38","modified_gmt":"2025-02-06T08:20:38","slug":"wildzone-m-440-combmelegito","status":"publish","type":"product","link":"https:\/\/www.vadaszboltcsorna.hu\/index.php\/termek\/wildzone-m-440-combmelegito\/","title":{"rendered":"Wildzone M-440 Combmeleg\u00edt\u0151"},"content":{"rendered":"<h2 style=\"text-align: center;\"><strong>Wildzone M-440 Combmeleg\u00edt\u0151<\/strong><\/h2>\n<p>&nbsp;<\/p>\n<h3 style=\"font-weight: 300;\">5 dolog ami\u00e9rt sz\u00fcks\u00e9ge van a WILDE ZONA \u2013 COMBMELEG\u00cdT\u0150RE!<\/h3>\n<h3 style=\"font-weight: 300;\">Praktikus, k\u00e9nyelmes, meleg, k\u00f6nny\u0171, kis helyen elf\u00e9r.<br \/>\nEgy igazi n\u00e9gy\u00e9vszakos viselet. Minden vad\u00e1szat alkalm\u00e1val legyen a csomagj\u00e1ban.<\/h3>\n<h3 style=\"font-weight: 300;\">H\u0171v\u00f6s ny\u00e1ri est\u00e9n, cs\u00edp\u0151s hajnalokon, vagy hideg t\u00e9li napokon, mindig melegen tart.<br \/>\nA kiv\u00e1l\u00f3 min\u0151s\u00e9g\u0171 WELLSOFT POL\u00c1R anyagb\u00f3l k\u00e9sz\u00fclt combmeleg\u00edt\u0151, a\u00a0<a style=\"font-weight: 500;\" href=\"https:\/\/wildzone.eu\/Pol%C3%A1r-poncs%C3%B3-t%C3%A9li-3-az-1-ben\" target=\"_blank\" rel=\"noopener\">pol\u00e1r ponchohoz<\/a>\u00a0hasonl\u00f3an egy zajtalan \u00e9s k\u00e9nyelmes ruhadarab. Fel- \u00e9s lev\u00e9tele gyors \u00e9s egyszer\u0171! Nyitott \u00e1llapotban a comb k\u00f6r\u00e9 tekerve,\u00a0<b><strong>az oldal\u00e1ba varrott cipz\u00e1r beh\u00faz\u00e1s\u00e1val, egy mozdulattal viselhet\u0151 lesz<\/strong><\/b>. Kieg\u00e9sz\u00edt\u00e9sk\u00e9nt egy heveder szalagot is tett\u00fcnk r\u00e1, amit a der\u00e9ksz\u00edj alatt \u00e1tf\u0171zve r\u00f6gz\u00edthet\u00fcnk, megakad\u00e1lyozva ezzel azt, hogy a combmeleg\u00edt\u0151 mozg\u00e1s k\u00f6zben lecs\u00fasszon a l\u00e1bunkr\u00f3l.<\/h3>\n<h3 style=\"font-weight: 300;\">Van m\u00e9g egy j\u00f3 h\u00edr\u00fcnk!\u00a0Amikor \u00e9ppen nem a combj\u00e1t meleg\u00edti, akkor a k\u00e9t r\u00e9szt \u00f6ssze cipz\u00e1razva, haszn\u00e1lhatja kis takar\u00f3k\u00e9nt, \u00f6sszetekerve l\u0151zs\u00e1kk\u00e9nt<\/h3>\n<h3 style=\"font-weight: 300;\">Anyaga: 465g\/m<sup>2<\/sup>, 100% poli\u00e9szter WellSoft Pol\u00e1r<\/h3>\n","protected":false},"excerpt":{"rendered":"<h2 style=\"text-align: center;\"><strong>Wildzone M-440 Combmeleg\u00edt\u0151<\/strong><\/h2>\n","protected":false},"featured_media":6929,"comment_status":"open","ping_status":"closed","template":"","meta":{"_et_pb_use_builder":"","_et_pb_old_content":"","_et_gb_content_width":"","om_disable_all_campaigns":false},"product_brand":[],"product_cat":[21,664,159],"product_tag":[1602],"class_list":{"0":"post-6918","1":"product","2":"type-product","3":"status-publish","4":"has-post-thumbnail","6":"product_cat-uj","7":"product_cat-nadrag","8":"product_cat-vadasz-ruhazat","9":"product_tag-wildzone-m-440-combmelegito","11":"first","12":"instock","13":"sale","14":"taxable","15":"shipping-taxable","16":"purchasable","17":"product-type-variable"},"_links":{"self":[{"href":"https:\/\/www.vadaszboltcsorna.hu\/index.php\/wp-json\/wp\/v2\/product\/6918","targetHints":{"allow":["GET"]}}],"collection":[{"href":"https:\/\/www.vadaszboltcsorna.hu\/index.php\/wp-json\/wp\/v2\/product"}],"about":[{"href":"https:\/\/www.vadaszboltcsorna.hu\/index.php\/wp-json\/wp\/v2\/types\/product"}],"replies":[{"embeddable":true,"href":"https:\/\/www.vadaszboltcsorna.hu\/index.php\/wp-json\/wp\/v2\/comments?post=6918"}],"wp:featuredmedia":[{"embeddable":true,"href":"https:\/\/www.vadaszboltcsorna.hu\/index.php\/wp-json\/wp\/v2\/media\/6929"}],"wp:attachment":[{"href":"https:\/\/www.vadaszboltcsorna.hu\/index.php\/wp-json\/wp\/v2\/media?parent=6918"}],"wp:term":[{"taxonomy":"product_brand","embeddable":true,"href":"https:\/\/www.vadaszboltcsorna.hu\/index.php\/wp-json\/wp\/v2\/product_brand?post=6918"},{"taxonomy":"product_cat","embeddable":true,"href":"https:\/\/www.vadaszboltcsorna.hu\/index.php\/wp-json\/wp\/v2\/product_cat?post=6918"},{"taxonomy":"product_tag","embeddable":true,"href":"https:\/\/www.vadaszboltcsorna.hu\/index.php\/wp-json\/wp\/v2\/product_tag?post=6918"}],"curies":[{"name":"wp","href":"https:\/\/api.w.org\/{rel}","templated":true}]}}