{"id":6906,"date":"2025-02-05T11:08:17","date_gmt":"2025-02-05T11:08:17","guid":{"rendered":"https:\/\/www.vadaszboltcsorna.hu\/?post_type=product&#038;p=6906"},"modified":"2026-03-16T11:07:55","modified_gmt":"2026-03-16T11:07:55","slug":"beretta-mull-insulated-kabat-brown-bark","status":"publish","type":"product","link":"https:\/\/www.vadaszboltcsorna.hu\/index.php\/termek\/beretta-mull-insulated-kabat-brown-bark\/","title":{"rendered":"Beretta Mull Insulated kab\u00e1t &#8211; Brown Bark"},"content":{"rendered":"<h2 style=\"text-align: center;\"><strong><span style=\"vertical-align: inherit;\"><span style=\"vertical-align: inherit;\">Beretta Mull Insulated kab\u00e1t &#8211; Brown Bark<\/span><\/span><\/strong><\/h2>\n<p>&nbsp;<\/p>\n<h4>Mull Insulated f\u00e9rfi vad\u00e1szkab\u00e1t, amelyet k\u00fclt\u00e9ri vad\u00e1szatokhoz terveztek, ahol teljes csendben \u00e9s sz\u00e1razon kell maradnia. V\u00edz\u00e1ll\u00f3, zajmentes, h\u0151\u00e1ll\u00f3 \u00e9s l\u00e9g\u00e1tereszt\u0151.<\/h4>\n<h4><span style=\"vertical-align: inherit;\"><span style=\"vertical-align: inherit;\">Beretta v\u00edz\u00e1ll\u00f3 l\u00e9legz\u0151 (BWB) EVO membr\u00e1nnal.<\/span><\/span><\/h4>\n<h4>Meleg szintetikus t\u00f6ltel\u00e9k &#8211; 180 g a testen \u00e9s 160 g az ujjakon.<\/h4>\n<h4>A k\u00fcls\u0151 anyag hangtalan poli\u00e9szter g\u00e9z, Durable Water Repellent (DWR) kezel\u00e9ssel.<\/h4>\n<h4>A kab\u00e1t kombin\u00e1lhat\u00f3 Mull Insulated nadr\u00e1ggal.<\/h4>\n<h4><b>Tulajdons\u00e1gok:<\/b><\/h4>\n<ul>\n<li>\n<h4>Levehet\u0151, el\u0151re form\u00e1zott &#8222;Easy Movement&#8221; kapucni a korl\u00e1tlan l\u00e1t\u00f3mez\u0151 biztos\u00edt\u00e1sa \u00e9rdek\u00e9ben<\/h4>\n<\/li>\n<li>\n<h4>Puha mikrosz\u00e1las gall\u00e9r b\u00e9l\u00e9s<\/h4>\n<\/li>\n<li>\n<h4>R\u00f6gz\u00edt\u00e9s SBS cipz\u00e1rral \u00e9s csappanty\u00faval<\/h4>\n<\/li>\n<li>\n<h4>Speci\u00e1lis zseb a r\u00e1di\u00f3 sz\u00e1m\u00e1ra, ny\u00edl\u00e1ssal az antenna kimenet sz\u00e1m\u00e1ra<\/h4>\n<\/li>\n<li>\n<h4>SBS k\u00e9zmeleg\u00edt\u0151 zsebek cipz\u00e1rral<\/h4>\n<\/li>\n<li>\n<h4>Nagy el\u00fcls\u0151 zsebek pattinthat\u00f3 gombbal \u00e9s rugalmas patrontart\u00f3val<\/h4>\n<\/li>\n<li>\n<h4>\u00c1ll\u00edthat\u00f3 t\u00e9p\u0151z\u00e1ras csukl\u00f3<\/h4>\n<\/li>\n<li>\n<h4>Egyszeresen ny\u00edl\u00f3 h\u00e1ts\u00f3 j\u00e1t\u00e9kzseb SBS cipz\u00e1rral<\/h4>\n<\/li>\n<li>\n<h4>Bels\u0151 SBS cipz\u00e1ras zsebek<\/h4>\n<\/li>\n<li>\n<h4>\u00c1ll\u00edthat\u00f3 h\u00faz\u00f3zsin\u00f3ros szeg\u00e9ly<\/h4>\n<\/li>\n<li>\n<h4>Gum\u00edrozott Beretta log\u00f3 a bal ujjon<\/h4>\n<\/li>\n<\/ul>\n<h4><b>Szab\u00e1s:<\/b><\/h4>\n<ul>\n<li>\n<h4>norm\u00e1l v\u00e1g\u00e1s<\/h4>\n<\/li>\n<\/ul>\n<h4>-15 \u00b0C \u00e9s 0 \u00b0C k\u00f6z\u00f6tti h\u0151m\u00e9rs\u00e9kleten haszn\u00e1lhat\u00f3<\/h4>\n<h4><b>\u00d6sszet\u00e9tel:<\/b><\/h4>\n<ul>\n<li>\n<h4>100,0% poli\u00e9szter<\/h4>\n<\/li>\n<\/ul>\n","protected":false},"excerpt":{"rendered":"<p>Beretta Mull Insulated kab\u00e1t &#8211; Brown Bark &nbsp; Mull Insulated f\u00e9rfi vad\u00e1szkab\u00e1t, amelyet k\u00fclt\u00e9ri vad\u00e1szatokhoz terveztek, ahol teljes csendben \u00e9s sz\u00e1razon kell maradnia. V\u00edz\u00e1ll\u00f3, zajmentes, h\u0151\u00e1ll\u00f3 \u00e9s l\u00e9g\u00e1tereszt\u0151. Beretta v\u00edz\u00e1ll\u00f3 l\u00e9legz\u0151 (BWB) EVO membr\u00e1nnal. Meleg szintetikus t\u00f6ltel\u00e9k &#8211; 180 g a testen \u00e9s 160 g az ujjakon. A k\u00fcls\u0151 anyag hangtalan poli\u00e9szter g\u00e9z, Durable Water [&hellip;]<\/p>\n","protected":false},"featured_media":6911,"comment_status":"open","ping_status":"closed","template":"","meta":{"_et_pb_use_builder":"","_et_pb_old_content":"","_et_gb_content_width":"","om_disable_all_campaigns":false},"product_brand":[],"product_cat":[21,553,159],"product_tag":[1601],"class_list":{"0":"post-6906","1":"product","2":"type-product","3":"status-publish","4":"has-post-thumbnail","6":"product_cat-uj","7":"product_cat-kabat","8":"product_cat-vadasz-ruhazat","9":"product_tag-beretta-mull-insulated-kabat-brown-bark","11":"first","12":"outofstock","13":"sale","14":"taxable","15":"shipping-taxable","16":"purchasable","17":"product-type-variable"},"_links":{"self":[{"href":"https:\/\/www.vadaszboltcsorna.hu\/index.php\/wp-json\/wp\/v2\/product\/6906","targetHints":{"allow":["GET"]}}],"collection":[{"href":"https:\/\/www.vadaszboltcsorna.hu\/index.php\/wp-json\/wp\/v2\/product"}],"about":[{"href":"https:\/\/www.vadaszboltcsorna.hu\/index.php\/wp-json\/wp\/v2\/types\/product"}],"replies":[{"embeddable":true,"href":"https:\/\/www.vadaszboltcsorna.hu\/index.php\/wp-json\/wp\/v2\/comments?post=6906"}],"wp:featuredmedia":[{"embeddable":true,"href":"https:\/\/www.vadaszboltcsorna.hu\/index.php\/wp-json\/wp\/v2\/media\/6911"}],"wp:attachment":[{"href":"https:\/\/www.vadaszboltcsorna.hu\/index.php\/wp-json\/wp\/v2\/media?parent=6906"}],"wp:term":[{"taxonomy":"product_brand","embeddable":true,"href":"https:\/\/www.vadaszboltcsorna.hu\/index.php\/wp-json\/wp\/v2\/product_brand?post=6906"},{"taxonomy":"product_cat","embeddable":true,"href":"https:\/\/www.vadaszboltcsorna.hu\/index.php\/wp-json\/wp\/v2\/product_cat?post=6906"},{"taxonomy":"product_tag","embeddable":true,"href":"https:\/\/www.vadaszboltcsorna.hu\/index.php\/wp-json\/wp\/v2\/product_tag?post=6906"}],"curies":[{"name":"wp","href":"https:\/\/api.w.org\/{rel}","templated":true}]}}