{"id":6901,"date":"2025-02-05T10:52:12","date_gmt":"2025-02-05T10:52:12","guid":{"rendered":"https:\/\/www.vadaszboltcsorna.hu\/?post_type=product&#038;p=6901"},"modified":"2026-03-16T11:36:53","modified_gmt":"2026-03-16T11:36:53","slug":"insulated-static-evo-kabat-green","status":"publish","type":"product","link":"https:\/\/www.vadaszboltcsorna.hu\/index.php\/termek\/insulated-static-evo-kabat-green\/","title":{"rendered":"Insulated Static EVO kab\u00e1t &#8211; Green"},"content":{"rendered":"<h2 class=\"modal-product-title mb-4 me-lg-3 me-0\" style=\"text-align: center;\"><strong><span style=\"vertical-align: inherit;\"><span style=\"vertical-align: inherit;\">Szigetelt Statikus EVO kab\u00e1t &#8211; Z\u00f6ld<\/span><\/span><\/strong><\/h2>\n<h4>Az EVO szigetelt f\u00e9rfi vad\u00e1szkab\u00e1t\u00a0 v\u00edz\u00e1ll\u00f3 , l\u00e9g\u00e1tereszt\u0151, csendes, szigetel\u00e9ssel meger\u0151s\u00edtett \u00e9s a kulcs helyeken kop\u00e1s\u00e1ll\u00f3 bet\u00e9tekkel kieg\u00e9sz\u00edtve.<\/h4>\n<h4>V\u00edz\u00e1ll\u00f3 \u00e9s l\u00e9legz\u0151 a BWB EVO membr\u00e1nnak k\u00f6sz\u00f6nhet\u0151en &#8211; Beretta Waterproof Breathable EVO -, amely a k\u00fcls\u0151 sz\u00f6vethez van r\u00f6gz\u00edtve. A Primaloft\u00ae Silver 100grs optim\u00e1lis h\u0151kapacit\u00e1st garant\u00e1l Kop\u00e1s\u00e1ll\u00f3 bet\u00e9tek a v\u00e1ll \u00e9s a k\u00f6ny\u00f6k ter\u00fclet\u00e9n.<\/h4>\n<h4>A karok alatti szell\u0151z\u0151 cipz\u00e1rok megakad\u00e1lyozz\u00e1k a t\u00falmeleged\u00e9st. A k\u00fcls\u0151 anyag \u201etart\u00f3s v\u00edztasz\u00edt\u00f3 anyaggal\u201d van kezelve.<\/h4>\n<h4><b><u>Jellemz\u0151k:<\/u><\/b><\/h4>\n<ul>\n<li>\n<h4>L\u00e9g\u00e1tereszt\u00e9s: 15-20 ezer g\/m2\/24h<\/h4>\n<\/li>\n<li>\n<h4>V\u00edz\u00e1ll\u00f3s\u00e1g: 15 ezer g\/m2\/24h<\/h4>\n<\/li>\n<li>\n<h4>Levehet\u0151 kapucni, el\u0151form\u00e1zott &#8222;Easy Movement&#8221;, amely garant\u00e1lja a j\u00f3 l\u00e1t\u00f3sz\u00f6get<\/h4>\n<\/li>\n<li>\n<h4>Bels\u0151 gall\u00e9r meleg \u00e9s k\u00e9nyelmes mikropol\u00e1r YKK cipz\u00e1rral cipz\u00e1ros huzattal<\/h4>\n<\/li>\n<li>\n<h4>R\u00e1di\u00f3zseb antennany\u00edl\u00e1ssal<\/h4>\n<\/li>\n<li>\n<h4>Nagy el\u00fcls\u0151 zsebek<\/h4>\n<\/li>\n<li>\n<h4>Szell\u0151z\u0151 ny\u00edl\u00e1s a karok alatt YKK cipz\u00e1rral<\/h4>\n<\/li>\n<li>\n<h4>Kop\u00e1s\u00e1ll\u00f3 bet\u00e9tek az alkaron \u00e9s a v\u00e1llakon<\/h4>\n<\/li>\n<li>\n<h4>T\u00e9p\u0151z\u00e1ras be\u00e1ll\u00edt\u00e1s a csukl\u00f3n<\/h4>\n<\/li>\n<li>\n<h4>Moshat\u00f3 csomagtart\u00f3 cipz\u00e1rral 0020YKK<\/h4>\n<\/li>\n<li>\n<h4>Szab\u00e1lyoz\u00e1s az als\u00f3 r\u00e9sz\u00e9n tal\u00e1lhat\u00f3 zsin\u00f3rral<\/h4>\n<\/li>\n<li>\n<h4>Levehet\u0151 nadr\u00e1gtart\u00f3 &#8222;Beretta Hands Free&#8221;<\/h4>\n<\/li>\n<li>\n<h4>Bels\u0151 zsebek cipz\u00e1rral \u00e9s t\u00e9p\u0151z\u00e1rral<\/h4>\n<\/li>\n<li>\n<h4>Gumi log\u00f3 a bal ujjon<\/h4>\n<\/li>\n<li>\n<h4>Kiv\u00e1g\u00e1s: norm\u00e1l szab\u00e1s\u00fa<\/h4>\n<\/li>\n<\/ul>\n","protected":false},"excerpt":{"rendered":"<p>Szigetelt Statikus EVO kab\u00e1t &#8211; Z\u00f6ld Az EVO szigetelt f\u00e9rfi vad\u00e1szkab\u00e1t\u00a0 v\u00edz\u00e1ll\u00f3 , l\u00e9g\u00e1tereszt\u0151, csendes, szigetel\u00e9ssel meger\u0151s\u00edtett \u00e9s a kulcs helyeken kop\u00e1s\u00e1ll\u00f3 bet\u00e9tekkel kieg\u00e9sz\u00edtve. V\u00edz\u00e1ll\u00f3 \u00e9s l\u00e9legz\u0151 a BWB EVO membr\u00e1nnak k\u00f6sz\u00f6nhet\u0151en &#8211; Beretta Waterproof Breathable EVO -, amely a k\u00fcls\u0151 sz\u00f6vethez van r\u00f6gz\u00edtve. A Primaloft\u00ae Silver 100grs optim\u00e1lis h\u0151kapacit\u00e1st garant\u00e1l Kop\u00e1s\u00e1ll\u00f3 bet\u00e9tek a v\u00e1ll [&hellip;]<\/p>\n","protected":false},"featured_media":6903,"comment_status":"open","ping_status":"closed","template":"","meta":{"_et_pb_use_builder":"","_et_pb_old_content":"","_et_gb_content_width":"","om_disable_all_campaigns":false},"product_brand":[],"product_cat":[21,553,159],"product_tag":[1600],"class_list":{"0":"post-6901","1":"product","2":"type-product","3":"status-publish","4":"has-post-thumbnail","6":"product_cat-uj","7":"product_cat-kabat","8":"product_cat-vadasz-ruhazat","9":"product_tag-insulated-static-evo-kabat-green","11":"first","12":"instock","13":"sale","14":"taxable","15":"shipping-taxable","16":"purchasable","17":"product-type-variable"},"_links":{"self":[{"href":"https:\/\/www.vadaszboltcsorna.hu\/index.php\/wp-json\/wp\/v2\/product\/6901","targetHints":{"allow":["GET"]}}],"collection":[{"href":"https:\/\/www.vadaszboltcsorna.hu\/index.php\/wp-json\/wp\/v2\/product"}],"about":[{"href":"https:\/\/www.vadaszboltcsorna.hu\/index.php\/wp-json\/wp\/v2\/types\/product"}],"replies":[{"embeddable":true,"href":"https:\/\/www.vadaszboltcsorna.hu\/index.php\/wp-json\/wp\/v2\/comments?post=6901"}],"wp:featuredmedia":[{"embeddable":true,"href":"https:\/\/www.vadaszboltcsorna.hu\/index.php\/wp-json\/wp\/v2\/media\/6903"}],"wp:attachment":[{"href":"https:\/\/www.vadaszboltcsorna.hu\/index.php\/wp-json\/wp\/v2\/media?parent=6901"}],"wp:term":[{"taxonomy":"product_brand","embeddable":true,"href":"https:\/\/www.vadaszboltcsorna.hu\/index.php\/wp-json\/wp\/v2\/product_brand?post=6901"},{"taxonomy":"product_cat","embeddable":true,"href":"https:\/\/www.vadaszboltcsorna.hu\/index.php\/wp-json\/wp\/v2\/product_cat?post=6901"},{"taxonomy":"product_tag","embeddable":true,"href":"https:\/\/www.vadaszboltcsorna.hu\/index.php\/wp-json\/wp\/v2\/product_tag?post=6901"}],"curies":[{"name":"wp","href":"https:\/\/api.w.org\/{rel}","templated":true}]}}