{"id":6894,"date":"2025-02-03T11:48:16","date_gmt":"2025-02-03T11:48:16","guid":{"rendered":"https:\/\/www.vadaszboltcsorna.hu\/?post_type=product&#038;p=6894"},"modified":"2025-02-03T11:52:31","modified_gmt":"2025-02-03T11:52:31","slug":"invifens-p10vadriaszto","status":"publish","type":"product","link":"https:\/\/www.vadaszboltcsorna.hu\/index.php\/termek\/invifens-p10vadriaszto\/","title":{"rendered":"Invifens P10 vadriaszt\u00f3"},"content":{"rendered":"<h2 style=\"text-align: center;\"><strong>Invifens P10 vadriaszt\u00f3<\/strong><\/h2>\n<h4>Az Invifens P10 egy egyszer\u0171en \u00e9s gyorsan kijuttathat\u00f3, sokoldal\u00fa szagriaszt\u00f3, amely h\u00f3napokig fejti ki t\u00f6bbf\u00e9le vad fel\u00e9 is a riaszt\u00f3 hat\u00e1s\u00e1t.<\/h4>\n<h4><strong>Kiszerel\u00e9s:<\/strong>\u00a0200ml-es flakon<\/h4>\n<h4>Az INVIFENS P10 szagriaszt\u00f3 alapja a koncentr\u00e1lt emberi izzads\u00e1g, ami garant\u00e1ltan t\u00e1vol tartja az \u00e1llatokat azokt\u00f3l a helyekt\u0151l, ahol nem k\u00edv\u00e1natos a jelenl\u00e9t\u00fck.<\/h4>\n<h4><strong>F\u0151bb jellemz\u0151k:<\/strong><br \/>\n\u2013 Kedvez\u0151, kis kiszerel\u00e9s\u0171 flakon.<\/h4>\n<h4>\u2013 Praktikus, sz\u00f3r\u00f3fejes kijuttat\u00e1s.<\/h4>\n<h4>\u2013 T\u00f6bb h\u00f3napig tart\u00f3 v\u00e9delem.<\/h4>\n<h4>\u2013 A vaddiszn\u00f3, illetve egy\u00e9b cs\u00fclk\u00f6s vad mellett a r\u00f3k\u00e1t \u00e9s a nyestet is t\u00e1vol tartja.<\/h4>\n<h4>A term\u00e9k k\u00f6zvetlen\u00fcl a f\u00f6ldre vagy a bokrokra is kijuttathat\u00f3, de a hat\u00e1soss\u00e1g n\u00f6vel\u00e9se \u00e9rdek\u00e9ben javasolt egy textildarabra f\u00fajni, \u00e9s azt egy fac\u00f6l\u00f6pre, 50\u201390 cm magass\u00e1gban r\u00f6gz\u00edteni. A c\u00f6l\u00f6p\u00f6ket a v\u00e9deni k\u00edv\u00e1nt ter\u00fclett\u0151l 5\u201310 m\u00e9terre kell elhelyezni, egym\u00e1st\u00f3l 2\u20133 m\u00e9ter t\u00e1vols\u00e1gban. Haszn\u00e1lat el\u0151tt felr\u00e1zand\u00f3! Haszn\u00e1ljon v\u00e9d\u0151keszty\u0171t!<\/h4>\n<h4><strong>Aj\u00e1nlott mennyis\u00e9g:<\/strong><\/h4>\n<h4>A 200 ml-es kiszerel\u00e9s kb. 6,3 hekt\u00e1r v\u00e9delm\u00e9re elegend\u0151. Amennyiben 3 m\u00e9terenk\u00e9nt elhelyezett c\u00f6l\u00f6p\u00f6kkel sz\u00e1molunk, akkor kb. 1000 m \u201ev\u00e9d\u0151korl\u00e1t\u201d hozhat\u00f3 l\u00e9tre.<\/h4>\n<h4><strong>Hat\u00e1s tartama:<\/strong><\/h4>\n<h4>Hat\u00e1s\u00e1t ak\u00e1r 4 h\u00f3napig is meg\u0151rizheti. (Aj\u00e1nlott es\u0151 ellen v\u00e9deni!)<\/h4>\n<h4>Sz\u00e1rmaz\u00e1si hely: Szlov\u00e1kia<\/h4>\n<p>&nbsp;<\/p>\n<p>&nbsp;<\/p>\n<p>&nbsp;<\/p>\n","protected":false},"excerpt":{"rendered":"<p>Invifens P10 vadriaszt\u00f3 Az Invifens P10 egy egyszer\u0171en \u00e9s gyorsan kijuttathat\u00f3, sokoldal\u00fa szagriaszt\u00f3, amely h\u00f3napokig fejti ki t\u00f6bbf\u00e9le vad fel\u00e9 is a riaszt\u00f3 hat\u00e1s\u00e1t. Kiszerel\u00e9s:\u00a0200ml-es flakon Az INVIFENS P10 szagriaszt\u00f3 alapja a koncentr\u00e1lt emberi izzads\u00e1g, ami garant\u00e1ltan t\u00e1vol tartja az \u00e1llatokat azokt\u00f3l a helyekt\u0151l, ahol nem k\u00edv\u00e1natos a jelenl\u00e9t\u00fck. F\u0151bb jellemz\u0151k: \u2013 Kedvez\u0151, kis kiszerel\u00e9s\u0171 [&hellip;]<\/p>\n","protected":false},"featured_media":6895,"comment_status":"open","ping_status":"closed","template":"","meta":{"_et_pb_use_builder":"","_et_pb_old_content":"","_et_gb_content_width":"","om_disable_all_campaigns":false},"product_brand":[],"product_cat":[21,657],"product_tag":[1599],"class_list":{"0":"post-6894","1":"product","2":"type-product","3":"status-publish","4":"has-post-thumbnail","6":"product_cat-uj","7":"product_cat-vadriasztokvadkamera","8":"product_tag-invifens-p10-vadriaszto","10":"first","11":"instock","12":"taxable","13":"shipping-taxable","14":"purchasable","15":"product-type-simple"},"_links":{"self":[{"href":"https:\/\/www.vadaszboltcsorna.hu\/index.php\/wp-json\/wp\/v2\/product\/6894","targetHints":{"allow":["GET"]}}],"collection":[{"href":"https:\/\/www.vadaszboltcsorna.hu\/index.php\/wp-json\/wp\/v2\/product"}],"about":[{"href":"https:\/\/www.vadaszboltcsorna.hu\/index.php\/wp-json\/wp\/v2\/types\/product"}],"replies":[{"embeddable":true,"href":"https:\/\/www.vadaszboltcsorna.hu\/index.php\/wp-json\/wp\/v2\/comments?post=6894"}],"wp:featuredmedia":[{"embeddable":true,"href":"https:\/\/www.vadaszboltcsorna.hu\/index.php\/wp-json\/wp\/v2\/media\/6895"}],"wp:attachment":[{"href":"https:\/\/www.vadaszboltcsorna.hu\/index.php\/wp-json\/wp\/v2\/media?parent=6894"}],"wp:term":[{"taxonomy":"product_brand","embeddable":true,"href":"https:\/\/www.vadaszboltcsorna.hu\/index.php\/wp-json\/wp\/v2\/product_brand?post=6894"},{"taxonomy":"product_cat","embeddable":true,"href":"https:\/\/www.vadaszboltcsorna.hu\/index.php\/wp-json\/wp\/v2\/product_cat?post=6894"},{"taxonomy":"product_tag","embeddable":true,"href":"https:\/\/www.vadaszboltcsorna.hu\/index.php\/wp-json\/wp\/v2\/product_tag?post=6894"}],"curies":[{"name":"wp","href":"https:\/\/api.w.org\/{rel}","templated":true}]}}