{"id":6888,"date":"2025-02-03T11:02:27","date_gmt":"2025-02-03T11:02:27","guid":{"rendered":"https:\/\/www.vadaszboltcsorna.hu\/?post_type=product&#038;p=6888"},"modified":"2025-02-03T11:02:28","modified_gmt":"2025-02-03T11:02:28","slug":"akah-bukkfa-katrany-50-ltr-71526005","status":"publish","type":"product","link":"https:\/\/www.vadaszboltcsorna.hu\/index.php\/termek\/akah-bukkfa-katrany-50-ltr-71526005\/","title":{"rendered":"AKAH B\u00fckkfa K\u00e1tr\u00e1ny 5,0 LTR 71526005"},"content":{"rendered":"<h2 style=\"text-align: center;\"><strong>AKAH B\u00fckkfa K\u00e1tr\u00e1ny 5,0 LTR 71526005<\/strong><\/h2>\n<h3>Gy\u00e1rt\u00f3:\u00a0<strong>AKAH<\/strong><\/h3>\n<ul>\n<li>\n<h3>Minden folyad\u00e9k s\u0171r\u0171 koncentr\u00e1tum \u00e9s mag\u00e1ban, valamint v\u00edzzel is felhaszn\u00e1lhat\u00f3 (1:5 h\u00edg\u00edt\u00e1ssal, az \u00e1nizsolaj kiv\u00e9tel\u00e9vel). A vad nagy t\u00e1vols\u00e1gr\u00f3l is meg\u00e9rzi.<\/h3>\n<\/li>\n<li>\n<h3>Parazit\u00e1k ellen is haszn\u00e1lhat\u00f3 diszn\u00f3kn\u00e1l, szarvasokn\u00e1l. 5 literes kiszerel\u00e9sben.<\/h3>\n<\/li>\n<\/ul>\n","protected":false},"excerpt":{"rendered":"<p>AKAH B\u00fckkfa K\u00e1tr\u00e1ny 5,0 LTR 71526005 Gy\u00e1rt\u00f3:\u00a0AKAH Minden folyad\u00e9k s\u0171r\u0171 koncentr\u00e1tum \u00e9s mag\u00e1ban, valamint v\u00edzzel is felhaszn\u00e1lhat\u00f3 (1:5 h\u00edg\u00edt\u00e1ssal, az \u00e1nizsolaj kiv\u00e9tel\u00e9vel). A vad nagy t\u00e1vols\u00e1gr\u00f3l is meg\u00e9rzi. Parazit\u00e1k ellen is haszn\u00e1lhat\u00f3 diszn\u00f3kn\u00e1l, szarvasokn\u00e1l. 5 literes kiszerel\u00e9sben.<\/p>\n","protected":false},"featured_media":6889,"comment_status":"open","ping_status":"closed","template":"","meta":{"_et_pb_use_builder":"","_et_pb_old_content":"","_et_gb_content_width":"","om_disable_all_campaigns":false},"product_brand":[],"product_cat":[21,1595,131],"product_tag":[1597,1596],"class_list":{"0":"post-6888","1":"product","2":"type-product","3":"status-publish","4":"has-post-thumbnail","6":"product_cat-uj","7":"product_cat-csalifolyadek","8":"product_cat-vadeteto","9":"product_tag-0-ltr-71526005","10":"product_tag-akah-bukkfa-katrany-5","12":"first","13":"instock","14":"sale","15":"taxable","16":"shipping-taxable","17":"purchasable","18":"product-type-simple"},"_links":{"self":[{"href":"https:\/\/www.vadaszboltcsorna.hu\/index.php\/wp-json\/wp\/v2\/product\/6888","targetHints":{"allow":["GET"]}}],"collection":[{"href":"https:\/\/www.vadaszboltcsorna.hu\/index.php\/wp-json\/wp\/v2\/product"}],"about":[{"href":"https:\/\/www.vadaszboltcsorna.hu\/index.php\/wp-json\/wp\/v2\/types\/product"}],"replies":[{"embeddable":true,"href":"https:\/\/www.vadaszboltcsorna.hu\/index.php\/wp-json\/wp\/v2\/comments?post=6888"}],"wp:featuredmedia":[{"embeddable":true,"href":"https:\/\/www.vadaszboltcsorna.hu\/index.php\/wp-json\/wp\/v2\/media\/6889"}],"wp:attachment":[{"href":"https:\/\/www.vadaszboltcsorna.hu\/index.php\/wp-json\/wp\/v2\/media?parent=6888"}],"wp:term":[{"taxonomy":"product_brand","embeddable":true,"href":"https:\/\/www.vadaszboltcsorna.hu\/index.php\/wp-json\/wp\/v2\/product_brand?post=6888"},{"taxonomy":"product_cat","embeddable":true,"href":"https:\/\/www.vadaszboltcsorna.hu\/index.php\/wp-json\/wp\/v2\/product_cat?post=6888"},{"taxonomy":"product_tag","embeddable":true,"href":"https:\/\/www.vadaszboltcsorna.hu\/index.php\/wp-json\/wp\/v2\/product_tag?post=6888"}],"curies":[{"name":"wp","href":"https:\/\/api.w.org\/{rel}","templated":true}]}}