{"id":6881,"date":"2025-01-30T11:46:45","date_gmt":"2025-01-30T11:46:45","guid":{"rendered":"https:\/\/www.vadaszboltcsorna.hu\/?post_type=product&#038;p=6881"},"modified":"2025-01-30T11:56:33","modified_gmt":"2025-01-30T11:56:33","slug":"pard-predator-480-lrf-hokamera-elotet","status":"publish","type":"product","link":"https:\/\/www.vadaszboltcsorna.hu\/index.php\/termek\/pard-predator-480-lrf-hokamera-elotet\/","title":{"rendered":"Pard Predator 480 LRF H\u0151kamera el\u0151t\u00e9t"},"content":{"rendered":"<h2 class=\"product_title entry-title elementor-heading-title elementor-size-default\" style=\"text-align: center;\"><strong>Pard Predator 480 LRF H\u0151kamera el\u0151t\u00e9t<\/strong><\/h2>\n<h2><\/h2>\n<p><a href=\"https:\/\/z-shops.eu\/wp-content\/uploads\/2025\/01\/Predator-1.png\" target=\"_blank\" rel=\"noopener\"><img loading=\"lazy\" decoding=\"async\" class=\"wp-image-110472 alignleft\" src=\"https:\/\/z-shops.eu\/wp-content\/uploads\/2025\/01\/Predator-1.png\" sizes=\"(max-width: 181px) 100vw, 181px\" srcset=\"https:\/\/z-shops.eu\/wp-content\/uploads\/2025\/01\/Predator-1.png 750w, https:\/\/z-shops.eu\/wp-content\/uploads\/2025\/01\/Predator-1-300x235.png 300w, https:\/\/z-shops.eu\/wp-content\/uploads\/2025\/01\/Predator-1-700x549.png 700w\" alt=\"\" width=\"181\" height=\"142\" \/><\/a><\/p>\n<p>&nbsp;<\/p>\n<div class=\"flex max-w-full flex-col flex-grow\">\n<div class=\"min-h-8 text-message flex w-full flex-col items-end gap-2 whitespace-normal break-words text-start [.text-message+&amp;]:mt-5\" dir=\"auto\" data-message-author-role=\"assistant\" data-message-id=\"a2927015-8e35-4808-84b9-0daafade4549\" data-message-model-slug=\"gpt-4o\">\n<div class=\"flex w-full flex-col gap-1 empty:hidden first:pt-[3px]\">\n<div class=\"markdown prose w-full break-words dark:prose-invert light\">\n<h3><em><strong>Pard Predator 480 LRF h\u0151kamera el\u0151t\u00e9t \u2013 A vad\u00e1szat \u00faj dimenzi\u00f3ja<\/strong><\/em><\/h3>\n<p>&nbsp;<\/p>\n<p>A\u00a0<strong>Pard Predator 480 LRF h\u0151kamera el\u0151t\u00e9t<\/strong>\u00a0a vad\u00e1szok sz\u00e1m\u00e1ra k\u00edn\u00e1l professzion\u00e1lis megold\u00e1st, amelyet nappali c\u00e9lt\u00e1vcs\u00f6veikhez r\u00f6gz\u00edthetnek. Kompakt \u00e9s strapab\u00edr\u00f3 kialak\u00edt\u00e1sa r\u00e9v\u00e9n\u00a0<strong>\u00e9jjel-nappal haszn\u00e1lhat\u00f3<\/strong>, mik\u00f6zben meg\u0151rzi a megszokott vad\u00e1szati ergon\u00f3mi\u00e1t \u00e9s a tradicion\u00e1lis l\u00f6v\u00e9szeti \u00e9lm\u00e9nyt.<\/p>\n<h4><strong>Innov\u00e1ci\u00f3 \u00e9s pontoss\u00e1g egy k\u00e9sz\u00fcl\u00e9kben<\/strong><\/h4>\n<ul>\n<li><strong>Fejlett h\u0151\u00e9rz\u00e9kel\u0151 technol\u00f3gia<\/strong>\n<ul>\n<li>NETD: \u226420mK (0,02\u00b0C)<\/li>\n<li>\u00c9rz\u00e9kel\u0151 felbont\u00e1s: 640 x 512 vagy 480 x 360 pixel<\/li>\n<li>12 x 12 \u00b5m pixelm\u00e9ret<\/li>\n<\/ul>\n<\/li>\n<\/ul>\n<p>A nagy \u00e9rz\u00e9kenys\u00e9g\u0171 szenzor k\u00e9pes felismerni a legapr\u00f3bb h\u0151m\u00e9rs\u00e9klet-k\u00fcl\u00f6nbs\u00e9geket is, ezzel r\u00e9szletes, kontrasztos k\u00e9pet biztos\u00edt.\u00a0<strong>K\u00f6nnyed\u00e9n megk\u00fcl\u00f6nb\u00f6ztethet\u0151k az objektumok<\/strong>, legyen sz\u00f3 emberr\u0151l, \u00e1llatr\u00f3l vagy terept\u00e1rgyr\u00f3l.<\/p>\n<ul>\n<li><strong>Be\u00e9p\u00edtett l\u00e9zeres t\u00e1vols\u00e1gm\u00e9r\u0151<\/strong><br \/>\nPontos t\u00e1vols\u00e1gm\u00e9r\u00e9s ak\u00e1r\u00a0<strong>1000 m\u00e9teres<\/strong>\u00a0hat\u00f3t\u00e1vols\u00e1gig, \u00edgy mindig tiszt\u00e1ban lehetsz a c\u00e9l t\u00e1vols\u00e1g\u00e1val.<\/li>\n<\/ul>\n<h4><strong>Felhaszn\u00e1l\u00f3bar\u00e1t, extr\u00e9m k\u00f6r\u00fclm\u00e9nyekre tervezve<\/strong><\/h4>\n<ul>\n<li><strong>T\u00f6bbir\u00e1ny\u00fa vez\u00e9rl\u0151gombok<\/strong><br \/>\nA vez\u00e9rl\u00e9s ak\u00e1r\u00a0<strong>\u00e9jszaka \u00e9s keszty\u0171ben<\/strong>\u00a0is k\u00f6nnyed\u00e9n elv\u00e9gezhet\u0151, ami k\u00fcl\u00f6n\u00f6sen el\u0151ny\u00f6s a hideg id\u0151j\u00e1r\u00e1si k\u00f6r\u00fclm\u00e9nyek k\u00f6z\u00f6tt.<\/li>\n<li><strong>Gyors akkumul\u00e1torcser\u00e9lhet\u0151s\u00e9g<\/strong><br \/>\nAz akkumul\u00e1tor\u00a0<strong>a k\u00e9sz\u00fcl\u00e9k elt\u00e1vol\u00edt\u00e1sa n\u00e9lk\u00fcl cser\u00e9lhet\u0151<\/strong>, \u00edgy nem kell megszak\u00edtanod a vad\u00e1szatot.<\/li>\n<li><strong>Visszar\u00fag\u00e1s-aktiv\u00e1lt felv\u00e9tel<\/strong><br \/>\nA rendszer automatikusan r\u00f6gz\u00edti a l\u00f6v\u00e9seket a visszar\u00fag\u00e1s hat\u00e1s\u00e1ra, seg\u00edtve a l\u00f6v\u00e9sek\u00a0<strong>elemz\u00e9s\u00e9t<\/strong>\u00a0\u00e9s az\u00a0<strong>eml\u00e9kezetes pillanatok meg\u0151rz\u00e9s\u00e9t<\/strong>.<\/li>\n<\/ul>\n<h4><strong>Kompakt, k\u00f6nny\u0171 \u00e9s strapab\u00edr\u00f3<\/strong><\/h4>\n<p>A mind\u00f6ssze\u00a0<strong>140 x 60 x 78 mm<\/strong>\u00a0m\u00e9ret\u0171 \u00e9s\u00a0<strong>424 g<\/strong>\u00a0s\u00faly\u00fa h\u0151kamera stabilan illeszkedik a fegyverre, nem akad\u00e1lyozza a c\u00e9lz\u00e1st vagy a fegyver haszn\u00e1lat\u00e1t.<\/p>\n<p>\ud83d\udca1\u00a0<strong>L\u00e9pj szintet vad\u00e1szatban!<\/strong>\u00a0Fedezd fel a\u00a0<strong>Pard Predator 480 LRF h\u0151kamera<\/strong>\u00a0el\u0151t\u00e9tet, \u00e9s ne hagyj ki t\u00f6bb\u00e9 egyetlen lehet\u0151s\u00e9get sem, legyen \u00e9jjel vagy nappal!<br \/>\n\ud83d\udd17\u00a0<strong>Rendeld meg most a weboldalunkon!<\/strong><\/p>\n<div class=\"ast-oembed-container \"><iframe loading=\"lazy\" title=\"PARD PREDATOR Installation Instruction | Some precautions during usage\" src=\"https:\/\/www.youtube.com\/embed\/lnfgwYe5Hxk?feature=oembed\" width=\"1200\" height=\"675\" frameborder=\"0\" allowfullscreen=\"allowfullscreen\" data-mce-fragment=\"1\"><\/iframe><\/div>\n<\/div>\n<\/div>\n<\/div>\n<\/div>\n<div class=\"mb-2 flex gap-3 empty:hidden -ml-2\">\n<div class=\"items-center justify-start rounded-xl p-1 flex\">\n<div class=\"flex items-center\">\n<h4><strong>\u00c9rz\u00e9kel\u0151<\/strong><\/h4>\n<ul>\n<li><strong>T\u00edpus:<\/strong>\u00a0Nem h\u0171t\u00f6tt van\u00e1dium-oxid (VOx)<\/li>\n<li><strong>Felbont\u00e1s (pixel):<\/strong>\u00a0480 x 360<\/li>\n<li><strong>Pixelm\u00e9ret (\u00b5m):<\/strong>\u00a012 x 12<\/li>\n<li><strong>NETD:<\/strong>\u00a0\u226420mK (0,02\u00b0C)<\/li>\n<li><strong>K\u00e9pkockasebess\u00e9g (Hz):<\/strong>\u00a050<\/li>\n<li><strong>\u00c9rz\u00e9kel\u00e9si t\u00e1vols\u00e1g (m):<\/strong>\u00a01400<\/li>\n<\/ul>\n<h4><strong>Optika<\/strong><\/h4>\n<ul>\n<li><strong>Objekt\u00edvlencse (mm):<\/strong>\u00a035<\/li>\n<li><strong>Optikai nagy\u00edt\u00e1s (x):<\/strong>\u00a01<\/li>\n<li><strong>Digit\u00e1lis nagy\u00edt\u00e1s (x):<\/strong>\u00a0Nincs<\/li>\n<li><strong>L\u00e1t\u00f3sz\u00f6g:<\/strong>\n<ul>\n<li>V\u00edzszintes: 9,4\u00b0<\/li>\n<li>F\u00fcgg\u0151leges: 7,1\u00b0<\/li>\n<li>\u00c1tl\u00f3s: 11,8\u00b0<\/li>\n<\/ul>\n<\/li>\n<\/ul>\n<h4><strong>Kijelz\u0151<\/strong><\/h4>\n<ul>\n<li><strong>T\u00edpus:<\/strong>\u00a0OLED<\/li>\n<li><strong>Felbont\u00e1s (pixel):<\/strong>\u00a01920 x 1080<\/li>\n<li><strong>\u00dczemm\u00f3dok:<\/strong>\u00a0V\u00e1ros \/ Es\u0151 \/ Erd\u0151<\/li>\n<li><strong>K\u00e9pm\u00f3dok:<\/strong>\u00a0WT-HOT \/ BK-HOT \/ EDGE \/ RD-HOT \/ IN-HOT \/ SKY<\/li>\n<\/ul>\n<h4><strong>Fot\u00f3 \u00e9s Vide\u00f3<\/strong><\/h4>\n<ul>\n<li><strong>Fot\u00f3felbont\u00e1s (pixel):<\/strong>\u00a01440 x 1080<\/li>\n<li><strong>Fot\u00f3form\u00e1tum:<\/strong>\u00a0.JPG<\/li>\n<li><strong>Vide\u00f3felbont\u00e1s (pixel):<\/strong>\u00a01440 x 1080<\/li>\n<li><strong>Vide\u00f3form\u00e1tum:<\/strong>\u00a0.mp4<\/li>\n<li><strong>T\u00e1rhely:<\/strong>\u00a0Micro SD k\u00e1rtya (max. 128 GB)<\/li>\n<li><strong>K\u00e9pkezel\u0151:<\/strong>\u00a0Pard IREA<\/li>\n<\/ul>\n<h4><strong>F\u0151 funkci\u00f3k<\/strong><\/h4>\n<ul>\n<li><strong>T\u00e1vm\u00e9r\u0151 hat\u00f3t\u00e1vols\u00e1g (m\/yd):<\/strong>\u00a01000 \/ 1200<\/li>\n<li><strong>Ballisztikai kalkul\u00e1tor:<\/strong>\u00a0Nincs<\/li>\n<li><strong>K\u00e9p a k\u00e9pben (PIP):<\/strong>\u00a0Nincs<\/li>\n<li><strong>Automatikus r\u00f6gz\u00edt\u00e9s:<\/strong>\u00a0Igen<\/li>\n<li><strong>Folyamatos felv\u00e9tel:<\/strong>\u00a0Igen<\/li>\n<li><strong>Elektronikus ir\u00e1nyt\u0171:<\/strong>\u00a0Igen<\/li>\n<li><strong>Z\u00e1rszerkezet:<\/strong>\u00a0Mechanikus z\u00e1r<\/li>\n<li><strong>Firmware friss\u00edt\u00e9s:<\/strong>\u00a0Igen<\/li>\n<\/ul>\n<h4><strong>Kapcsolatok<\/strong><\/h4>\n<ul>\n<li><strong>USB Type-C:<\/strong>\u00a0Igen<\/li>\n<li><strong>WiFi:<\/strong>\u00a0Igen<\/li>\n<li><strong>T\u00e1mogatott alkalmaz\u00e1sok:<\/strong>\u00a0PardVision2<\/li>\n<\/ul>\n<h4><strong>T\u00e1pell\u00e1t\u00e1s<\/strong><\/h4>\n<ul>\n<li><strong>Akkumul\u00e1tor t\u00edpusa:<\/strong>\u00a0L\u00edtium-ion 18650 x 1<\/li>\n<li><strong>Kimeneti fesz\u00fclts\u00e9g (V):<\/strong>\u00a03,7<\/li>\n<li><strong>\u00dczemid\u0151 (\u00f3ra, max.):<\/strong>\u00a0\u22645<\/li>\n<li><strong>K\u00fcls\u0151 \u00e1ramell\u00e1t\u00e1s (V):<\/strong>\u00a0USB Type-C<\/li>\n<\/ul>\n<h4><strong>K\u00f6rnyezeti jellemz\u0151k<\/strong><\/h4>\n<ul>\n<li><strong>V\u00e9detts\u00e9g:<\/strong>\u00a0IP67<\/li>\n<li><strong>\u00dczemi h\u0151m\u00e9rs\u00e9klet (\u00b0C\/\u00b0F):<\/strong>\u00a0-30 ~ +55 \/ -22 ~ +131<\/li>\n<li><strong>Visszar\u00fag\u00e1s ellen\u00e1ll\u00e1s (J):<\/strong>\u00a06000<\/li>\n<\/ul>\n<h4><strong>Anyag<\/strong><\/h4>\n<ul>\n<li><strong>H\u00e1z:<\/strong>\u00a0Alum\u00ednium \u00f6tv\u00f6zet<\/li>\n<\/ul>\n<h4><strong>M\u00e9retek<\/strong><\/h4>\n<ul>\n<li><strong>Term\u00e9k m\u00e9rete (H x Sz x M, mm):<\/strong>\u00a0140 x 60 x 78<\/li>\n<li><strong>S\u00faly (akkumul\u00e1torral\/n\u00e9lk\u00fcl, g):<\/strong>\u00a0424<\/li>\n<\/ul>\n<p>&nbsp;<\/p>\n<\/div>\n<div>\n<div class=\"flex max-w-full flex-col flex-grow\">\n<div class=\"min-h-8 text-message flex w-full flex-col items-end gap-2 whitespace-normal break-words text-start [.text-message+&amp;]:mt-5\" dir=\"auto\" data-message-author-role=\"assistant\" data-message-id=\"73502769-c20e-44c6-bdc8-ae7f07d01b2b\" data-message-model-slug=\"gpt-4o\">\n<div class=\"flex w-full flex-col gap-1 empty:hidden first:pt-[3px]\">\n<div class=\"markdown prose w-full break-words dark:prose-invert light\">\n<h3><strong>Funkci\u00f3k \u00e9s teljes\u00edtm\u00e9ny<\/strong><\/h3>\n<h4><strong>6 H\u0151k\u00e9pm\u00f3d<\/strong><\/h4>\n<p>Hat v\u00e1laszthat\u00f3 h\u0151k\u00e9pm\u00f3d \u00e1ll rendelkez\u00e9sre (WT-HOT, BK-HOT, EDGE, RD-HOT, IN-HOT, EDGE), hogy megfeleljenek az egy\u00e9ni sz\u00fcks\u00e9gleteknek \u00e9s preferenci\u00e1knak.<\/p>\n<hr \/>\n<h4><strong>3 K\u00f6rnyezeti m\u00f3d<\/strong><\/h4>\n<p>H\u00e1rom k\u00fcl\u00f6nb\u00f6z\u0151 \u00fczemm\u00f3d (v\u00e1ros, es\u0151, erd\u0151) biztos\u00edtja a h\u0151k\u00e9pek optim\u00e1lis megjelen\u00edt\u00e9s\u00e9t az adott k\u00f6rnyezeti viszonyoknak megfelel\u0151en.<\/p>\n<hr \/>\n<h4><strong>Be\u00e9p\u00edtett WiFi<\/strong><\/h4>\n<p>A be\u00e9p\u00edtett WiFi lehet\u0151v\u00e9 teszi a k\u00e9sz\u00fcl\u00e9k \u00f6sszekapcsol\u00e1s\u00e1t mobilk\u00e9sz\u00fcl\u00e9kkel, amely k\u00fcls\u0151 keres\u0151k\u00e9nt szolg\u00e1l. Emellett azonnali k\u00e9p- \u00e9s vide\u00f3\u00e1tvitelt is lehet\u0151v\u00e9 tesz.<\/p>\n<hr \/>\n<h4><strong>Folyamatos felv\u00e9tel<\/strong><\/h4>\n<p>A felv\u00e9teli be\u00e1ll\u00edt\u00e1sok szem\u00e9lyre szabhat\u00f3k, hogy a lehet\u0151 legt\u00f6bb adatot mentsd a kivehet\u0151, legfeljebb 128 GB kapacit\u00e1s\u00fa Micro SD k\u00e1rty\u00e1ra.<\/p>\n<hr \/>\n<h4><strong>HD fot\u00f3- \u00e9s vide\u00f3felv\u00e9tel<\/strong><\/h4>\n<p>Tiszta, nagy felbont\u00e1s\u00fa k\u00e9pek \u00e9s vide\u00f3k k\u00e9sz\u00edt\u00e9se b\u00e1rmilyen k\u00f6rnyezetben, \u00edgy minden fontos pillanatot meg\u00f6r\u00f6k\u00edthetsz.<\/p>\n<hr \/>\n<h4><strong>IP67 id\u0151j\u00e1r\u00e1s\u00e1ll\u00f3s\u00e1g<\/strong><\/h4>\n<p>A k\u00e9sz\u00fcl\u00e9k teljes m\u00e9rt\u00e9kben ellen\u00e1ll a pornak, es\u0151nek, h\u00f3nak \u00e9s j\u00e9gnek. Megb\u00edzhat\u00f3 teljes\u00edtm\u00e9nyt ny\u00fajt extr\u00e9m id\u0151j\u00e1r\u00e1si \u00e9s k\u00f6rnyezeti k\u00f6r\u00fclm\u00e9nyek k\u00f6z\u00f6tt is.<\/p>\n<\/div>\n<\/div>\n<\/div>\n<\/div>\n<div class=\"mb-2 flex gap-3 empty:hidden -ml-2\">\n<div class=\"items-center justify-start rounded-xl p-1 flex\">\n<div class=\"flex items-center\"><button class=\"rounded-lg text-token-text-secondary hover:bg-token-main-surface-secondary\" aria-label=\"Read aloud\" data-testid=\"voice-play-turn-action-button\"><\/button><button class=\"rounded-lg text-token-text-secondary hover:bg-token-main-surface-secondary\" aria-label=\"M\u00e1sol\u00e1s\" data-testid=\"copy-turn-action-button\"><\/button><\/p>\n<div class=\"flex\"><\/div>\n<p><button class=\"rounded-lg text-token-text-secondary hover:bg-token-main-surface-secondary\" aria-label=\"Szerkeszt\u00e9s v\u00e1szonban\"><\/button><\/p>\n<div class=\"flex items-center pb-0\"><span class=\"overflow-hidden text-clip whitespace-nowrap text-sm\">4o<\/span><\/div>\n<\/div>\n<\/div>\n<\/div>\n<\/div>\n<\/div>\n<\/div>\n","protected":false},"excerpt":{"rendered":"<p>Pard Predator 480 LRF H\u0151kamera el\u0151t\u00e9t &nbsp; Pard Predator 480 LRF h\u0151kamera el\u0151t\u00e9t \u2013 A vad\u00e1szat \u00faj dimenzi\u00f3ja &nbsp; A\u00a0Pard Predator 480 LRF h\u0151kamera el\u0151t\u00e9t\u00a0a vad\u00e1szok sz\u00e1m\u00e1ra k\u00edn\u00e1l professzion\u00e1lis megold\u00e1st, amelyet nappali c\u00e9lt\u00e1vcs\u00f6veikhez r\u00f6gz\u00edthetnek. Kompakt \u00e9s strapab\u00edr\u00f3 kialak\u00edt\u00e1sa r\u00e9v\u00e9n\u00a0\u00e9jjel-nappal haszn\u00e1lhat\u00f3, mik\u00f6zben meg\u0151rzi a megszokott vad\u00e1szati ergon\u00f3mi\u00e1t \u00e9s a tradicion\u00e1lis l\u00f6v\u00e9szeti \u00e9lm\u00e9nyt. Innov\u00e1ci\u00f3 \u00e9s pontoss\u00e1g egy [&hellip;]<\/p>\n","protected":false},"featured_media":6875,"comment_status":"open","ping_status":"closed","template":"","meta":{"_et_pb_use_builder":"","_et_pb_old_content":"","_et_gb_content_width":"","om_disable_all_campaigns":false},"product_brand":[],"product_cat":[21,447,526],"product_tag":[1594],"class_list":{"0":"post-6881","1":"product","2":"type-product","3":"status-publish","4":"has-post-thumbnail","6":"product_cat-uj","7":"product_cat-hokamera","8":"product_cat-hokamera-elotet","9":"product_tag-pard-predator-480-lrf-hokamera-elotet","11":"first","12":"instock","13":"taxable","14":"shipping-taxable","15":"purchasable","16":"product-type-simple"},"_links":{"self":[{"href":"https:\/\/www.vadaszboltcsorna.hu\/index.php\/wp-json\/wp\/v2\/product\/6881","targetHints":{"allow":["GET"]}}],"collection":[{"href":"https:\/\/www.vadaszboltcsorna.hu\/index.php\/wp-json\/wp\/v2\/product"}],"about":[{"href":"https:\/\/www.vadaszboltcsorna.hu\/index.php\/wp-json\/wp\/v2\/types\/product"}],"replies":[{"embeddable":true,"href":"https:\/\/www.vadaszboltcsorna.hu\/index.php\/wp-json\/wp\/v2\/comments?post=6881"}],"wp:featuredmedia":[{"embeddable":true,"href":"https:\/\/www.vadaszboltcsorna.hu\/index.php\/wp-json\/wp\/v2\/media\/6875"}],"wp:attachment":[{"href":"https:\/\/www.vadaszboltcsorna.hu\/index.php\/wp-json\/wp\/v2\/media?parent=6881"}],"wp:term":[{"taxonomy":"product_brand","embeddable":true,"href":"https:\/\/www.vadaszboltcsorna.hu\/index.php\/wp-json\/wp\/v2\/product_brand?post=6881"},{"taxonomy":"product_cat","embeddable":true,"href":"https:\/\/www.vadaszboltcsorna.hu\/index.php\/wp-json\/wp\/v2\/product_cat?post=6881"},{"taxonomy":"product_tag","embeddable":true,"href":"https:\/\/www.vadaszboltcsorna.hu\/index.php\/wp-json\/wp\/v2\/product_tag?post=6881"}],"curies":[{"name":"wp","href":"https:\/\/api.w.org\/{rel}","templated":true}]}}