{"id":6872,"date":"2025-01-30T11:41:47","date_gmt":"2025-01-30T11:41:47","guid":{"rendered":"https:\/\/www.vadaszboltcsorna.hu\/?post_type=product&#038;p=6872"},"modified":"2025-01-30T12:00:00","modified_gmt":"2025-01-30T12:00:00","slug":"pard-predator-640-lrf-hokamera-elotet","status":"publish","type":"product","link":"https:\/\/www.vadaszboltcsorna.hu\/index.php\/termek\/pard-predator-640-lrf-hokamera-elotet\/","title":{"rendered":"Pard Predator 640 LRF h\u0151kamera el\u0151t\u00e9t"},"content":{"rendered":"<h2 class=\"product_title entry-title elementor-heading-title elementor-size-default\" style=\"text-align: center;\"><strong>Pard Predator 640 LRF h\u0151kamera el\u0151t\u00e9t<\/strong><\/h2>\n<p><img loading=\"lazy\" decoding=\"async\" class=\"alignnone wp-image-6873\" src=\"https:\/\/www.vadaszboltcsorna.hu\/wp-content\/uploads\/2025\/01\/Predator-6-300x235.png\" alt=\"\" width=\"166\" height=\"130\" \/><\/p>\n<h3><strong>Pard Predator 640 LRF h\u0151kamera el\u0151t\u00e9t \u2013 Maxim\u00e1lis teljes\u00edtm\u00e9ny \u00e9s precizit\u00e1s vad\u00e1szathoz<\/strong><\/h3>\n<p>&nbsp;<\/p>\n<p>Fedezd fel a vad\u00e1szat \u00faj korszak\u00e1t a\u00a0<strong>Pard Predator 640 LRF h\u0151kamera el\u0151t\u00e9ttel<\/strong>! A legmodernebb h\u0151\u00e9rz\u00e9kel\u00e9si technol\u00f3gia, a k\u00f6nny\u0171 kezelhet\u0151s\u00e9g \u00e9s a pr\u00e9mium funkci\u00f3k r\u00e9v\u00e9n a k\u00e9sz\u00fcl\u00e9k t\u00f6k\u00e9letes t\u00e1rsad lesz b\u00e1rmilyen k\u00f6rnyezetben \u2013 \u00e9jjel vagy nappal.<\/p>\n<div class=\"ast-oembed-container \"><iframe loading=\"lazy\" title=\"PREDATOR | Thermal Imaging Clip-on: Preserving your Day Scope Habits\" src=\"https:\/\/www.youtube.com\/embed\/U4VD4xlQfpQ?feature=oembed\" width=\"1200\" height=\"675\" frameborder=\"0\" allowfullscreen=\"allowfullscreen\" data-mce-fragment=\"1\"><\/iframe><\/div>\n<hr \/>\n<h4><strong>Fejlett h\u0151\u00e9rz\u00e9kel\u00e9s a r\u00e9szletek\u00e9rt<\/strong><\/h4>\n<p>A be\u00e9p\u00edtett\u00a0<strong>12 \u00b5m-es \u00e9rz\u00e9kel\u0151<\/strong>\u00a0ak\u00e1r\u00a0<strong>640 x 512<\/strong>\u00a0pixeles felbont\u00e1ssal rendelkezik, ami kiemelked\u0151 teljes\u00edtm\u00e9nyt ny\u00fajt. A legapr\u00f3bb h\u0151m\u00e9rs\u00e9klet-k\u00fcl\u00f6nbs\u00e9gek \u00e9szlel\u00e9se seg\u00edt a\u00a0<strong>finom h\u0151nyomok gyors felismer\u00e9s\u00e9ben<\/strong>.<br \/>\n\ud83d\udd0d\u00a0<strong>Eredm\u00e9ny:<\/strong>\u00a0\u00c9lesebb, tiszt\u00e1bb, r\u00e9szletgazdag h\u0151k\u00e9pek \u00e9s az objektumok k\u00f6nnyebb megk\u00fcl\u00f6nb\u00f6ztet\u00e9se.<\/p>\n<hr \/>\n<h4><strong>T\u00f6bbir\u00e1ny\u00fa vez\u00e9rl\u0151gombok \u2013 K\u00e9nyelmes kezel\u00e9s b\u00e1rmilyen k\u00f6r\u00fclm\u00e9nyek k\u00f6z\u00f6tt<\/strong><\/h4>\n<ul>\n<li>A vez\u00e9rl\u0151gombokat \u00fagy tervezt\u00e9k, hogy\u00a0<strong>tapinthat\u00f3k \u00e9s egyszer\u0171en kezelhet\u0151k<\/strong>\u00a0legyenek, ak\u00e1r \u00e9jszaka, ak\u00e1r vastag keszty\u0171ben is.<\/li>\n<li>Ez k\u00fcl\u00f6n\u00f6sen el\u0151ny\u00f6s a\u00a0<strong>hideg, zord id\u0151j\u00e1r\u00e1si viszonyok k\u00f6z\u00f6tt<\/strong>, amikor a gyors reakci\u00f3 kulcsfontoss\u00e1g\u00fa.<\/li>\n<\/ul>\n<hr \/>\n<h4><strong>Gyors \u00e9s zavartalan akkumul\u00e1torcsere<\/strong><\/h4>\n<ul>\n<li>Az akkumul\u00e1tor\u00a0<strong>a k\u00e9sz\u00fcl\u00e9k elt\u00e1vol\u00edt\u00e1sa n\u00e9lk\u00fcl cser\u00e9lhet\u0151<\/strong>, ami biztos\u00edtja a vad\u00e1szat folyamatoss\u00e1g\u00e1t \u00e9s az eszk\u00f6z z\u00f6kken\u0151mentes m\u0171k\u00f6d\u00e9s\u00e9t.<\/li>\n<li>Nem kell agg\u00f3dnod a le\u00e1ll\u00e1s vagy \u00fajraind\u00edt\u00e1s miatt, \u00edgy a vad\u00e1szati \u00e9lm\u00e9ny\u00a0<strong>folyamatos marad<\/strong>.<\/li>\n<\/ul>\n<hr \/>\n<h4><strong>1000 m\u00e9teres integr\u00e1lt l\u00e9zeres t\u00e1vols\u00e1gm\u00e9r\u0151<\/strong><\/h4>\n<p>A be\u00e9p\u00edtett t\u00e1vols\u00e1gm\u00e9r\u0151 pontos adatokat szolg\u00e1ltat ak\u00e1r\u00a0<strong>1000 m\u00e9teres hat\u00f3t\u00e1vols\u00e1gig<\/strong>, lehet\u0151v\u00e9 t\u00e9ve a c\u00e9lpont pontos felm\u00e9r\u00e9s\u00e9t.<br \/>\n\ud83c\udfaf\u00a0<strong>El\u0151ny:<\/strong>\u00a0Hat\u00e9konyabb c\u00e9lz\u00e1s \u00e9s nagyobb es\u00e9ly a sikeres tal\u00e1latra.<\/p>\n<hr \/>\n<h4><strong>Kompakt \u00e9s k\u00f6nny\u0171 kialak\u00edt\u00e1s<\/strong><\/h4>\n<ul>\n<li><strong>M\u00e9ret:<\/strong>\u00a0140 x 60 x 78 mm<\/li>\n<li><strong>S\u00faly:<\/strong>\u00a0424 g<\/li>\n<\/ul>\n<p>A\u00a0<strong>k\u00f6nny\u0171 \u00e9s kiegyens\u00falyozott szerkezet<\/strong>\u00a0k\u00e9nyelmesen illeszkedik a fegyverre, nem befoly\u00e1solja a c\u00e9lz\u00e1st \u00e9s n\u00f6veli a stabilit\u00e1st. T\u00f6k\u00e9letes kieg\u00e9sz\u00edt\u0151 a pontos l\u00f6v\u00e9sekhez, ak\u00e1r hossz\u00fa vad\u00e1szatok sor\u00e1n is.<\/p>\n<hr \/>\n<h4><strong>Visszar\u00fag\u00e1s-aktiv\u00e1lt felv\u00e9tel \u2013 R\u00f6gz\u00edtsd minden eml\u00e9kezetes pillanatot<\/strong><\/h4>\n<p>A k\u00e9sz\u00fcl\u00e9k a visszar\u00fag\u00e1s hat\u00e1s\u00e1ra automatikusan elind\u00edtja a\u00a0<strong>vide\u00f3r\u00f6gz\u00edt\u00e9st<\/strong>, \u00edgy minden fontos l\u00f6v\u00e9s dokument\u00e1lva lesz.<br \/>\n\ud83d\udcf9\u00a0<strong>Hasznos funkci\u00f3:<\/strong>\u00a0Seg\u00edt a l\u00f6v\u00e9si technik\u00e1k fejleszt\u00e9s\u00e9ben \u00e9s a sikeres vad\u00e1szatok eml\u00e9keinek meg\u0151rz\u00e9s\u00e9ben.<\/p>\n<hr \/>\n<p>\ud83d\udca1\u00a0<strong>Tapasztald meg a precizit\u00e1st \u00e9s a cs\u00facstechnol\u00f3gi\u00e1t a Pard Predator 640 LRF h\u0151kamer\u00e1val!<\/strong><br \/>\n\ud83d\udd17\u00a0<strong>Rendeld meg most, \u00e9s emeld \u00faj szintre vad\u00e1szati \u00e9lm\u00e9nyeidet!<\/strong><\/p>\n<div class=\"ast-oembed-container \"><iframe loading=\"lazy\" title=\"PARD PREDATOR Installation Instruction | Some precautions during usage\" src=\"https:\/\/www.youtube.com\/embed\/lnfgwYe5Hxk?feature=oembed\" width=\"1200\" height=\"675\" frameborder=\"0\" allowfullscreen=\"allowfullscreen\" data-mce-fragment=\"1\"><\/iframe><\/div>\n<h3><strong>Predator 640 M\u0171szaki Adatok<\/strong><\/h3>\n<h4><strong>\u00c9rz\u00e9kel\u0151<\/strong><\/h4>\n<ul>\n<li><strong>T\u00edpus:<\/strong>\u00a0Nem h\u0171t\u00f6tt van\u00e1dium-oxid (VOx)<\/li>\n<li><strong>Felbont\u00e1s:<\/strong>\u00a0640 x 512 pixel<\/li>\n<li><strong>Pixelm\u00e9ret:<\/strong>\u00a012 x 12 \u00b5m<\/li>\n<li><strong>NETD:<\/strong>\u00a0\u226420mK (0,02\u00b0C)<\/li>\n<li><strong>K\u00e9pkockasebess\u00e9g:<\/strong>\u00a050 Hz<\/li>\n<li><strong>\u00c9rz\u00e9kel\u00e9si t\u00e1vols\u00e1g:<\/strong>\u00a02100 m<\/li>\n<\/ul>\n<hr \/>\n<h4><strong>Optika<\/strong><\/h4>\n<ul>\n<li><strong>Objekt\u00edvlencse:<\/strong>\u00a045 mm<\/li>\n<li><strong>Optikai nagy\u00edt\u00e1s:<\/strong>\u00a01x<\/li>\n<li><strong>Digit\u00e1lis nagy\u00edt\u00e1s:<\/strong>\u00a0Nincs<\/li>\n<li><strong>L\u00e1t\u00f3sz\u00f6g:<\/strong>\n<ul>\n<li><strong>V\u00edzszintes:<\/strong>\u00a011,0\u00b0<\/li>\n<li><strong>F\u00fcgg\u0151leges:<\/strong>\u00a08,8\u00b0<\/li>\n<li><strong>\u00c1tl\u00f3s:<\/strong>\u00a014,0\u00b0<\/li>\n<\/ul>\n<\/li>\n<\/ul>\n<hr \/>\n<h4><strong>Kijelz\u0151<\/strong><\/h4>\n<ul>\n<li><strong>T\u00edpus:<\/strong>\u00a0OLED<\/li>\n<li><strong>Felbont\u00e1s:<\/strong>\u00a01920 x 1080 pixel<\/li>\n<li><strong>\u00dczemm\u00f3dok:<\/strong>\u00a0V\u00e1ros \/ Es\u0151 \/ Erd\u0151<\/li>\n<li><strong>K\u00e9pm\u00f3dok:<\/strong>\u00a0WT-HOT \/ BK-HOT \/ EDGE \/ RD-HOT \/ IN-HOT \/ SKY<\/li>\n<\/ul>\n<hr \/>\n<h4><strong>Fot\u00f3 \u00e9s vide\u00f3<\/strong><\/h4>\n<ul>\n<li><strong>Fot\u00f3felbont\u00e1s:<\/strong>\u00a01440 x 1080 pixel<\/li>\n<li><strong>Form\u00e1tum:<\/strong>\u00a0.JPG<\/li>\n<li><strong>Vide\u00f3felbont\u00e1s:<\/strong>\u00a01440 x 1080 pixel<\/li>\n<li><strong>Form\u00e1tum:<\/strong>\u00a0.mp4<\/li>\n<li><strong>T\u00e1rhely:<\/strong>\u00a0Micro SD k\u00e1rtya (max. 128 GB)<\/li>\n<li><strong>K\u00e9pkezel\u0151:<\/strong>\u00a0Pard IREA<\/li>\n<\/ul>\n<hr \/>\n<h4><strong>F\u0151 funkci\u00f3k<\/strong><\/h4>\n<ul>\n<li><strong>T\u00e1vm\u00e9r\u0151 hat\u00f3t\u00e1vols\u00e1g:<\/strong>\u00a01000 m \/ 1200 yard<\/li>\n<li><strong>Ballisztikai kalkul\u00e1tor:<\/strong>\u00a0Nincs<\/li>\n<li><strong>K\u00e9p a k\u00e9pben (PIP):<\/strong>\u00a0Nincs<\/li>\n<li><strong>Automatikus r\u00f6gz\u00edt\u00e9s:<\/strong>\u00a0Igen<\/li>\n<li><strong>Folyamatos felv\u00e9tel:<\/strong>\u00a0Igen<\/li>\n<li><strong>Elektronikus ir\u00e1nyt\u0171:<\/strong>\u00a0Igen<\/li>\n<li><strong>Z\u00e1rszerkezet:<\/strong>\u00a0Mechanikus z\u00e1r<\/li>\n<li><strong>Firmware friss\u00edt\u00e9s:<\/strong>\u00a0Igen<\/li>\n<\/ul>\n<hr \/>\n<h4><strong>Kapcsolatok<\/strong><\/h4>\n<ul>\n<li><strong>USB Type-C:<\/strong>\u00a0Igen<\/li>\n<li><strong>WiFi:<\/strong>\u00a0Igen<\/li>\n<li><strong>T\u00e1mogatott alkalmaz\u00e1sok:<\/strong>\u00a0PardVision2<\/li>\n<\/ul>\n<hr \/>\n<h4><strong>T\u00e1pell\u00e1t\u00e1s<\/strong><\/h4>\n<ul>\n<li><strong>Akkumul\u00e1tor:<\/strong>\u00a0L\u00edtium-ion 18650 (1 db)<\/li>\n<li><strong>Fesz\u00fclts\u00e9g:<\/strong>\u00a03,7 V<\/li>\n<li><strong>\u00dczemid\u0151:<\/strong>\u00a0\u22645 \u00f3ra<\/li>\n<li><strong>K\u00fcls\u0151 \u00e1ramforr\u00e1s:<\/strong>\u00a0USB Type-C<\/li>\n<\/ul>\n<hr \/>\n<h4><strong>K\u00f6rnyezeti jellemz\u0151k<\/strong><\/h4>\n<ul>\n<li><strong>V\u00e9detts\u00e9gi fokozat:<\/strong>\u00a0IP67<\/li>\n<li><strong>\u00dczemi h\u0151m\u00e9rs\u00e9klet:<\/strong>\u00a0-30\u00b0C ~ +55\u00b0C (-22\u00b0F ~ +131\u00b0F)<\/li>\n<li><strong>Visszar\u00fag\u00e1s-ellen\u00e1ll\u00e1s:<\/strong>\u00a06000 J<\/li>\n<\/ul>\n<hr \/>\n<h4><strong>Anyag \u00e9s m\u00e9ret<\/strong><\/h4>\n<ul>\n<li><strong>H\u00e1z:<\/strong>\u00a0Alum\u00ednium \u00f6tv\u00f6zet<\/li>\n<li><strong>M\u00e9ret:<\/strong>\u00a0140 x 60 x 78 mm<\/li>\n<li><strong>S\u00faly:<\/strong>\u00a0424 g (akkumul\u00e1torral\/n\u00e9lk\u00fcl)<\/li>\n<\/ul>\n<p>&nbsp;<\/p>\n<h3><strong>Funkci\u00f3k \u00e9s jellemz\u0151k<\/strong><\/h3>\n<h4><strong>6 H\u0151k\u00e9pm\u00f3d<\/strong><\/h4>\n<p>Hat v\u00e1laszthat\u00f3 h\u0151k\u00e9pm\u00f3d (WT-HOT, BK-HOT, EDGE, RD-HOT, IN-HOT, EDGE), amelyek az egy\u00e9ni ig\u00e9nyekhez igaz\u00edthat\u00f3k.<\/p>\n<hr \/>\n<h4><strong>3 K\u00f6rnyezeti m\u00f3d<\/strong><\/h4>\n<p>H\u00e1rom k\u00f6rnyezeti m\u00f3d k\u00f6z\u00fcl v\u00e1laszthatsz (v\u00e1ros, es\u0151, erd\u0151), hogy a h\u0151k\u00e9pek a lehet\u0151 legjobban alkalmazkodjanak az adott k\u00f6rnyezeti felt\u00e9telekhez.<\/p>\n<hr \/>\n<h4><strong>Be\u00e9p\u00edtett WiFi<\/strong><\/h4>\n<p>A WiFi kapcsolat lehet\u0151v\u00e9 teszi, hogy a k\u00e9sz\u00fcl\u00e9ket mobiltelefonhoz csatlakoztasd, amely k\u00fcls\u0151 keres\u0151k\u00e9nt haszn\u00e1lhat\u00f3. K\u00e9peket \u00e9s vide\u00f3kat azonnal \u00e1tvihetsz, \u00edgy mindig naprak\u00e9sz lehetsz.<\/p>\n<hr \/>\n<h4><strong>Folyamatos felv\u00e9tel<\/strong><\/h4>\n<p>A felv\u00e9teli opci\u00f3k testreszabhat\u00f3k, hogy a legjobb kihaszn\u00e1lts\u00e1got biztos\u00edts\u00e1k a kivehet\u0151, ak\u00e1r 128 GB kapacit\u00e1s\u00fa Micro SD k\u00e1rty\u00e1n.<\/p>\n<hr \/>\n<h4><strong>Fot\u00f3- \u00e9s vide\u00f3felv\u00e9tel<\/strong><\/h4>\n<p>K\u00e9sz\u00edts tiszta HD felbont\u00e1s\u00fa vide\u00f3kat \u00e9s k\u00e9peket b\u00e1rhol, b\u00e1rmikor. Ne hagyd ki az \u00e9letre sz\u00f3l\u00f3 eml\u00e9keket!<\/p>\n<hr \/>\n<h4><strong>IP67 id\u0151j\u00e1r\u00e1s\u00e1ll\u00f3s\u00e1g<\/strong><\/h4>\n<p>A k\u00e9sz\u00fcl\u00e9k por-, es\u0151-, h\u00f3- \u00e9s j\u00e9g\u00e1ll\u00f3, \u00edgy extr\u00e9m id\u0151j\u00e1r\u00e1si \u00e9s zord k\u00f6rnyezeti k\u00f6r\u00fclm\u00e9nyek k\u00f6z\u00f6tt is megb\u00edzhat\u00f3an m\u0171k\u00f6dik.<\/p>\n","protected":false},"excerpt":{"rendered":"<p>Pard Predator 640 LRF h\u0151kamera el\u0151t\u00e9t Pard Predator 640 LRF h\u0151kamera el\u0151t\u00e9t \u2013 Maxim\u00e1lis teljes\u00edtm\u00e9ny \u00e9s precizit\u00e1s vad\u00e1szathoz &nbsp; Fedezd fel a vad\u00e1szat \u00faj korszak\u00e1t a\u00a0Pard Predator 640 LRF h\u0151kamera el\u0151t\u00e9ttel! A legmodernebb h\u0151\u00e9rz\u00e9kel\u00e9si technol\u00f3gia, a k\u00f6nny\u0171 kezelhet\u0151s\u00e9g \u00e9s a pr\u00e9mium funkci\u00f3k r\u00e9v\u00e9n a k\u00e9sz\u00fcl\u00e9k t\u00f6k\u00e9letes t\u00e1rsad lesz b\u00e1rmilyen k\u00f6rnyezetben \u2013 \u00e9jjel vagy nappal. Fejlett [&hellip;]<\/p>\n","protected":false},"featured_media":6875,"comment_status":"open","ping_status":"closed","template":"","meta":{"_et_pb_use_builder":"","_et_pb_old_content":"","_et_gb_content_width":"","om_disable_all_campaigns":false},"product_brand":[],"product_cat":[21,447,526],"product_tag":[1593],"class_list":{"0":"post-6872","1":"product","2":"type-product","3":"status-publish","4":"has-post-thumbnail","6":"product_cat-uj","7":"product_cat-hokamera","8":"product_cat-hokamera-elotet","9":"product_tag-pard-predator-640-lrf-hokamera-elotet","11":"first","12":"instock","13":"taxable","14":"shipping-taxable","15":"purchasable","16":"product-type-simple"},"_links":{"self":[{"href":"https:\/\/www.vadaszboltcsorna.hu\/index.php\/wp-json\/wp\/v2\/product\/6872","targetHints":{"allow":["GET"]}}],"collection":[{"href":"https:\/\/www.vadaszboltcsorna.hu\/index.php\/wp-json\/wp\/v2\/product"}],"about":[{"href":"https:\/\/www.vadaszboltcsorna.hu\/index.php\/wp-json\/wp\/v2\/types\/product"}],"replies":[{"embeddable":true,"href":"https:\/\/www.vadaszboltcsorna.hu\/index.php\/wp-json\/wp\/v2\/comments?post=6872"}],"wp:featuredmedia":[{"embeddable":true,"href":"https:\/\/www.vadaszboltcsorna.hu\/index.php\/wp-json\/wp\/v2\/media\/6875"}],"wp:attachment":[{"href":"https:\/\/www.vadaszboltcsorna.hu\/index.php\/wp-json\/wp\/v2\/media?parent=6872"}],"wp:term":[{"taxonomy":"product_brand","embeddable":true,"href":"https:\/\/www.vadaszboltcsorna.hu\/index.php\/wp-json\/wp\/v2\/product_brand?post=6872"},{"taxonomy":"product_cat","embeddable":true,"href":"https:\/\/www.vadaszboltcsorna.hu\/index.php\/wp-json\/wp\/v2\/product_cat?post=6872"},{"taxonomy":"product_tag","embeddable":true,"href":"https:\/\/www.vadaszboltcsorna.hu\/index.php\/wp-json\/wp\/v2\/product_tag?post=6872"}],"curies":[{"name":"wp","href":"https:\/\/api.w.org\/{rel}","templated":true}]}}