{"id":6701,"date":"2024-12-18T14:20:48","date_gmt":"2024-12-18T14:20:48","guid":{"rendered":"https:\/\/www.vadaszboltcsorna.hu\/?post_type=product&#038;p=6701"},"modified":"2025-09-25T09:05:38","modified_gmt":"2025-09-25T09:05:38","slug":"rouchette-veneur-neo-cipzaros-gumicsizma","status":"publish","type":"product","link":"https:\/\/www.vadaszboltcsorna.hu\/index.php\/termek\/rouchette-veneur-neo-cipzaros-gumicsizma\/","title":{"rendered":"Rouchette Veneur neo cipz\u00e1ros gumicsizma"},"content":{"rendered":"<h2 style=\"text-align: center;\"><strong>Rouchette Veneur neo cipz\u00e1ros gumicsizma<\/strong><\/h2>\n<h3 class=\"module-head\">Le\u00edr\u00e1s \u00e9s Param\u00e9terek<\/h3>\n<div class=\"module-body\">\n<h3>Gumicsizma,\u00a0Rouchette Veneur neo cipz\u00e1ros gumicsizma<\/h3>\n<h3>A term\u00e9szetes gumi nagy rugalmass\u00e1got biztos\u00edt a l\u00e1bnak. R&#8217;FLEX tov\u00e1bbfejlesztett hajl\u00edt\u00f3fel\u00fclettel a nagyobb rugalmass\u00e1g \u00e9rdek\u00e9ben. A csizma oldals\u00f3 zsal<span class=\"autohelp\" style=\"box-sizing: border-box; color: #328a1e; cursor: pointer;\">uva<\/span>l rendelkezik, f\u00e9m p\u00e1nttal, amely minden v\u00e1dlihoz igaz\u00edthat\u00f3. A CONFORT SOFT anat\u00f3maiai talpbet\u00e9t kivehet\u0151 , EVA-habon a nagyszer\u0171 k\u00e9nyelem \u00e9rdek\u00e9ben. A gumikompoz\u00edci\u00f3t R&#8217;GRIP rendszerrel \u00e9s speci\u00e1lis szegecsekkel tervezt\u00e9k a maxim\u00e1lis tapad\u00e1s \u00e9rdek\u00e9ben. Az ISOLA+ neopr\u00e9n b\u00e9l\u00e9s m\u00e9g sz\u00e9ls\u0151s\u00e9ges k\u00f6r\u00fclm\u00e9nyek k\u00f6z\u00f6tt is maxim\u00e1lis szigetel\u00e9st biztos\u00edt. A Rouchette a csizma h\u00e1ts\u00f3 r\u00e9sz\u00e9n egy sarkanty\u00fat helyezett el, amely megk\u00f6nny\u00edti annak lev\u00e9tel\u00e9t.<\/h3>\n<\/div>\n","protected":false},"excerpt":{"rendered":"<p>Rouchette Veneur neo cipz\u00e1ros gumicsizma Le\u00edr\u00e1s \u00e9s Param\u00e9terek Gumicsizma,\u00a0Rouchette Veneur neo cipz\u00e1ros gumicsizma A term\u00e9szetes gumi nagy rugalmass\u00e1got biztos\u00edt a l\u00e1bnak. R&#8217;FLEX tov\u00e1bbfejlesztett hajl\u00edt\u00f3fel\u00fclettel a nagyobb rugalmass\u00e1g \u00e9rdek\u00e9ben. A csizma oldals\u00f3 zsaluval rendelkezik, f\u00e9m p\u00e1nttal, amely minden v\u00e1dlihoz igaz\u00edthat\u00f3. A CONFORT SOFT anat\u00f3maiai talpbet\u00e9t kivehet\u0151 , EVA-habon a nagyszer\u0171 k\u00e9nyelem \u00e9rdek\u00e9ben. A gumikompoz\u00edci\u00f3t R&#8217;GRIP rendszerrel [&hellip;]<\/p>\n","protected":false},"featured_media":6702,"comment_status":"open","ping_status":"closed","template":"","meta":{"_et_pb_use_builder":"","_et_pb_old_content":"","_et_gb_content_width":"","om_disable_all_campaigns":false},"product_brand":[],"product_cat":[21,162,160],"product_tag":[1582],"class_list":{"0":"post-6701","1":"product","2":"type-product","3":"status-publish","4":"has-post-thumbnail","6":"product_cat-uj","7":"product_cat-csizma","8":"product_cat-labbelik","9":"product_tag-rouchette-veneur-neo-cipzaros-gumicsizma","11":"first","12":"instock","13":"sale","14":"taxable","15":"shipping-taxable","16":"purchasable","17":"product-type-variable"},"_links":{"self":[{"href":"https:\/\/www.vadaszboltcsorna.hu\/index.php\/wp-json\/wp\/v2\/product\/6701","targetHints":{"allow":["GET"]}}],"collection":[{"href":"https:\/\/www.vadaszboltcsorna.hu\/index.php\/wp-json\/wp\/v2\/product"}],"about":[{"href":"https:\/\/www.vadaszboltcsorna.hu\/index.php\/wp-json\/wp\/v2\/types\/product"}],"replies":[{"embeddable":true,"href":"https:\/\/www.vadaszboltcsorna.hu\/index.php\/wp-json\/wp\/v2\/comments?post=6701"}],"wp:featuredmedia":[{"embeddable":true,"href":"https:\/\/www.vadaszboltcsorna.hu\/index.php\/wp-json\/wp\/v2\/media\/6702"}],"wp:attachment":[{"href":"https:\/\/www.vadaszboltcsorna.hu\/index.php\/wp-json\/wp\/v2\/media?parent=6701"}],"wp:term":[{"taxonomy":"product_brand","embeddable":true,"href":"https:\/\/www.vadaszboltcsorna.hu\/index.php\/wp-json\/wp\/v2\/product_brand?post=6701"},{"taxonomy":"product_cat","embeddable":true,"href":"https:\/\/www.vadaszboltcsorna.hu\/index.php\/wp-json\/wp\/v2\/product_cat?post=6701"},{"taxonomy":"product_tag","embeddable":true,"href":"https:\/\/www.vadaszboltcsorna.hu\/index.php\/wp-json\/wp\/v2\/product_tag?post=6701"}],"curies":[{"name":"wp","href":"https:\/\/api.w.org\/{rel}","templated":true}]}}