{"id":6693,"date":"2024-12-16T15:32:40","date_gmt":"2024-12-16T15:32:40","guid":{"rendered":"https:\/\/www.vadaszboltcsorna.hu\/?post_type=product&#038;p=6693"},"modified":"2024-12-16T15:32:40","modified_gmt":"2024-12-16T15:32:40","slug":"m-166-1803-koteny-2","status":"publish","type":"product","link":"https:\/\/www.vadaszboltcsorna.hu\/index.php\/termek\/m-166-1803-koteny-2\/","title":{"rendered":"M-166-1803 K\u00f6t\u00e9ny"},"content":{"rendered":"<h1>M-166-1803 K\u00f6t\u00e9ny<\/h1>\n<h3>Melles k\u00f6t\u00e9ny dekorat\u00edv, szublim\u00e1lt nyomattal Praktikus konyhai kieg\u00e9sz\u00edt\u0151. Pattan\u00f3 szikr\u00e1t\u00f3l \u00f3vni kell!<\/h3>\n","protected":false},"excerpt":{"rendered":"<p>M-166-1803 K\u00f6t\u00e9ny Melles k\u00f6t\u00e9ny dekorat\u00edv, szublim\u00e1lt nyomattal Praktikus konyhai kieg\u00e9sz\u00edt\u0151. Pattan\u00f3 szikr\u00e1t\u00f3l \u00f3vni kell!<\/p>\n","protected":false},"featured_media":6694,"comment_status":"open","ping_status":"closed","template":"","meta":{"_et_pb_use_builder":"","_et_pb_old_content":"","_et_gb_content_width":"","om_disable_all_campaigns":false},"product_brand":[],"product_cat":[21,766,169],"product_tag":[909],"class_list":{"0":"post-6693","1":"product","2":"type-product","3":"status-publish","4":"has-post-thumbnail","6":"product_cat-uj","7":"product_cat-diszparna","8":"product_cat-vadasz-ajandek","9":"product_tag-m-166-1803-koteny","11":"first","12":"instock","13":"taxable","14":"shipping-taxable","15":"purchasable","16":"product-type-simple"},"_links":{"self":[{"href":"https:\/\/www.vadaszboltcsorna.hu\/index.php\/wp-json\/wp\/v2\/product\/6693","targetHints":{"allow":["GET"]}}],"collection":[{"href":"https:\/\/www.vadaszboltcsorna.hu\/index.php\/wp-json\/wp\/v2\/product"}],"about":[{"href":"https:\/\/www.vadaszboltcsorna.hu\/index.php\/wp-json\/wp\/v2\/types\/product"}],"replies":[{"embeddable":true,"href":"https:\/\/www.vadaszboltcsorna.hu\/index.php\/wp-json\/wp\/v2\/comments?post=6693"}],"wp:featuredmedia":[{"embeddable":true,"href":"https:\/\/www.vadaszboltcsorna.hu\/index.php\/wp-json\/wp\/v2\/media\/6694"}],"wp:attachment":[{"href":"https:\/\/www.vadaszboltcsorna.hu\/index.php\/wp-json\/wp\/v2\/media?parent=6693"}],"wp:term":[{"taxonomy":"product_brand","embeddable":true,"href":"https:\/\/www.vadaszboltcsorna.hu\/index.php\/wp-json\/wp\/v2\/product_brand?post=6693"},{"taxonomy":"product_cat","embeddable":true,"href":"https:\/\/www.vadaszboltcsorna.hu\/index.php\/wp-json\/wp\/v2\/product_cat?post=6693"},{"taxonomy":"product_tag","embeddable":true,"href":"https:\/\/www.vadaszboltcsorna.hu\/index.php\/wp-json\/wp\/v2\/product_tag?post=6693"}],"curies":[{"name":"wp","href":"https:\/\/api.w.org\/{rel}","templated":true}]}}