{"id":6688,"date":"2024-12-16T14:45:16","date_gmt":"2024-12-16T14:45:16","guid":{"rendered":"https:\/\/www.vadaszboltcsorna.hu\/?post_type=product&#038;p=6688"},"modified":"2024-12-16T14:45:16","modified_gmt":"2024-12-16T14:45:16","slug":"wildebees-softshell-men-melleny-wbm520","status":"publish","type":"product","link":"https:\/\/www.vadaszboltcsorna.hu\/index.php\/termek\/wildebees-softshell-men-melleny-wbm520\/","title":{"rendered":"Wildebees Softshell | Men Mell\u00e9ny (WBM520)"},"content":{"rendered":"<h2 style=\"text-align: center;\"><strong>Wildebees Softshell | Men Mell\u00e9ny (WBM520)<\/strong><\/h2>\n<h4>Softshell mell\u00e9ny pol\u00e1r bels\u0151vel, csendes kivitelben.<\/h4>\n","protected":false},"excerpt":{"rendered":"<p>Wildebees Softshell | Men Mell\u00e9ny (WBM520) Softshell mell\u00e9ny pol\u00e1r bels\u0151vel, csendes kivitelben.<\/p>\n","protected":false},"featured_media":6689,"comment_status":"open","ping_status":"closed","template":"","meta":{"_et_pb_use_builder":"","_et_pb_old_content":"","_et_gb_content_width":"","om_disable_all_campaigns":false},"product_brand":[],"product_cat":[21,607,159],"product_tag":[1581],"class_list":{"0":"post-6688","1":"product","2":"type-product","3":"status-publish","4":"has-post-thumbnail","6":"product_cat-uj","7":"product_cat-melleny-vadasz-ruhazat","8":"product_cat-vadasz-ruhazat","9":"product_tag-wildebees-softshell-men-melleny-wbm520","11":"first","12":"instock","13":"taxable","14":"shipping-taxable","15":"purchasable","16":"product-type-variable"},"_links":{"self":[{"href":"https:\/\/www.vadaszboltcsorna.hu\/index.php\/wp-json\/wp\/v2\/product\/6688","targetHints":{"allow":["GET"]}}],"collection":[{"href":"https:\/\/www.vadaszboltcsorna.hu\/index.php\/wp-json\/wp\/v2\/product"}],"about":[{"href":"https:\/\/www.vadaszboltcsorna.hu\/index.php\/wp-json\/wp\/v2\/types\/product"}],"replies":[{"embeddable":true,"href":"https:\/\/www.vadaszboltcsorna.hu\/index.php\/wp-json\/wp\/v2\/comments?post=6688"}],"wp:featuredmedia":[{"embeddable":true,"href":"https:\/\/www.vadaszboltcsorna.hu\/index.php\/wp-json\/wp\/v2\/media\/6689"}],"wp:attachment":[{"href":"https:\/\/www.vadaszboltcsorna.hu\/index.php\/wp-json\/wp\/v2\/media?parent=6688"}],"wp:term":[{"taxonomy":"product_brand","embeddable":true,"href":"https:\/\/www.vadaszboltcsorna.hu\/index.php\/wp-json\/wp\/v2\/product_brand?post=6688"},{"taxonomy":"product_cat","embeddable":true,"href":"https:\/\/www.vadaszboltcsorna.hu\/index.php\/wp-json\/wp\/v2\/product_cat?post=6688"},{"taxonomy":"product_tag","embeddable":true,"href":"https:\/\/www.vadaszboltcsorna.hu\/index.php\/wp-json\/wp\/v2\/product_tag?post=6688"}],"curies":[{"name":"wp","href":"https:\/\/api.w.org\/{rel}","templated":true}]}}