{"id":6664,"date":"2024-12-12T12:37:27","date_gmt":"2024-12-12T12:37:27","guid":{"rendered":"https:\/\/www.vadaszboltcsorna.hu\/?post_type=product&#038;p=6664"},"modified":"2024-12-12T12:40:07","modified_gmt":"2024-12-12T12:40:07","slug":"savage-93f-22winmag","status":"publish","type":"product","link":"https:\/\/www.vadaszboltcsorna.hu\/index.php\/termek\/savage-93f-22winmag\/","title":{"rendered":"Savage 93F .22WinMag"},"content":{"rendered":"<h2><strong>Savage 93F .22WinMag<\/strong><\/h2>\n<h3>Kaliber:\u00a0 .22 WinMag<\/h3>\n<h3>Gy\u00e1rt\u00f3:\u00a0 Savage<\/h3>\n<h3><\/h3>\n<h3><b>Term\u00e9k le\u00edr\u00e1s<\/b><\/h3>\n<h3 class=\"termek-leiras\">Savage 93F .22WinMag &#8211; Remek kiskaliber\u0171 puska, c\u00e9ll\u00f6v\u00e9szetre illetve apr\u00f3vad\/r\u00e1gcs\u00e1l\u00f3 irt\u00e1s\u00e1ra. A 22LR kaliber\u0171 pusk\u00e1k gy\u00e1rt\u00e1s\u00e1t van hogy f\u00e9lv\u00e1llr\u00f3l veszik, de nem a Savage. Pont ez\u00e9rt sz\u00e1mos modell k\u00e9sz\u00fcl a gy\u00e1rban, kezdve az \u00e1ltal\u00e1nos haszn\u00e1latra tervezett modellekkel, a c\u00e9lt\u00e1vcs\u0151vel felszerelt szetteken \u00e1t eg\u00e9szen a specifikus c\u00e9lra kifejlesztett fegyverekig. Mindegyik prec\u00edzi\u00f3s button huzagol\u00e1ssal k\u00e9sz\u00fclt. Ebbe a modellbe \u00e1ll\u00edthat\u00f3 AccuTrigger els\u00fct\u0151rendszert, valamint biztons\u00e1gos AccuRealese billenty\u0171t szereltek, \u00e9s term\u00e9szetesen sz\u00edjkengyel el\u0151k\u00e9sz\u00edt\u00e9ssel l\u00e1tt\u00e1k el. Hogy mi\u00e9rt? Mert ez nem \u201ecsak egy 22-es\u201d, ez egy Savage.<\/h3>\n<h3>T\u00e1rkapacit\u00e1s: 4+1 (kivehet\u0151 k\u00f6z\u00e9pagyt\u00e1r)<br \/>\nCs\u0151hossz: 53 cm<br \/>\nTeljes hossz: 100 cm<br \/>\nS\u00faly: 2,2 kg<br \/>\nTus: Szintetikus fekete<br \/>\nIr\u00e1nyz\u00e9k: van (ny\u00edlt)<br \/>\nEls\u00fct\u0151szerkezet: Accutriger, Accurealese<\/h3>\n<h3>A konfigur\u00e1ci\u00f3k, felszerelts\u00e9gek, kieg\u00e9sz\u00edt\u0151k le\u00edr\u00e1sa t\u00e1j\u00e9koztat\u00f3 jelleg\u0171, v\u00e1s\u00e1rl\u00e1s el\u0151tt ezek pontos\u00edt\u00e1sa, ellen\u0151rz\u00e9se sz\u00fcks\u00e9ges!<\/h3>\n<div>\n<h3>A webshopban megrendelt fegyverek NEM ker\u00fclnek kisz\u00e1ll\u00edt\u00e1sra! Tov\u00e1bbi inform\u00e1ci\u00f3\u00e9rt l\u00e1togasson el boltunkba!<br \/>\nAz \u00e1rak t\u00e1j\u00e9koztat\u00f3 jelleg\u0171ek nem min\u0151s\u00fcl hivatalos aj\u00e1nlat t\u00e9telnek!<br \/>\nAz \u00e1rv\u00e1ltoz\u00e1s jog\u00e1t fenntartjuk!<\/h3>\n<\/div>\n<p>&nbsp;<\/p>\n","protected":false},"excerpt":{"rendered":"<p>Savage 93F .22WinMag Kaliber:\u00a0 .22 WinMag Gy\u00e1rt\u00f3:\u00a0 Savage Term\u00e9k le\u00edr\u00e1s Savage 93F .22WinMag &#8211; Remek kiskaliber\u0171 puska, c\u00e9ll\u00f6v\u00e9szetre illetve apr\u00f3vad\/r\u00e1gcs\u00e1l\u00f3 irt\u00e1s\u00e1ra. A 22LR kaliber\u0171 pusk\u00e1k gy\u00e1rt\u00e1s\u00e1t van hogy f\u00e9lv\u00e1llr\u00f3l veszik, de nem a Savage. Pont ez\u00e9rt sz\u00e1mos modell k\u00e9sz\u00fcl a gy\u00e1rban, kezdve az \u00e1ltal\u00e1nos haszn\u00e1latra tervezett modellekkel, a c\u00e9lt\u00e1vcs\u0151vel felszerelt szetteken \u00e1t eg\u00e9szen a specifikus [&hellip;]<\/p>\n","protected":false},"featured_media":6666,"comment_status":"open","ping_status":"closed","template":"","meta":{"_et_pb_use_builder":"","_et_pb_old_content":"","_et_gb_content_width":"","om_disable_all_campaigns":false},"product_brand":[],"product_cat":[21],"product_tag":[1578],"class_list":{"0":"post-6664","1":"product","2":"type-product","3":"status-publish","4":"has-post-thumbnail","6":"product_cat-uj","7":"product_tag-savage-93f-22winmag","9":"first","10":"instock","11":"taxable","12":"shipping-taxable","13":"purchasable","14":"product-type-simple"},"_links":{"self":[{"href":"https:\/\/www.vadaszboltcsorna.hu\/index.php\/wp-json\/wp\/v2\/product\/6664","targetHints":{"allow":["GET"]}}],"collection":[{"href":"https:\/\/www.vadaszboltcsorna.hu\/index.php\/wp-json\/wp\/v2\/product"}],"about":[{"href":"https:\/\/www.vadaszboltcsorna.hu\/index.php\/wp-json\/wp\/v2\/types\/product"}],"replies":[{"embeddable":true,"href":"https:\/\/www.vadaszboltcsorna.hu\/index.php\/wp-json\/wp\/v2\/comments?post=6664"}],"wp:featuredmedia":[{"embeddable":true,"href":"https:\/\/www.vadaszboltcsorna.hu\/index.php\/wp-json\/wp\/v2\/media\/6666"}],"wp:attachment":[{"href":"https:\/\/www.vadaszboltcsorna.hu\/index.php\/wp-json\/wp\/v2\/media?parent=6664"}],"wp:term":[{"taxonomy":"product_brand","embeddable":true,"href":"https:\/\/www.vadaszboltcsorna.hu\/index.php\/wp-json\/wp\/v2\/product_brand?post=6664"},{"taxonomy":"product_cat","embeddable":true,"href":"https:\/\/www.vadaszboltcsorna.hu\/index.php\/wp-json\/wp\/v2\/product_cat?post=6664"},{"taxonomy":"product_tag","embeddable":true,"href":"https:\/\/www.vadaszboltcsorna.hu\/index.php\/wp-json\/wp\/v2\/product_tag?post=6664"}],"curies":[{"name":"wp","href":"https:\/\/api.w.org\/{rel}","templated":true}]}}