{"id":6659,"date":"2024-12-12T12:11:08","date_gmt":"2024-12-12T12:11:08","guid":{"rendered":"https:\/\/www.vadaszboltcsorna.hu\/?post_type=product&#038;p=6659"},"modified":"2025-05-27T11:45:11","modified_gmt":"2025-05-27T11:45:11","slug":"savage-93g-22winmag","status":"publish","type":"product","link":"https:\/\/www.vadaszboltcsorna.hu\/index.php\/termek\/savage-93g-22winmag\/","title":{"rendered":"Savage 93G .22WinMag"},"content":{"rendered":"<h2 style=\"text-align: center;\"><strong>Savage 93G .22WinMag<\/strong><\/h2>\n<p>&nbsp;<\/p>\n<div class=\"reszletek-item\">\n<div>\n<h3>Gy\u00e1rt\u00f3: Savage<\/h3>\n<h3 class=\"reszletek-item\">Kaliber:.22 Win.Mag.<\/h3>\n<div class=\"reszletek-item\">\n<div>\n<h3><b>Term\u00e9k le\u00edr\u00e1s<\/b><\/h3>\n<h3 class=\"termek-leiras\">Savage 93G .22WinMag &#8211; A kiskaliber szerelmeseinek a 22 WMR vagy a 17HMR l\u00f6ved\u00e9k egy kicsit nagyobb \u00e1t\u00fct\u0151er\u0151t ad a kez\u00e9be. A Savage 93-mas sz\u00e9ria ezt m\u00e9g t\u00f6bb funkci\u00f3val \u00e9s v\u00e1laszt\u00e1si lehet\u0151s\u00e9ggel sp\u00e9keli meg: kezdve az alapmodellekkel, tov\u00e1bbra is k\u00edn\u00e1l szetteket, fejlettebb technikai lehet\u0151s\u00e9geket. Ezek k\u00f6z\u00f6tt ott van az \u00e1ll\u00edthat\u00f3 els\u00fct\u0151billenty\u0171 \u00e9s a prec\u00edzi\u00f3s huzagolt cs\u0151. \u00cdgy biztos lehet bene, hogy Savage pontoss\u00e1ggal kezelheti fegyver\u00e9t. Ezt a modellt emelt pofad\u00e9kos tussal, sz\u00edjkengyel el\u0151k\u00e9sz\u00edt\u00e9ssel.<\/h3>\n<h3>T\u00e1rkapacit\u00e1s: 4+1<br \/>\nCs\u0151hossz: 21&#8243;(53cm)<br \/>\nTeljes hossz: 100 cm<br \/>\nS\u00faly: 2,6kg<br \/>\nTus: kem\u00e9nyfa<br \/>\nIr\u00e1nyz\u00e9k: van<br \/>\nEls\u00fct\u0151szerkezet: AccuTrigger<\/h3>\n<h3>A konfigur\u00e1ci\u00f3k, felszerelts\u00e9gek, kieg\u00e9sz\u00edt\u0151k le\u00edr\u00e1sa t\u00e1j\u00e9koztat\u00f3 jelleg\u0171, v\u00e1s\u00e1rl\u00e1s el\u0151tt ezek pontos\u00edt\u00e1sa, ellen\u0151rz\u00e9se sz\u00fcks\u00e9ges!<\/h3>\n<\/div>\n<\/div>\n<div>\n<h3>A webshopban megrendelt fegyverek NEM ker\u00fclnek kisz\u00e1ll\u00edt\u00e1sra! Tov\u00e1bbi inform\u00e1ci\u00f3\u00e9rt l\u00e1togasson el boltunkba!<br \/>\nAz \u00e1rak t\u00e1j\u00e9koztat\u00f3 jelleg\u0171ek nem min\u0151s\u00fcl hivatalos aj\u00e1nlat t\u00e9telnek!<br \/>\nAz \u00e1rv\u00e1ltoz\u00e1s jog\u00e1t fenntartjuk!<\/h3>\n<\/div>\n<div class=\"reszletek-item\"><\/div>\n<\/div>\n<\/div>\n","protected":false},"excerpt":{"rendered":"<p>Savage 93G .22WinMag &nbsp; Gy\u00e1rt\u00f3: Savage Kaliber:.22 Win.Mag. Term\u00e9k le\u00edr\u00e1s Savage 93G .22WinMag &#8211; A kiskaliber szerelmeseinek a 22 WMR vagy a 17HMR l\u00f6ved\u00e9k egy kicsit nagyobb \u00e1t\u00fct\u0151er\u0151t ad a kez\u00e9be. A Savage 93-mas sz\u00e9ria ezt m\u00e9g t\u00f6bb funkci\u00f3val \u00e9s v\u00e1laszt\u00e1si lehet\u0151s\u00e9ggel sp\u00e9keli meg: kezdve az alapmodellekkel, tov\u00e1bbra is k\u00edn\u00e1l szetteket, fejlettebb technikai lehet\u0151s\u00e9geket. Ezek [&hellip;]<\/p>\n","protected":false},"featured_media":6662,"comment_status":"open","ping_status":"closed","template":"","meta":{"_et_pb_use_builder":"","_et_pb_old_content":"","_et_gb_content_width":"","om_disable_all_campaigns":false},"product_brand":[],"product_cat":[21,16,17,1826],"product_tag":[1577],"class_list":{"0":"post-6659","1":"product","2":"type-product","3":"status-publish","4":"has-post-thumbnail","6":"product_cat-uj","7":"product_cat-fegyver","8":"product_cat-golyos-fegyver","9":"product_cat-uj-golyos-fegyver","10":"product_tag-savage-93g-22winmag","12":"first","13":"instock","14":"taxable","15":"shipping-taxable","16":"purchasable","17":"product-type-simple"},"_links":{"self":[{"href":"https:\/\/www.vadaszboltcsorna.hu\/index.php\/wp-json\/wp\/v2\/product\/6659","targetHints":{"allow":["GET"]}}],"collection":[{"href":"https:\/\/www.vadaszboltcsorna.hu\/index.php\/wp-json\/wp\/v2\/product"}],"about":[{"href":"https:\/\/www.vadaszboltcsorna.hu\/index.php\/wp-json\/wp\/v2\/types\/product"}],"replies":[{"embeddable":true,"href":"https:\/\/www.vadaszboltcsorna.hu\/index.php\/wp-json\/wp\/v2\/comments?post=6659"}],"wp:featuredmedia":[{"embeddable":true,"href":"https:\/\/www.vadaszboltcsorna.hu\/index.php\/wp-json\/wp\/v2\/media\/6662"}],"wp:attachment":[{"href":"https:\/\/www.vadaszboltcsorna.hu\/index.php\/wp-json\/wp\/v2\/media?parent=6659"}],"wp:term":[{"taxonomy":"product_brand","embeddable":true,"href":"https:\/\/www.vadaszboltcsorna.hu\/index.php\/wp-json\/wp\/v2\/product_brand?post=6659"},{"taxonomy":"product_cat","embeddable":true,"href":"https:\/\/www.vadaszboltcsorna.hu\/index.php\/wp-json\/wp\/v2\/product_cat?post=6659"},{"taxonomy":"product_tag","embeddable":true,"href":"https:\/\/www.vadaszboltcsorna.hu\/index.php\/wp-json\/wp\/v2\/product_tag?post=6659"}],"curies":[{"name":"wp","href":"https:\/\/api.w.org\/{rel}","templated":true}]}}