{"id":6648,"date":"2024-12-09T09:51:18","date_gmt":"2024-12-09T09:51:18","guid":{"rendered":"https:\/\/www.vadaszboltcsorna.hu\/?post_type=product&#038;p=6648"},"modified":"2025-04-14T10:34:52","modified_gmt":"2025-04-14T10:34:52","slug":"pinewood-kotott-sapka-1165-192","status":"publish","type":"product","link":"https:\/\/www.vadaszboltcsorna.hu\/index.php\/termek\/pinewood-kotott-sapka-1165-192\/","title":{"rendered":"Pinewood k\u00f6t\u00f6tt sapka 1165\/192"},"content":{"rendered":"<h2 style=\"text-align: center;\"><strong>Pinewood k\u00f6t\u00f6tt sapka 1165\/192<\/strong><\/h2>\n<h3>Megford\u00edthat\u00f3 sapka t\u00f6m\u00f6r z\u00f6ld oldallal \u00e9s z\u00f6ld\/narancss\u00e1rga oldallal, ha jobban l\u00e1that\u00f3v\u00e1 szeretn\u00e9l lenni a term\u00e9szetben vagy vad\u00e1szat k\u00f6zben.<\/h3>\n<h3>Meleg gyapj\u00fakever\u00e9kb\u0151l k\u00e9sz\u00fclt, megford\u00edthat\u00f3 k\u00f6t\u00f6tt sapka, t\u00f6m\u00f6r z\u00f6ld oldal\u00e1val \u00e9s z\u00f6ld oldal\u00e1val narancss\u00e1rga karim\u00e1j\u00fa. T\u00f6k\u00e9letes, ha kint van az erd\u0151ben vagy vad\u00e1szik, \u00e9s szeretn\u00e9 jav\u00edtani a l\u00e1that\u00f3s\u00e1got.<\/h3>\n<p>&nbsp;<\/p>\n<h3>Material: 50% WOOL, 50% ACRYLIC<\/h3>\n<h3 class=\"mb-24 rte\">Weight: 60g\u00a0(Size 128)<\/h3>\n<ul class=\"flex flex-row\">\n<li class=\"mr-8\">\n<h3><img loading=\"lazy\" decoding=\"async\" class=\"min-w-full min-h-full object-cover object-center w-24\" src=\"https:\/\/cdn2.gung.io\/pinewood\/gung-pim\/images\/upload\/gin_sym_was_30.png\" alt=\"Wash instructions\" width=\"24\" height=\"24\" \/><\/h3>\n<\/li>\n<li class=\"mr-8\">\n<h3><img loading=\"lazy\" decoding=\"async\" class=\"min-w-full min-h-full object-cover object-center w-24\" src=\"https:\/\/cdn2.gung.io\/pinewood\/gung-pim\/images\/upload\/gin_sym_ble_not.png\" alt=\"Wash instructions\" width=\"24\" height=\"24\" \/><\/h3>\n<\/li>\n<li class=\"mr-8\">\n<h3><img loading=\"lazy\" decoding=\"async\" class=\"min-w-full min-h-full object-cover object-center w-24\" src=\"https:\/\/cdn2.gung.io\/pinewood\/gung-pim\/images\/upload\/gin_sym_dry_not.png\" alt=\"Wash instructions\" width=\"24\" height=\"24\" \/><\/h3>\n<\/li>\n<li class=\"mr-8\">\n<h3><img loading=\"lazy\" decoding=\"async\" class=\"min-w-full min-h-full object-cover object-center w-24\" src=\"https:\/\/cdn2.gung.io\/pinewood\/gung-pim\/images\/upload\/gin_sym_dry_flat.png\" alt=\"Wash instructions\" width=\"24\" height=\"24\" \/><\/h3>\n<\/li>\n<li class=\"mr-8\">\n<h3><img loading=\"lazy\" decoding=\"async\" class=\"min-w-full min-h-full object-cover object-center w-24\" src=\"https:\/\/cdn2.gung.io\/pinewood\/gung-pim\/images\/upload\/gin_sym_iro_not.png\" alt=\"Wash instructions\" width=\"24\" height=\"24\" \/><\/h3>\n<\/li>\n<\/ul>\n","protected":false},"excerpt":{"rendered":"<p>Pinewood k\u00f6t\u00f6tt sapka 1165\/192 Megford\u00edthat\u00f3 sapka t\u00f6m\u00f6r z\u00f6ld oldallal \u00e9s z\u00f6ld\/narancss\u00e1rga oldallal, ha jobban l\u00e1that\u00f3v\u00e1 szeretn\u00e9l lenni a term\u00e9szetben vagy vad\u00e1szat k\u00f6zben. Meleg gyapj\u00fakever\u00e9kb\u0151l k\u00e9sz\u00fclt, megford\u00edthat\u00f3 k\u00f6t\u00f6tt sapka, t\u00f6m\u00f6r z\u00f6ld oldal\u00e1val \u00e9s z\u00f6ld oldal\u00e1val narancss\u00e1rga karim\u00e1j\u00fa. T\u00f6k\u00e9letes, ha kint van az erd\u0151ben vagy vad\u00e1szik, \u00e9s szeretn\u00e9 jav\u00edtani a l\u00e1that\u00f3s\u00e1got. &nbsp; Material: 50% WOOL, 50% ACRYLIC [&hellip;]<\/p>\n","protected":false},"featured_media":6649,"comment_status":"open","ping_status":"closed","template":"","meta":{"_et_pb_use_builder":"","_et_pb_old_content":"","_et_gb_content_width":"","om_disable_all_campaigns":false},"product_brand":[],"product_cat":[21,771,159],"product_tag":[1576],"class_list":{"0":"post-6648","1":"product","2":"type-product","3":"status-publish","4":"has-post-thumbnail","6":"product_cat-uj","7":"product_cat-sapka-sal-kesztyu-zokni","8":"product_cat-vadasz-ruhazat","9":"product_tag-pinewood-kotott-sapka-1165-192","11":"first","12":"instock","13":"taxable","14":"shipping-taxable","15":"purchasable","16":"product-type-simple"},"_links":{"self":[{"href":"https:\/\/www.vadaszboltcsorna.hu\/index.php\/wp-json\/wp\/v2\/product\/6648","targetHints":{"allow":["GET"]}}],"collection":[{"href":"https:\/\/www.vadaszboltcsorna.hu\/index.php\/wp-json\/wp\/v2\/product"}],"about":[{"href":"https:\/\/www.vadaszboltcsorna.hu\/index.php\/wp-json\/wp\/v2\/types\/product"}],"replies":[{"embeddable":true,"href":"https:\/\/www.vadaszboltcsorna.hu\/index.php\/wp-json\/wp\/v2\/comments?post=6648"}],"wp:featuredmedia":[{"embeddable":true,"href":"https:\/\/www.vadaszboltcsorna.hu\/index.php\/wp-json\/wp\/v2\/media\/6649"}],"wp:attachment":[{"href":"https:\/\/www.vadaszboltcsorna.hu\/index.php\/wp-json\/wp\/v2\/media?parent=6648"}],"wp:term":[{"taxonomy":"product_brand","embeddable":true,"href":"https:\/\/www.vadaszboltcsorna.hu\/index.php\/wp-json\/wp\/v2\/product_brand?post=6648"},{"taxonomy":"product_cat","embeddable":true,"href":"https:\/\/www.vadaszboltcsorna.hu\/index.php\/wp-json\/wp\/v2\/product_cat?post=6648"},{"taxonomy":"product_tag","embeddable":true,"href":"https:\/\/www.vadaszboltcsorna.hu\/index.php\/wp-json\/wp\/v2\/product_tag?post=6648"}],"curies":[{"name":"wp","href":"https:\/\/api.w.org\/{rel}","templated":true}]}}