{"id":6635,"date":"2024-12-06T13:05:52","date_gmt":"2024-12-06T13:05:52","guid":{"rendered":"https:\/\/www.vadaszboltcsorna.hu\/?post_type=product&#038;p=6635"},"modified":"2024-12-06T13:46:02","modified_gmt":"2024-12-06T13:46:02","slug":"os-trachten-oltonykabat-zold-122000-2697-57","status":"publish","type":"product","link":"https:\/\/www.vadaszboltcsorna.hu\/index.php\/termek\/os-trachten-oltonykabat-zold-122000-2697-57\/","title":{"rendered":"OS Trachten \u00f6lt\u00f6nykab\u00e1t Z\u00f6ld (122000-2697\/57)"},"content":{"rendered":"<h2><strong>OS Trachten \u00f6lt\u00f6nykab\u00e1t Z\u00f6ld (122000-2697\/57)<\/strong><\/h2>\n<h3>Az OS-Trachten f\u00e9rfi kiskab\u00e1t minden olyan tradicion\u00e1lis r\u00e9szlettel rendelkezik, ami jellemz\u0151 a Trachten kiskab\u00e1tokra: egyenes szab\u00e1s, h\u00edmzett gall\u00e9r, szarvasszaru kin\u00e9zet\u0171 gombok, kett\u0151s hajt\u00e1s retesszel a h\u00e1toldalon \u00e9s hajt\u00f3k\u00e1s h\u00e1rom zseb. A k\u00fcls\u0151 anyag b\u0151rkin\u00e9zet\u0171 \u00e9s megtapintva a megt\u00e9veszt\u00e9sig hasonl\u00edt a b\u0151rre. \u2013 szarvasb\u0151r kin\u00e9zet \u2013 egyenes szab\u00e1s kett\u0151s hajt\u00e1ssal \u00e9s retesszel a h\u00e1toldalon \u2013 h\u00edmzett gall\u00e9r \u2013 szarvasszaru kin\u00e9zet\u0171 gombok \u2013 z\u00f6ld d\u00edszcs\u00edkok \u2013 egy gombhajt\u00f3k\u00e1s mellzseb \u00e9s hajt\u00f3k\u00e1val fedett k\u00e9t cs\u00edp\u0151zseb.<\/h3>\n<h3><\/h3>\n","protected":false},"excerpt":{"rendered":"<p>OS Trachten \u00f6lt\u00f6nykab\u00e1t Z\u00f6ld (122000-2697\/57) Az OS-Trachten f\u00e9rfi kiskab\u00e1t minden olyan tradicion\u00e1lis r\u00e9szlettel rendelkezik, ami jellemz\u0151 a Trachten kiskab\u00e1tokra: egyenes szab\u00e1s, h\u00edmzett gall\u00e9r, szarvasszaru kin\u00e9zet\u0171 gombok, kett\u0151s hajt\u00e1s retesszel a h\u00e1toldalon \u00e9s hajt\u00f3k\u00e1s h\u00e1rom zseb. A k\u00fcls\u0151 anyag b\u0151rkin\u00e9zet\u0171 \u00e9s megtapintva a megt\u00e9veszt\u00e9sig hasonl\u00edt a b\u0151rre. \u2013 szarvasb\u0151r kin\u00e9zet \u2013 egyenes szab\u00e1s kett\u0151s hajt\u00e1ssal \u00e9s [&hellip;]<\/p>\n","protected":false},"featured_media":6638,"comment_status":"open","ping_status":"closed","template":"","meta":{"_et_pb_use_builder":"","_et_pb_old_content":"","_et_gb_content_width":"","om_disable_all_campaigns":false},"product_brand":[],"product_cat":[21,553,159],"product_tag":[1575],"class_list":{"0":"post-6635","1":"product","2":"type-product","3":"status-publish","4":"has-post-thumbnail","6":"product_cat-uj","7":"product_cat-kabat","8":"product_cat-vadasz-ruhazat","9":"product_tag-os-trachten-oltonykabat-zold-122000-2697-57","11":"first","12":"instock","13":"taxable","14":"shipping-taxable","15":"purchasable","16":"product-type-variable"},"_links":{"self":[{"href":"https:\/\/www.vadaszboltcsorna.hu\/index.php\/wp-json\/wp\/v2\/product\/6635","targetHints":{"allow":["GET"]}}],"collection":[{"href":"https:\/\/www.vadaszboltcsorna.hu\/index.php\/wp-json\/wp\/v2\/product"}],"about":[{"href":"https:\/\/www.vadaszboltcsorna.hu\/index.php\/wp-json\/wp\/v2\/types\/product"}],"replies":[{"embeddable":true,"href":"https:\/\/www.vadaszboltcsorna.hu\/index.php\/wp-json\/wp\/v2\/comments?post=6635"}],"wp:featuredmedia":[{"embeddable":true,"href":"https:\/\/www.vadaszboltcsorna.hu\/index.php\/wp-json\/wp\/v2\/media\/6638"}],"wp:attachment":[{"href":"https:\/\/www.vadaszboltcsorna.hu\/index.php\/wp-json\/wp\/v2\/media?parent=6635"}],"wp:term":[{"taxonomy":"product_brand","embeddable":true,"href":"https:\/\/www.vadaszboltcsorna.hu\/index.php\/wp-json\/wp\/v2\/product_brand?post=6635"},{"taxonomy":"product_cat","embeddable":true,"href":"https:\/\/www.vadaszboltcsorna.hu\/index.php\/wp-json\/wp\/v2\/product_cat?post=6635"},{"taxonomy":"product_tag","embeddable":true,"href":"https:\/\/www.vadaszboltcsorna.hu\/index.php\/wp-json\/wp\/v2\/product_tag?post=6635"}],"curies":[{"name":"wp","href":"https:\/\/api.w.org\/{rel}","templated":true}]}}