{"id":6625,"date":"2024-12-06T12:42:07","date_gmt":"2024-12-06T12:42:07","guid":{"rendered":"https:\/\/www.vadaszboltcsorna.hu\/?post_type=product&#038;p=6625"},"modified":"2025-12-15T14:53:34","modified_gmt":"2025-12-15T14:53:34","slug":"deerhunter-sapka-6789-552","status":"publish","type":"product","link":"https:\/\/www.vadaszboltcsorna.hu\/index.php\/termek\/deerhunter-sapka-6789-552\/","title":{"rendered":"Deerhunter sapka 6789\/552"},"content":{"rendered":"<h2><strong>Deerhunter sapka 6789\/552<\/strong><\/h2>\n<h4>Minden outdoor-rajong\u00f3nak \u00e9s vad\u00e1sznak sz\u00fcks\u00e9ge van legal\u00e1bb egy sapk\u00e1ra. Nem csak arr\u00f3l van sz\u00f3, hogy melegen tartsa a f\u00fcled a fagypont alatti h\u0151m\u00e9rs\u00e9kleteken, hanem az is, hogy j\u00f3l n\u00e9zz ki. A sapka alapdarab, ha vad\u00e1szol, horg\u00e1szol vagy kuty\u00e1t s\u00e9t\u00e1ltatsz, \u00e9s ha emellett trendi megjelen\u00e9sre is v\u00e1gysz, a Deerhunter Embossed Logo Hat kit\u0171n\u0151 v\u00e1laszt\u00e1s.<\/h4>\n<h4>M\u00e9ret n\u00e9lk\u00fcli.<\/h4>\n","protected":false},"excerpt":{"rendered":"<p>Deerhunter sapka 6789\/552 Minden outdoor-rajong\u00f3nak \u00e9s vad\u00e1sznak sz\u00fcks\u00e9ge van legal\u00e1bb egy sapk\u00e1ra. Nem csak arr\u00f3l van sz\u00f3, hogy melegen tartsa a f\u00fcled a fagypont alatti h\u0151m\u00e9rs\u00e9kleteken, hanem az is, hogy j\u00f3l n\u00e9zz ki. A sapka alapdarab, ha vad\u00e1szol, horg\u00e1szol vagy kuty\u00e1t s\u00e9t\u00e1ltatsz, \u00e9s ha emellett trendi megjelen\u00e9sre is v\u00e1gysz, a Deerhunter Embossed Logo Hat kit\u0171n\u0151 [&hellip;]<\/p>\n","protected":false},"featured_media":6627,"comment_status":"open","ping_status":"closed","template":"","meta":{"_et_pb_use_builder":"","_et_pb_old_content":"","_et_gb_content_width":"","om_disable_all_campaigns":false},"product_brand":[],"product_cat":[21,771,159],"product_tag":[1573],"class_list":{"0":"post-6625","1":"product","2":"type-product","3":"status-publish","4":"has-post-thumbnail","6":"product_cat-uj","7":"product_cat-sapka-sal-kesztyu-zokni","8":"product_cat-vadasz-ruhazat","9":"product_tag-deerhunter-sapka-6789-552","11":"first","12":"outofstock","13":"taxable","14":"shipping-taxable","15":"purchasable","16":"product-type-simple"},"_links":{"self":[{"href":"https:\/\/www.vadaszboltcsorna.hu\/index.php\/wp-json\/wp\/v2\/product\/6625","targetHints":{"allow":["GET"]}}],"collection":[{"href":"https:\/\/www.vadaszboltcsorna.hu\/index.php\/wp-json\/wp\/v2\/product"}],"about":[{"href":"https:\/\/www.vadaszboltcsorna.hu\/index.php\/wp-json\/wp\/v2\/types\/product"}],"replies":[{"embeddable":true,"href":"https:\/\/www.vadaszboltcsorna.hu\/index.php\/wp-json\/wp\/v2\/comments?post=6625"}],"wp:featuredmedia":[{"embeddable":true,"href":"https:\/\/www.vadaszboltcsorna.hu\/index.php\/wp-json\/wp\/v2\/media\/6627"}],"wp:attachment":[{"href":"https:\/\/www.vadaszboltcsorna.hu\/index.php\/wp-json\/wp\/v2\/media?parent=6625"}],"wp:term":[{"taxonomy":"product_brand","embeddable":true,"href":"https:\/\/www.vadaszboltcsorna.hu\/index.php\/wp-json\/wp\/v2\/product_brand?post=6625"},{"taxonomy":"product_cat","embeddable":true,"href":"https:\/\/www.vadaszboltcsorna.hu\/index.php\/wp-json\/wp\/v2\/product_cat?post=6625"},{"taxonomy":"product_tag","embeddable":true,"href":"https:\/\/www.vadaszboltcsorna.hu\/index.php\/wp-json\/wp\/v2\/product_tag?post=6625"}],"curies":[{"name":"wp","href":"https:\/\/api.w.org\/{rel}","templated":true}]}}