{"id":6618,"date":"2024-12-06T12:34:52","date_gmt":"2024-12-06T12:34:52","guid":{"rendered":"https:\/\/www.vadaszboltcsorna.hu\/?post_type=product&#038;p=6618"},"modified":"2025-02-06T10:08:11","modified_gmt":"2025-02-06T10:08:11","slug":"delphin-atak-boyar-trucker-usanka-sapka","status":"publish","type":"product","link":"https:\/\/www.vadaszboltcsorna.hu\/index.php\/termek\/delphin-atak-boyar-trucker-usanka-sapka\/","title":{"rendered":"Delphin Atak! Boyar Trucker Usanka Sapka"},"content":{"rendered":"<h2 class=\"long-description__title main-title\"><strong>Delphin Atak! Boyar Trucker Usanka Sapka<\/strong><\/h2>\n<p><strong>\u00bb\u00a0<\/strong>Termikus k\u00e9nyelem<br \/>\n<strong>\u00bb\u00a0<\/strong>Nagyon puha \u00e9s meleg<br \/>\n<strong>\u00bb\u00a0<\/strong>F\u00e9s\u00fclt fekete poli\u00e9szter anyag<br \/>\n<strong>\u00bb\u00a0<\/strong>\u00c1ll alatti r\u00f6gz\u00edt\u00e9s<br \/>\n<strong>\u00bb\u00a0<\/strong>K\u00fcls\u0151 r\u00e9tege 100% akril<\/p>\n<p>Ez a Kucsma a legnagyobb fagyokhoz lett tervezett. Az Atak! BOYAR sz\u00e1mos olyan r\u00e9szletet rejt, amelyek seg\u00edtenek fenntartani a termikus k\u00e9nyelmet a hideg t\u00e9li napokon. Az Atak! mint\u00e1zatban narancss\u00e1rga kieg\u00e9sz\u00edt\u0151kkel, ami ide\u00e1lis, ak\u00e1r horg\u00e1szik, ak\u00e1r vad\u00e1szik. St\u00edlusos kialak\u00edt\u00e1s\u00e1nak k\u00f6sz\u00f6nhet\u0151en azonban alkalmi viseletre is t\u00f6k\u00e9letes. A bels\u0151 b\u00e9l\u00e9s tapint\u00e1sra nagyon puha \u00e9s meleg, f\u00e9s\u00fclt fekete poli\u00e9szter anyagb\u00f3l \u00e1ll. A &#8222;f\u00fcleken&#8221; \u00e9s a homlok felett ez az anyag sz\u00fcrke \u00e1rnyalatot nyer, amely hat\u00e9konyan kieg\u00e9sz\u00edti a kucsma teljes kialak\u00edt\u00e1s\u00e1t. Az als\u00f3 r\u00e9sz\u00e9n van egy kapocs, amely lehet\u0151v\u00e9 teszi az \u00e1ll alatti r\u00f6gz\u00edt\u00e9st, ami szinte teljesen kik\u00fcsz\u00f6b\u00f6li a h\u0151vesztes\u00e9get. Vitathatatlan el\u0151ny a sz\u00e1j \u00e9s orr levehet\u0151 fedele is, amelynek k\u00f6sz\u00f6nhet\u0151en s\u00falyos fagyok eset\u00e9n nem kell jeges leveg\u0151t l\u00e9legezni.\u00a0K\u00fcls\u0151 r\u00e9tege 100% akril, bels\u0151 r\u00e9teg pedig 100% poli\u00e9szter.<\/p>\n","protected":false},"excerpt":{"rendered":"<p>Delphin Atak! Boyar Trucker Usanka Sapka \u00bb\u00a0Termikus k\u00e9nyelem \u00bb\u00a0Nagyon puha \u00e9s meleg \u00bb\u00a0F\u00e9s\u00fclt fekete poli\u00e9szter anyag \u00bb\u00a0\u00c1ll alatti r\u00f6gz\u00edt\u00e9s \u00bb\u00a0K\u00fcls\u0151 r\u00e9tege 100% akril Ez a Kucsma a legnagyobb fagyokhoz lett tervezett. Az Atak! BOYAR sz\u00e1mos olyan r\u00e9szletet rejt, amelyek seg\u00edtenek fenntartani a termikus k\u00e9nyelmet a hideg t\u00e9li napokon. Az Atak! mint\u00e1zatban narancss\u00e1rga kieg\u00e9sz\u00edt\u0151kkel, ami ide\u00e1lis, [&hellip;]<\/p>\n","protected":false},"featured_media":6623,"comment_status":"open","ping_status":"closed","template":"","meta":{"_et_pb_use_builder":"","_et_pb_old_content":"","_et_gb_content_width":"","om_disable_all_campaigns":false},"product_brand":[],"product_cat":[21,771,159],"product_tag":[1572],"class_list":{"0":"post-6618","1":"product","2":"type-product","3":"status-publish","4":"has-post-thumbnail","6":"product_cat-uj","7":"product_cat-sapka-sal-kesztyu-zokni","8":"product_cat-vadasz-ruhazat","9":"product_tag-delphin-atak-boyar-trucker-usanka-sapka","11":"first","12":"instock","13":"sale","14":"taxable","15":"shipping-taxable","16":"purchasable","17":"product-type-simple"},"_links":{"self":[{"href":"https:\/\/www.vadaszboltcsorna.hu\/index.php\/wp-json\/wp\/v2\/product\/6618","targetHints":{"allow":["GET"]}}],"collection":[{"href":"https:\/\/www.vadaszboltcsorna.hu\/index.php\/wp-json\/wp\/v2\/product"}],"about":[{"href":"https:\/\/www.vadaszboltcsorna.hu\/index.php\/wp-json\/wp\/v2\/types\/product"}],"replies":[{"embeddable":true,"href":"https:\/\/www.vadaszboltcsorna.hu\/index.php\/wp-json\/wp\/v2\/comments?post=6618"}],"wp:featuredmedia":[{"embeddable":true,"href":"https:\/\/www.vadaszboltcsorna.hu\/index.php\/wp-json\/wp\/v2\/media\/6623"}],"wp:attachment":[{"href":"https:\/\/www.vadaszboltcsorna.hu\/index.php\/wp-json\/wp\/v2\/media?parent=6618"}],"wp:term":[{"taxonomy":"product_brand","embeddable":true,"href":"https:\/\/www.vadaszboltcsorna.hu\/index.php\/wp-json\/wp\/v2\/product_brand?post=6618"},{"taxonomy":"product_cat","embeddable":true,"href":"https:\/\/www.vadaszboltcsorna.hu\/index.php\/wp-json\/wp\/v2\/product_cat?post=6618"},{"taxonomy":"product_tag","embeddable":true,"href":"https:\/\/www.vadaszboltcsorna.hu\/index.php\/wp-json\/wp\/v2\/product_tag?post=6618"}],"curies":[{"name":"wp","href":"https:\/\/api.w.org\/{rel}","templated":true}]}}