{"id":6607,"date":"2024-12-06T11:48:37","date_gmt":"2024-12-06T11:48:37","guid":{"rendered":"https:\/\/www.vadaszboltcsorna.hu\/?post_type=product&#038;p=6607"},"modified":"2025-04-08T09:25:54","modified_gmt":"2025-04-08T09:25:54","slug":"delphin-camou-led-kotott-teli-sapka","status":"publish","type":"product","link":"https:\/\/www.vadaszboltcsorna.hu\/index.php\/termek\/delphin-camou-led-kotott-teli-sapka\/","title":{"rendered":"Delphin Camou Led -K\u00f6t\u00f6tt t\u00e9li sapka"},"content":{"rendered":"<h2><strong>Delphin Camou Led -K\u00f6t\u00f6tt t\u00e9li sapka<\/strong><\/h2>\n<h3>Egy egyed\u00fcl\u00e1ll\u00f3 t\u00e9li sapka,amely melegen tartja visel\u0151je fej\u00e9t \u00e9s megvil\u00e1g\u00edtja az \u00fatj\u00e1t b\u00e1rmikor.<\/h3>\n<h3><b>CamouLED k\u00f6t\u00f6tt t\u00e9li sapka fejl\u00e1mp\u00e1val (m\u00e9ret: Univerz\u00e1lis)<\/b><\/h3>\n","protected":false},"excerpt":{"rendered":"<p>Delphin Camou Led -K\u00f6t\u00f6tt t\u00e9li sapka Egy egyed\u00fcl\u00e1ll\u00f3 t\u00e9li sapka,amely melegen tartja visel\u0151je fej\u00e9t \u00e9s megvil\u00e1g\u00edtja az \u00fatj\u00e1t b\u00e1rmikor. CamouLED k\u00f6t\u00f6tt t\u00e9li sapka fejl\u00e1mp\u00e1val (m\u00e9ret: Univerz\u00e1lis)<\/p>\n","protected":false},"featured_media":6611,"comment_status":"open","ping_status":"closed","template":"","meta":{"_et_pb_use_builder":"","_et_pb_old_content":"","_et_gb_content_width":"","om_disable_all_campaigns":false},"product_brand":[],"product_cat":[21],"product_tag":[1570],"class_list":{"0":"post-6607","1":"product","2":"type-product","3":"status-publish","4":"has-post-thumbnail","6":"product_cat-uj","7":"product_tag-delphin-camou-led-kotott-teli-sapka","9":"first","10":"instock","11":"taxable","12":"shipping-taxable","13":"purchasable","14":"product-type-simple"},"_links":{"self":[{"href":"https:\/\/www.vadaszboltcsorna.hu\/index.php\/wp-json\/wp\/v2\/product\/6607","targetHints":{"allow":["GET"]}}],"collection":[{"href":"https:\/\/www.vadaszboltcsorna.hu\/index.php\/wp-json\/wp\/v2\/product"}],"about":[{"href":"https:\/\/www.vadaszboltcsorna.hu\/index.php\/wp-json\/wp\/v2\/types\/product"}],"replies":[{"embeddable":true,"href":"https:\/\/www.vadaszboltcsorna.hu\/index.php\/wp-json\/wp\/v2\/comments?post=6607"}],"wp:featuredmedia":[{"embeddable":true,"href":"https:\/\/www.vadaszboltcsorna.hu\/index.php\/wp-json\/wp\/v2\/media\/6611"}],"wp:attachment":[{"href":"https:\/\/www.vadaszboltcsorna.hu\/index.php\/wp-json\/wp\/v2\/media?parent=6607"}],"wp:term":[{"taxonomy":"product_brand","embeddable":true,"href":"https:\/\/www.vadaszboltcsorna.hu\/index.php\/wp-json\/wp\/v2\/product_brand?post=6607"},{"taxonomy":"product_cat","embeddable":true,"href":"https:\/\/www.vadaszboltcsorna.hu\/index.php\/wp-json\/wp\/v2\/product_cat?post=6607"},{"taxonomy":"product_tag","embeddable":true,"href":"https:\/\/www.vadaszboltcsorna.hu\/index.php\/wp-json\/wp\/v2\/product_tag?post=6607"}],"curies":[{"name":"wp","href":"https:\/\/api.w.org\/{rel}","templated":true}]}}