{"id":6600,"date":"2024-12-06T10:49:23","date_gmt":"2024-12-06T10:49:23","guid":{"rendered":"https:\/\/www.vadaszboltcsorna.hu\/?post_type=product&#038;p=6600"},"modified":"2026-04-11T19:11:15","modified_gmt":"2026-04-11T19:11:15","slug":"m-tramp-soft-melleny","status":"publish","type":"product","link":"https:\/\/www.vadaszboltcsorna.hu\/index.php\/termek\/m-tramp-soft-melleny\/","title":{"rendered":"M-Tramp Soft mell\u00e9ny"},"content":{"rendered":"<h2><strong>M-Tramp Soft mell\u00e9ny<\/strong><\/h2>\n<h3>Puha kellemes viselet\u0171 fleece mell\u00e9ny, barna bet\u00e9tekkel .<\/h3>\n<h3>Mellkas\u00e1n diszkr\u00e9t nyomott log\u00f3.<\/h3>\n<h3>Gy\u00e1rt\u00f3: M-Tramp<\/h3>\n","protected":false},"excerpt":{"rendered":"<p>M-Tramp Soft mell\u00e9ny Puha kellemes viselet\u0171 fleece mell\u00e9ny, barna bet\u00e9tekkel . Mellkas\u00e1n diszkr\u00e9t nyomott log\u00f3. Gy\u00e1rt\u00f3: M-Tramp<\/p>\n","protected":false},"featured_media":6602,"comment_status":"open","ping_status":"closed","template":"","meta":{"_et_pb_use_builder":"","_et_pb_old_content":"","_et_gb_content_width":"","om_disable_all_campaigns":false},"product_brand":[],"product_cat":[21,607,159],"product_tag":[1568],"class_list":{"0":"post-6600","1":"product","2":"type-product","3":"status-publish","4":"has-post-thumbnail","6":"product_cat-uj","7":"product_cat-melleny-vadasz-ruhazat","8":"product_cat-vadasz-ruhazat","9":"product_tag-m-tramp-soft-melleny","11":"first","12":"instock","13":"sale","14":"taxable","15":"shipping-taxable","16":"purchasable","17":"product-type-variable"},"_links":{"self":[{"href":"https:\/\/www.vadaszboltcsorna.hu\/index.php\/wp-json\/wp\/v2\/product\/6600","targetHints":{"allow":["GET"]}}],"collection":[{"href":"https:\/\/www.vadaszboltcsorna.hu\/index.php\/wp-json\/wp\/v2\/product"}],"about":[{"href":"https:\/\/www.vadaszboltcsorna.hu\/index.php\/wp-json\/wp\/v2\/types\/product"}],"replies":[{"embeddable":true,"href":"https:\/\/www.vadaszboltcsorna.hu\/index.php\/wp-json\/wp\/v2\/comments?post=6600"}],"wp:featuredmedia":[{"embeddable":true,"href":"https:\/\/www.vadaszboltcsorna.hu\/index.php\/wp-json\/wp\/v2\/media\/6602"}],"wp:attachment":[{"href":"https:\/\/www.vadaszboltcsorna.hu\/index.php\/wp-json\/wp\/v2\/media?parent=6600"}],"wp:term":[{"taxonomy":"product_brand","embeddable":true,"href":"https:\/\/www.vadaszboltcsorna.hu\/index.php\/wp-json\/wp\/v2\/product_brand?post=6600"},{"taxonomy":"product_cat","embeddable":true,"href":"https:\/\/www.vadaszboltcsorna.hu\/index.php\/wp-json\/wp\/v2\/product_cat?post=6600"},{"taxonomy":"product_tag","embeddable":true,"href":"https:\/\/www.vadaszboltcsorna.hu\/index.php\/wp-json\/wp\/v2\/product_tag?post=6600"}],"curies":[{"name":"wp","href":"https:\/\/api.w.org\/{rel}","templated":true}]}}