{"id":6596,"date":"2024-12-06T10:09:57","date_gmt":"2024-12-06T10:09:57","guid":{"rendered":"https:\/\/www.vadaszboltcsorna.hu\/?post_type=product&#038;p=6596"},"modified":"2024-12-06T10:09:57","modified_gmt":"2024-12-06T10:09:57","slug":"deerhunter-rusky-silent-kesztyu-8086-391","status":"publish","type":"product","link":"https:\/\/www.vadaszboltcsorna.hu\/index.php\/termek\/deerhunter-rusky-silent-kesztyu-8086-391\/","title":{"rendered":"Deerhunter Rusky Silent keszty\u0171 8086-391"},"content":{"rendered":"<h3 class=\"product_title entry-title elementor-heading-title elementor-size-default\"><strong>Deerhunter Rusky Silent keszty\u0171 8086-391<\/strong><\/h3>\n<p>A meleg Rusky Silent keszty\u0171 rendk\u00edv\u00fcl puha \u00e9s k\u00e9nyelmes, \u00e9s alkalmas mind az \u0151szi, mind a t\u00e9li vad\u00e1szathoz. A teny\u00e9ren l\u00e9v\u0151 szilikonbevonat biztos\u00edtja a j\u00f3 fegyverfog\u00e1st, m\u00edg a mutat\u00f3ujjon \u00e9s a h\u00fcvelykujjon l\u00e9v\u0151 TouchTech kivitel lehet\u0151v\u00e9 teszi az \u00e9rint\u0151k\u00e9perny\u0151 haszn\u00e1lat\u00e1t extr\u00e9m hidegben is. A Rusky Silent keszty\u0171vel kombin\u00e1lva t\u00f6k\u00e9letes megold\u00e1st jelentenek a kezek melegen tart\u00e1s\u00e1hoz \u00e9s a csendben tart\u00e1s\u00e1hoz, amikor extr\u00e9m hideg k\u00f6r\u00fclm\u00e9nyek k\u00f6z\u00f6tt vad\u00e1szik.<\/p>\n<ul>\n<li>Puha \u00e9s k\u00e9nyelmes keszty\u0171<\/li>\n<li>Szilikon bevonat a teny\u00e9ren a jobb fog\u00e1s \u00e9rdek\u00e9ben<\/li>\n<li>TouchTech mutat\u00f3ujj \u00e9s h\u00fcvelykujj hegye<\/li>\n<\/ul>\n<p><strong>N\u00e9gyir\u00e1ny\u00fa sztreccs<br \/>\n<\/strong>Ha vad\u00e1szruh\u00e1zatot v\u00e1laszt, \u00e9s maxim\u00e1lis rugalmass\u00e1gra, mozg\u00e1sszabads\u00e1gra \u00e9s j\u00f3 illeszked\u00e9sre van sz\u00fcks\u00e9ge, v\u00e1lassza a Deerhunter n\u00e9gyutas sztreccsel ell\u00e1tott term\u00e9keit. A n\u00e9gyir\u00e1ny\u00fa sztreccsel ell\u00e1tott vad\u00e1szruh\u00e1zat hossz\u00e1ban \u00e9s sz\u00e9less\u00e9g\u00e9ben is rugalmas, \u00edgy szabadon mozoghat an\u00e9lk\u00fcl, hogy a ruh\u00e1zata beszor\u00edtan\u00e1.<\/p>\n<p><strong>L\u00e9legz\u0151<\/strong><br \/>\nB\u00e1rmilyen id\u0151j\u00e1r\u00e1si helyzetben is tal\u00e1lja mag\u00e1t, a n\u00e9gy membr\u00e1nnal ell\u00e1tott Deerhunter ruh\u00e1zatot v\u00e1lasztva l\u00e9legz\u0151 term\u00e9ket kap. Ez lehet\u0151v\u00e9 teszi, hogy akt\u00edv tev\u00e9kenys\u00e9g k\u00f6zben is meg\u0151rizze komfort\u00e9rzet\u00e9t, \u00e9s ezt k\u00f6vet\u0151en jobban \u00e9lvezze az \u00e9lm\u00e9nyt.<\/p>\n<p>&nbsp;<\/p>\n","protected":false},"excerpt":{"rendered":"<p>Deerhunter Rusky Silent keszty\u0171 8086-391 A meleg Rusky Silent keszty\u0171 rendk\u00edv\u00fcl puha \u00e9s k\u00e9nyelmes, \u00e9s alkalmas mind az \u0151szi, mind a t\u00e9li vad\u00e1szathoz. A teny\u00e9ren l\u00e9v\u0151 szilikonbevonat biztos\u00edtja a j\u00f3 fegyverfog\u00e1st, m\u00edg a mutat\u00f3ujjon \u00e9s a h\u00fcvelykujjon l\u00e9v\u0151 TouchTech kivitel lehet\u0151v\u00e9 teszi az \u00e9rint\u0151k\u00e9perny\u0151 haszn\u00e1lat\u00e1t extr\u00e9m hidegben is. A Rusky Silent keszty\u0171vel kombin\u00e1lva t\u00f6k\u00e9letes megold\u00e1st [&hellip;]<\/p>\n","protected":false},"featured_media":6597,"comment_status":"open","ping_status":"closed","template":"","meta":{"_et_pb_use_builder":"","_et_pb_old_content":"","_et_gb_content_width":"","om_disable_all_campaigns":false},"product_brand":[],"product_cat":[21,771,159],"product_tag":[1567],"class_list":{"0":"post-6596","1":"product","2":"type-product","3":"status-publish","4":"has-post-thumbnail","6":"product_cat-uj","7":"product_cat-sapka-sal-kesztyu-zokni","8":"product_cat-vadasz-ruhazat","9":"product_tag-deerhunter-rusky-silent-kesztyu-8086-391","11":"first","12":"instock","13":"taxable","14":"shipping-taxable","15":"purchasable","16":"product-type-variable"},"_links":{"self":[{"href":"https:\/\/www.vadaszboltcsorna.hu\/index.php\/wp-json\/wp\/v2\/product\/6596","targetHints":{"allow":["GET"]}}],"collection":[{"href":"https:\/\/www.vadaszboltcsorna.hu\/index.php\/wp-json\/wp\/v2\/product"}],"about":[{"href":"https:\/\/www.vadaszboltcsorna.hu\/index.php\/wp-json\/wp\/v2\/types\/product"}],"replies":[{"embeddable":true,"href":"https:\/\/www.vadaszboltcsorna.hu\/index.php\/wp-json\/wp\/v2\/comments?post=6596"}],"wp:featuredmedia":[{"embeddable":true,"href":"https:\/\/www.vadaszboltcsorna.hu\/index.php\/wp-json\/wp\/v2\/media\/6597"}],"wp:attachment":[{"href":"https:\/\/www.vadaszboltcsorna.hu\/index.php\/wp-json\/wp\/v2\/media?parent=6596"}],"wp:term":[{"taxonomy":"product_brand","embeddable":true,"href":"https:\/\/www.vadaszboltcsorna.hu\/index.php\/wp-json\/wp\/v2\/product_brand?post=6596"},{"taxonomy":"product_cat","embeddable":true,"href":"https:\/\/www.vadaszboltcsorna.hu\/index.php\/wp-json\/wp\/v2\/product_cat?post=6596"},{"taxonomy":"product_tag","embeddable":true,"href":"https:\/\/www.vadaszboltcsorna.hu\/index.php\/wp-json\/wp\/v2\/product_tag?post=6596"}],"curies":[{"name":"wp","href":"https:\/\/api.w.org\/{rel}","templated":true}]}}